{"id":1017062,"date":"2024-06-17T14:57:42","date_gmt":"2024-06-17T06:57:42","guid":{"rendered":"https:\/\/vimaterial.de\/product\/siliciuro-de-cobre\/"},"modified":"2025-04-11T13:27:49","modified_gmt":"2025-04-11T05:27:49","slug":"siliciuro-de-cobre","status":"publish","type":"product","link":"https:\/\/vimaterial.de\/es\/product\/siliciuro-de-cobre\/","title":{"rendered":"Siliciuro de cobre"},"content":{"rendered":"<p><span style=\"color: #0000ff;\"><a style=\"color: #0000ff;\" href=\"https:\/\/vimaterial.de\/es\/product\/siliciuro-de-hierro-2\/\">Las part\u00edculas de siliciuro de cobre<\/a> <\/span>son part\u00edculas s\u00f3lidas compuestas de cobre y silicio, que tienen propiedades semiconductoras y se pueden utilizar en muchas aplicaciones en el campo de la microelectr\u00f3nica, como materiales de contacto, fabricaci\u00f3n de circuitos integrados, y tambi\u00e9n pueden desempe\u00f1ar un papel en el campo de los materiales optoelectr\u00f3nicos y otros campos en forma de part\u00edcula.<\/p>\n<p>La pureza de las part\u00edculas de siliciuro de cobre suministradas por VIMATERIAL, apoyamos productos personalizados, pedidos de lotes peque\u00f1os, plazos de entrega cortos y un rendimiento estable del producto. Tenemos un equipo profesional del R&amp;D, usted puede<span style=\"color: #0000ff;\"><a style=\"color: #0000ff;\" href=\"https:\/\/vimaterial.de\/es\/contacto\/\"> ponerse en contacto con nosotros<\/a><\/span> si usted tiene usted usted tiene alguna pregunta.<\/p>\n<h2><span style=\"font-size: 14pt;\">Propiedades f\u00edsicas<\/span><\/h2>\n<p>F\u00f3rmula molecular: Cu\u2085Si<\/p>\n<p>Peso molecular: alrededor de 345.81-345.82<\/p>\n<p>Aspecto: gr\u00e1nulos de color plateado.<\/p>\n<p>Densidad: 7,7-7,8 g\/cm\u00b3.<\/p>\n<p>Punto de fusi\u00f3n: 825 \u00b0C<\/p>\n<p>Estructura cristalina: Tiene la estructura cristalina de los compuestos intermet\u00e1licos, y los detalles de su estructura cristalina espec\u00edfica son m\u00e1s complicados, entre los compuestos i\u00f3nicos y las aleaciones, es un cristal s\u00f3lido poli\u00e9drico.<\/p>\n<h2><span style=\"font-size: 14pt;\">Aplicaciones<\/span><\/h2>\n<p>Campo electr\u00f3nico: se puede utilizar para fabricar materiales de contacto para componentes electr\u00f3nicos, utilizando su buena conductividad para reducir la resistencia de contacto y mejorar el rendimiento de los equipos electr\u00f3nicos.<\/p>\n<p>Industria de semiconductores: En la fabricaci\u00f3n de semiconductores, se puede utilizar como material dopante para cambiar las propiedades el\u00e9ctricas de los semiconductores, lo que ayuda a fabricar dispositivos semiconductores de alto rendimiento.<\/p>\n<p>Fortalecimiento del material: Las part\u00edculas de Cu5Si se pueden agregar a las aleaciones a base de cobre como aditivo de aleaci\u00f3n para aumentar la resistencia y la dureza de la aleaci\u00f3n a trav\u00e9s de un mecanismo de refuerzo difuso, mientras se mantiene un cierto grado de tenacidad.<\/p>\n<p>Campo de gesti\u00f3n t\u00e9rmica: Debido a su conductividad t\u00e9rmica relativamente alta, se puede utilizar para preparar materiales de disipaci\u00f3n de calor para ayudar a los equipos electr\u00f3nicos y otros niveles eficientes de disipaci\u00f3n de calor.<\/p>\n<p>Campo fotovoltaico: En la fabricaci\u00f3n de c\u00e9lulas solares, se puede utilizar como material de contacto posterior o material de conexi\u00f3n intermedio, lo que ayuda a mejorar la eficiencia de conversi\u00f3n fotoel\u00e9ctrica y la estabilidad de la c\u00e9lula.<\/p>\n<h2><span style=\"font-size: 14pt;\">Control de calidad<\/span><\/h2>\n<p>Se implementa <span style=\"color: #0000ff;\"><a style=\"color: #0000ff;\" href=\"https:\/\/vimaterial.de\/es\/control-de-calidad\/\">el m\u00e1s estricto sistema de control de calidad<\/a><\/span> para cada lote de productos, y la trazabilidad de nuestros productos y la consistencia de nuestros productos est\u00e1n bien garantizadas. Tenemos un estricto proceso de manejo de productos no conformes para garantizar que ning\u00fan producto no calificado fluya al siguiente proceso.<\/p>\n<h2><span style=\"font-size: 14pt;\">Embalaje y almacenamiento<\/span><\/h2>\n<p>Los gr\u00e1nulos de siliciuro de cobre se envasan en bolsas de doble vac\u00edo o botellas de doble vac\u00edo. Nuestra unidad m\u00ednima de envasado es de 100 g \/ botella.<\/p>\n<p>Los gr\u00e1nulos de siliciuro de cobre deben almacenarse en un ambiente seco, fresco y bien ventilado, evitando la humedad, la oxidaci\u00f3n y el contacto con \u00e1cidos, \u00e1lcalis y otras sustancias corrosivas, y al mismo tiempo deben mantenerse alejados de fuentes de ignici\u00f3n y calor, y es mejor usar recipientes sellados para la conservaci\u00f3n para garantizar la estabilidad de sus propiedades f\u00edsicas y qu\u00edmicas.<\/p>\n","protected":false},"excerpt":{"rendered":"<p><span style=\"color: #0000ff;\"><a style=\"color: #0000ff;\" href=\"https:\/\/vimaterial.de\/es\/product\/siliciuro-de-hierro-2\/\">Las part\u00edculas de siliciuro de cobre<\/a> <\/span>son part\u00edculas s\u00f3lidas compuestas de cobre y silicio, que tienen propiedades semiconductoras y se pueden utilizar en muchas aplicaciones en el campo de la microelectr\u00f3nica, como materiales de contacto, fabricaci\u00f3n de circuitos integrados, y tambi\u00e9n pueden desempe\u00f1ar un papel en el campo de los materiales optoelectr\u00f3nicos y otros campos en forma de part\u00edcula.<\/p>\n<p>La pureza de las part\u00edculas de siliciuro de cobre suministradas por VIMATERIAL, apoyamos productos personalizados, pedidos de lotes peque\u00f1os, plazos de entrega cortos y un rendimiento estable del producto. Tenemos un equipo profesional del R&amp;D, usted puede<span style=\"color: #0000ff;\"><a style=\"color: #0000ff;\" href=\"https:\/\/vimaterial.de\/es\/contacto\/\"> ponerse en contacto con nosotros<\/a><\/span> si usted tiene usted usted tiene alguna pregunta.<\/p>\n","protected":false},"featured_media":1003057,"comment_status":"open","ping_status":"closed","template":"","meta":{"_acf_changed":false},"product_brand":[],"product_cat":[179],"product_tag":[],"class_list":{"0":"post-1017062","1":"product","2":"type-product","3":"status-publish","4":"has-post-thumbnail","6":"product_cat-materiales-de-evaporacion","8":"first","9":"instock","10":"shipping-taxable","11":"product-type-variable"},"acf":[],"_links":{"self":[{"href":"https:\/\/vimaterial.de\/es\/wp-json\/wp\/v2\/product\/1017062","targetHints":{"allow":["GET"]}}],"collection":[{"href":"https:\/\/vimaterial.de\/es\/wp-json\/wp\/v2\/product"}],"about":[{"href":"https:\/\/vimaterial.de\/es\/wp-json\/wp\/v2\/types\/product"}],"replies":[{"embeddable":true,"href":"https:\/\/vimaterial.de\/es\/wp-json\/wp\/v2\/comments?post=1017062"}],"wp:featuredmedia":[{"embeddable":true,"href":"https:\/\/vimaterial.de\/es\/wp-json\/wp\/v2\/media\/1003057"}],"wp:attachment":[{"href":"https:\/\/vimaterial.de\/es\/wp-json\/wp\/v2\/media?parent=1017062"}],"wp:term":[{"taxonomy":"product_brand","embeddable":true,"href":"https:\/\/vimaterial.de\/es\/wp-json\/wp\/v2\/product_brand?post=1017062"},{"taxonomy":"product_cat","embeddable":true,"href":"https:\/\/vimaterial.de\/es\/wp-json\/wp\/v2\/product_cat?post=1017062"},{"taxonomy":"product_tag","embeddable":true,"href":"https:\/\/vimaterial.de\/es\/wp-json\/wp\/v2\/product_tag?post=1017062"}],"curies":[{"name":"wp","href":"https:\/\/api.w.org\/{rel}","templated":true}]}}