{"id":1017050,"date":"2024-06-17T14:57:45","date_gmt":"2024-06-17T06:57:45","guid":{"rendered":"https:\/\/vimaterial.de\/product\/oxido-de-cobre-y-aluminio\/"},"modified":"2025-04-11T11:32:43","modified_gmt":"2025-04-11T03:32:43","slug":"oxido-de-cobre-y-aluminio","status":"publish","type":"product","link":"https:\/\/vimaterial.de\/es\/product\/oxido-de-cobre-y-aluminio\/","title":{"rendered":"\u00d3xido de cobre y aluminio"},"content":{"rendered":"<p><span style=\"color: #0000ff;\"><a style=\"color: #0000ff;\" href=\"https:\/\/vimaterial.de\/es\/product\/aluminato-de-cobre-oxido-de-cobre-y-aluminio-2\/\">El polvo de \u00f3xido de cobre y aluminio<\/a><\/span> es un polvo compuesto con estructura de espinela, compuesto principalmente de cobre, aluminio y ox\u00edgeno, con varios colores, com\u00fanmente azul verdoso, con buena estabilidad qu\u00edmica, estabilidad t\u00e9rmica y propiedades \u00f3pticas, que juega un papel importante en cat\u00e1lisis, materiales luminiscentes, cer\u00e1mica y muchos otros campos.<\/p>\n<p>VIMATERIAL suministra polvo de \u00f3xido de cobre y aluminio de alta pureza, como empresa profesional de materia prima qu\u00edmica inorg\u00e1nica, nuestro polvo de \u00f3xido de cobre y aluminio tiene alta pureza y alta confiabilidad del producto, apoyamos pedidos de lotes peque\u00f1os, para resolver las preocupaciones del cliente, contamos con un equipo t\u00e9cnico profesional, <span style=\"color: #0000ff;\"><a style=\"color: #0000ff;\" href=\"https:\/\/vimaterial.de\/es\/contacto\/\">cont\u00e1ctenos.<\/a><\/span><\/p>\n<h2><span style=\"font-size: 14pt;\">Propiedades f\u00edsicas<\/span><\/h2>\n<p>F\u00f3rmula molecular: CuAl2O4<\/p>\n<p>Peso molecular: 181,51 g\/mol<\/p>\n<p>Aspecto: generalmente polvo marr\u00f3n<\/p>\n<p>Punto de fusi\u00f3n: &gt;1000 \u00b0C (descomposici\u00f3n)<\/p>\n<p>Estructura cristalina: Estructura de espinela<\/p>\n<h2><span style=\"font-size: 14pt;\">Aplicaciones<\/span><\/h2>\n<p>Fotocat\u00e1lisis: Se puede utilizar como fotocatalizador para degradar contaminantes org\u00e1nicos, como la soluci\u00f3n de tinte de cochinilla \u00edndigo bajo luz ultravioleta con alta eficiencia.<\/p>\n<p>Electr\u00f3nica: En dispositivos electr\u00f3nicos, se puede utilizar como material de capa amortiguadora, lo que ayuda a mejorar el rendimiento y la estabilidad del dispositivo.<\/p>\n<p>Campo \u00f3ptico: debido a sus propiedades \u00f3pticas especiales, se puede utilizar para preparar dispositivos \u00f3pticos, como diodos emisores de luz.<\/p>\n<p>Campo cer\u00e1mico: como aditivo para los materiales cer\u00e1micos, puede mejorar las propiedades mec\u00e1nicas, la estabilidad t\u00e9rmica y la estabilidad qu\u00edmica de la cer\u00e1mica, y se puede utilizar para fabricar productos cer\u00e1micos de alto rendimiento.<\/p>\n<p>Campo de la bater\u00eda de iones de litio: se puede utilizar como aditivo para materiales de c\u00e1todo o materiales de electrodos de bater\u00edas de iones de litio para mejorar el rendimiento electroqu\u00edmico y la estabilidad del ciclo de la bater\u00eda.<\/p>\n<h2><span style=\"font-size: 14pt;\">Control de calidad<\/span><\/h2>\n<p><span style=\"color: #0000ff;\"><a style=\"color: #0000ff;\" href=\"https:\/\/vimaterial.de\/es\/control-de-calidad\/\">VIMATERIAL<\/a><\/span> ha construido un sistema de control de calidad completo, multinivel y de \u00e1ngulo muerto cero, desde la selecci\u00f3n de materias primas, el seguimiento preciso y las especificaciones estrictas durante todo el proceso de producci\u00f3n, la inspecci\u00f3n exhaustiva antes de que los productos terminados salgan de la f\u00e1brica y la posterior retroalimentaci\u00f3n de trazabilidad, cumplimos estrictamente con los \u00faltimos est\u00e1ndares y normas en cada paso para suministrar los mejores y m\u00e1s adecuados productos a nuestros clientes. Proporcionaremos muestras a nuestros clientes y los apoyaremos en la reinspecci\u00f3n.<\/p>\n<h2><span style=\"font-size: 14pt;\">Embalaje y almacenamiento<\/span><\/h2>\n<p>El polvo de \u00f3xido de cobre y aluminio se envasa en bolsas o botellas de vac\u00edo dobles.<\/p>\n<p>El polvo de \u00f3xido de cobre y aluminio debe almacenarse en un ambiente seco, fresco y bien ventilado, sellado para evitar la humedad y la reacci\u00f3n con la humedad en el aire, gases \u00e1cidos o alcalinos, y debe mantenerse alejado del fuego y las fuentes de calor.<\/p>\n<p>&nbsp;<\/p>\n","protected":false},"excerpt":{"rendered":"<p><span style=\"color: #0000ff;\"><a style=\"color: #0000ff;\" href=\"https:\/\/vimaterial.de\/es\/product\/aluminato-de-cobre-oxido-de-cobre-y-aluminio-2\/\">El polvo de \u00f3xido de cobre y aluminio<\/a><\/span> es un polvo compuesto con estructura de espinela, compuesto principalmente de cobre, aluminio y ox\u00edgeno, con varios colores, com\u00fanmente azul verdoso, con buena estabilidad qu\u00edmica, estabilidad t\u00e9rmica y propiedades \u00f3pticas, que juega un papel importante en cat\u00e1lisis, materiales luminiscentes, cer\u00e1mica y muchos otros campos.<\/p>\n","protected":false},"featured_media":1003072,"comment_status":"open","ping_status":"closed","template":"","meta":{"_acf_changed":false},"product_brand":[],"product_cat":[187],"product_tag":[],"class_list":{"0":"post-1017050","1":"product","2":"type-product","3":"status-publish","4":"has-post-thumbnail","6":"product_cat-otros-materiales","8":"first","9":"instock","10":"shipping-taxable","11":"product-type-variable"},"acf":[],"_links":{"self":[{"href":"https:\/\/vimaterial.de\/es\/wp-json\/wp\/v2\/product\/1017050","targetHints":{"allow":["GET"]}}],"collection":[{"href":"https:\/\/vimaterial.de\/es\/wp-json\/wp\/v2\/product"}],"about":[{"href":"https:\/\/vimaterial.de\/es\/wp-json\/wp\/v2\/types\/product"}],"replies":[{"embeddable":true,"href":"https:\/\/vimaterial.de\/es\/wp-json\/wp\/v2\/comments?post=1017050"}],"wp:featuredmedia":[{"embeddable":true,"href":"https:\/\/vimaterial.de\/es\/wp-json\/wp\/v2\/media\/1003072"}],"wp:attachment":[{"href":"https:\/\/vimaterial.de\/es\/wp-json\/wp\/v2\/media?parent=1017050"}],"wp:term":[{"taxonomy":"product_brand","embeddable":true,"href":"https:\/\/vimaterial.de\/es\/wp-json\/wp\/v2\/product_brand?post=1017050"},{"taxonomy":"product_cat","embeddable":true,"href":"https:\/\/vimaterial.de\/es\/wp-json\/wp\/v2\/product_cat?post=1017050"},{"taxonomy":"product_tag","embeddable":true,"href":"https:\/\/vimaterial.de\/es\/wp-json\/wp\/v2\/product_tag?post=1017050"}],"curies":[{"name":"wp","href":"https:\/\/api.w.org\/{rel}","templated":true}]}}