{"id":1017036,"date":"2024-06-17T14:58:25","date_gmt":"2024-06-17T06:58:25","guid":{"rendered":"https:\/\/vimaterial.de\/product\/aluminato-de-cobre-oxido-de-cobre-y-aluminio-2\/"},"modified":"2025-04-11T11:06:42","modified_gmt":"2025-04-11T03:06:42","slug":"aluminato-de-cobre-oxido-de-cobre-y-aluminio-2","status":"publish","type":"product","link":"https:\/\/vimaterial.de\/es\/product\/aluminato-de-cobre-oxido-de-cobre-y-aluminio-2\/","title":{"rendered":"Aluminato de cobre (\u00f3xido de cobre y aluminio)"},"content":{"rendered":"<p><span style=\"color: #0000ff;\"><a style=\"color: #0000ff;\" href=\"https:\/\/vimaterial.de\/es\/product\/aluminato-de-cobre-oxido-de-cobre-y-aluminio\/\">El polvo de aluminato de cobre<\/a><\/span> es un polvo compuesto inorg\u00e1nico con una estructura cristalina de delafosita. Como el primer material de \u00f3xido conductor transparente de tipo p de delafosita desarrollado, tiene aplicaciones importantes en muchos campos, como los dispositivos optoelectr\u00f3nicos.<\/p>\n<p>VIMATERIAL suministra aluminato de cobre. El producto tiene un rendimiento estable, un empaque peque\u00f1o y botellas exquisitas. Contamos con un equipo t\u00e9cnico profesional del R&amp;D. <span style=\"color: #0000ff;\"><a style=\"color: #0000ff;\" href=\"https:\/\/vimaterial.de\/es\/contacto\/\">P\u00f3ngase en contacto con nosotros<\/a><\/span>.<\/p>\n<h2><span style=\"font-size: 14pt;\">Propiedades f\u00edsicas<\/span><\/h2>\n<p>F\u00f3rmula molecular: CuAlO\u2082<\/p>\n<p>Peso molecular: alrededor de 120.54<\/p>\n<p>Aspecto: polvo negro o gris azulado<\/p>\n<p>Densidad: aprox. 6,3 g\/cm\u00b3<\/p>\n<p>Punto de fusi\u00f3n: aprox. 1200 \u00b0C<\/p>\n<p>Estructura cristalina: Tiene una estructura cristalina \u00fanica y pertenece a la estructura cristalina de delafosita. En su estructura, los iones Cu\u207a y los iones Al\u00b3\u207a ocupan diferentes posiciones de red respectivamente para formar una estructura cristalina en capas. Esta estructura le confiere unas propiedades f\u00edsicas y qu\u00edmicas especiales.<\/p>\n<h2><span style=\"font-size: 14pt;\">Aplicaciones<\/span><\/h2>\n<p>Campo electr\u00f3nico: Se puede utilizar para fabricar componentes electr\u00f3nicos con buena gesti\u00f3n t\u00e9rmica y propiedades el\u00e9ctricas.<\/p>\n<p>Campo de gesti\u00f3n t\u00e9rmica: Con su excelente conductividad t\u00e9rmica, es adecuado para diversas aplicaciones de gesti\u00f3n t\u00e9rmica que requieren una disipaci\u00f3n de calor eficiente.<\/p>\n<p>Campo del dispositivo optoelectr\u00f3nico: se puede utilizar como aditivo en el electrolito de gel compuesto de c\u00e9lulas solares sensibilizadas con colorante de estado cuasis\u00f3lido para mejorar el rendimiento de la bater\u00eda.<\/p>\n<p>Campo de semiconductores: En procesos como la deposici\u00f3n de semiconductores, se puede utilizar para preparar recubrimientos con propiedades el\u00e9ctricas, \u00f3pticas o t\u00e9rmicas espec\u00edficas, lo que juega un papel importante en la optimizaci\u00f3n del rendimiento de los dispositivos semiconductores.<\/p>\n<p>Campo \u00f3ptico: se puede utilizar para fabricar recubrimientos protectores resistentes al desgaste, recubrimientos decorativos y pantallas para componentes \u00f3pticos, etc., para aprovechar al m\u00e1ximo sus ventajas de rendimiento \u00f3ptico.<\/p>\n<h2><span style=\"font-size: 14pt;\">Control de calidad<\/span><\/h2>\n<p><span style=\"color: #0000ff;\"><a style=\"color: #0000ff;\" href=\"https:\/\/vimaterial.de\/es\/control-de-calidad\/\">Cada lote<\/a><\/span> de productos tiene un estricto proceso de control de calidad. Proporcionaremos muestras para que los clientes vuelvan a inspeccionar cada lote, y tambi\u00e9n apoyaremos a los clientes para que designen agencias de pruebas de terceros para las pruebas.<\/p>\n<h2><span style=\"font-size: 14pt;\">Embalaje y almacenamiento<\/span><\/h2>\n<p>El polvo de aluminato de cobre se envasa en bolsas de vac\u00edo de doble capa o botellas de vac\u00edo.<\/p>\n<p>El polvo de aluminato de cobre debe almacenarse en un ambiente seco, fresco y bien ventilado, evitar la humedad y el contacto con sustancias \u00e1cidas y alcalinas, y mantenerse alejado del fuego y las fuentes de calor. Lo mejor es guardarlo en un recipiente sellado para evitar que sus propiedades cambien.<\/p>\n","protected":false},"excerpt":{"rendered":"<p><span style=\"color: #0000ff;\"><a style=\"color: #0000ff;\" href=\"https:\/\/vimaterial.de\/es\/product\/aluminato-de-cobre-oxido-de-cobre-y-aluminio\/\">El polvo de aluminato de cobre<\/a><\/span> es un polvo compuesto inorg\u00e1nico con una estructura cristalina de delafosita. Como el primer material de \u00f3xido conductor transparente de tipo p de delafosita desarrollado, tiene aplicaciones importantes en muchos campos, como los dispositivos optoelectr\u00f3nicos.<\/p>\n<p>VIMATERIAL suministra aluminato de cobre. El producto tiene un rendimiento estable, un empaque peque\u00f1o y botellas exquisitas. Contamos con un equipo t\u00e9cnico profesional del R&amp;D. <span style=\"color: #0000ff;\"><a style=\"color: #0000ff;\" href=\"https:\/\/vimaterial.de\/es\/contacto\/\">P\u00f3ngase en contacto con nosotros<\/a><\/span>.<\/p>\n","protected":false},"featured_media":1003079,"comment_status":"open","ping_status":"closed","template":"","meta":{"_acf_changed":false},"product_brand":[],"product_cat":[187],"product_tag":[],"class_list":{"0":"post-1017036","1":"product","2":"type-product","3":"status-publish","4":"has-post-thumbnail","6":"product_cat-otros-materiales","8":"first","9":"instock","10":"shipping-taxable","11":"product-type-variable"},"acf":[],"_links":{"self":[{"href":"https:\/\/vimaterial.de\/es\/wp-json\/wp\/v2\/product\/1017036","targetHints":{"allow":["GET"]}}],"collection":[{"href":"https:\/\/vimaterial.de\/es\/wp-json\/wp\/v2\/product"}],"about":[{"href":"https:\/\/vimaterial.de\/es\/wp-json\/wp\/v2\/types\/product"}],"replies":[{"embeddable":true,"href":"https:\/\/vimaterial.de\/es\/wp-json\/wp\/v2\/comments?post=1017036"}],"wp:featuredmedia":[{"embeddable":true,"href":"https:\/\/vimaterial.de\/es\/wp-json\/wp\/v2\/media\/1003079"}],"wp:attachment":[{"href":"https:\/\/vimaterial.de\/es\/wp-json\/wp\/v2\/media?parent=1017036"}],"wp:term":[{"taxonomy":"product_brand","embeddable":true,"href":"https:\/\/vimaterial.de\/es\/wp-json\/wp\/v2\/product_brand?post=1017036"},{"taxonomy":"product_cat","embeddable":true,"href":"https:\/\/vimaterial.de\/es\/wp-json\/wp\/v2\/product_cat?post=1017036"},{"taxonomy":"product_tag","embeddable":true,"href":"https:\/\/vimaterial.de\/es\/wp-json\/wp\/v2\/product_tag?post=1017036"}],"curies":[{"name":"wp","href":"https:\/\/api.w.org\/{rel}","templated":true}]}}