{"id":1017002,"date":"2024-09-24T13:21:29","date_gmt":"2024-09-24T05:21:29","guid":{"rendered":"https:\/\/vimaterial.de\/product\/cloruro-de-cobre-2\/"},"modified":"2025-04-11T10:34:36","modified_gmt":"2025-04-11T02:34:36","slug":"cloruro-de-cobre-2","status":"publish","type":"product","link":"https:\/\/vimaterial.de\/es\/product\/cloruro-de-cobre-2\/","title":{"rendered":"Cloruro de cobre"},"content":{"rendered":"<p><span style=\"color: #0000ff;\"><a style=\"color: #0000ff;\" href=\"https:\/\/vimaterial.de\/es\/product\/cloruro-de-cobre\/\">El polvo de cloruro de cobre<\/a> <\/span>es de color marr\u00f3n amarillento, f\u00e1cilmente soluble en agua, etanol y metanol, la soluci\u00f3n acuosa es de color azul, f\u00e1cilmente delicuescente en aire h\u00famedo, f\u00e1cilmente desgastable en aire seco, utilizado principalmente en pigmentos, productos farmac\u00e9uticos, industria de enchapado, reactivos anal\u00edticos y otros campos.<\/p>\n<p>VIMATERIAL es una empresa de innovaci\u00f3n qu\u00edmica de vanguardia especializada en materiales de alto rendimiento para aplicaciones de ingenier\u00eda avanzadas. Nuestros productos se caracterizan por su alta pureza, rendimiento estable, soporte para pedidos de lotes peque\u00f1os, inventario suficiente y plazos de entrega cortos. Tambi\u00e9n apoyamos el servicio de enlace de objetivos y aceptamos cualquier personalizaci\u00f3n y experimentaci\u00f3n del producto, <span style=\"color: #0000ff;\"><a style=\"color: #0000ff;\" href=\"https:\/\/vimaterial.de\/es\/contacto\/\">cont\u00e1ctenos<\/a><\/span> si necesita algo.<\/p>\n<h2><span style=\"font-size: 14pt;\">Caracter\u00edsticas<\/span><\/h2>\n<p>F\u00f3rmula molecular: CuCl\u2082<\/p>\n<p>Peso molecular: 134.45<\/p>\n<p>Densidad: aprox. 3.386 g\/cm\u00b3.<\/p>\n<p>Punto de fusi\u00f3n: alrededor de 620 \u00b0C<\/p>\n<p>Punto de ebullici\u00f3n: alrededor de 993 \u00b0C (se descompondr\u00e1 a esta temperatura)<\/p>\n<p>Estructura cristalina: Estructura en capas, los \u00e1tomos de cobre se coordinan con seis \u00e1tomos de cloro para formar una configuraci\u00f3n octa\u00e9drica, las capas interact\u00faan entre s\u00ed a trav\u00e9s de fuerzas d\u00e9biles de van der Waals.<\/p>\n<h2><span style=\"font-size: 14pt;\">Aplicaciones<\/span><\/h2>\n<p>Industria qu\u00edmica: El polvo de cloruro de cobre se puede utilizar como catalizador para muchas reacciones de s\u00edntesis org\u00e1nica, por ejemplo, para catalizar la reacci\u00f3n de oxidaci\u00f3n de olefinas para mejorar la eficiencia y la selectividad de la reacci\u00f3n.<\/p>\n<p>Industria de galvanoplastia: Como un componente importante de la soluci\u00f3n de galvanoplastia en galvanoplastia, puede formar una capa de recubrimiento de cobre uniforme y densa en la superficie del metal, mejorando la resistencia a la corrosi\u00f3n y las propiedades decorativas del metal.<\/p>\n<p>Material de la bater\u00eda: Se utiliza como material de \u00e1nodo o aditivo en algunos sistemas de bater\u00edas, lo que ayuda a mejorar el rendimiento de carga y descarga y la estabilidad del ciclo de la bater\u00eda.<\/p>\n<h2><span style=\"font-size: 14pt;\">Control de calidad<\/span><\/h2>\n<p><span style=\"color: #0000ff;\"><a style=\"color: #0000ff;\" href=\"https:\/\/vimaterial.de\/es\/control-de-calidad\/\">Nuestros productos<\/a><\/span> est\u00e1n sujetos a un estricto sistema de gesti\u00f3n de calidad. Desde los materiales entrantes, el procesamiento, la inspecci\u00f3n final hasta la inspecci\u00f3n de f\u00e1brica, existen estrictos est\u00e1ndares de inspecci\u00f3n. Se toman estrictas medidas de aislamiento para el procesamiento no calificado para evitar que los productos no calificados fluyan al siguiente proceso. De acuerdo con los requisitos del cliente, proporcionamos muestras para la reinspecci\u00f3n del cliente.<\/p>\n<h2><span style=\"font-size: 14pt;\">Embalaje y almacenamiento<\/span><\/h2>\n<p>El polvo de cloruro de cobre se envasa en una bolsa de vac\u00edo de doble capa o en una botella de vac\u00edo de doble capa con cart\u00f3n exterior.<\/p>\n<p>El polvo de cloruro de cobre debe almacenarse en un almac\u00e9n fresco, seco y bien ventilado, lejos del fuego, el calor y los \u00e1lcalis, productos qu\u00edmicos comestibles, etc., almacenamiento por separado, almacenamiento no mezclado y empaque sellado para evitar la humedad y el deterioro.<\/p>\n","protected":false},"excerpt":{"rendered":"<p><span style=\"color: #0000ff;\"><a style=\"color: #0000ff;\" href=\"https:\/\/vimaterial.de\/es\/product\/cloruro-de-cobre\/\">El polvo de cloruro de cobre<\/a> <\/span>es de color marr\u00f3n amarillento, f\u00e1cilmente soluble en agua, etanol y metanol, la soluci\u00f3n acuosa es de color azul, f\u00e1cilmente delicuescente en aire h\u00famedo, f\u00e1cilmente desgastable en aire seco, utilizado principalmente en pigmentos, productos farmac\u00e9uticos, industria de enchapado, reactivos anal\u00edticos y otros campos.<\/p>\n<p>VIMATERIAL es una empresa de innovaci\u00f3n qu\u00edmica de vanguardia especializada en materiales de alto rendimiento para aplicaciones de ingenier\u00eda avanzadas. Nuestros productos se caracterizan por su alta pureza, rendimiento estable, soporte para pedidos de lotes peque\u00f1os, inventario suficiente y plazos de entrega cortos. Tambi\u00e9n apoyamos el servicio de enlace de objetivos y aceptamos cualquier personalizaci\u00f3n y experimentaci\u00f3n del producto, <span style=\"color: #0000ff;\"><a style=\"color: #0000ff;\" href=\"https:\/\/vimaterial.de\/es\/contacto\/\">cont\u00e1ctenos<\/a><\/span> si necesita algo.<\/p>\n","protected":false},"featured_media":1003108,"comment_status":"open","ping_status":"closed","template":"","meta":{"_acf_changed":false},"product_brand":[],"product_cat":[182],"product_tag":[],"class_list":{"0":"post-1017002","1":"product","2":"type-product","3":"status-publish","4":"has-post-thumbnail","6":"product_cat-materiales-halogenados","8":"first","9":"instock","10":"shipping-taxable","11":"product-type-variable"},"acf":[],"_links":{"self":[{"href":"https:\/\/vimaterial.de\/es\/wp-json\/wp\/v2\/product\/1017002","targetHints":{"allow":["GET"]}}],"collection":[{"href":"https:\/\/vimaterial.de\/es\/wp-json\/wp\/v2\/product"}],"about":[{"href":"https:\/\/vimaterial.de\/es\/wp-json\/wp\/v2\/types\/product"}],"replies":[{"embeddable":true,"href":"https:\/\/vimaterial.de\/es\/wp-json\/wp\/v2\/comments?post=1017002"}],"wp:featuredmedia":[{"embeddable":true,"href":"https:\/\/vimaterial.de\/es\/wp-json\/wp\/v2\/media\/1003108"}],"wp:attachment":[{"href":"https:\/\/vimaterial.de\/es\/wp-json\/wp\/v2\/media?parent=1017002"}],"wp:term":[{"taxonomy":"product_brand","embeddable":true,"href":"https:\/\/vimaterial.de\/es\/wp-json\/wp\/v2\/product_brand?post=1017002"},{"taxonomy":"product_cat","embeddable":true,"href":"https:\/\/vimaterial.de\/es\/wp-json\/wp\/v2\/product_cat?post=1017002"},{"taxonomy":"product_tag","embeddable":true,"href":"https:\/\/vimaterial.de\/es\/wp-json\/wp\/v2\/product_tag?post=1017002"}],"curies":[{"name":"wp","href":"https:\/\/api.w.org\/{rel}","templated":true}]}}