{"id":1016993,"date":"2024-06-17T14:58:26","date_gmt":"2024-06-17T06:58:26","guid":{"rendered":"https:\/\/vimaterial.de\/product\/cloruro-de-cobre\/"},"modified":"2024-09-24T11:22:02","modified_gmt":"2024-09-24T03:22:02","slug":"cloruro-de-cobre","status":"publish","type":"product","link":"https:\/\/vimaterial.de\/es\/product\/cloruro-de-cobre\/","title":{"rendered":"Cloruro de cobre"},"content":{"rendered":"<p>Caracter\u00edsticas<\/p>\n<p>F\u00f3rmula qu\u00edmica:CuCl<\/p>\n<p>Colcr: Blanco o amarillo p\u00e1lido<\/p>\n<p>Peso molecular: 99.0 g \/ mol<\/p>\n<p>Solubilidad:El cloruro de cobre es menos soluble en agua pero se disuelve bien en \u00e1cido clorh\u00eddrico concentrado.<\/p>\n<p>Estabilidad t\u00e9rmica: El cloruro de cobre puede oxidarse en el aire para formar cloruro de cobre (II).<\/p>\n<p>Propiedades oxidantes y reductoras: El cloruro de cobre se usa a menudo como agente reductor en reacciones qu\u00edmicas.<\/p>\n<p>Aplicaciones<\/p>\n<p>Catalizador en s\u00edntesis org\u00e1nica<br \/>\nEl cloruro de cobre (I) se utiliza en reacciones de tipo Ullmann, facilitando la formaci\u00f3n de enlaces carbono-carbono o carbono-hetero\u00e1tomo. A menudo se emplea en la s\u00edntesis de compuestos de biarilo, \u00e9teres y otros compuestos org\u00e1nicos.<\/p>\n<p>Fabricaci\u00f3n de cloruro de vinilo<br \/>\n&#8211; El cloruro de cobre (I) es un catalizador en la producci\u00f3n de cloruro de vinilo a partir de acetileno. El cloruro de vinilo es un mon\u00f3mero clave utilizado en la fabricaci\u00f3n de PVC (cloruro de polivinilo), un material pl\u00e1stico importante.<\/p>\n<p>Fotograf\u00eda<br \/>\nHist\u00f3ricamente, el CuCl se ha utilizado en procesos fotogr\u00e1ficos. Se utilizaba en emulsiones fotogr\u00e1ficas para producir efectos espec\u00edficos o en procesos de tonalizaci\u00f3n para alterar los colores de las im\u00e1genes.<\/p>\n<p>S\u00edntesis qu\u00edmica inorg\u00e1nica<br \/>\nSe utiliza en la preparaci\u00f3n de otros compuestos de cobre, en particular el cianuro de cobre (I) (CuCN), que se utiliza ampliamente en procesos de galvanoplastia y refinaci\u00f3n de metales.<\/p>\n<p>Desulfurizaci\u00f3n de corrientes de gas<br \/>\n-El CuCl se puede utilizar en depuradores de gas para eliminar el sulfuro de hidr\u00f3geno (H\u2082S) del gas natural o de los gases industriales. Este proceso evita la corrosi\u00f3n y la liberaci\u00f3n de H\u2082S t\u00f3xico al medio ambiente.<\/p>\n<p>Tintas conductoras<br \/>\nEl cloruro cuproso se utiliza a veces en el desarrollo de tintas conductoras, que se aplican en electr\u00f3nica, en particular en placas de circuito impreso (PCB).<\/p>\n<p>Inhibidor de corrosi\u00f3n<br \/>\nEl CuCl se utiliza como inhibidor de corrosi\u00f3n en ciertas aplicaciones metal\u00fargicas, protegiendo el acero y otros metales de la oxidaci\u00f3n en entornos corrosivos.<\/p>\n<p>Vidrio y cer\u00e1mica<br \/>\nEl CuCl se utiliza para impartir un color azul verdoso a los materiales de vidrio y cer\u00e1mica. Act\u00faa como colorante en la producci\u00f3n de vidrieras, esmaltes cer\u00e1micos y materiales similares.<\/p>\n<p>Preservaci\u00f3n de la madera<br \/>\nEl cloruro cuproso se utiliza en algunas t\u00e9cnicas de preservaci\u00f3n de la madera, actuando como fungicida y pesticida para proteger la madera de la descomposici\u00f3n y del da\u00f1o de los insectos.<\/p>\n<p>Galvanoplastia<br \/>\nEl CuCl se utiliza a veces en la industria de la galvanoplastia, para ayudar a depositar pel\u00edculas delgadas de cobre sobre superficies para lograr resistencia a la corrosi\u00f3n o acabados decorativos.<\/p>\n<p>Estas aplicaciones aprovechan las propiedades del cloruro de cobre (I) como catalizador, agente reductor y pigmento, lo que lo convierte en un material valioso en diversos sectores industriales.<\/p>\n","protected":false},"excerpt":{"rendered":"<p><strong>El polvo de cloruro de cobre<\/strong> se refiere al <strong>cloruro de cobre (I) (CuCl)<\/strong> o <strong>al cloruro de cobre (II) (CuCl\u2082),<\/strong> cada uno con propiedades y usos distintos.<br \/>\nAmbos est\u00e1n disponibles como polvos finos y se utilizan com\u00fanmente en diversas industrias.<\/p>\n<h3><\/h3>\n","protected":false},"featured_media":1003100,"comment_status":"open","ping_status":"closed","template":"","meta":{"_acf_changed":false},"product_brand":[],"product_cat":[182],"product_tag":[],"class_list":{"0":"post-1016993","1":"product","2":"type-product","3":"status-publish","4":"has-post-thumbnail","6":"product_cat-materiales-halogenados","8":"first","9":"instock","10":"shipping-taxable","11":"purchasable","12":"product-type-variable"},"acf":[],"_links":{"self":[{"href":"https:\/\/vimaterial.de\/es\/wp-json\/wp\/v2\/product\/1016993","targetHints":{"allow":["GET"]}}],"collection":[{"href":"https:\/\/vimaterial.de\/es\/wp-json\/wp\/v2\/product"}],"about":[{"href":"https:\/\/vimaterial.de\/es\/wp-json\/wp\/v2\/types\/product"}],"replies":[{"embeddable":true,"href":"https:\/\/vimaterial.de\/es\/wp-json\/wp\/v2\/comments?post=1016993"}],"wp:featuredmedia":[{"embeddable":true,"href":"https:\/\/vimaterial.de\/es\/wp-json\/wp\/v2\/media\/1003100"}],"wp:attachment":[{"href":"https:\/\/vimaterial.de\/es\/wp-json\/wp\/v2\/media?parent=1016993"}],"wp:term":[{"taxonomy":"product_brand","embeddable":true,"href":"https:\/\/vimaterial.de\/es\/wp-json\/wp\/v2\/product_brand?post=1016993"},{"taxonomy":"product_cat","embeddable":true,"href":"https:\/\/vimaterial.de\/es\/wp-json\/wp\/v2\/product_cat?post=1016993"},{"taxonomy":"product_tag","embeddable":true,"href":"https:\/\/vimaterial.de\/es\/wp-json\/wp\/v2\/product_tag?post=1016993"}],"curies":[{"name":"wp","href":"https:\/\/api.w.org\/{rel}","templated":true}]}}