{"id":1016928,"date":"2024-06-17T15:09:13","date_gmt":"2024-06-17T07:09:13","guid":{"rendered":"https:\/\/vimaterial.de\/product\/seleniuro-de-galio-2\/"},"modified":"2024-07-12T11:59:04","modified_gmt":"2024-07-12T03:59:04","slug":"seleniuro-de-galio-2","status":"publish","type":"product","link":"https:\/\/vimaterial.de\/es\/product\/seleniuro-de-galio-2\/","title":{"rendered":"Seleniuro de galio"},"content":{"rendered":"<p>Caracter\u00edsticaEl seleniuro de galio (II) (GaSe) es un compuesto qu\u00edmico. Tiene una estructura de capas hexagonales, similar a la del GaS. Es un fotoconductor, un cristal de segunda generaci\u00f3n arm\u00f3nica en \u00f3ptica no lineal, y se ha utilizado como material de conversi\u00f3n de infrarrojo lejano a 14-31 THz y superiores. F\u00f3rmula qu\u00edmica:GaSeMasa molar:148,69 g\/molApariencia:s\u00f3lido marr\u00f3nDensidad:5,03 g\/cm3Punto de fusi\u00f3n:960 \u00b0C (1.760 \u00b0F; 1.230 K)Banda prohibida:2,1 eV (indirecto)\u00cdndice de refracci\u00f3n (nD):2.6Estructura cristalina:hexagonal, hP8Aplicaci\u00f3nSe dice que tiene potencial para aplicaciones \u00f3pticas, pero la explotaci\u00f3n de este potencial se ha visto limitada por la capacidad de crecer f\u00e1cilmente cristales individuales Los cristales de seleniuro de galio son muy prometedores como material \u00f3ptico no lineal y fotoconductor. Existen varios m\u00e9todos de conversi\u00f3n de frecuencia utilizando materiales \u00f3pticos no lineales. La generaci\u00f3n de segundos arm\u00f3nicos conduce a la duplicaci\u00f3n de la frecuencia de los l\u00e1seres infrarrojos de di\u00f3xido de carbono. Las capas individuales de seleniuro de galio son semiconductores bidimensionales din\u00e1micamente estables, en los que la banda de valencia tiene una forma de sombrero mexicano invertido, lo que lleva a una transici\u00f3n de Lifshitz a medida que aumenta el dopaje del agujero.<\/p>\n","protected":false},"excerpt":{"rendered":"<p>Caracter\u00edsticaEl seleniuro de galio (II) (GaSe) es un compuesto qu\u00edmico. Tiene una estructura de capas hexagonales, similar a la del GaS. Es un fotoconductor, un cristal de segunda generaci\u00f3n arm\u00f3nica en \u00f3ptica no lineal, y se ha utilizado como material de conversi\u00f3n de infrarrojo lejano a 14-31 THz y superiores. F\u00f3rmula qu\u00edmica:GaSeMasa molar:148,69 g\/molApariencia:s\u00f3lido marr\u00f3nDensidad:5,03 [&hellip;]<\/p>\n","protected":false},"featured_media":1004095,"comment_status":"open","ping_status":"closed","template":"","meta":{"_acf_changed":false},"product_brand":[],"product_cat":[181],"product_tag":[],"class_list":{"0":"post-1016928","1":"product","2":"type-product","3":"status-publish","4":"has-post-thumbnail","6":"product_cat-materiales-calcogenuros","8":"first","9":"instock","10":"shipping-taxable","11":"product-type-variable"},"acf":[],"_links":{"self":[{"href":"https:\/\/vimaterial.de\/es\/wp-json\/wp\/v2\/product\/1016928","targetHints":{"allow":["GET"]}}],"collection":[{"href":"https:\/\/vimaterial.de\/es\/wp-json\/wp\/v2\/product"}],"about":[{"href":"https:\/\/vimaterial.de\/es\/wp-json\/wp\/v2\/types\/product"}],"replies":[{"embeddable":true,"href":"https:\/\/vimaterial.de\/es\/wp-json\/wp\/v2\/comments?post=1016928"}],"wp:featuredmedia":[{"embeddable":true,"href":"https:\/\/vimaterial.de\/es\/wp-json\/wp\/v2\/media\/1004095"}],"wp:attachment":[{"href":"https:\/\/vimaterial.de\/es\/wp-json\/wp\/v2\/media?parent=1016928"}],"wp:term":[{"taxonomy":"product_brand","embeddable":true,"href":"https:\/\/vimaterial.de\/es\/wp-json\/wp\/v2\/product_brand?post=1016928"},{"taxonomy":"product_cat","embeddable":true,"href":"https:\/\/vimaterial.de\/es\/wp-json\/wp\/v2\/product_cat?post=1016928"},{"taxonomy":"product_tag","embeddable":true,"href":"https:\/\/vimaterial.de\/es\/wp-json\/wp\/v2\/product_tag?post=1016928"}],"curies":[{"name":"wp","href":"https:\/\/api.w.org\/{rel}","templated":true}]}}