{"id":1016893,"date":"2024-06-17T14:58:33","date_gmt":"2024-06-17T06:58:33","guid":{"rendered":"https:\/\/vimaterial.de\/product\/seleniuro-de-cobre-y-galio-3\/"},"modified":"2025-04-10T18:30:20","modified_gmt":"2025-04-10T10:30:20","slug":"seleniuro-de-cobre-y-galio-3","status":"publish","type":"product","link":"https:\/\/vimaterial.de\/es\/product\/seleniuro-de-cobre-y-galio-3\/","title":{"rendered":"Seleniuro de cobre y galio"},"content":{"rendered":"<p><span style=\"color: #0000ff;\"><a style=\"color: #0000ff;\" href=\"https:\/\/vimaterial.de\/es\/product\/seleniuro-de-cobre-y-galio\/\">El polvo de seleniuro de galio y cobre<\/a> <\/span>es un polvo compuesto de cobre, galio y selenio. Suele ser de color oscuro y es un material funcional con posibles aplicaciones en optoelectr\u00f3nica, semiconductores y otros campos.<\/p>\n<p>VIMATERIAL suministra polvo de seleniuro de cobre y galio de alta pureza. Nuestros productos son altamente confiables, de excelente calidad y con un buen servicio postventa. <span style=\"color: #0000ff;\"><a style=\"color: #0000ff;\" href=\"https:\/\/vimaterial.de\/es\/contacto\/\">P\u00f3ngase en contacto con nosotros<\/a><\/span> ahora.<\/p>\n<h2><span style=\"font-size: 14pt;\">Propiedades f\u00edsicas<\/span><\/h2>\n<p>F\u00f3rmula molecular: CuGaSe\u2082<\/p>\n<p>Peso molecular: 291.19<\/p>\n<p>Aspecto: Polvo gris<\/p>\n<p>Densidad: 5,56 g\/cm\u00b3<\/p>\n<p>Punto de fusi\u00f3n: 1697 \u00b0C<\/p>\n<p>Estructura cristalina: Sistema tetragonal<\/p>\n<h2><span style=\"font-size: 14pt;\">Aplicaciones<\/span><\/h2>\n<p>Campo fotovoltaico: el polvo de seleniuro de cobre y galio se puede utilizar para preparar c\u00e9lulas solares, que pueden absorber eficazmente la luz solar y convertirla en energ\u00eda el\u00e9ctrica.<\/p>\n<p>Campo semiconductor: Como material semiconductor importante, se puede utilizar para fabricar varios dispositivos semiconductores, como transistores, diodos, etc., lo que ayuda a lograr un funcionamiento de alto rendimiento de los dispositivos electr\u00f3nicos.<\/p>\n<p>Campo optoelectr\u00f3nico: desempe\u00f1a un papel en la fabricaci\u00f3n de fotodetectores, puede convertir se\u00f1ales \u00f3pticas en se\u00f1ales el\u00e9ctricas y se utiliza en comunicaciones \u00f3pticas, monitoreo ambiental y otros campos.<\/p>\n<p>Campo de visualizaci\u00f3n: se puede utilizar en tecnolog\u00eda de visualizaci\u00f3n, como pantallas de cristal l\u00edquido, pantallas de diodos emisores de luz org\u00e1nicos, etc., lo que ayuda a mejorar la calidad y el rendimiento de la visualizaci\u00f3n.<\/p>\n<h2><span style=\"font-size: 14pt;\">Control de calidad<\/span><\/h2>\n<p><span style=\"color: #0000ff;\"><a style=\"color: #0000ff;\" href=\"https:\/\/vimaterial.de\/es\/control-de-calidad\/\">Cada lote<\/a><\/span> de productos tiene un estricto proceso de control de calidad. Proporcionaremos muestras para que los clientes vuelvan a inspeccionar cada lote, y tambi\u00e9n apoyaremos a los clientes para que designen agencias de pruebas de terceros para las pruebas.<\/p>\n<h2><span style=\"font-size: 14pt;\">Embalaje y almacenamiento<\/span><\/h2>\n<p>El polvo de seleniuro de cobre y galio se empaqueta en bolsas de vac\u00edo de doble capa o botellas de vac\u00edo de doble capa, y hay paquetes peque\u00f1os disponibles.<br \/>\nEl polvo de seleniuro de cobre y galio debe almacenarse en un ambiente seco, fresco y bien sellado para evitar el contacto con el aire, la humedad, los \u00e1cidos fuertes, los \u00e1lcalis fuertes y otras sustancias para evitar la oxidaci\u00f3n, la delicuescencia y las reacciones qu\u00edmicas. Tambi\u00e9n debe mantenerse alejado del fuego y de fuentes de calor.<\/p>\n","protected":false},"excerpt":{"rendered":"<p><span style=\"color: #0000ff;\"><a style=\"color: #0000ff;\" href=\"https:\/\/vimaterial.de\/es\/product\/seleniuro-de-cobre-y-galio\/\">El polvo de seleniuro de galio y cobre<\/a> <\/span>es un polvo compuesto de cobre, galio y selenio. Suele ser de color oscuro y es un material funcional con posibles aplicaciones en optoelectr\u00f3nica, semiconductores y otros campos.<\/p>\n<p>VIMATERIAL suministra polvo de seleniuro de cobre y galio de alta pureza. Nuestros productos son altamente confiables, de excelente calidad y con un buen servicio postventa. <span style=\"color: #0000ff;\"><a style=\"color: #0000ff;\" href=\"https:\/\/vimaterial.de\/es\/contacto\/\">P\u00f3ngase en contacto con nosotros<\/a><\/span> ahora.<\/p>\n","protected":false},"featured_media":1003123,"comment_status":"open","ping_status":"closed","template":"","meta":{"_acf_changed":false},"product_brand":[],"product_cat":[181],"product_tag":[],"class_list":{"0":"post-1016893","1":"product","2":"type-product","3":"status-publish","4":"has-post-thumbnail","6":"product_cat-materiales-calcogenuros","8":"first","9":"instock","10":"shipping-taxable","11":"product-type-variable"},"acf":[],"_links":{"self":[{"href":"https:\/\/vimaterial.de\/es\/wp-json\/wp\/v2\/product\/1016893","targetHints":{"allow":["GET"]}}],"collection":[{"href":"https:\/\/vimaterial.de\/es\/wp-json\/wp\/v2\/product"}],"about":[{"href":"https:\/\/vimaterial.de\/es\/wp-json\/wp\/v2\/types\/product"}],"replies":[{"embeddable":true,"href":"https:\/\/vimaterial.de\/es\/wp-json\/wp\/v2\/comments?post=1016893"}],"wp:featuredmedia":[{"embeddable":true,"href":"https:\/\/vimaterial.de\/es\/wp-json\/wp\/v2\/media\/1003123"}],"wp:attachment":[{"href":"https:\/\/vimaterial.de\/es\/wp-json\/wp\/v2\/media?parent=1016893"}],"wp:term":[{"taxonomy":"product_brand","embeddable":true,"href":"https:\/\/vimaterial.de\/es\/wp-json\/wp\/v2\/product_brand?post=1016893"},{"taxonomy":"product_cat","embeddable":true,"href":"https:\/\/vimaterial.de\/es\/wp-json\/wp\/v2\/product_cat?post=1016893"},{"taxonomy":"product_tag","embeddable":true,"href":"https:\/\/vimaterial.de\/es\/wp-json\/wp\/v2\/product_tag?post=1016893"}],"curies":[{"name":"wp","href":"https:\/\/api.w.org\/{rel}","templated":true}]}}