{"id":1016887,"date":"2024-06-17T14:58:30","date_gmt":"2024-06-17T06:58:30","guid":{"rendered":"https:\/\/vimaterial.de\/product\/seleniuro-de-cobre-y-galio-2\/"},"modified":"2025-04-11T09:27:59","modified_gmt":"2025-04-11T01:27:59","slug":"seleniuro-de-cobre-y-galio-2","status":"publish","type":"product","link":"https:\/\/vimaterial.de\/es\/product\/seleniuro-de-cobre-y-galio-2\/","title":{"rendered":"Seleniuro de cobre y galio"},"content":{"rendered":"<p>Los gr\u00e1nulos <span style=\"color: #0000ff;\"><a style=\"color: #0000ff;\" href=\"https:\/\/vimaterial.de\/es\/product\/seleniuro-de-cobre-y-galio\/\">de selenuro de cobre y galio<\/a><\/span> son part\u00edculas semiconductoras con excelentes propiedades fotoel\u00e9ctricas y se utilizan ampliamente en campos de alta tecnolog\u00eda como la fotovoltaica y los dispositivos fotoel\u00e9ctricos.<\/p>\n<p>VIMATERIAL suministra gr\u00e1nulos de seleniuro de cobre y galio de alta pureza. Puede admitir pedidos de lotes peque\u00f1os y tambi\u00e9n se puede subempaquetar en paquetes peque\u00f1os. Nuestros productos son altamente confiables, de excelente calidad y tienen un buen servicio postventa. <span style=\"color: #0000ff;\"><a style=\"color: #0000ff;\" href=\"https:\/\/vimaterial.de\/es\/contacto\/\">P\u00f3ngase en contacto con nosotros<\/a><\/span> ahora.<\/p>\n<h2><span style=\"font-size: 14pt;\">Propiedades f\u00edsicas<\/span><\/h2>\n<p>F\u00f3rmula molecular: CuGaSe\u2082<\/p>\n<p>Peso molecular: 291,19 o 291,21 g\/mol<\/p>\n<p>Aspecto: part\u00edculas grises<\/p>\n<p>Densidad: 5,56 g\/cm\u00b3<\/p>\n<p>Punto de fusi\u00f3n: 1697 \u00b0C<\/p>\n<p>Estructura cristalina: sistema tetragonal, con estructura cristalina de calcopirita<\/p>\n<h2><span style=\"font-size: 14pt;\">Aplicaciones<\/span><\/h2>\n<p>Campo fotovoltaico: Las part\u00edculas de selenuro de cobre y galio son materiales clave para la preparaci\u00f3n de c\u00e9lulas solares de alta eficiencia, que pueden mejorar en gran medida la eficiencia de la conversi\u00f3n fotoel\u00e9ctrica.<\/p>\n<p>Campo de dispositivos optoelectr\u00f3nicos: se utiliza para fabricar fotodiodos, detectores fotovoltaicos, fotodetectores infrarrojos y otros dispositivos optoelectr\u00f3nicos, y realizar la conversi\u00f3n de se\u00f1ales \u00f3pticas y se\u00f1ales el\u00e9ctricas con sus excelentes propiedades optoelectr\u00f3nicas.<\/p>\n<p>Campo de visualizaci\u00f3n: se puede utilizar como material objetivo para preparar pel\u00edculas funcionales en dispositivos de visualizaci\u00f3n a trav\u00e9s del proceso de recubrimiento por pulverizaci\u00f3n cat\u00f3dica, como LCD, pantallas de diodos emisores de luz org\u00e1nicos, etc., que juegan un papel importante.<\/p>\n<p>Campo aeroespacial: Las c\u00e9lulas solares fabricadas por \u00e9l pueden proporcionar energ\u00eda eficiente y estable para drones, naves espaciales, etc., para satisfacer sus necesidades de electricidad en entornos especiales como el espacio.<\/p>\n<h2><span style=\"font-size: 14pt;\">Control de calidad<\/span><\/h2>\n<p><span style=\"color: #0000ff;\"><a style=\"color: #0000ff;\" href=\"https:\/\/vimaterial.de\/es\/control-de-calidad\/\">Cada lote<\/a><\/span> de productos tiene un estricto proceso de control de calidad. Proporcionaremos muestras para que los clientes vuelvan a inspeccionar cada lote, y tambi\u00e9n apoyaremos a los clientes para que designen agencias de pruebas de terceros para las pruebas.<\/p>\n<h2><span style=\"font-size: 14pt;\">Embalaje y almacenamiento<\/span><\/h2>\n<p>Los gr\u00e1nulos de seleniuro de cobre y galio se envasan en bolsas de vac\u00edo de doble capa o botellas de vac\u00edo de doble capa.<br \/>\nLos gr\u00e1nulos de seleniuro de cobre y galio deben almacenarse en un ambiente seco, fresco y bien sellado, lejos del aire, la humedad, los \u00e1cidos fuertes, los \u00e1lcalis fuertes y los oxidantes fuertes para evitar reacciones qu\u00edmicas como la oxidaci\u00f3n y la hidr\u00f3lisis. Al mismo tiempo, deben mantenerse alejados del fuego y las fuentes de calor para garantizar que la composici\u00f3n qu\u00edmica y las propiedades f\u00edsicas de los gr\u00e1nulos no se da\u00f1en.<\/p>\n","protected":false},"excerpt":{"rendered":"<p>Los gr\u00e1nulos <span style=\"color: #0000ff;\"><a style=\"color: #0000ff;\" href=\"https:\/\/vimaterial.de\/es\/product\/seleniuro-de-cobre-y-galio\/\">de selenuro de cobre y galio<\/a><\/span> son part\u00edculas semiconductoras con excelentes propiedades fotoel\u00e9ctricas y se utilizan ampliamente en campos de alta tecnolog\u00eda como la fotovoltaica y los dispositivos fotoel\u00e9ctricos.<\/p>\n<p>VIMATERIAL suministra gr\u00e1nulos de seleniuro de cobre y galio de alta pureza. Puede admitir pedidos de lotes peque\u00f1os y tambi\u00e9n se puede subempaquetar en paquetes peque\u00f1os. Nuestros productos son altamente confiables, de excelente calidad y tienen un buen servicio postventa. <span style=\"color: #0000ff;\"><a style=\"color: #0000ff;\" href=\"https:\/\/vimaterial.de\/es\/contacto\/\">P\u00f3ngase en contacto con nosotros<\/a><\/span> ahora.<\/p>\n","protected":false},"featured_media":1003123,"comment_status":"open","ping_status":"closed","template":"","meta":{"_acf_changed":false},"product_brand":[],"product_cat":[179],"product_tag":[],"class_list":{"0":"post-1016887","1":"product","2":"type-product","3":"status-publish","4":"has-post-thumbnail","6":"product_cat-materiales-de-evaporacion","8":"first","9":"instock","10":"shipping-taxable","11":"product-type-variable"},"acf":[],"_links":{"self":[{"href":"https:\/\/vimaterial.de\/es\/wp-json\/wp\/v2\/product\/1016887","targetHints":{"allow":["GET"]}}],"collection":[{"href":"https:\/\/vimaterial.de\/es\/wp-json\/wp\/v2\/product"}],"about":[{"href":"https:\/\/vimaterial.de\/es\/wp-json\/wp\/v2\/types\/product"}],"replies":[{"embeddable":true,"href":"https:\/\/vimaterial.de\/es\/wp-json\/wp\/v2\/comments?post=1016887"}],"wp:featuredmedia":[{"embeddable":true,"href":"https:\/\/vimaterial.de\/es\/wp-json\/wp\/v2\/media\/1003123"}],"wp:attachment":[{"href":"https:\/\/vimaterial.de\/es\/wp-json\/wp\/v2\/media?parent=1016887"}],"wp:term":[{"taxonomy":"product_brand","embeddable":true,"href":"https:\/\/vimaterial.de\/es\/wp-json\/wp\/v2\/product_brand?post=1016887"},{"taxonomy":"product_cat","embeddable":true,"href":"https:\/\/vimaterial.de\/es\/wp-json\/wp\/v2\/product_cat?post=1016887"},{"taxonomy":"product_tag","embeddable":true,"href":"https:\/\/vimaterial.de\/es\/wp-json\/wp\/v2\/product_tag?post=1016887"}],"curies":[{"name":"wp","href":"https:\/\/api.w.org\/{rel}","templated":true}]}}