{"id":1016881,"date":"2024-06-17T14:58:33","date_gmt":"2024-06-17T06:58:33","guid":{"rendered":"https:\/\/vimaterial.de\/product\/teluro-de-cobre-y-galio-2\/"},"modified":"2025-04-10T18:18:00","modified_gmt":"2025-04-10T10:18:00","slug":"teluro-de-cobre-y-galio-2","status":"publish","type":"product","link":"https:\/\/vimaterial.de\/es\/product\/teluro-de-cobre-y-galio-2\/","title":{"rendered":"Telururo de cobre y galio"},"content":{"rendered":"<p>Los gr\u00e1nulos <span style=\"color: #0000ff;\"><a style=\"color: #0000ff;\" href=\"https:\/\/vimaterial.de\/es\/product\/teluro-de-cobre-y-galio\/\">de teluro de cobre y galio<\/a><\/span> son un tipo de part\u00edculas compuestas de cobre, galio y telurio. Son part\u00edculas s\u00f3lidas con propiedades semiconductoras. Son materiales prometedores en fotovoltaico, termoel\u00e9ctrico y otros campos.<\/p>\n<p>VIMATERIAL suministra gr\u00e1nulos de telururo de cobre y galio de alta pureza con una pureza de hasta el 99,999%. Nuestros productos son altamente confiables, de excelente calidad y con un buen servicio postventa. <span style=\"color: #0000ff;\"><a style=\"color: #0000ff;\" href=\"https:\/\/vimaterial.de\/es\/contacto\/\">P\u00f3ngase en contacto con nosotros.<\/a><\/span><\/p>\n<h2><span style=\"font-size: 14pt;\">Propiedades f\u00edsicas<\/span><\/h2>\n<p>F\u00f3rmula molecular: CuGaTe2<\/p>\n<p>Peso molecular: alrededor de 328,91 g\/mol<\/p>\n<p>Aspecto: generalmente part\u00edculas negras o gris-negras<\/p>\n<p>Densidad: 5,57 g\/cm\u00b3<\/p>\n<p>Punto de fusi\u00f3n: por encima de 800 \u00b0C<\/p>\n<p>Estructura cristalina: tiene una estructura cristalina tetragonal<\/p>\n<h2><span style=\"font-size: 14pt;\">Aplicaciones<\/span><\/h2>\n<p>Campo fotovoltaico: se utiliza para fabricar c\u00e9lulas solares, que pueden absorber eficazmente la luz solar y convertirla en energ\u00eda el\u00e9ctrica. Por ejemplo, las c\u00e9lulas solares de pel\u00edcula delgada de seleniuro de cobre, indio y galio tienen una alta eficiencia de conversi\u00f3n fotoel\u00e9ctrica.<\/p>\n<p>Campo termoel\u00e9ctrico: se puede utilizar como material termoel\u00e9ctrico para convertir la energ\u00eda t\u00e9rmica y la energ\u00eda el\u00e9ctrica entre s\u00ed, y se puede utilizar en la generaci\u00f3n de energ\u00eda por diferencia de temperatura o en la refrigeraci\u00f3n de estado s\u00f3lido.<\/p>\n<p>Campo de dispositivos nanoelectr\u00f3nicos: debido a sus propiedades el\u00e9ctricas y \u00f3pticas \u00fanicas, se puede utilizar para fabricar fotodetectores de alto rendimiento, nanosensores y otros dispositivos nanoelectr\u00f3nicos.<\/p>\n<h2><span style=\"font-size: 14pt;\">Control de calidad<\/span><\/h2>\n<p><span style=\"color: #0000ff;\"><a style=\"color: #0000ff;\" href=\"https:\/\/vimaterial.de\/es\/control-de-calidad\/\">Cada lote<\/a><\/span> de productos tiene un estricto proceso de control de calidad. Proporcionaremos muestras para que los clientes vuelvan a probar cada lote, y tambi\u00e9n apoyaremos a los clientes para que designen agencias de pruebas de terceros para las pruebas.<\/p>\n<h2><span style=\"font-size: 14pt;\">Embalaje y almacenamiento<\/span><\/h2>\n<p>Los gr\u00e1nulos de telururo de cobre y galio se envasan en bolsas de vac\u00edo de doble capa o botellas de vac\u00edo de doble capa.<\/p>\n<p>Los gr\u00e1nulos de telururo de cobre y galio deben almacenarse en un ambiente seco, fresco y sellado, lejos de sustancias corrosivas, altas temperaturas y fuentes de fuego para mantener la estabilidad de sus propiedades f\u00edsicas y qu\u00edmicas.<\/p>\n","protected":false},"excerpt":{"rendered":"<p>Los gr\u00e1nulos <span style=\"color: #0000ff;\"><a style=\"color: #0000ff;\" href=\"https:\/\/vimaterial.de\/es\/product\/teluro-de-cobre-y-galio\/\">de teluro de cobre y galio<\/a><\/span> son un tipo de part\u00edculas compuestas de cobre, galio y telurio. Son part\u00edculas s\u00f3lidas con propiedades semiconductoras. Son materiales prometedores en fotovoltaico, termoel\u00e9ctrico y otros campos.<\/p>\n<p>VIMATERIAL suministra gr\u00e1nulos de telururo de cobre y galio de alta pureza con una pureza de hasta el 99,999%. Nuestros productos son altamente confiables, de excelente calidad y con un buen servicio postventa. <span style=\"color: #0000ff;\"><a style=\"color: #0000ff;\" href=\"https:\/\/vimaterial.de\/es\/contacto\/\">P\u00f3ngase en contacto con nosotros.<\/a><\/span><\/p>\n","protected":false},"featured_media":1003134,"comment_status":"open","ping_status":"closed","template":"","meta":{"_acf_changed":false},"product_brand":[],"product_cat":[179],"product_tag":[],"class_list":{"0":"post-1016881","1":"product","2":"type-product","3":"status-publish","4":"has-post-thumbnail","6":"product_cat-materiales-de-evaporacion","8":"first","9":"instock","10":"shipping-taxable","11":"product-type-variable"},"acf":[],"_links":{"self":[{"href":"https:\/\/vimaterial.de\/es\/wp-json\/wp\/v2\/product\/1016881","targetHints":{"allow":["GET"]}}],"collection":[{"href":"https:\/\/vimaterial.de\/es\/wp-json\/wp\/v2\/product"}],"about":[{"href":"https:\/\/vimaterial.de\/es\/wp-json\/wp\/v2\/types\/product"}],"replies":[{"embeddable":true,"href":"https:\/\/vimaterial.de\/es\/wp-json\/wp\/v2\/comments?post=1016881"}],"wp:featuredmedia":[{"embeddable":true,"href":"https:\/\/vimaterial.de\/es\/wp-json\/wp\/v2\/media\/1003134"}],"wp:attachment":[{"href":"https:\/\/vimaterial.de\/es\/wp-json\/wp\/v2\/media?parent=1016881"}],"wp:term":[{"taxonomy":"product_brand","embeddable":true,"href":"https:\/\/vimaterial.de\/es\/wp-json\/wp\/v2\/product_brand?post=1016881"},{"taxonomy":"product_cat","embeddable":true,"href":"https:\/\/vimaterial.de\/es\/wp-json\/wp\/v2\/product_cat?post=1016881"},{"taxonomy":"product_tag","embeddable":true,"href":"https:\/\/vimaterial.de\/es\/wp-json\/wp\/v2\/product_tag?post=1016881"}],"curies":[{"name":"wp","href":"https:\/\/api.w.org\/{rel}","templated":true}]}}