{"id":1016863,"date":"2024-06-17T14:59:27","date_gmt":"2024-06-17T06:59:27","guid":{"rendered":"https:\/\/vimaterial.de\/product\/teluro-de-cobre-y-galio\/"},"modified":"2025-04-10T17:59:54","modified_gmt":"2025-04-10T09:59:54","slug":"teluro-de-cobre-y-galio","status":"publish","type":"product","link":"https:\/\/vimaterial.de\/es\/product\/teluro-de-cobre-y-galio\/","title":{"rendered":"Telururo de cobre y galio"},"content":{"rendered":"<p><span style=\"color: #0000ff;\"><a style=\"color: #0000ff;\" href=\"https:\/\/vimaterial.de\/es\/product\/teluro-de-cobre-y-galio-2\/\">El polvo de Telururo de cobre y galio<\/a><\/span>\u00a0 es un polvo compuesto de cobre (Cu), galio (Ga) y telurio (Te). Es ampliamente utilizado en fotovoltaica y otros campos y se puede utilizar para preparar materiales de capa de absorci\u00f3n de c\u00e9lulas solares de alta eficiencia.<\/p>\n<p>El polvo de telururo de cobre y galio suministrado por VIMATERIAL tiene alta pureza, peque\u00f1a cantidad m\u00ednima de pedido, empaque peque\u00f1o y se puede personalizar de acuerdo con sus necesidades. Contamos con un equipo t\u00e9cnico profesional. Si tiene alguna necesidad, no dude <span style=\"color: #0000ff;\"><a style=\"color: #0000ff;\" href=\"https:\/\/vimaterial.de\/es\/contacto\/\">en contactarnos.<\/a><\/span><\/p>\n<p>&nbsp;<\/p>\n<h2><span style=\"font-size: 14pt;\">Propiedades f\u00edsicas<\/span><\/h2>\n<p>F\u00f3rmula molecular: CuGaTe2<\/p>\n<p>Peso molecular: 388,47 g\/mol.<\/p>\n<p>Aspecto: Polvo de oro a gris<\/p>\n<p>Punto de fusi\u00f3n: 2127 \u00b0C<\/p>\n<p>Estructura cristalina: Sistema tetragonal (estructura de calcopirita)<\/p>\n<h2><span style=\"font-size: 14pt;\">Aplicaciones<\/span><\/h2>\n<p>Campo fotovoltaico: se utiliza para preparar el material de la capa de absorci\u00f3n de las c\u00e9lulas solares de alta eficiencia, que pueden convertir la energ\u00eda solar en energ\u00eda el\u00e9ctrica.<\/p>\n<p>Campo termoel\u00e9ctrico: como material termoel\u00e9ctrico, se puede utilizar para fabricar generadores termoel\u00e9ctricos y refrigeradores termoel\u00e9ctricos para lograr la conversi\u00f3n mutua de energ\u00eda t\u00e9rmica y energ\u00eda el\u00e9ctrica.<\/p>\n<p>Campo de dispositivos electr\u00f3nicos: en la fabricaci\u00f3n de dispositivos electr\u00f3nicos, se puede utilizar para preparar pel\u00edculas delgadas de semiconductores, electrodos y otros componentes electr\u00f3nicos a trav\u00e9s de procesos como la deposici\u00f3n f\u00edsica de vapor.<\/p>\n<p>Campo optoelectr\u00f3nico: se puede utilizar en el desarrollo de dispositivos optoelectr\u00f3nicos como fotodetectores y sensores \u00f3pticos para convertir se\u00f1ales \u00f3pticas en se\u00f1ales el\u00e9ctricas.<\/p>\n<h2><span style=\"font-size: 14pt;\">Control de calidad<\/span><\/h2>\n<p><span style=\"color: #0000ff;\"><a style=\"color: #0000ff;\" href=\"https:\/\/vimaterial.de\/es\/control-de-calidad\/\">Cada lote<\/a><\/span> de productos tiene un estricto proceso de control de calidad. Proporcionaremos muestras para que los clientes vuelvan a inspeccionar cada lote, y tambi\u00e9n apoyaremos a los clientes para que designen agencias de pruebas de terceros para las pruebas.<\/p>\n<h2><span style=\"font-size: 14pt;\">Embalaje y almacenamiento<\/span><\/h2>\n<p>El polvo de telururo de cobre y galio se empaqueta en bolsas de vac\u00edo de doble capa o botellas de vac\u00edo de doble capa, y hay paquetes peque\u00f1os disponibles.<br \/>\nEl polvo de telururo de cobre y galio debe almacenarse en un ambiente seco, fresco y bien ventilado, sellado y protegido de la humedad, la oxidaci\u00f3n y el contacto con sustancias corrosivas como \u00e1cidos y \u00e1lcalis.<\/p>\n","protected":false},"excerpt":{"rendered":"<p><span style=\"color: #0000ff;\"><a style=\"color: #0000ff;\" href=\"https:\/\/vimaterial.de\/es\/product\/teluro-de-cobre-y-galio-2\/\">El polvo de Telururo de cobre y galio<\/a><\/span>\u00a0 es un polvo compuesto de cobre (Cu), galio (Ga) y telurio (Te). Es ampliamente utilizado en fotovoltaica y otros campos y se puede utilizar para preparar materiales de capa de absorci\u00f3n de c\u00e9lulas solares de alta eficiencia.<\/p>\n<p>El polvo de telururo de cobre y galio suministrado por VIMATERIAL tiene alta pureza, peque\u00f1a cantidad m\u00ednima de pedido, empaque peque\u00f1o y se puede personalizar de acuerdo con sus necesidades. Contamos con un equipo t\u00e9cnico profesional. Si tiene alguna necesidad, no dude <span style=\"color: #0000ff;\"><a style=\"color: #0000ff;\" href=\"https:\/\/vimaterial.de\/es\/contacto\/\">en contactarnos.<\/a><\/span><\/p>\n","protected":false},"featured_media":1003134,"comment_status":"open","ping_status":"closed","template":"","meta":{"_acf_changed":false},"product_brand":[],"product_cat":[181],"product_tag":[],"class_list":{"0":"post-1016863","1":"product","2":"type-product","3":"status-publish","4":"has-post-thumbnail","6":"product_cat-materiales-calcogenuros","8":"first","9":"instock","10":"shipping-taxable","11":"product-type-variable"},"acf":[],"_links":{"self":[{"href":"https:\/\/vimaterial.de\/es\/wp-json\/wp\/v2\/product\/1016863","targetHints":{"allow":["GET"]}}],"collection":[{"href":"https:\/\/vimaterial.de\/es\/wp-json\/wp\/v2\/product"}],"about":[{"href":"https:\/\/vimaterial.de\/es\/wp-json\/wp\/v2\/types\/product"}],"replies":[{"embeddable":true,"href":"https:\/\/vimaterial.de\/es\/wp-json\/wp\/v2\/comments?post=1016863"}],"wp:featuredmedia":[{"embeddable":true,"href":"https:\/\/vimaterial.de\/es\/wp-json\/wp\/v2\/media\/1003134"}],"wp:attachment":[{"href":"https:\/\/vimaterial.de\/es\/wp-json\/wp\/v2\/media?parent=1016863"}],"wp:term":[{"taxonomy":"product_brand","embeddable":true,"href":"https:\/\/vimaterial.de\/es\/wp-json\/wp\/v2\/product_brand?post=1016863"},{"taxonomy":"product_cat","embeddable":true,"href":"https:\/\/vimaterial.de\/es\/wp-json\/wp\/v2\/product_cat?post=1016863"},{"taxonomy":"product_tag","embeddable":true,"href":"https:\/\/vimaterial.de\/es\/wp-json\/wp\/v2\/product_tag?post=1016863"}],"curies":[{"name":"wp","href":"https:\/\/api.w.org\/{rel}","templated":true}]}}