{"id":1016847,"date":"2024-06-17T14:59:27","date_gmt":"2024-06-17T06:59:27","guid":{"rendered":"https:\/\/vimaterial.de\/product\/seleniuro-de-cobre-y-germanio\/"},"modified":"2025-04-10T17:49:58","modified_gmt":"2025-04-10T09:49:58","slug":"seleniuro-de-cobre-y-germanio","status":"publish","type":"product","link":"https:\/\/vimaterial.de\/es\/product\/seleniuro-de-cobre-y-germanio\/","title":{"rendered":"Seleniuro de cobre y germanio"},"content":{"rendered":"<p>Los gr\u00e1nulos <span style=\"color: #0000ff;\"><a style=\"color: #0000ff;\" href=\"https:\/\/vimaterial.de\/es\/product\/seleniuro-de-cobre-y-germanio-2\/\">de seleniuro de cobre y germanio<\/a><\/span> son un tipo de part\u00edculas compuestas de cobre, germanio y selenio, generalmente negras o grises, y son materiales granulares con valor potencial de aplicaci\u00f3n en optoelectr\u00f3nica, semiconductores y otros campos.<\/p>\n<p>Los gr\u00e1nulos de seleniuro de cobre y germanio suministrados por VIMATERIAL son de alta pureza, peque\u00f1a cantidad m\u00ednima de pedido y embalaje personalizable. Contamos con un equipo t\u00e9cnico profesional. Si necesita soporte t\u00e9cnico, no dude <span style=\"color: #0000ff;\"><a style=\"color: #0000ff;\" href=\"https:\/\/vimaterial.de\/es\/contacto\/\">en contactarnos<\/a>.<\/span><\/p>\n<h2><span style=\"font-size: 14pt;\">Propiedades f\u00edsicas<\/span><\/h2>\n<p>F\u00f3rmula molecular: CuGeSe<\/p>\n<p>Peso molecular: 215,12 g\/mol<\/p>\n<p>Aspecto: Por lo general, gr\u00e1nulos negros o grises<\/p>\n<p>Densidad: 5,57 g\/cc<\/p>\n<p>Punto de fusi\u00f3n: 757 \u00b0C<\/p>\n<p>Estructura cristalina: Estructura de calcopirita con sistema tetragonal.<\/p>\n<h2><span style=\"font-size: 14pt;\">Aplicaciones<\/span><\/h2>\n<p>Campo fotovoltaico: Se puede utilizar como material de capa de absorci\u00f3n para preparar c\u00e9lulas solares de pel\u00edcula delgada para mejorar la eficiencia de conversi\u00f3n fotoel\u00e9ctrica.<\/p>\n<p>Campo semiconductor: Es un material semiconductor potencial que se puede utilizar para fabricar dispositivos electr\u00f3nicos de alto rendimiento como transistores y circuitos integrados.<\/p>\n<p>Campo optoelectr\u00f3nico: Se puede utilizar para preparar dispositivos fotoel\u00e9ctricos como fotodetectores y sensores de luz para detectar y convertir se\u00f1ales de luz.<\/p>\n<p>Campo \u00f3ptico: Debido a sus propiedades \u00f3pticas especiales, se puede utilizar para fabricar lentes \u00f3pticas, lentes y otros componentes \u00f3pticos, y se utiliza en instrumentos y equipos \u00f3pticos.<\/p>\n<h2><span style=\"font-size: 14pt;\">Control de calidad<\/span><\/h2>\n<p><span style=\"color: #0000ff;\"><a style=\"color: #0000ff;\" href=\"https:\/\/vimaterial.de\/es\/control-de-calidad\/\">Cada lote<\/a><\/span> de productos tiene un estricto proceso de control de calidad. Proporcionaremos muestras para que los clientes vuelvan a inspeccionar cada lote, y tambi\u00e9n apoyaremos a los clientes para que designen agencias de pruebas de terceros para las pruebas.<\/p>\n<h2><span style=\"font-size: 14pt;\">Embalaje y almacenamiento<\/span><\/h2>\n<p>Los gr\u00e1nulos de seleniuro de cobre y germanio se empaquetan en bolsas de vac\u00edo de doble capa o botellas de vac\u00edo de doble capa, y se pueden proporcionar paquetes peque\u00f1os.<br \/>\nLos gr\u00e1nulos de seleniuro de cobre y germanio deben almacenarse en recipientes secos y sellados en un ambiente fresco y oscuro, lejos de oxidantes y sustancias corrosivas como \u00e1cidos para evitar la humedad, la oxidaci\u00f3n y la corrosi\u00f3n qu\u00edmica.<\/p>\n","protected":false},"excerpt":{"rendered":"<p>Los gr\u00e1nulos <span style=\"color: #0000ff;\"><a style=\"color: #0000ff;\" href=\"https:\/\/vimaterial.de\/es\/product\/seleniuro-de-cobre-y-germanio-2\/\">de seleniuro de cobre y germanio<\/a><\/span> son un tipo de part\u00edculas compuestas de cobre, germanio y selenio, generalmente negras o grises, y son materiales granulares con valor potencial de aplicaci\u00f3n en optoelectr\u00f3nica, semiconductores y otros campos.<\/p>\n<p>Los gr\u00e1nulos de seleniuro de cobre y germanio suministrados por VIMATERIAL son de alta pureza, peque\u00f1a cantidad m\u00ednima de pedido y embalaje personalizable. Contamos con un equipo t\u00e9cnico profesional. Si necesita soporte t\u00e9cnico, no dude <span style=\"color: #0000ff;\"><a style=\"color: #0000ff;\" href=\"https:\/\/vimaterial.de\/es\/contacto\/\">en contactarnos<\/a>.<\/span><\/p>\n","protected":false},"featured_media":1003143,"comment_status":"open","ping_status":"closed","template":"","meta":{"_acf_changed":false},"product_brand":[],"product_cat":[179],"product_tag":[],"class_list":{"0":"post-1016847","1":"product","2":"type-product","3":"status-publish","4":"has-post-thumbnail","6":"product_cat-materiales-de-evaporacion","8":"first","9":"instock","10":"shipping-taxable","11":"product-type-variable"},"acf":[],"_links":{"self":[{"href":"https:\/\/vimaterial.de\/es\/wp-json\/wp\/v2\/product\/1016847","targetHints":{"allow":["GET"]}}],"collection":[{"href":"https:\/\/vimaterial.de\/es\/wp-json\/wp\/v2\/product"}],"about":[{"href":"https:\/\/vimaterial.de\/es\/wp-json\/wp\/v2\/types\/product"}],"replies":[{"embeddable":true,"href":"https:\/\/vimaterial.de\/es\/wp-json\/wp\/v2\/comments?post=1016847"}],"wp:featuredmedia":[{"embeddable":true,"href":"https:\/\/vimaterial.de\/es\/wp-json\/wp\/v2\/media\/1003143"}],"wp:attachment":[{"href":"https:\/\/vimaterial.de\/es\/wp-json\/wp\/v2\/media?parent=1016847"}],"wp:term":[{"taxonomy":"product_brand","embeddable":true,"href":"https:\/\/vimaterial.de\/es\/wp-json\/wp\/v2\/product_brand?post=1016847"},{"taxonomy":"product_cat","embeddable":true,"href":"https:\/\/vimaterial.de\/es\/wp-json\/wp\/v2\/product_cat?post=1016847"},{"taxonomy":"product_tag","embeddable":true,"href":"https:\/\/vimaterial.de\/es\/wp-json\/wp\/v2\/product_tag?post=1016847"}],"curies":[{"name":"wp","href":"https:\/\/api.w.org\/{rel}","templated":true}]}}