{"id":1016841,"date":"2024-06-17T14:59:31","date_gmt":"2024-06-17T06:59:31","guid":{"rendered":"https:\/\/vimaterial.de\/product\/yoduro-de-cobre-i-3\/"},"modified":"2025-04-10T16:46:36","modified_gmt":"2025-04-10T08:46:36","slug":"yoduro-de-cobre-i-3","status":"publish","type":"product","link":"https:\/\/vimaterial.de\/es\/product\/yoduro-de-cobre-i-3\/","title":{"rendered":"Yoduro de cobre (I)"},"content":{"rendered":"<p><a href=\"https:\/\/vimaterial.de\/es\/product\/yoduro-de-cobre-i\/\"><span style=\"color: #0000ff;\">El polvo de yoduro de cobre (I)<\/span><\/a> es un polvo cristalino c\u00fabico blanco o blanquecino con una f\u00f3rmula qu\u00edmica de CuI y un peso molecular de 190,45. Es sensible al aire y a la humedad y puede utilizarse como catalizador de s\u00edntesis org\u00e1nica.<\/p>\n<p>El polvo de yoduro de cobre (I) suministrado por VIMATERIAL tiene una alta pureza, una peque\u00f1a cantidad m\u00ednima de pedido y un empaque peque\u00f1o. Se puede personalizar seg\u00fan sus necesidades. Contamos con un equipo t\u00e9cnico profesional. Si tiene alguna pregunta, no dude <span style=\"color: #0000ff;\"><a style=\"color: #0000ff;\" href=\"https:\/\/vimaterial.de\/es\/contacto\/\">en contactarnos.<\/a><\/span><\/p>\n<h2><span style=\"font-size: 14pt;\">Propiedades f\u00edsicas<\/span><\/h2>\n<p>F\u00f3rmula molecular: CuI<\/p>\n<p>Peso molecular: 190.45<\/p>\n<p>Aspecto: Por lo general, polvo blanco o blanquecino<\/p>\n<p>Densidad: 5,62 g\/cm\u00b3<\/p>\n<p>Punto de fusi\u00f3n: 605 \u00b0C<\/p>\n<p>Punto de ebullici\u00f3n: 1290\u00b0C<\/p>\n<p>Estructura cristalina: A temperatura ambiente y por debajo de 390 \u00b0C, es una estructura c\u00fabica de esfalerita (\u03b3-CuI), los iones est\u00e1n coordinados tetra\u00e9dricos y la longitud del enlace Cu-I es de 2.338 \u00c5; a 390 \u00b0C a 440 \u00b0C entre 440 \u00b0C y 440 \u00b0C, es una estructura de wurtzita (\u03b2-CuI); por encima de 440 \u00b0C, es una estructura de sal gema (\u03b1-C)<\/p>\n<h2><span style=\"font-size: 14pt;\">Aplicaciones<\/span><\/h2>\n<p>Campo de s\u00edntesis org\u00e1nica: se utiliza como catalizador en reacciones org\u00e1nicas como la reacci\u00f3n de Ullmann y el acoplamiento de Sonogashira, y tambi\u00e9n se puede utilizar en la s\u00edntesis de yoduros arom\u00e1ticos y de vinilo.<\/p>\n<p>Campo de optoelectr\u00f3nica: se utiliza como una capa de inyecci\u00f3n de orificio efectiva en diodos emisores de luz org\u00e1nicos para mejorar el rendimiento y la eficiencia del dispositivo; Utilizado como material semiconductor de tipo P en el desarrollo de dispositivos optoelectr\u00f3nicos como las c\u00e9lulas solares, ayuda a construir c\u00e9lulas solares eficientes y rentables.<\/p>\n<p>Campo de materiales polim\u00e9ricos: se utiliza como aditivo en pol\u00edmeros para mejorar sus propiedades t\u00e9rmicas y mec\u00e1nicas, desempe\u00f1ar un papel retardante de llama y mejorar la estabilidad general de los pol\u00edmeros.<\/p>\n<p>Campo antiincrustante marino: debido a que puede inhibir el crecimiento de organismos marinos como algas y percebes, se estudia para su uso en recubrimientos antiincrustantes marinos y se espera que reemplace a los compuestos antiincrustantes t\u00f3xicos tradicionales.<\/p>\n<h2><span style=\"font-size: 14pt;\">Control de calidad<\/span><\/h2>\n<p><a href=\"https:\/\/vimaterial.de\/es\/control-de-calidad\/\"><span style=\"color: #0000ff;\">Cada lote <\/span><\/a>de productos tiene un estricto proceso de control de calidad. Proporcionaremos muestras para que los clientes vuelvan a inspeccionar cada lote y tambi\u00e9n apoyaremos a los clientes para que designen agencias de inspecci\u00f3n de terceros para la inspecci\u00f3n.<\/p>\n<h2><span style=\"font-size: 14pt;\">Embalaje y almacenamiento<\/span><\/h2>\n<p>El polvo de yoduro de cobre (I) se envasa en bolsas de vac\u00edo de doble capa o botellas de vac\u00edo de doble capa. Hay paquetes peque\u00f1os disponibles.<br \/>\nLos gr\u00e1nulos de yoduro de cobre (I) deben almacenarse en un ambiente fresco, seco, resistente a la luz y bien sellado. Deben mantenerse alejados de oxidantes fuertes, \u00e1cidos fuertes y otros productos qu\u00edmicos, y lejos del fuego y las fuentes de calor.<\/p>\n","protected":false},"excerpt":{"rendered":"<p><a href=\"https:\/\/vimaterial.de\/es\/product\/yoduro-de-cobre-i\/\"><span style=\"color: #0000ff;\">El polvo de yoduro de cobre (I)<\/span><\/a> es un polvo cristalino c\u00fabico blanco o blanquecino con una f\u00f3rmula qu\u00edmica de CuI y un peso molecular de 190,45. Es sensible al aire y a la humedad y puede utilizarse como catalizador de s\u00edntesis org\u00e1nica.<\/p>\n<p>El polvo de yoduro de cobre (I) suministrado por VIMATERIAL tiene una alta pureza, una peque\u00f1a cantidad m\u00ednima de pedido y un empaque peque\u00f1o. Se puede personalizar seg\u00fan sus necesidades. Contamos con un equipo t\u00e9cnico profesional. Si tiene alguna pregunta, no dude <span style=\"color: #0000ff;\"><a style=\"color: #0000ff;\" href=\"https:\/\/vimaterial.de\/es\/contacto\/\">en contactarnos.<\/a><\/span><\/p>\n","protected":false},"featured_media":1003159,"comment_status":"open","ping_status":"closed","template":"","meta":{"_acf_changed":false},"product_brand":[],"product_cat":[182],"product_tag":[],"class_list":{"0":"post-1016841","1":"product","2":"type-product","3":"status-publish","4":"has-post-thumbnail","6":"product_cat-materiales-halogenados","8":"first","9":"instock","10":"shipping-taxable","11":"purchasable","12":"product-type-variable"},"acf":[],"_links":{"self":[{"href":"https:\/\/vimaterial.de\/es\/wp-json\/wp\/v2\/product\/1016841","targetHints":{"allow":["GET"]}}],"collection":[{"href":"https:\/\/vimaterial.de\/es\/wp-json\/wp\/v2\/product"}],"about":[{"href":"https:\/\/vimaterial.de\/es\/wp-json\/wp\/v2\/types\/product"}],"replies":[{"embeddable":true,"href":"https:\/\/vimaterial.de\/es\/wp-json\/wp\/v2\/comments?post=1016841"}],"wp:featuredmedia":[{"embeddable":true,"href":"https:\/\/vimaterial.de\/es\/wp-json\/wp\/v2\/media\/1003159"}],"wp:attachment":[{"href":"https:\/\/vimaterial.de\/es\/wp-json\/wp\/v2\/media?parent=1016841"}],"wp:term":[{"taxonomy":"product_brand","embeddable":true,"href":"https:\/\/vimaterial.de\/es\/wp-json\/wp\/v2\/product_brand?post=1016841"},{"taxonomy":"product_cat","embeddable":true,"href":"https:\/\/vimaterial.de\/es\/wp-json\/wp\/v2\/product_cat?post=1016841"},{"taxonomy":"product_tag","embeddable":true,"href":"https:\/\/vimaterial.de\/es\/wp-json\/wp\/v2\/product_tag?post=1016841"}],"curies":[{"name":"wp","href":"https:\/\/api.w.org\/{rel}","templated":true}]}}