{"id":1016833,"date":"2024-06-17T14:59:31","date_gmt":"2024-06-17T06:59:31","guid":{"rendered":"https:\/\/vimaterial.de\/product\/yoduro-de-cobre-i-2\/"},"modified":"2025-04-10T17:29:24","modified_gmt":"2025-04-10T09:29:24","slug":"yoduro-de-cobre-i-2","status":"publish","type":"product","link":"https:\/\/vimaterial.de\/es\/product\/yoduro-de-cobre-i-2\/","title":{"rendered":"Yoduro de cobre (I)"},"content":{"rendered":"<p>Los gr\u00e1nulos <span style=\"color: #0000ff;\"><a style=\"color: #0000ff;\" href=\"https:\/\/vimaterial.de\/es\/product\/yoduro-de-cobre-i\/\">de yoduro de cobre (I)<\/a><\/span> son un compuesto inorg\u00e1nico insoluble en agua, de color blanco a amarillo claro, que se utiliza principalmente como catalizadores de s\u00edntesis org\u00e1nica, materiales fotosensibles, materiales electr\u00f3nicos y preparaciones farmac\u00e9uticas.<\/p>\n<p>Los gr\u00e1nulos de yoduro de cobre (I) suministrados por VIMATERIAL son de alta pureza y pueden soportar pedidos de lotes peque\u00f1os. El embalaje tambi\u00e9n es un embalaje peque\u00f1o. Hay suficiente stock. Si lo necesitas, ponte <span style=\"color: #0000ff;\"><a style=\"color: #0000ff;\" href=\"https:\/\/vimaterial.de\/es\/contacto\/\">en contacto con nosotros<\/a><\/span> lo antes posible.<\/p>\n<h2><span style=\"font-size: 14pt;\">Propiedades f\u00edsicas<\/span><\/h2>\n<p>F\u00f3rmula anal\u00edtica: CuI<\/p>\n<p>Peso molecular: 190.45<\/p>\n<p>Aspecto: s\u00f3lido de color blanco a amarillo claro, generalmente polvo blanquecino<\/p>\n<p>Densidad: 5,67 g\/cm\u00b3<\/p>\n<p>Punto de fusi\u00f3n: 606 \u00b0C<\/p>\n<p>Punto de ebullici\u00f3n: 1290 \u00b0C<\/p>\n<p>Estructura cristalina: por debajo de 390 \u00b0C, adopta una estructura de blenda de zinc, los iones est\u00e1n coordinados tetra\u00e9dricos y la longitud del enlace Cu-I es de 2.338 \u00c5; entre 390 \u00b0C y 440 \u00b0C, adopta una estructura de wurtzita; por encima de 440 \u00b0C, adopta cuando se utiliza la estructura de sal de roca.<\/p>\n<h2><span style=\"font-size: 14pt;\">Aplicaciones<\/span><\/h2>\n<p>Campo de s\u00edntesis org\u00e1nica: como catalizador, se utiliza para catalizar la reacci\u00f3n de conversi\u00f3n de hidrocarburos bromoarom\u00e1ticos en los yoduros correspondientes.<\/p>\n<p>Campo de material fotosensible: es un componente para preparar una pel\u00edcula fotosensible, una bater\u00eda fotosensible, etc., que puede generar corriente o revelarse bajo la luz.<\/p>\n<p>Campo de material electr\u00f3nico: se puede utilizar para preparar materiales semiconductores, pel\u00edculas conductoras, etc., con excelente conductividad y estabilidad.<\/p>\n<p>Campo de preparaci\u00f3n farmac\u00e9utica: se puede utilizar para preparar medicamentos antibacterianos, desinfectantes, etc., y tener efectos antibacterianos y antioxidantes.<\/p>\n<h2><span style=\"font-size: 14pt;\">Control de calidad<\/span><\/h2>\n<p><span style=\"color: #0000ff;\"><a style=\"color: #0000ff;\" href=\"https:\/\/vimaterial.de\/es\/control-de-calidad\/\">Cada lote<\/a><\/span> de productos tiene un estricto proceso de control de calidad. Proporcionaremos muestras para que los clientes vuelvan a examinar cada lote y tambi\u00e9n apoyaremos a los clientes para que designen agencias de inspecci\u00f3n de terceros para la inspecci\u00f3n.<\/p>\n<h2><span style=\"font-size: 14pt;\">Embalaje y almacenamiento<\/span><\/h2>\n<p>Los gr\u00e1nulos de yoduro de cobre (I) se envasan en bolsas de vac\u00edo de doble capa o botellas de vac\u00edo de doble capa. Hay paquetes peque\u00f1os disponibles.<br \/>\nLos gr\u00e1nulos de yoduro de cobre (I) deben almacenarse en un ambiente fresco, seco, resistente a la luz y bien sellado. Deben almacenarse separados de oxidantes fuertes, \u00e1cidos fuertes y otros productos qu\u00edmicos, y deben mantenerse alejados del fuego y las fuentes de calor.<\/p>\n","protected":false},"excerpt":{"rendered":"<p>Los gr\u00e1nulos <span style=\"color: #0000ff;\"><a style=\"color: #0000ff;\" href=\"https:\/\/vimaterial.de\/es\/product\/yoduro-de-cobre-i\/\">de yoduro de cobre (I)<\/a><\/span> son un compuesto inorg\u00e1nico insoluble en agua, de color blanco a amarillo claro, que se utiliza principalmente como catalizadores de s\u00edntesis org\u00e1nica, materiales fotosensibles, materiales electr\u00f3nicos y preparaciones farmac\u00e9uticas.<\/p>\n<p>Los gr\u00e1nulos de yoduro de cobre (I) suministrados por VIMATERIAL son de alta pureza y pueden soportar pedidos de lotes peque\u00f1os. El embalaje tambi\u00e9n es un embalaje peque\u00f1o. Hay suficiente stock. Si lo necesitas, ponte <span style=\"color: #0000ff;\"><a style=\"color: #0000ff;\" href=\"https:\/\/vimaterial.de\/es\/contacto\/\">en contacto con nosotros<\/a><\/span> lo antes posible.<\/p>\n","protected":false},"featured_media":1003152,"comment_status":"open","ping_status":"closed","template":"","meta":{"_acf_changed":false},"product_brand":[],"product_cat":[179],"product_tag":[],"class_list":{"0":"post-1016833","1":"product","2":"type-product","3":"status-publish","4":"has-post-thumbnail","6":"product_cat-materiales-de-evaporacion","8":"first","9":"instock","10":"shipping-taxable","11":"purchasable","12":"product-type-variable"},"acf":[],"_links":{"self":[{"href":"https:\/\/vimaterial.de\/es\/wp-json\/wp\/v2\/product\/1016833","targetHints":{"allow":["GET"]}}],"collection":[{"href":"https:\/\/vimaterial.de\/es\/wp-json\/wp\/v2\/product"}],"about":[{"href":"https:\/\/vimaterial.de\/es\/wp-json\/wp\/v2\/types\/product"}],"replies":[{"embeddable":true,"href":"https:\/\/vimaterial.de\/es\/wp-json\/wp\/v2\/comments?post=1016833"}],"wp:featuredmedia":[{"embeddable":true,"href":"https:\/\/vimaterial.de\/es\/wp-json\/wp\/v2\/media\/1003152"}],"wp:attachment":[{"href":"https:\/\/vimaterial.de\/es\/wp-json\/wp\/v2\/media?parent=1016833"}],"wp:term":[{"taxonomy":"product_brand","embeddable":true,"href":"https:\/\/vimaterial.de\/es\/wp-json\/wp\/v2\/product_brand?post=1016833"},{"taxonomy":"product_cat","embeddable":true,"href":"https:\/\/vimaterial.de\/es\/wp-json\/wp\/v2\/product_cat?post=1016833"},{"taxonomy":"product_tag","embeddable":true,"href":"https:\/\/vimaterial.de\/es\/wp-json\/wp\/v2\/product_tag?post=1016833"}],"curies":[{"name":"wp","href":"https:\/\/api.w.org\/{rel}","templated":true}]}}