{"id":1016814,"date":"2024-06-17T14:59:32","date_gmt":"2024-06-17T06:59:32","guid":{"rendered":"https:\/\/vimaterial.de\/product\/yoduro-de-cobre-i\/"},"modified":"2025-04-10T16:29:22","modified_gmt":"2025-04-10T08:29:22","slug":"yoduro-de-cobre-i","status":"publish","type":"product","link":"https:\/\/vimaterial.de\/es\/product\/yoduro-de-cobre-i\/","title":{"rendered":"Yoduro de cobre (I)"},"content":{"rendered":"<p>El objetivo de pulverizaci\u00f3n cat\u00f3dica <span style=\"color: #0000ff;\"><a style=\"color: #0000ff;\" href=\"https:\/\/vimaterial.de\/es\/product\/yoduro-de-cobre-i-2\/\">de yoduro de cobre (I)<\/a><\/span> es un material de pulverizaci\u00f3n cat\u00f3dica hecho de yoduro de cobre, que se utiliza en la pulverizaci\u00f3n cat\u00f3dica de magnetr\u00f3n y otras t\u00e9cnicas de recubrimiento para depositar pel\u00edculas delgadas de yoduro de cobre en el sustrato, y tiene aplicaciones potenciales en los campos de \u00f3ptica y electr\u00f3nica.<\/p>\n<p>VIMATERIAL suministra el objetivo de pulverizaci\u00f3n cat\u00f3dica de yoduro de cobre (I), alta pureza y buena planitud, alto acabado superficial, tambi\u00e9n podemos proporcionar un servicio de uni\u00f3n, contamos con un equipo t\u00e9cnico profesional, especialmente bueno para hacer una variedad de objetivos de compuestos, si necesita <span style=\"color: #0000ff;\"><a style=\"color: #0000ff;\" href=\"https:\/\/vimaterial.de\/es\/contacto\/\">contactarnos<\/a><\/span>.<\/p>\n<h2><span style=\"font-size: 14pt;\">Propiedades f\u00edsicas<\/span><\/h2>\n<p>F\u00f3rmula molecular: CuI<\/p>\n<p>Peso molecular: 190.45<\/p>\n<p>Aspecto: Polvo blanquecino<\/p>\n<p>Densidad: 5,62 g\/mL a 25 \u00b0C<\/p>\n<p>Punto de fusi\u00f3n: 605 \u00b0C<\/p>\n<p>Punto de ebullici\u00f3n: 1290 \u00b0C<\/p>\n<p>Estructura cristalina: Estructura cristalina i\u00f3nica t\u00edpica<\/p>\n<h2><span style=\"font-size: 14pt;\">Aplicaciones<\/span><\/h2>\n<p>Dispositivos electr\u00f3nicos: Se utilizan en la preparaci\u00f3n de pel\u00edculas conductoras y electrodos en dispositivos electr\u00f3nicos para mejorar las propiedades el\u00e9ctricas de los dispositivos.<\/p>\n<p>Campo semiconductor: se utiliza como capa de barrera en el proceso de fabricaci\u00f3n de chips semiconductores y como material para encapsular capas de cableado met\u00e1lico, lo que afecta la velocidad de transmisi\u00f3n y la estabilidad del chip.<\/p>\n<p>Campo fotovoltaico: Se utiliza en el electrodo posterior de las c\u00e9lulas solares de pel\u00edcula delgada y en la capa conductora de las c\u00e9lulas de heterouni\u00f3n, lo que ayuda a mejorar el rendimiento de las c\u00e9lulas.<\/p>\n<p>Campo de visualizaci\u00f3n de pantalla plana: se puede utilizar en la preparaci\u00f3n de pantallas planas en el electrodo de metal, electrodo conductor transparente y otras capas de pel\u00edcula, para garantizar la uniformidad de la capa de pel\u00edcula de gran \u00e1rea, mejorar la calidad de la pantalla.<\/p>\n<p>Campo \u00f3ptico: se puede utilizar en el recubrimiento de componentes \u00f3pticos, como la preparaci\u00f3n de pel\u00edcula de mejora de transmitancia, pel\u00edcula reflectante, etc., para mejorar el rendimiento \u00f3ptico de los componentes \u00f3pticos.<\/p>\n<p>Campo del sensor: se puede utilizar como material de recubrimiento en la superficie de los elementos sensibles al sensor para mejorar el rendimiento de respuesta del sensor a sustancias espec\u00edficas o cantidades f\u00edsicas, y mejorar la sensibilidad y la estabilidad del sensor.<\/p>\n<h2><span style=\"font-size: 14pt;\">Control de calidad<\/span><\/h2>\n<p><span style=\"color: #0000ff;\"><a style=\"color: #0000ff;\" href=\"https:\/\/vimaterial.de\/es\/control-de-calidad\/\">Cada lote<\/a> <\/span>de productos tiene un estricto proceso de control de calidad, proporcionaremos muestras de cada lote para que los clientes vuelvan a inspeccionar, pero tambi\u00e9n apoyaremos a los clientes para especificar la inspecci\u00f3n de la organizaci\u00f3n de inspecci\u00f3n de terceros.<\/p>\n<h2><span style=\"font-size: 14pt;\">Embalaje y almacenamiento<\/span><\/h2>\n<p>Los objetivos de pulverizaci\u00f3n cat\u00f3dica de yoduro de cobre (I) se empaquetan en bolsas de vac\u00edo dobles.<\/p>\n<p>Los blancos de pulverizaci\u00f3n cat\u00f3dica de yoduro de cobre (I) deben sellarse y almacenarse en un lugar fresco, seco y a prueba de luz, lejos del fuego, agentes oxidantes, \u00e1cidos fuertes y \u00e1lcalis.<\/p>\n","protected":false},"excerpt":{"rendered":"<p>El objetivo de pulverizaci\u00f3n cat\u00f3dica <span style=\"color: #0000ff;\"><a style=\"color: #0000ff;\" href=\"https:\/\/vimaterial.de\/es\/product\/yoduro-de-cobre-i-2\/\">de yoduro de cobre (I)<\/a><\/span> es un material de pulverizaci\u00f3n cat\u00f3dica hecho de yoduro de cobre, que se utiliza en la pulverizaci\u00f3n cat\u00f3dica de magnetr\u00f3n y otras t\u00e9cnicas de recubrimiento para depositar pel\u00edculas delgadas de yoduro de cobre en el sustrato, y tiene aplicaciones potenciales en los campos de \u00f3ptica y electr\u00f3nica.<\/p>\n<p>VIMATERIAL suministra el objetivo de pulverizaci\u00f3n cat\u00f3dica de yoduro de cobre (I), alta pureza y buena planitud, alto acabado superficial, tambi\u00e9n podemos proporcionar un servicio de uni\u00f3n, contamos con un equipo t\u00e9cnico profesional, especialmente bueno para hacer una variedad de objetivos de compuestos, si necesita <span style=\"color: #0000ff;\"><a style=\"color: #0000ff;\" href=\"https:\/\/vimaterial.de\/es\/contacto\/\">contactarnos<\/a><\/span>.<\/p>\n","protected":false},"featured_media":1003166,"comment_status":"open","ping_status":"closed","template":"","meta":{"_acf_changed":false},"product_brand":[],"product_cat":[178],"product_tag":[],"class_list":{"0":"post-1016814","1":"product","2":"type-product","3":"status-publish","4":"has-post-thumbnail","6":"product_cat-catodos-para-sputtering-planar","8":"first","9":"instock","10":"shipping-taxable","11":"product-type-variable"},"acf":[],"_links":{"self":[{"href":"https:\/\/vimaterial.de\/es\/wp-json\/wp\/v2\/product\/1016814","targetHints":{"allow":["GET"]}}],"collection":[{"href":"https:\/\/vimaterial.de\/es\/wp-json\/wp\/v2\/product"}],"about":[{"href":"https:\/\/vimaterial.de\/es\/wp-json\/wp\/v2\/types\/product"}],"replies":[{"embeddable":true,"href":"https:\/\/vimaterial.de\/es\/wp-json\/wp\/v2\/comments?post=1016814"}],"wp:featuredmedia":[{"embeddable":true,"href":"https:\/\/vimaterial.de\/es\/wp-json\/wp\/v2\/media\/1003166"}],"wp:attachment":[{"href":"https:\/\/vimaterial.de\/es\/wp-json\/wp\/v2\/media?parent=1016814"}],"wp:term":[{"taxonomy":"product_brand","embeddable":true,"href":"https:\/\/vimaterial.de\/es\/wp-json\/wp\/v2\/product_brand?post=1016814"},{"taxonomy":"product_cat","embeddable":true,"href":"https:\/\/vimaterial.de\/es\/wp-json\/wp\/v2\/product_cat?post=1016814"},{"taxonomy":"product_tag","embeddable":true,"href":"https:\/\/vimaterial.de\/es\/wp-json\/wp\/v2\/product_tag?post=1016814"}],"curies":[{"name":"wp","href":"https:\/\/api.w.org\/{rel}","templated":true}]}}