{"id":1016793,"date":"2024-06-17T14:59:33","date_gmt":"2024-06-17T06:59:33","guid":{"rendered":"https:\/\/vimaterial.de\/product\/aleacion-de-cobre-e-indio\/"},"modified":"2025-04-10T16:17:46","modified_gmt":"2025-04-10T08:17:46","slug":"aleacion-de-cobre-e-indio","status":"publish","type":"product","link":"https:\/\/vimaterial.de\/es\/product\/aleacion-de-cobre-e-indio\/","title":{"rendered":"Aleaci\u00f3n de cobre e indio"},"content":{"rendered":"<p><a href=\"https:\/\/vimaterial.de\/es\/product\/aleacion-de-cobre-e-indio-2\/\"><span style=\"color: #0000ff;\">El <span style=\"color: #000000;\">polvo<\/span> de aleaci\u00f3n de cobre e indio<\/span><\/a> es un polvo de aleaci\u00f3n compuesto de cobre e indio con buena conductividad el\u00e9ctrica, estabilidad t\u00e9rmica y bajo punto de fusi\u00f3n, que se puede utilizar en la preparaci\u00f3n de materiales para electr\u00f3nica, semiconductores y otros campos.<\/p>\n<p>VImaterial proporciona polvo de aleaci\u00f3n de cobre e inio de alta pureza y alta calidad, este polvo tiene alta pureza, el tama\u00f1o de part\u00edcula del producto se puede seleccionar entre una variedad de opciones, contamos con equipos maduros, personal estable, estricto control de calidad, tambi\u00e9n contamos con un equipo t\u00e9cnico profesional, se puede personalizar a la proporci\u00f3n del material para evitar sus preocupaciones, Tenemos un precio bajo, p\u00f3ngase <span style=\"color: #0000ff;\"><a style=\"color: #0000ff;\" href=\"https:\/\/vimaterial.de\/es\/contacto\/\">en contacto con nosotros<\/a><\/span> r\u00e1pidamente.<\/p>\n<h2><span style=\"font-size: 14pt;\">Caracter\u00edsticas f\u00edsicas<\/span><\/h2>\n<p>F\u00f3rmula molecular: CuIn<\/p>\n<p>Peso molecular: alrededor de 178,36 g\/mol<\/p>\n<p>Apariencia: generalmente polvo met\u00e1lico gris o gris-negro<\/p>\n<p>Punto de fusi\u00f3n: la micra est\u00e1 generalmente entre 540-640 \u00b0C<\/p>\n<p>Estructura cristalina: Las estructuras cristalinas comunes incluyen una estructura c\u00fabica centrada en las caras.<\/p>\n<h2><span style=\"font-size: 14pt;\">Aplicaciones<\/span><\/h2>\n<p>Campo de energ\u00eda solar: como uno de los objetivos b\u00e1sicos de los materiales de energ\u00eda solar de pel\u00edcula delgada CIG (cobre, indio y galio) y CIGS (seleniuro de cobre, indio y galio), se utiliza en la fabricaci\u00f3n de electrodos, capas absorbentes y otros componentes de c\u00e9lulas solares, que pueden mejorar efectivamente la eficiencia de la conversi\u00f3n fotoel\u00e9ctrica.<\/p>\n<p>Campo el\u00e9ctrico y electr\u00f3nico: se utiliza en la fabricaci\u00f3n de generadores, barras colectoras, cables, aparamenta, transformadores y otros equipos el\u00e9ctricos, para garantizar el funcionamiento eficiente y estable del equipo.<\/p>\n<p>Campo de la impresi\u00f3n 3D: Se puede utilizar como materia prima para la impresi\u00f3n 3D para fabricar componentes electr\u00f3nicos o piezas con propiedades espec\u00edficas y formas complejas.<\/p>\n<p>Investigaci\u00f3n cient\u00edfica: Como material importante en los experimentos de investigaci\u00f3n cient\u00edfica, se utiliza para estudiar las propiedades f\u00edsicas y qu\u00edmicas de las aleaciones de cobre-indio y para desarrollar nuevos materiales y aplicaciones de aleaciones.<\/p>\n<h2><span style=\"font-size: 14pt;\">Control de calidad<\/span><\/h2>\n<p><span style=\"color: #0000ff;\"><a style=\"color: #0000ff;\" href=\"https:\/\/vimaterial.de\/es\/control-de-calidad\/\">Cada lote<\/a> <\/span>de productos debe ser inspeccionado para determinar el tama\u00f1o y la composici\u00f3n de las part\u00edculas, y tambi\u00e9n podemos proporcionar muestras para que los clientes las vuelvan a inspeccionar. Si necesita una organizaci\u00f3n de inspecci\u00f3n de terceros para inspeccionar, tambi\u00e9n lo apoyamos.<\/p>\n<h2><span style=\"font-size: 14pt;\">Embalaje y almacenamiento<\/span><\/h2>\n<p>Los polvos de aleaci\u00f3n de cobre e indio generalmente est\u00e1n disponibles en bolsas de vac\u00edo dobles o botellas de vac\u00edo dobles.<br \/>\nLos polvos de aleaci\u00f3n de cobre e indio deben almacenarse en un ambiente seco, fresco, bien ventilado y bien sellado para evitar la humedad y la oxidaci\u00f3n, lejos del fuego y los agentes oxidantes fuertes, y preferiblemente bajo la protecci\u00f3n de gas inerte.<\/p>\n<p>&nbsp;<\/p>\n","protected":false},"excerpt":{"rendered":"<p><a href=\"https:\/\/vimaterial.de\/es\/product\/aleacion-de-cobre-e-indio-2\/\"><span style=\"color: #0000ff;\">El <span style=\"color: #000000;\">polvo<\/span> de aleaci\u00f3n de cobre e indio<\/span><\/a> es un polvo de aleaci\u00f3n compuesto de cobre e indio con buena conductividad el\u00e9ctrica, estabilidad t\u00e9rmica y bajo punto de fusi\u00f3n, que se puede utilizar en la preparaci\u00f3n de materiales para electr\u00f3nica, semiconductores y otros campos.<\/p>\n<p>VImaterial proporciona polvo de aleaci\u00f3n de cobre e inio de alta pureza y alta calidad, este polvo tiene alta pureza, el tama\u00f1o de part\u00edcula del producto se puede seleccionar entre una variedad de opciones, contamos con equipos maduros, personal estable, estricto control de calidad, tambi\u00e9n contamos con un equipo t\u00e9cnico profesional, se puede personalizar a la proporci\u00f3n del material para evitar sus preocupaciones, Tenemos un precio bajo, p\u00f3ngase <span style=\"color: #0000ff;\"><a style=\"color: #0000ff;\" href=\"https:\/\/vimaterial.de\/es\/contacto\/\">en contacto con nosotros<\/a><\/span> r\u00e1pidamente.<\/p>\n","protected":false},"featured_media":1003175,"comment_status":"open","ping_status":"closed","template":"","meta":{"_acf_changed":false},"product_brand":[],"product_cat":[193],"product_tag":[],"class_list":{"0":"post-1016793","1":"product","2":"type-product","3":"status-publish","4":"has-post-thumbnail","6":"product_cat-polvo-de-aleaciones-y-metales-puros","8":"first","9":"instock","10":"shipping-taxable","11":"product-type-variable"},"acf":[],"_links":{"self":[{"href":"https:\/\/vimaterial.de\/es\/wp-json\/wp\/v2\/product\/1016793","targetHints":{"allow":["GET"]}}],"collection":[{"href":"https:\/\/vimaterial.de\/es\/wp-json\/wp\/v2\/product"}],"about":[{"href":"https:\/\/vimaterial.de\/es\/wp-json\/wp\/v2\/types\/product"}],"replies":[{"embeddable":true,"href":"https:\/\/vimaterial.de\/es\/wp-json\/wp\/v2\/comments?post=1016793"}],"wp:featuredmedia":[{"embeddable":true,"href":"https:\/\/vimaterial.de\/es\/wp-json\/wp\/v2\/media\/1003175"}],"wp:attachment":[{"href":"https:\/\/vimaterial.de\/es\/wp-json\/wp\/v2\/media?parent=1016793"}],"wp:term":[{"taxonomy":"product_brand","embeddable":true,"href":"https:\/\/vimaterial.de\/es\/wp-json\/wp\/v2\/product_brand?post=1016793"},{"taxonomy":"product_cat","embeddable":true,"href":"https:\/\/vimaterial.de\/es\/wp-json\/wp\/v2\/product_cat?post=1016793"},{"taxonomy":"product_tag","embeddable":true,"href":"https:\/\/vimaterial.de\/es\/wp-json\/wp\/v2\/product_tag?post=1016793"}],"curies":[{"name":"wp","href":"https:\/\/api.w.org\/{rel}","templated":true}]}}