{"id":1016770,"date":"2024-06-17T14:59:34","date_gmt":"2024-06-17T06:59:34","guid":{"rendered":"https:\/\/vimaterial.de\/product\/cobre-indio-galio\/"},"modified":"2025-04-10T15:19:47","modified_gmt":"2025-04-10T07:19:47","slug":"cobre-indio-galio","status":"publish","type":"product","link":"https:\/\/vimaterial.de\/es\/product\/cobre-indio-galio\/","title":{"rendered":"Cobre, Indio, Galio"},"content":{"rendered":"<p><span style=\"color: #0000ff;\"><a style=\"color: #0000ff;\" href=\"https:\/\/vimaterial.de\/es\/product\/aleacion-de-cobre-e-indio-2\/\">Cobre Indio El<\/a> <\/span>objetivo de pulverizaci\u00f3n cat\u00f3dica de galio es un material b\u00e1sico clave compuesto de cobre, indio, galio y otros elementos utilizados para la preparaci\u00f3n de materiales de pel\u00edcula delgada mediante el proceso de pulverizaci\u00f3n cat\u00f3dica, que tiene importantes aplicaciones en los campos de la electr\u00f3nica y los semiconductores.<\/p>\n<p>VImaterial ofrece objetivos de pulverizaci\u00f3n cat\u00f3dica de cobre, indio y galio de alta pureza y alta calidad con un excelente acabado superficial, planitud y estabilidad. Tambi\u00e9n ofrecemos tama\u00f1os y proporciones personalizados, as\u00ed como servicios de encuadernaci\u00f3n de objetivos, as\u00ed que<span style=\"color: #0000ff;\"><a style=\"color: #0000ff;\" href=\"https:\/\/vimaterial.de\/es\/contacto\/\"> p\u00f3ngase en contacto con nosotros<\/a><\/span> pronto.<\/p>\n<h2><span style=\"font-size: 14pt;\">Caracter\u00edsticas f\u00edsicas<\/span><\/h2>\n<p>F\u00f3rmula molecular: CuInGa<\/p>\n<p>Apariencia: generalmente negro o gris-negro s\u00f3lido<\/p>\n<p>Densidad: La densidad de CIGS es de aproximadamente 5,7-5,9 g \/ cm3.<\/p>\n<p>Punto de fusi\u00f3n: CIGS es un compuesto polim\u00e9rico, alrededor de 1050-1100 \u00b0C<\/p>\n<p>Estructura cristalina: CIGS tiene una estructura de calcopirita y pertenece al sistema cristalino tetragonal.<\/p>\n<h2><span style=\"font-size: 14pt;\">Aplicaciones<\/span><\/h2>\n<p>Campo solar fotovoltaico: se utiliza en la producci\u00f3n de c\u00e9lulas solares de pel\u00edcula delgada de seleniuro de cobre, indio y galio (CIGS), que tienen las ventajas de alta eficiencia, flexibilidad, etc., y se pueden utilizar en una variedad de escenarios, como la fotovoltaica integrada en edificios.<\/p>\n<p>Campo semiconductor: se utiliza como material clave en la deposici\u00f3n de pel\u00edcula delgada de chips y otros dispositivos electr\u00f3nicos, lo que ayuda a mejorar el rendimiento y la integraci\u00f3n del dispositivo.<\/p>\n<p>Campo de comunicaci\u00f3n \u00f3ptica: desempe\u00f1a un papel importante en la fabricaci\u00f3n de dispositivos de comunicaci\u00f3n \u00f3ptica y se puede utilizar para depositar pel\u00edculas delgadas relevantes para mejorar el rendimiento \u00f3ptico y la eficiencia de la comunicaci\u00f3n.<\/p>\n<p>Campo aeroespacial: Se puede utilizar para fabricar componentes electr\u00f3nicos de alto rendimiento y piezas \u00f3pticas en equipos aeroespaciales para cumplir con los estrictos requisitos de rendimiento y confiabilidad del material.<\/p>\n<p>Campo automotriz: aplicado a la producci\u00f3n de componentes electr\u00f3nicos automotrices, como sensores, pantallas, etc., para mejorar el nivel de inteligencia automotriz y tecnolog\u00eda de la informaci\u00f3n.<\/p>\n<h2><span style=\"font-size: 14pt;\">Control de calidad<\/span><\/h2>\n<p><span style=\"color: #0000ff;\"><a style=\"color: #0000ff;\" href=\"https:\/\/vimaterial.de\/es\/control-de-calidad\/\">Cada lote<\/a> <\/span>de productos necesita verificar el tama\u00f1o y la composici\u00f3n, tambi\u00e9n podemos proporcionar muestras para que los clientes vuelvan a inspeccionar. Si necesita una organizaci\u00f3n de inspecci\u00f3n de terceros para inspeccionar, tambi\u00e9n lo apoyamos.<\/p>\n<h2><span style=\"font-size: 14pt;\">Embalaje y almacenamiento<\/span><\/h2>\n<p>Los objetivos de pulverizaci\u00f3n cat\u00f3dica de cobre, indio y galio generalmente se empaquetan en bolsas de vac\u00edo dobles o se pueden empaquetar para su protecci\u00f3n.<br \/>\nLos objetivos de pulverizaci\u00f3n cat\u00f3dica de cobre, indio y galio deben almacenarse en envases al vac\u00edo con una barrera contra la humedad incorporada para evitar la humedad, la oxidaci\u00f3n y la exposici\u00f3n a impurezas.<\/p>\n<p>&nbsp;<\/p>\n","protected":false},"excerpt":{"rendered":"<p><span style=\"color: #0000ff;\"><a style=\"color: #0000ff;\" href=\"https:\/\/vimaterial.de\/es\/product\/aleacion-de-cobre-e-indio-2\/\">Cobre Indio El<\/a> <\/span>objetivo de pulverizaci\u00f3n cat\u00f3dica de galio es un material b\u00e1sico clave compuesto de cobre, indio, galio y otros elementos utilizados para la preparaci\u00f3n de materiales de pel\u00edcula delgada mediante el proceso de pulverizaci\u00f3n cat\u00f3dica, que tiene importantes aplicaciones en los campos de la electr\u00f3nica y los semiconductores.<\/p>\n<p>VImaterial ofrece objetivos de pulverizaci\u00f3n cat\u00f3dica de cobre, indio y galio de alta pureza y alta calidad con un excelente acabado superficial, planitud y estabilidad. Tambi\u00e9n ofrecemos tama\u00f1os y proporciones personalizados, as\u00ed como servicios de encuadernaci\u00f3n de objetivos, as\u00ed que<span style=\"color: #0000ff;\"><a style=\"color: #0000ff;\" href=\"https:\/\/vimaterial.de\/es\/contacto\/\"> p\u00f3ngase en contacto con nosotros<\/a><\/span> pronto.<\/p>\n","protected":false},"featured_media":1003190,"comment_status":"open","ping_status":"closed","template":"","meta":{"_acf_changed":false},"product_brand":[],"product_cat":[178],"product_tag":[],"class_list":{"0":"post-1016770","1":"product","2":"type-product","3":"status-publish","4":"has-post-thumbnail","6":"product_cat-catodos-para-sputtering-planar","8":"first","9":"instock","10":"shipping-taxable","11":"product-type-variable"},"acf":[],"_links":{"self":[{"href":"https:\/\/vimaterial.de\/es\/wp-json\/wp\/v2\/product\/1016770","targetHints":{"allow":["GET"]}}],"collection":[{"href":"https:\/\/vimaterial.de\/es\/wp-json\/wp\/v2\/product"}],"about":[{"href":"https:\/\/vimaterial.de\/es\/wp-json\/wp\/v2\/types\/product"}],"replies":[{"embeddable":true,"href":"https:\/\/vimaterial.de\/es\/wp-json\/wp\/v2\/comments?post=1016770"}],"wp:featuredmedia":[{"embeddable":true,"href":"https:\/\/vimaterial.de\/es\/wp-json\/wp\/v2\/media\/1003190"}],"wp:attachment":[{"href":"https:\/\/vimaterial.de\/es\/wp-json\/wp\/v2\/media?parent=1016770"}],"wp:term":[{"taxonomy":"product_brand","embeddable":true,"href":"https:\/\/vimaterial.de\/es\/wp-json\/wp\/v2\/product_brand?post=1016770"},{"taxonomy":"product_cat","embeddable":true,"href":"https:\/\/vimaterial.de\/es\/wp-json\/wp\/v2\/product_cat?post=1016770"},{"taxonomy":"product_tag","embeddable":true,"href":"https:\/\/vimaterial.de\/es\/wp-json\/wp\/v2\/product_tag?post=1016770"}],"curies":[{"name":"wp","href":"https:\/\/api.w.org\/{rel}","templated":true}]}}