{"id":1016745,"date":"2024-06-17T14:59:35","date_gmt":"2024-06-17T06:59:35","guid":{"rendered":"https:\/\/vimaterial.de\/product\/seleniuro-de-cobre-indio-y-galio-cigs\/"},"modified":"2025-04-08T18:29:24","modified_gmt":"2025-04-08T10:29:24","slug":"seleniuro-de-cobre-indio-y-galio-cigs","status":"publish","type":"product","link":"https:\/\/vimaterial.de\/es\/product\/seleniuro-de-cobre-indio-y-galio-cigs\/","title":{"rendered":"Seleniuro de cobre, indio y galio (CIGS)"},"content":{"rendered":"<p>El objetivo de pulverizaci\u00f3n <span style=\"color: #0000ff;\"><a style=\"color: #0000ff;\" href=\"https:\/\/vimaterial.de\/es\/product\/seleniuro-de-cobre-indio-y-galio-cigs-2\/\">cat\u00f3dica de cobre, indio y galio seleniuro<\/a><\/span> es un material clave para la tecnolog\u00eda de recubrimiento de pulverizaci\u00f3n cat\u00f3dica con magnetr\u00f3n con alta pureza y relaci\u00f3n de composici\u00f3n espec\u00edfica, que tiene importantes aplicaciones en c\u00e9lulas fotovoltaicas, dispositivos electr\u00f3nicos y otros campos.<\/p>\n<p>VImaterial es capaz de proporcionar objetivos de pulverizaci\u00f3n cat\u00f3dica de seleniuro de cobre, indio y galio de alta calidad con proporciones personalizadas para la producci\u00f3n por parte de nuestro equipo t\u00e9cnico dedicado. Nuestros objetivos tienen una excelente planitud y acabado de la superficie y tambi\u00e9n podemos proporcionar un servicio de encuadernaci\u00f3n. Si tiene alguna pregunta, no dude <span style=\"color: #0000ff;\"><a style=\"color: #0000ff;\" href=\"https:\/\/vimaterial.de\/es\/contacto\/\">en contactarnos<\/a><\/span>.<\/p>\n<h2><span style=\"font-size: 14pt;\">Propiedades f\u00edsicas<\/span><\/h2>\n<p>F\u00f3rmula molecular: CuInGaSe<\/p>\n<p>Aspecto: Generalmente blanco gris, la superficie tiene un cierto brillo met\u00e1lico, textura relativamente quebradiza.<\/p>\n<p>Densidad: alrededor de 5,7-5,9 g \/ cm3<\/p>\n<p>Estructura cristalina: pertenece al sistema cristalino tetragonal, con una estructura similar a la calcopirita.<\/p>\n<h2><span style=\"font-size: 14pt;\">Aplicaciones<\/span><\/h2>\n<p>Campo fotovoltaico: utilizado en la preparaci\u00f3n de la capa absorbente de c\u00e9lulas solares de pel\u00edcula delgada de seleniuro de cobre, indio y galio, puede mejorar la eficiencia de conversi\u00f3n fotoel\u00e9ctrica de la c\u00e9lula.<\/p>\n<p>Campo de semiconductores: en la fabricaci\u00f3n de circuitos integrados, se puede utilizar para fabricar electrodos de interconexi\u00f3n y contacto de alto rendimiento para garantizar el funcionamiento eficiente y estable de los circuitos.<\/p>\n<p>Campo de visualizaci\u00f3n: En la producci\u00f3n de transistores de pel\u00edcula delgada para pantallas de cristal l\u00edquido y pantallas de diodos emisores de luz org\u00e1nicos (OLED), se utiliza para producir capas de semiconductores de alto rendimiento para garantizar el funcionamiento confiable de la pantalla.<\/p>\n<p>Campo de dispositivos optoelectr\u00f3nicos: se puede utilizar en la fabricaci\u00f3n de diodos emisores de luz y diodos l\u00e1ser y otros dispositivos optoelectr\u00f3nicos, para mejorar el rendimiento del dispositivo.<\/p>\n<p>R&amp;D de bater\u00edas de energ\u00eda, que ayuda a mejorar la densidad de energ\u00eda y el rendimiento de carga\/descarga de las bater\u00edas.<\/p>\n<h2><span style=\"font-size: 14pt;\">Control de calidad<\/span><\/h2>\n<p><span style=\"color: #0000ff;\"><a style=\"color: #0000ff;\" href=\"https:\/\/vimaterial.de\/en\/quality-control\/\">Cada lote<\/a> <\/span>de productos ser\u00e1 inspeccionado, nuestro proceso de producci\u00f3n tiene un estricto sistema de control de calidad, desde las materias primas hasta la inspecci\u00f3n final, cada enlace de producci\u00f3n tiene autoinspecci\u00f3n y reinspecci\u00f3n, e inspecci\u00f3n IPQC. Tambi\u00e9n proporcionamos muestras para que los clientes vuelvan a inspeccionar, si el cliente tiene una organizaci\u00f3n de inspecci\u00f3n designada, tambi\u00e9n apoyamos la inspecci\u00f3n de terceros y emitimos informes de inspecci\u00f3n.<\/p>\n<h2><span style=\"font-size: 14pt;\">Embalaje y almacenamiento<\/span><\/h2>\n<p>Los objetivos de pulverizaci\u00f3n cat\u00f3dica de seleniuro de cobre, indio y galio generalmente se empaquetan en bolsas de vac\u00edo dobles.<br \/>\nLos blancos de pulverizaci\u00f3n cat\u00f3dica de cobre, indio y galio selenuro deben almacenarse en un ambiente seco, fresco y bien ventilado protegido de la luz, en paquetes sellados para evitar la humedad y la oxidaci\u00f3n, evitando al mismo tiempo el contacto con sustancias corrosivas como \u00e1cidos y \u00e1lcalis, y lejos de altas temperaturas y posibles colisiones mec\u00e1nicas, para mantener la integridad y la estabilidad qu\u00edmica del objetivo.<\/p>\n","protected":false},"excerpt":{"rendered":"<p>El objetivo de pulverizaci\u00f3n <span style=\"color: #0000ff;\"><a style=\"color: #0000ff;\" href=\"https:\/\/vimaterial.de\/es\/product\/seleniuro-de-cobre-indio-y-galio-cigs-2\/\">cat\u00f3dica de cobre, indio y galio seleniuro<\/a><\/span> es un material clave para la tecnolog\u00eda de recubrimiento de pulverizaci\u00f3n cat\u00f3dica con magnetr\u00f3n con alta pureza y relaci\u00f3n de composici\u00f3n espec\u00edfica, que tiene importantes aplicaciones en c\u00e9lulas fotovoltaicas, dispositivos electr\u00f3nicos y otros campos.<\/p>\n<p>VImaterial es capaz de proporcionar objetivos de pulverizaci\u00f3n cat\u00f3dica de seleniuro de cobre, indio y galio de alta calidad con proporciones personalizadas para la producci\u00f3n por parte de nuestro equipo t\u00e9cnico dedicado. Nuestros objetivos tienen una excelente planitud y acabado de la superficie y tambi\u00e9n podemos proporcionar un servicio de encuadernaci\u00f3n. Si tiene alguna pregunta, no dude <span style=\"color: #0000ff;\"><a style=\"color: #0000ff;\" href=\"https:\/\/vimaterial.de\/es\/contacto\/\">en contactarnos<\/a><\/span>.<\/p>\n","protected":false},"featured_media":1003206,"comment_status":"open","ping_status":"closed","template":"","meta":{"_acf_changed":false},"product_brand":[],"product_cat":[178],"product_tag":[],"class_list":{"0":"post-1016745","1":"product","2":"type-product","3":"status-publish","4":"has-post-thumbnail","6":"product_cat-catodos-para-sputtering-planar","8":"first","9":"instock","10":"shipping-taxable","11":"product-type-variable"},"acf":[],"_links":{"self":[{"href":"https:\/\/vimaterial.de\/es\/wp-json\/wp\/v2\/product\/1016745","targetHints":{"allow":["GET"]}}],"collection":[{"href":"https:\/\/vimaterial.de\/es\/wp-json\/wp\/v2\/product"}],"about":[{"href":"https:\/\/vimaterial.de\/es\/wp-json\/wp\/v2\/types\/product"}],"replies":[{"embeddable":true,"href":"https:\/\/vimaterial.de\/es\/wp-json\/wp\/v2\/comments?post=1016745"}],"wp:featuredmedia":[{"embeddable":true,"href":"https:\/\/vimaterial.de\/es\/wp-json\/wp\/v2\/media\/1003206"}],"wp:attachment":[{"href":"https:\/\/vimaterial.de\/es\/wp-json\/wp\/v2\/media?parent=1016745"}],"wp:term":[{"taxonomy":"product_brand","embeddable":true,"href":"https:\/\/vimaterial.de\/es\/wp-json\/wp\/v2\/product_brand?post=1016745"},{"taxonomy":"product_cat","embeddable":true,"href":"https:\/\/vimaterial.de\/es\/wp-json\/wp\/v2\/product_cat?post=1016745"},{"taxonomy":"product_tag","embeddable":true,"href":"https:\/\/vimaterial.de\/es\/wp-json\/wp\/v2\/product_tag?post=1016745"}],"curies":[{"name":"wp","href":"https:\/\/api.w.org\/{rel}","templated":true}]}}