{"id":1016733,"date":"2024-06-17T15:00:39","date_gmt":"2024-06-17T07:00:39","guid":{"rendered":"https:\/\/vimaterial.de\/product\/sulfuro-de-cobre-e-indio-2\/"},"modified":"2025-04-08T17:59:41","modified_gmt":"2025-04-08T09:59:41","slug":"sulfuro-de-cobre-e-indio-2","status":"publish","type":"product","link":"https:\/\/vimaterial.de\/es\/product\/sulfuro-de-cobre-e-indio-2\/","title":{"rendered":"Sulfuro de cobre e indio"},"content":{"rendered":"<p><span style=\"color: #3366ff;\"><a style=\"color: #3366ff;\" href=\"https:\/\/vimaterial.de\/es\/product\/sulfuro-de-cobre-e-indio\/\">Sulfuro de cobre e indio<\/a> <\/span>El polvo es un polvo compuesto compuesto de cobre, indio y azufre, generalmente de color negro o gris oscuro, tiene importantes aplicaciones en el campo de las c\u00e9lulas solares, materiales fotovoltaicos y otros campos, es un material semiconductor con buenas propiedades fotovoltaicas.<\/p>\n<p>VImaterial produce polvo de sulfuro de cobre e indio a un precio barato y alta pureza, este producto se utiliza a menudo en la producci\u00f3n de excelentes propiedades optoelectr\u00f3nicas, nuestra empresa comienza desde una peque\u00f1a cantidad, el producto se empaqueta en paquetes peque\u00f1os, que se pueden utilizar para sus experimentos, contamos con un equipo t\u00e9cnico profesional, si tiene alguna pregunta, <span style=\"color: #3366ff;\"><a style=\"color: #3366ff;\" href=\"https:\/\/vimaterial.de\/es\/contacto\/\">cont\u00e1ctenos<\/a><\/span>.<\/p>\n<h2><span style=\"font-size: 14pt;\">Propiedades f\u00edsicas<\/span><\/h2>\n<p>F\u00f3rmula molecular: CuInS2<\/p>\n<p>Peso molecular: alrededor de 242.5<\/p>\n<p>Aspecto: generalmente polvo negro o gris oscuro<\/p>\n<p>Punto de fusi\u00f3n: 1127 \u00b0C-1145 \u00b0C<\/p>\n<p>Punto de ebullici\u00f3n: 1354\u00b0C<\/p>\n<p>Estructura cristalina: pertenece al sistema cristalino tetragonal<\/p>\n<h2><span style=\"font-size: 14pt;\">Aplicaciones<\/span><\/h2>\n<p>Campo de c\u00e9lulas solares: como material de la capa de absorci\u00f3n en la c\u00e9lula solar de pel\u00edcula delgada, puede absorber eficazmente la energ\u00eda solar y convertirla en electricidad.<\/p>\n<p>Optoelectr\u00f3nica: se utiliza en la fabricaci\u00f3n de diodos emisores de luz y tecnolog\u00eda de visualizaci\u00f3n, que proporciona la posibilidad de una iluminaci\u00f3n de bajo consumo y pantallas a color de alta calidad.<\/p>\n<p>Microelectr\u00f3nica: como capa activa en los transistores de pel\u00edcula delgada, desempe\u00f1a un papel importante en la realizaci\u00f3n de un alto rendimiento y la miniaturizaci\u00f3n de los dispositivos electr\u00f3nicos.<\/p>\n<p>Fotodetecci\u00f3n: Se puede utilizar para fabricar fotodetectores, que pueden detectar la luz en una amplia gama de longitudes de onda, realizando as\u00ed la detecci\u00f3n y conversi\u00f3n de se\u00f1ales de luz.<\/p>\n<h2><span style=\"font-size: 14pt;\">Control de calidad<\/span><\/h2>\n<p><span style=\"color: #3366ff;\"><a style=\"color: #3366ff;\" href=\"https:\/\/vimaterial.de\/es\/control-de-calidad\/\">Cada lote <\/a><\/span>de productos ser\u00e1 inspeccionado para la dosis, llevamos a cabo un estricto control de calidad, desde las materias primas hasta la inspecci\u00f3n final, y podemos proporcionar muestras para la reinspecci\u00f3n de los clientes. Si los clientes tienen requisitos especiales, tambi\u00e9n podemos llevar a cabo organizaciones de inspecci\u00f3n de terceros para llevar a cabo inspecciones y emitir informes de inspecci\u00f3n.<\/p>\n<h2><span style=\"font-size: 14pt;\">Embalaje y almacenamiento<\/span><\/h2>\n<p>Los polvos de sulfuro de cobre e indio generalmente se empaquetan en bolsas de vac\u00edo dobles o botellas de vac\u00edo, los polvos de sulfuro de cobre e indio deben almacenarse en un ambiente seco, fresco y bien ventilado, evitando la humedad, la oxidaci\u00f3n y el contacto con sustancias corrosivas como \u00e1cidos y \u00e1lcalis, y deben sellarse herm\u00e9ticamente y mantenerse alejados de fuentes de calor e ignici\u00f3n, con el fin de evitar cambios en sus propiedades f\u00edsicas y qu\u00edmicas. Cambio.<\/p>\n","protected":false},"excerpt":{"rendered":"<p><span style=\"color: #3366ff;\"><a style=\"color: #3366ff;\" href=\"https:\/\/vimaterial.de\/es\/product\/sulfuro-de-cobre-e-indio\/\">Sulfuro de cobre e indio<\/a> <\/span>El polvo es un polvo compuesto compuesto de cobre, indio y azufre, generalmente de color negro o gris oscuro, tiene importantes aplicaciones en el campo de las c\u00e9lulas solares, materiales fotovoltaicos y otros campos, es un material semiconductor con buenas propiedades fotovoltaicas.<\/p>\n<p>VImaterial produce polvo de sulfuro de cobre e indio a un precio barato y alta pureza, este producto se utiliza a menudo en la producci\u00f3n de excelentes propiedades optoelectr\u00f3nicas, nuestra empresa comienza desde una peque\u00f1a cantidad, el producto se empaqueta en paquetes peque\u00f1os, que se pueden utilizar para sus experimentos, contamos con un equipo t\u00e9cnico profesional, si tiene alguna pregunta, <span style=\"color: #3366ff;\"><a style=\"color: #3366ff;\" href=\"https:\/\/vimaterial.de\/es\/contacto\/\">cont\u00e1ctenos<\/a><\/span>.<\/p>\n","protected":false},"featured_media":1003218,"comment_status":"open","ping_status":"closed","template":"","meta":{"_acf_changed":false},"product_brand":[],"product_cat":[181],"product_tag":[],"class_list":{"0":"post-1016733","1":"product","2":"type-product","3":"status-publish","4":"has-post-thumbnail","6":"product_cat-materiales-calcogenuros","8":"first","9":"instock","10":"shipping-taxable","11":"product-type-variable"},"acf":[],"_links":{"self":[{"href":"https:\/\/vimaterial.de\/es\/wp-json\/wp\/v2\/product\/1016733","targetHints":{"allow":["GET"]}}],"collection":[{"href":"https:\/\/vimaterial.de\/es\/wp-json\/wp\/v2\/product"}],"about":[{"href":"https:\/\/vimaterial.de\/es\/wp-json\/wp\/v2\/types\/product"}],"replies":[{"embeddable":true,"href":"https:\/\/vimaterial.de\/es\/wp-json\/wp\/v2\/comments?post=1016733"}],"wp:featuredmedia":[{"embeddable":true,"href":"https:\/\/vimaterial.de\/es\/wp-json\/wp\/v2\/media\/1003218"}],"wp:attachment":[{"href":"https:\/\/vimaterial.de\/es\/wp-json\/wp\/v2\/media?parent=1016733"}],"wp:term":[{"taxonomy":"product_brand","embeddable":true,"href":"https:\/\/vimaterial.de\/es\/wp-json\/wp\/v2\/product_brand?post=1016733"},{"taxonomy":"product_cat","embeddable":true,"href":"https:\/\/vimaterial.de\/es\/wp-json\/wp\/v2\/product_cat?post=1016733"},{"taxonomy":"product_tag","embeddable":true,"href":"https:\/\/vimaterial.de\/es\/wp-json\/wp\/v2\/product_tag?post=1016733"}],"curies":[{"name":"wp","href":"https:\/\/api.w.org\/{rel}","templated":true}]}}