{"id":1016727,"date":"2024-06-17T14:59:36","date_gmt":"2024-06-17T06:59:36","guid":{"rendered":"https:\/\/vimaterial.de\/product\/sulfuro-de-cobre-e-indio\/"},"modified":"2025-04-08T18:15:13","modified_gmt":"2025-04-08T10:15:13","slug":"sulfuro-de-cobre-e-indio","status":"publish","type":"product","link":"https:\/\/vimaterial.de\/es\/product\/sulfuro-de-cobre-e-indio\/","title":{"rendered":"Sulfuro de cobre e indio"},"content":{"rendered":"<p><span style=\"color: #0000ff;\"><a style=\"color: #0000ff;\" href=\"https:\/\/vimaterial.de\/es\/product\/sulfuro-de-cobre-e-indio-2\/\">El sulfuro de cobre e<\/a><\/span> indio es un compuesto de cobre, indio y azufre, a menudo de aspecto negro o gris oscuro, con propiedades semiconductoras y aplicaciones prometedoras en el campo de la conversi\u00f3n fotovoltaica.<\/p>\n<p>VImaterial cuenta con un equipo t\u00e9cnico profesional, y nuestro proceso de producci\u00f3n puede controlar con precisi\u00f3n la proporci\u00f3n de cobre, indio y azufre en gr\u00e1nulos de sulfuro de cobre e indio, para garantizar la alta pureza y estabilidad del producto. Podemos personalizar el tama\u00f1o y la forma de part\u00edcula de los pellets para adaptarlos a sus necesidades, as\u00ed que <span style=\"color: #0000ff;\"><a style=\"color: #0000ff;\" href=\"https:\/\/vimaterial.de\/es\/contacto\/\">p\u00f3ngase en contacto con nosotros<\/a><\/span> si tiene alguna pregunta.<\/p>\n<h2><span style=\"font-size: 14pt;\">Propiedades f\u00edsicas<\/span><\/h2>\n<p>F\u00f3rmula molecular CuInS\u2082.<\/p>\n<p>El peso molecular es de aproximadamente 242,5 g\/mol.<\/p>\n<p>Aspecto: Generalmente s\u00f3lido polvoriento de color negro o negro gris\u00e1ceo.<\/p>\n<p>Densidad: aprox. 4,7-5,3 g\/cm\u00b3.<\/p>\n<p>Punto de fusi\u00f3n: alrededor de 1050 \u00b0C.<\/p>\n<p>Estructura cristalina: Estructura cristalina tetragonal<\/p>\n<h2><span style=\"font-size: 14pt;\">Aplicaciones<\/span><\/h2>\n<p>Campo de c\u00e9lulas solares: se puede utilizar como material de capa absorbente para la preparaci\u00f3n de c\u00e9lulas solares, con un ancho de banda prohibido adecuado y un alto coeficiente de absorci\u00f3n de luz, puede absorber eficazmente la luz solar y convertirla en electricidad para mejorar la eficiencia de conversi\u00f3n fotoel\u00e9ctrica de las c\u00e9lulas solares.<\/p>\n<p>Campo de fotodetectores: con buenas propiedades fotoel\u00e9ctricas, que responden a la luz en la regi\u00f3n visible a infrarroja cercana, se pueden utilizar para preparar fotodetectores para la detecci\u00f3n y conversi\u00f3n de se\u00f1ales \u00f3pticas.<\/p>\n<p>Biom\u00e9dico: Tiene aplicaciones en el campo biom\u00e9dico, como la detecci\u00f3n de biomol\u00e9culas, productos qu\u00edmicos y pat\u00f3genos, as\u00ed como en la terapia del c\u00e1ncer y la administraci\u00f3n de f\u00e1rmacos basados en sus propiedades fotot\u00e9rmicas.<\/p>\n<h2><span style=\"font-size: 14pt;\">Control de calidad<\/span><\/h2>\n<p><span style=\"color: #0000ff;\"><a style=\"color: #0000ff;\" href=\"https:\/\/vimaterial.de\/es\/control-de-calidad\/\">Cada lote<\/a> <\/span>de productos ser\u00e1 inspeccionado, nuestro proceso de producci\u00f3n tiene un estricto sistema de control de calidad, desde las materias primas hasta la inspecci\u00f3n final, cada enlace de producci\u00f3n tiene autoinspecci\u00f3n y reinspecci\u00f3n, e inspecci\u00f3n IPQC. Tambi\u00e9n proporcionamos muestras para que los clientes vuelvan a inspeccionar, si el cliente tiene una organizaci\u00f3n de inspecci\u00f3n designada, tambi\u00e9n apoyamos la inspecci\u00f3n de terceros y emitimos informes de inspecci\u00f3n.<\/p>\n<h2><span style=\"font-size: 14pt;\">Embalaje y almacenamiento<\/span><\/h2>\n<p>Los gr\u00e1nulos de sulfuro de cobre e indio generalmente se envasan en bolsas de vac\u00edo dobles o botellas de vac\u00edo. Los pellets de sulfuro de cobre e indio deben almacenarse en un ambiente seco, fresco y bien ventilado en recipientes sellados, protegidos de la humedad, la luz, el calor y las sustancias corrosivas para evitar la oxidaci\u00f3n, la delicuescencia o los cambios en la estructura qu\u00edmica y para garantizar la estabilidad de los pellets. Esto evita la oxidaci\u00f3n, la delicuescencia o los cambios en la estructura qu\u00edmica de los pellets y asegura la estabilidad de sus propiedades.<\/p>\n","protected":false},"excerpt":{"rendered":"<p><span style=\"color: #0000ff;\"><a style=\"color: #0000ff;\" href=\"https:\/\/vimaterial.de\/es\/product\/sulfuro-de-cobre-e-indio-2\/\">El sulfuro de cobre e<\/a><\/span> indio es un compuesto de cobre, indio y azufre, a menudo de aspecto negro o gris oscuro, con propiedades semiconductoras y aplicaciones prometedoras en el campo de la conversi\u00f3n fotovoltaica.<\/p>\n<p>VImaterial cuenta con un equipo t\u00e9cnico profesional, y nuestro proceso de producci\u00f3n puede controlar con precisi\u00f3n la proporci\u00f3n de cobre, indio y azufre en gr\u00e1nulos de sulfuro de cobre e indio, para garantizar la alta pureza y estabilidad del producto. Podemos personalizar el tama\u00f1o y la forma de part\u00edcula de los pellets para adaptarlos a sus necesidades, as\u00ed que <span style=\"color: #0000ff;\"><a style=\"color: #0000ff;\" href=\"https:\/\/vimaterial.de\/es\/contacto\/\">p\u00f3ngase en contacto con nosotros<\/a><\/span> si tiene alguna pregunta.<\/p>\n","protected":false},"featured_media":1003218,"comment_status":"open","ping_status":"closed","template":"","meta":{"_acf_changed":false},"product_brand":[],"product_cat":[179],"product_tag":[],"class_list":{"0":"post-1016727","1":"product","2":"type-product","3":"status-publish","4":"has-post-thumbnail","6":"product_cat-materiales-de-evaporacion","8":"first","9":"instock","10":"shipping-taxable","11":"product-type-variable"},"acf":[],"_links":{"self":[{"href":"https:\/\/vimaterial.de\/es\/wp-json\/wp\/v2\/product\/1016727","targetHints":{"allow":["GET"]}}],"collection":[{"href":"https:\/\/vimaterial.de\/es\/wp-json\/wp\/v2\/product"}],"about":[{"href":"https:\/\/vimaterial.de\/es\/wp-json\/wp\/v2\/types\/product"}],"replies":[{"embeddable":true,"href":"https:\/\/vimaterial.de\/es\/wp-json\/wp\/v2\/comments?post=1016727"}],"wp:featuredmedia":[{"embeddable":true,"href":"https:\/\/vimaterial.de\/es\/wp-json\/wp\/v2\/media\/1003218"}],"wp:attachment":[{"href":"https:\/\/vimaterial.de\/es\/wp-json\/wp\/v2\/media?parent=1016727"}],"wp:term":[{"taxonomy":"product_brand","embeddable":true,"href":"https:\/\/vimaterial.de\/es\/wp-json\/wp\/v2\/product_brand?post=1016727"},{"taxonomy":"product_cat","embeddable":true,"href":"https:\/\/vimaterial.de\/es\/wp-json\/wp\/v2\/product_cat?post=1016727"},{"taxonomy":"product_tag","embeddable":true,"href":"https:\/\/vimaterial.de\/es\/wp-json\/wp\/v2\/product_tag?post=1016727"}],"curies":[{"name":"wp","href":"https:\/\/api.w.org\/{rel}","templated":true}]}}