{"id":1016721,"date":"2024-06-17T15:00:43","date_gmt":"2024-06-17T07:00:43","guid":{"rendered":"https:\/\/vimaterial.de\/product\/seleniuro-de-cobre-e-indio-2\/"},"modified":"2025-04-08T13:34:22","modified_gmt":"2025-04-08T05:34:22","slug":"seleniuro-de-cobre-e-indio-2","status":"publish","type":"product","link":"https:\/\/vimaterial.de\/es\/product\/seleniuro-de-cobre-e-indio-2\/","title":{"rendered":"Seleniuro de cobre y indio"},"content":{"rendered":"<p><span style=\"color: #0000ff;\"><a style=\"color: #0000ff;\" href=\"https:\/\/vimaterial.de\/es\/product\/seleniuro-de-cobre-e-indio\/\">El polvo de seleniuro de cobre e indio<\/a> <\/span>es un polvo s\u00f3lido negro con f\u00f3rmula molecular CuInSe\u2082 y peso molecular de 336.284, que se utiliza principalmente en los campos de c\u00e9lulas solares, fotodetectores e im\u00e1genes t\u00e9rmicas.<\/p>\n<p>El polvo de seleniuro de cobre e indio de VIMATERIAL es un polvo negro de alta pureza del 99,999%. Nuestro polvo de seleniuro de cobre e indio es de alta pureza y calidad y se puede personalizar en peque\u00f1as cantidades para satisfacer sus necesidades. Proporcionamos un equipo profesional del R&amp;D, usted puede <span style=\"color: #0000ff;\"><a style=\"color: #0000ff;\" href=\"https:\/\/vimaterial.de\/es\/contacto\/\">contactarnos<\/a><\/span> si usted tiene alguna pregunta.<\/p>\n<h2><span style=\"font-size: 14pt;\">Propiedades f\u00edsicas<\/span><\/h2>\n<p>F\u00f3rmula molecular: CuInSe\u2082<\/p>\n<p>Peso molecular: 336.284<\/p>\n<p>Aspecto: generalmente p\u00f3lvora negra<\/p>\n<p>Densidad: aprox. 5,77 g\/cc<\/p>\n<p>Punto de fusi\u00f3n: alrededor de 1327 \u00b0C<\/p>\n<p>Estructura cristalina: Estructura tetragonal de calcopirita<\/p>\n<h2><span style=\"font-size: 14pt;\">Aplicaciones<\/span><\/h2>\n<p>Energ\u00eda solar: El polvo de seleniuro de cobre e indio es un material clave en la fabricaci\u00f3n de c\u00e9lulas solares de pel\u00edcula delgada, que pueden convertir eficientemente la luz solar en electricidad.<\/p>\n<p>Termoelectricidad: Como material termoel\u00e9ctrico, se puede utilizar para la generaci\u00f3n de energ\u00eda por diferencia de temperatura, realizando la conversi\u00f3n mutua de energ\u00eda t\u00e9rmica y energ\u00eda el\u00e9ctrica, y aplicado a la recuperaci\u00f3n de calor residual.<\/p>\n<p>Campo de dispositivos optoelectr\u00f3nicos: seg\u00fan sus propiedades semiconductoras, se puede utilizar para fabricar fotodetectores para detectar luz infrarroja y cercana infrarroja, que desempe\u00f1a un papel en el campo de la comunicaci\u00f3n y el monitoreo ambiental.<\/p>\n<p>Campo de \u00f3ptica infrarroja: el polvo tiene una buena transmisi\u00f3n de luz en la banda infrarroja, se puede utilizar para fabricar ventanas infrarrojas, lentes y otros componentes \u00f3pticos, utilizados en c\u00e1maras termogr\u00e1ficas y otros equipos.<\/p>\n<p>Campo de im\u00e1genes t\u00e9rmicas: Es un material importante para c\u00e1maras y sensores de im\u00e1genes t\u00e9rmicas, que ayuda a visualizar patrones t\u00e9rmicos y diferencias de temperatura, y se utiliza para la inspecci\u00f3n industrial y de seguridad.<\/p>\n<p>Investigaci\u00f3n de materiales: Es un objeto importante para los cient\u00edficos de materiales estudiar materiales avanzados, y se utiliza para explorar propiedades electr\u00f3nicas y desarrollar nuevos compuestos con caracter\u00edsticas novedosas.<\/p>\n<h2><span style=\"font-size: 14pt;\">Control de calidad<\/span><\/h2>\n<p><span style=\"color: #0000ff;\"><a style=\"color: #0000ff;\" href=\"https:\/\/vimaterial.de\/es\/control-de-calidad\/\">Cada lote<\/a> <\/span>de productos se probar\u00e1 para determinar la composici\u00f3n, el tama\u00f1o de part\u00edcula y otras caracter\u00edsticas y se emitir\u00e1 un informe de inspecci\u00f3n, y se proporcionar\u00e1n muestras de cada lote de productos a los clientes para su nueva inspecci\u00f3n. La inspecci\u00f3n de terceros tambi\u00e9n est\u00e1 disponible a pedido.<\/p>\n<h2><span style=\"font-size: 14pt;\">Embalaje y almacenamiento<\/span><\/h2>\n<p>Utilizamos bolsas de vac\u00edo dobles o botellas de vac\u00edo dobles con un tama\u00f1o de paquete m\u00ednimo de 50 g. Tambi\u00e9n hay disponibles paquetes m\u00e1s peque\u00f1os de acuerdo con sus requisitos.<\/p>\n<p>El polvo de seleniuro de cobre e indio debe almacenarse en un ambiente seco, fresco, a prueba de luz y bien sellado para evitar la humedad, la oxidaci\u00f3n y lejos del fuego y las fuentes de calor, y al mismo tiempo debe protegerse contra da\u00f1os mec\u00e1nicos y contacto con sustancias incompatibles de acuerdo con los requisitos para el almacenamiento de productos qu\u00edmicos peligrosos.<\/p>\n","protected":false},"excerpt":{"rendered":"<p><span style=\"color: #0000ff;\"><a style=\"color: #0000ff;\" href=\"https:\/\/vimaterial.de\/es\/product\/seleniuro-de-cobre-e-indio\/\">El polvo de seleniuro de cobre e indio<\/a> <\/span>es un polvo s\u00f3lido negro con f\u00f3rmula molecular CuInSe\u2082 y peso molecular de 336.284, que se utiliza principalmente en los campos de c\u00e9lulas solares, fotodetectores e im\u00e1genes t\u00e9rmicas.<\/p>\n<p>El polvo de seleniuro de cobre e indio de VIMATERIAL es un polvo negro de alta pureza del 99,999%. Nuestro polvo de seleniuro de cobre e indio es de alta pureza y calidad y se puede personalizar en peque\u00f1as cantidades para satisfacer sus necesidades. Proporcionamos un equipo profesional del R&amp;D, usted puede <span style=\"color: #0000ff;\"><a style=\"color: #0000ff;\" href=\"https:\/\/vimaterial.de\/en\/contact-us\/\">contactarnos<\/a><\/span> si usted tiene alguna pregunta.<\/p>\n","protected":false},"featured_media":1003228,"comment_status":"open","ping_status":"closed","template":"","meta":{"_acf_changed":false},"product_brand":[],"product_cat":[181],"product_tag":[],"class_list":{"0":"post-1016721","1":"product","2":"type-product","3":"status-publish","4":"has-post-thumbnail","6":"product_cat-materiales-calcogenuros","8":"first","9":"instock","10":"shipping-taxable","11":"product-type-variable"},"acf":[],"_links":{"self":[{"href":"https:\/\/vimaterial.de\/es\/wp-json\/wp\/v2\/product\/1016721","targetHints":{"allow":["GET"]}}],"collection":[{"href":"https:\/\/vimaterial.de\/es\/wp-json\/wp\/v2\/product"}],"about":[{"href":"https:\/\/vimaterial.de\/es\/wp-json\/wp\/v2\/types\/product"}],"replies":[{"embeddable":true,"href":"https:\/\/vimaterial.de\/es\/wp-json\/wp\/v2\/comments?post=1016721"}],"wp:featuredmedia":[{"embeddable":true,"href":"https:\/\/vimaterial.de\/es\/wp-json\/wp\/v2\/media\/1003228"}],"wp:attachment":[{"href":"https:\/\/vimaterial.de\/es\/wp-json\/wp\/v2\/media?parent=1016721"}],"wp:term":[{"taxonomy":"product_brand","embeddable":true,"href":"https:\/\/vimaterial.de\/es\/wp-json\/wp\/v2\/product_brand?post=1016721"},{"taxonomy":"product_cat","embeddable":true,"href":"https:\/\/vimaterial.de\/es\/wp-json\/wp\/v2\/product_cat?post=1016721"},{"taxonomy":"product_tag","embeddable":true,"href":"https:\/\/vimaterial.de\/es\/wp-json\/wp\/v2\/product_tag?post=1016721"}],"curies":[{"name":"wp","href":"https:\/\/api.w.org\/{rel}","templated":true}]}}