{"id":1016714,"date":"2024-06-17T15:00:39","date_gmt":"2024-06-17T07:00:39","guid":{"rendered":"https:\/\/vimaterial.de\/product\/seleniuro-de-cobre-e-indio\/"},"modified":"2025-04-08T16:14:12","modified_gmt":"2025-04-08T08:14:12","slug":"seleniuro-de-cobre-e-indio","status":"publish","type":"product","link":"https:\/\/vimaterial.de\/es\/product\/seleniuro-de-cobre-e-indio\/","title":{"rendered":"Seleniuro de cobre y indio"},"content":{"rendered":"<p><span style=\"color: #0000ff;\"><a style=\"color: #0000ff;\" href=\"https:\/\/vimaterial.de\/es\/product\/sulfuro-de-cobre-e-indio-2\/\">El polvo de seleniuro de indio<\/a><\/span> y cobre es un tipo de part\u00edculas s\u00f3lidas finas con propiedades fisicoqu\u00edmicas espec\u00edficas compuestas por tres elementos: cobre, indio y selenio, que tienen importantes aplicaciones en c\u00e9lulas solares y otros campos.<\/p>\n<p>VImaterial cuenta con un equipo de t\u00e9cnicos especializados que pueden controlar con precisi\u00f3n la proporci\u00f3n de cobre, indio y selenio en los gr\u00e1nulos de seleniuro de cobre e indio para garantizar una alta pureza y estabilidad. Podemos personalizar el tama\u00f1o y la forma de part\u00edcula de los pellets para adaptarlos a sus necesidades, as\u00ed que <a href=\"https:\/\/vimaterial.de\/es\/contacto\/\"><span style=\"color: #0000ff;\">p\u00f3ngase en contacto con nosotros<\/span><\/a> si tiene alguna pregunta.<\/p>\n<h2><span style=\"font-size: 14pt;\">Propiedades f\u00edsicas<\/span><\/h2>\n<p>F\u00f3rmula molecular: CuInSe\u2082<\/p>\n<p>Peso molecular: alrededor de 337.29200<\/p>\n<p>Aspecto: S\u00f3lido polvoriento generalmente negro o gris\u00e1ceo.<\/p>\n<p>Densidad: aprox. 5,7 g\/cm\u00b3.<\/p>\n<p>Punto de fusi\u00f3n: alrededor de 1070 \u00b0C-990 \u00b0C.<\/p>\n<p>Estructura cristalina: Estructura cristalina de calcopirita con sistema cristalino tetragonal.<\/p>\n<h2><span style=\"font-size: 14pt;\">Aplicaciones<\/span><\/h2>\n<p>Campo de energ\u00eda solar: es el material clave para la producci\u00f3n de c\u00e9lulas solares de pel\u00edcula delgada de alta eficiencia, que pueden convertir eficazmente la luz solar en electricidad.<\/p>\n<p>Optoelectr\u00f3nica: Las part\u00edculas de seleniuro de cobre e indio se utilizan en fotodetectores, sensores de luz y otros dispositivos optoelectr\u00f3nicos, donde su capacidad para absorber y convertir se\u00f1ales de luz los hace ideales para su uso en tales aplicaciones.<\/p>\n<p>Tecnolog\u00eda de visualizaci\u00f3n: Las part\u00edculas de seleniuro de cobre e indio a veces se usan para fabricar transistores de pel\u00edcula delgada, un componente clave en las pantallas de cristal l\u00edquido y las pantallas de diodos emisores de luz org\u00e1nica.<\/p>\n<p>Recubrimientos energ\u00e9ticos: se pueden utilizar para producir recubrimientos con propiedades electr\u00f3nicas u \u00f3pticas espec\u00edficas para una variedad de dispositivos \u00f3pticos avanzados, como ventanas energ\u00e9ticamente eficientes.<\/p>\n<h2><span style=\"font-size: 14pt;\">Control de calidad<\/span><\/h2>\n<p><span style=\"color: #0000ff;\"><a style=\"color: #0000ff;\" href=\"https:\/\/vimaterial.de\/es\/control-de-calidad\/\">Cada lote<\/a><\/span> de productos ser\u00e1 inspeccionado, nuestro proceso de producci\u00f3n tiene un estricto sistema de control de calidad, desde las materias primas hasta la inspecci\u00f3n final, cada enlace de producci\u00f3n tiene autoinspecci\u00f3n y reinspecci\u00f3n, e inspecci\u00f3n IPQC. Tambi\u00e9n proporcionamos muestras para que los clientes vuelvan a inspeccionar, si el cliente tiene una organizaci\u00f3n de inspecci\u00f3n designada, tambi\u00e9n apoyamos la inspecci\u00f3n de terceros y emitimos informes de inspecci\u00f3n.<\/p>\n<h2><span style=\"font-size: 14pt;\">Embalaje y almacenamiento<\/span><\/h2>\n<p>El polvo de seleniuro de cobre e indio generalmente se empaqueta en bolsas de vac\u00edo dobles o botellas de vac\u00edo, los gr\u00e1nulos de seleniuro de cobre e indio deben almacenarse en un ambiente seco, fresco y bien ventilado, sellados para evitar la humedad y la oxidaci\u00f3n, y aislados de sustancias corrosivas como \u00e1cidos y \u00e1lcalis, y evitados de la irradiaci\u00f3n prolongada de luz brillante y alta temperatura. Tambi\u00e9n debe protegerse de la exposici\u00f3n prolongada a la luz brillante y a las altas temperaturas para garantizar que las propiedades qu\u00edmicas y f\u00edsicas de los gr\u00e1nulos permanezcan estables.<\/p>\n","protected":false},"excerpt":{"rendered":"<p><span style=\"color: #0000ff;\"><a style=\"color: #0000ff;\" href=\"https:\/\/vimaterial.de\/es\/product\/sulfuro-de-cobre-e-indio-2\/\">El polvo de seleniuro de indio<\/a><\/span> y cobre es un tipo de part\u00edculas s\u00f3lidas finas con propiedades fisicoqu\u00edmicas espec\u00edficas compuestas por tres elementos: cobre, indio y selenio, que tienen importantes aplicaciones en c\u00e9lulas solares y otros campos.<\/p>\n<p>VImaterial cuenta con un equipo de t\u00e9cnicos especializados que pueden controlar con precisi\u00f3n la proporci\u00f3n de cobre, indio y selenio en los gr\u00e1nulos de seleniuro de cobre e indio para garantizar una alta pureza y estabilidad. Podemos personalizar el tama\u00f1o y la forma de part\u00edcula de los pellets para adaptarlos a sus necesidades, as\u00ed que <a href=\"https:\/\/vimaterial.de\/es\/contacto\/\"><span style=\"color: #0000ff;\">p\u00f3ngase en contacto con nosotros<\/span><\/a> si tiene alguna pregunta.<\/p>\n","protected":false},"featured_media":1003228,"comment_status":"open","ping_status":"closed","template":"","meta":{"_acf_changed":false},"product_brand":[],"product_cat":[179],"product_tag":[],"class_list":{"0":"post-1016714","1":"product","2":"type-product","3":"status-publish","4":"has-post-thumbnail","6":"product_cat-materiales-de-evaporacion","8":"first","9":"instock","10":"shipping-taxable","11":"product-type-variable"},"acf":[],"_links":{"self":[{"href":"https:\/\/vimaterial.de\/es\/wp-json\/wp\/v2\/product\/1016714","targetHints":{"allow":["GET"]}}],"collection":[{"href":"https:\/\/vimaterial.de\/es\/wp-json\/wp\/v2\/product"}],"about":[{"href":"https:\/\/vimaterial.de\/es\/wp-json\/wp\/v2\/types\/product"}],"replies":[{"embeddable":true,"href":"https:\/\/vimaterial.de\/es\/wp-json\/wp\/v2\/comments?post=1016714"}],"wp:featuredmedia":[{"embeddable":true,"href":"https:\/\/vimaterial.de\/es\/wp-json\/wp\/v2\/media\/1003228"}],"wp:attachment":[{"href":"https:\/\/vimaterial.de\/es\/wp-json\/wp\/v2\/media?parent=1016714"}],"wp:term":[{"taxonomy":"product_brand","embeddable":true,"href":"https:\/\/vimaterial.de\/es\/wp-json\/wp\/v2\/product_brand?post=1016714"},{"taxonomy":"product_cat","embeddable":true,"href":"https:\/\/vimaterial.de\/es\/wp-json\/wp\/v2\/product_cat?post=1016714"},{"taxonomy":"product_tag","embeddable":true,"href":"https:\/\/vimaterial.de\/es\/wp-json\/wp\/v2\/product_tag?post=1016714"}],"curies":[{"name":"wp","href":"https:\/\/api.w.org\/{rel}","templated":true}]}}