{"id":1016700,"date":"2024-06-17T15:00:43","date_gmt":"2024-06-17T07:00:43","guid":{"rendered":"https:\/\/vimaterial.de\/product\/aleacion-de-cobre-y-niquel-2\/"},"modified":"2025-04-02T13:22:48","modified_gmt":"2025-04-02T05:22:48","slug":"aleacion-de-cobre-y-niquel-2","status":"publish","type":"product","link":"https:\/\/vimaterial.de\/es\/product\/aleacion-de-cobre-y-niquel-2\/","title":{"rendered":"Aleaci\u00f3n de cobre y n\u00edquel"},"content":{"rendered":"<p>El polvo de <span style=\"color: #0000ff;\"><a style=\"color: #0000ff;\" href=\"https:\/\/vimaterial.de\/es\/product\/aleacion-de-cobre-y-niquel-3\/\">aleaci\u00f3n de cobre y n\u00edquel<\/a><\/span> es un tipo de polvo de aleaci\u00f3n compuesto de cobre y n\u00edquel, con buena resistencia a la corrosi\u00f3n, resistencia al desgaste, conductividad el\u00e9ctrica y otras caracter\u00edsticas, se puede utilizar en el campo de la electr\u00f3nica, la industria qu\u00edmica, la industria aeroespacial, la ingenier\u00eda marina y otros campos.<\/p>\n<p><span style=\"font-size: 12pt;\">VIMATERIAL produce polvo de aleaci\u00f3n de cobre-n\u00edquel con alta pureza y excelente calidad, podemos producir de acuerdo con la proporci\u00f3n de los requisitos del cliente y proporcionar peque\u00f1os paquetes de productos, nuestra empresa cuenta con un equipo t\u00e9cnico profesional, stock suficiente, si tiene alguna pregunta al respecto, puede <a href=\"https:\/\/vimaterial.de\/es\/contacto\/\"><span style=\"color: #0000ff;\">contactarnos<\/span><\/a>.<\/span><\/p>\n<h2><span style=\"font-size: 14pt;\">Propiedades f\u00edsicas<\/span><\/h2>\n<p>F\u00f3rmula molecular: CuNi<\/p>\n<p>Aspecto: La aleaci\u00f3n de cobre y n\u00edquel suele ser un polvo de color gris claro.<\/p>\n<p>Estructura cristalina: En la mayor\u00eda de los casos, la aleaci\u00f3n de cobre y n\u00edquel mantiene una estructura c\u00fabica centrada en la cara, lo que le da a la aleaci\u00f3n buena ductilidad, tenacidad, conductividad el\u00e9ctrica y otras propiedades f\u00edsicas.<\/p>\n<h2><span style=\"font-size: 14pt;\">Aplicaciones<\/span><\/h2>\n<p>Aeroespacial: Se utiliza en la fabricaci\u00f3n de palas de superaleaci\u00f3n, discos de turbina y otros componentes clave de los motores de aviones para garantizar un funcionamiento estable en entornos hostiles como alta temperatura y alta presi\u00f3n.<\/p>\n<p>Campo electr\u00f3nico: como material de embalaje electr\u00f3nico, se puede utilizar para resolver los problemas de gesti\u00f3n t\u00e9rmica y blindaje electromagn\u00e9tico de equipos electr\u00f3nicos, y mejorar la disipaci\u00f3n de calor y el rendimiento el\u00e9ctrico de los chips.<\/p>\n<p>Campo de energ\u00eda: Se puede utilizar para la preparaci\u00f3n de tubos de horno de alta temperatura e intercambiadores de calor y otros componentes clave del equipo para garantizar el funcionamiento estable del equipo de energ\u00eda a alta temperatura y alta presi\u00f3n.<\/p>\n<p>Campo qu\u00edmico: fabricaci\u00f3n de reactores, tuber\u00edas, v\u00e1lvulas y otras piezas de maquinaria qu\u00edmica resistentes a la corrosi\u00f3n para resistir medios corrosivos y prolongar la vida \u00fatil de los equipos.<\/p>\n<p>Campo de la ingenier\u00eda marina: fabricaci\u00f3n de tuber\u00edas de agua de mar, intercambiadores de calor, condensadores y otros componentes clave de los sistemas de agua de mar para resistir la erosi\u00f3n del agua de mar y reducir los costos de mantenimiento.<\/p>\n<h2><span style=\"font-size: 14pt;\">Control de calidad<\/span><\/h2>\n<p><a href=\"https:\/\/vimaterial.de\/es\/control-de-calidad\/\"><span style=\"color: #0000ff;\">Cada lote<\/span><\/a> de productos ser\u00e1 inspecci\u00f3n de ingredientes, llevamos a cabo un estricto control de calidad, desde las materias primas hasta la inspecci\u00f3n final, y podemos proporcionar muestras para que los clientes vuelvan a inspeccionar. Si los clientes tienen requisitos especiales, tambi\u00e9n podemos enviar a una organizaci\u00f3n de inspecci\u00f3n externa para llevar a cabo la inspecci\u00f3n y emitir un informe de inspecci\u00f3n.<\/p>\n<h2><span style=\"font-size: 14pt;\">Embalaje y almacenamiento<\/span><\/h2>\n<p>Los objetivos de pulverizaci\u00f3n cat\u00f3dica de aleaci\u00f3n de cobre y n\u00edquel generalmente se empaquetan en bolsas de vac\u00edo dobles.<\/p>\n<p>Los objetivos de pulverizaci\u00f3n cat\u00f3dica de aleaci\u00f3n de cobre y n\u00edquel deben almacenarse en un ambiente seco, limpio y bien ventilado con una temperatura y humedad relativamente estables, evitando que los objetivos se golpeen y rayen, y evitando que se oxiden, humedezcan y contaminen con sustancias corrosivas como \u00e1cidos y \u00e1lcalis, y es mejor utilizar envases sellados o colocarlos en los estantes con medidas de protecci\u00f3n.<\/p>\n","protected":false},"excerpt":{"rendered":"<p>El polvo de <span style=\"color: #0000ff;\"><a style=\"color: #0000ff;\" href=\"https:\/\/vimaterial.de\/es\/product\/aleacion-de-cobre-y-niquel-3\/\">aleaci\u00f3n de cobre y n\u00edquel<\/a><\/span> es un tipo de polvo de aleaci\u00f3n compuesto de cobre y n\u00edquel, con buena resistencia a la corrosi\u00f3n, resistencia al desgaste, conductividad el\u00e9ctrica y otras caracter\u00edsticas, se puede utilizar en el campo de la electr\u00f3nica, la industria qu\u00edmica, la industria aeroespacial, la ingenier\u00eda marina y otros campos.<\/p>\n<p><span style=\"font-size: 12pt;\">VIMATERIAL produce polvo de aleaci\u00f3n de cobre-n\u00edquel con alta pureza y excelente calidad, podemos producir de acuerdo con la proporci\u00f3n de los requisitos del cliente y proporcionar peque\u00f1os paquetes de productos, nuestra empresa cuenta con un equipo t\u00e9cnico profesional, stock suficiente, si tiene alguna pregunta al respecto, puede <a href=\"https:\/\/vimaterial.de\/es\/contacto\/\"><span style=\"color: #0000ff;\">contactarnos<\/span><\/a>.<\/span><\/p>\n","protected":false},"featured_media":1003238,"comment_status":"open","ping_status":"closed","template":"","meta":{"_acf_changed":false},"product_brand":[],"product_cat":[193],"product_tag":[],"class_list":{"0":"post-1016700","1":"product","2":"type-product","3":"status-publish","4":"has-post-thumbnail","6":"product_cat-polvo-de-aleaciones-y-metales-puros","8":"first","9":"instock","10":"shipping-taxable","11":"purchasable","12":"product-type-variable"},"acf":[],"_links":{"self":[{"href":"https:\/\/vimaterial.de\/es\/wp-json\/wp\/v2\/product\/1016700","targetHints":{"allow":["GET"]}}],"collection":[{"href":"https:\/\/vimaterial.de\/es\/wp-json\/wp\/v2\/product"}],"about":[{"href":"https:\/\/vimaterial.de\/es\/wp-json\/wp\/v2\/types\/product"}],"replies":[{"embeddable":true,"href":"https:\/\/vimaterial.de\/es\/wp-json\/wp\/v2\/comments?post=1016700"}],"wp:featuredmedia":[{"embeddable":true,"href":"https:\/\/vimaterial.de\/es\/wp-json\/wp\/v2\/media\/1003238"}],"wp:attachment":[{"href":"https:\/\/vimaterial.de\/es\/wp-json\/wp\/v2\/media?parent=1016700"}],"wp:term":[{"taxonomy":"product_brand","embeddable":true,"href":"https:\/\/vimaterial.de\/es\/wp-json\/wp\/v2\/product_brand?post=1016700"},{"taxonomy":"product_cat","embeddable":true,"href":"https:\/\/vimaterial.de\/es\/wp-json\/wp\/v2\/product_cat?post=1016700"},{"taxonomy":"product_tag","embeddable":true,"href":"https:\/\/vimaterial.de\/es\/wp-json\/wp\/v2\/product_tag?post=1016700"}],"curies":[{"name":"wp","href":"https:\/\/api.w.org\/{rel}","templated":true}]}}