{"id":1016665,"date":"2024-06-17T15:00:45","date_gmt":"2024-06-17T07:00:45","guid":{"rendered":"https:\/\/vimaterial.de\/product\/oxido-cuprico-ii-2\/"},"modified":"2025-04-02T11:04:57","modified_gmt":"2025-04-02T03:04:57","slug":"oxido-cuprico-ii-2","status":"publish","type":"product","link":"https:\/\/vimaterial.de\/es\/product\/oxido-cuprico-ii-2\/","title":{"rendered":"\u00d3xido c\u00faprico (II)"},"content":{"rendered":"<p><span style=\"color: #0000ff;\"><a style=\"color: #0000ff;\" href=\"https:\/\/vimaterial.de\/es\/product\/oxido-cuprico-ii\/\">Los gr\u00e1nulos de \u00f3xido c\u00faprico (II)<\/a> <\/span>son una sustancia pulverulenta cristalina de color negro o negro parduzco con buena estabilidad qu\u00edmica y actividad catal\u00edtica, que se utiliza principalmente como pigmento y colorante en la industria de la cer\u00e1mica y el esmalte, como ajuste de color y propiedades \u00f3pticas en la fabricaci\u00f3n de vidrio, como catalizador de muchas reacciones qu\u00edmicas, como fungicida para el control de plagas en la agricultura y como material electr\u00f3nico en la industria electr\u00f3nica.<\/p>\n<p>Tambi\u00e9n se utiliza como catalizador en muchas reacciones qu\u00edmicas, como fungicida en la agricultura para controlar plagas y enfermedades, y como material electr\u00f3nico en la industria electr\u00f3nica.<\/p>\n<p>VIMATERIAL produce gr\u00e1nulos de \u00f3xido c\u00faprico (II) de alta pureza y excelente calidad, que se reflejan en los clientes despu\u00e9s de su uso. Nuestra empresa tambi\u00e9n admite la personalizaci\u00f3n y el empaquetado de lotes peque\u00f1os, la peque\u00f1a cantidad de pedidos, si necesita experimentar, puede resolver sus preocupaciones. Contamos con soporte t\u00e9cnico profesional,<span style=\"color: #0000ff;\"><a style=\"color: #0000ff;\" href=\"https:\/\/vimaterial.de\/es\/contacto\/\"> cont\u00e1ctenos.<\/a><\/span><\/p>\n<h2><span style=\"font-size: 14pt;\">Propiedades f\u00edsicas<\/span><\/h2>\n<p>F\u00f3rmula molecular: CuO<\/p>\n<p>Peso molecular: 79,5454 g\/mol<\/p>\n<p>Aspecto: cristal monocl\u00ednico negro o part\u00edculas cristalinas amorfas de color negro a negro parduzco.<\/p>\n<p>Densidad: 6.315 g\/cm\u00b3.<\/p>\n<p>Punto de fusi\u00f3n: 1326 \u00b0C<\/p>\n<p>Punto de ebullici\u00f3n: 2000\u00b0C<\/p>\n<p>Estructura cristalina: sistema cristalino monocl\u00ednico<\/p>\n<h2><span style=\"font-size: 14pt;\">Composici\u00f3n qu\u00edmica<\/span><\/h2>\n<table style=\"border-collapse: collapse; width: 100%; height: 72px;\">\n<tbody>\n<tr style=\"height: 24px;\">\n<td style=\"width: 90%; height: 24px; text-align: center;\" colspan=\"9\"><strong>Composici\u00f3n de impurezas de 99,9% de \u00f3xido c\u00faprico (II) (% en peso)<\/strong><\/td>\n<\/tr>\n<tr style=\"height: 24px;\">\n<td style=\"width: 10%; height: 24px; text-align: center;\"><strong>Fe<\/strong><\/td>\n<td style=\"width: 10%; height: 24px; text-align: center;\"><strong>Ni<\/strong><\/td>\n<td style=\"width: 10%; height: 24px; text-align: center;\"><strong>Zn<\/strong><\/td>\n<td style=\"width: 10%; height: 24px; text-align: center;\"><strong>Sn<\/strong><\/td>\n<td style=\"width: 10%; height: 24px; text-align: center;\"><strong>Al<\/strong><\/td>\n<td style=\"width: 10%; height: 24px; text-align: center;\">Mg<\/td>\n<td style=\"width: 10%; height: 24px; text-align: center;\">Si<\/td>\n<td style=\"width: 10%; height: 24px; text-align: center;\">Ti<\/td>\n<td style=\"width: 10%; height: 24px; text-align: center;\"><strong>Pb<\/strong><\/td>\n<\/tr>\n<tr style=\"height: 24px;\">\n<td style=\"width: 10%; height: 24px; text-align: center;\">0.008<\/td>\n<td style=\"width: 10%; height: 24px; text-align: center;\">0.007<\/td>\n<td style=\"width: 10%; height: 24px; text-align: center;\">0.006<\/td>\n<td style=\"width: 10%; height: 24px; text-align: center;\">0.004<\/td>\n<td style=\"width: 10%; height: 24px; text-align: center;\">0.003<\/td>\n<td style=\"width: 10%; height: 24px; text-align: center;\">0.001<\/td>\n<td style=\"width: 10%; height: 24px; text-align: center;\">0.005<\/td>\n<td style=\"width: 10%; height: 24px; text-align: center;\">0.0008<\/td>\n<td style=\"width: 10%; height: 24px; text-align: center;\">0.0001<\/td>\n<\/tr>\n<\/tbody>\n<\/table>\n<h2><span style=\"font-size: 14pt;\">Aplicaciones<\/span><\/h2>\n<p>Cer\u00e1mica: utilizada como pigmento en la producci\u00f3n de cer\u00e1mica, puede hacer que la cer\u00e1mica muestre azul, verde, rojo y otros colores.<\/p>\n<p>Campo electr\u00f3nico: se utiliza como material semiconductor en la fabricaci\u00f3n de componentes electr\u00f3nicos como las bater\u00edas fotovoltaicas.<\/p>\n<p>Industria qu\u00edmica: Es el precursor para la preparaci\u00f3n de otros compuestos que contienen cobre, y tambi\u00e9n es un reactivo com\u00fan en la s\u00edntesis org\u00e1nica en el laboratorio.<\/p>\n<p>Campo catal\u00edtico: se utiliza como catalizador para diversas reacciones qu\u00edmicas como la descomposici\u00f3n del mon\u00f3xido de carbono y la s\u00edntesis de metanol.<\/p>\n<p>Campo de energ\u00eda: El \u00f3xido c\u00faprico (II) se puede utilizar como material de electrodo en bater\u00edas de iones de litio y otros sistemas de almacenamiento de energ\u00eda.<\/p>\n<h2><span style=\"font-size: 14pt;\">Control de calidad<\/span><\/h2>\n<p><span style=\"color: #0000ff;\"><a style=\"color: #0000ff;\" href=\"https:\/\/vimaterial.de\/es\/control-de-calidad\/\">Cada lote<\/a> <\/span>de productos ser\u00e1 inspeccionado para determinar su composici\u00f3n, dimensiones y otras caracter\u00edsticas y se emitir\u00e1 un informe de inspecci\u00f3n. Se proporcionar\u00e1n muestras de cada lote de productos al cliente para su nueva inspecci\u00f3n. La inspecci\u00f3n de terceros tambi\u00e9n est\u00e1 disponible a pedido.<\/p>\n<h2><span style=\"font-size: 14pt;\">Embalaje y almacenamiento<\/span><\/h2>\n<p>Utilizamos bolsa de vac\u00edo de doble capa o botella de vac\u00edo de doble capa, la capacidad m\u00ednima de embalaje es de 250 g.<\/p>\n<p>Los gr\u00e1nulos de \u00f3xido c\u00faprico (II) deben almacenarse en un almac\u00e9n seco, protegerse de la humedad, aislarse de \u00e1cidos fuertes e ingredientes alimentarios, y manipularse con cuidado para evitar da\u00f1os en el embalaje.<\/p>\n","protected":false},"excerpt":{"rendered":"<p><span style=\"color: #0000ff;\"><a style=\"color: #0000ff;\" href=\"https:\/\/vimaterial.de\/es\/product\/oxido-cuprico-ii\/\">Los gr\u00e1nulos de \u00f3xido c\u00faprico (II)<\/a> <\/span>son una sustancia pulverulenta cristalina de color negro o negro parduzco con buena estabilidad qu\u00edmica y actividad catal\u00edtica, que se utiliza principalmente como pigmento y colorante en la industria de la cer\u00e1mica y el esmalte, como ajuste de color y propiedades \u00f3pticas en la fabricaci\u00f3n de vidrio, como catalizador de muchas reacciones qu\u00edmicas, como fungicida para el control de plagas en la agricultura y como material electr\u00f3nico en la industria electr\u00f3nica.<\/p>\n","protected":false},"featured_media":1003257,"comment_status":"open","ping_status":"closed","template":"","meta":{"_acf_changed":false},"product_brand":[],"product_cat":[179],"product_tag":[],"class_list":{"0":"post-1016665","1":"product","2":"type-product","3":"status-publish","4":"has-post-thumbnail","6":"product_cat-materiales-de-evaporacion","8":"first","9":"outofstock","10":"shipping-taxable","11":"product-type-variable"},"acf":[],"_links":{"self":[{"href":"https:\/\/vimaterial.de\/es\/wp-json\/wp\/v2\/product\/1016665","targetHints":{"allow":["GET"]}}],"collection":[{"href":"https:\/\/vimaterial.de\/es\/wp-json\/wp\/v2\/product"}],"about":[{"href":"https:\/\/vimaterial.de\/es\/wp-json\/wp\/v2\/types\/product"}],"replies":[{"embeddable":true,"href":"https:\/\/vimaterial.de\/es\/wp-json\/wp\/v2\/comments?post=1016665"}],"wp:featuredmedia":[{"embeddable":true,"href":"https:\/\/vimaterial.de\/es\/wp-json\/wp\/v2\/media\/1003257"}],"wp:attachment":[{"href":"https:\/\/vimaterial.de\/es\/wp-json\/wp\/v2\/media?parent=1016665"}],"wp:term":[{"taxonomy":"product_brand","embeddable":true,"href":"https:\/\/vimaterial.de\/es\/wp-json\/wp\/v2\/product_brand?post=1016665"},{"taxonomy":"product_cat","embeddable":true,"href":"https:\/\/vimaterial.de\/es\/wp-json\/wp\/v2\/product_cat?post=1016665"},{"taxonomy":"product_tag","embeddable":true,"href":"https:\/\/vimaterial.de\/es\/wp-json\/wp\/v2\/product_tag?post=1016665"}],"curies":[{"name":"wp","href":"https:\/\/api.w.org\/{rel}","templated":true}]}}