{"id":1016613,"date":"2024-06-17T15:00:47","date_gmt":"2024-06-17T07:00:47","guid":{"rendered":"https:\/\/vimaterial.de\/product\/sulfuro-de-cobre-4\/"},"modified":"2025-04-02T09:54:22","modified_gmt":"2025-04-02T01:54:22","slug":"sulfuro-de-cobre-4","status":"publish","type":"product","link":"https:\/\/vimaterial.de\/es\/product\/sulfuro-de-cobre-4\/","title":{"rendered":"Sulfuro de cobre"},"content":{"rendered":"<p>El objetivo de pulverizaci\u00f3n cat\u00f3dica <span style=\"color: #0000ff;\">d<a style=\"color: #0000ff;\" href=\"https:\/\/vimaterial.de\/es\/product\/sulfuro-de-cobre-3\/\">e sulfuro de cobre <\/a><\/span>es un material utilizado en la t\u00e9cnica de deposici\u00f3n f\u00edsica de vapor, donde los \u00e1tomos de sulfuro de cobre se pulverizan sobre la superficie de un sustrato mediante bombardeo de iones en un entorno de vac\u00edo para formar un recubrimiento con las caracter\u00edsticas de una pel\u00edcula delgada de sulfuro de cobre, que se utiliza en los campos de \u00f3ptica, electr\u00f3nica, etc.<\/p>\n<p>VIMATERIAL proporciona objetivos de pulverizaci\u00f3n cat\u00f3dica de sulfuro de cobre de alta pureza con una pureza del 99,999%. Nuestros objetivos se caracterizan por una buena planitud de la superficie, alta pureza del producto y consistencia del producto, y ofrecemos servicios de personalizaci\u00f3n y encuadernaci\u00f3n. Tenemos muchos a\u00f1os de experiencia en materiales qu\u00edmicos inorg\u00e1nicos, <span style=\"color: #0000ff;\"><a style=\"color: #0000ff;\" href=\"https:\/\/vimaterial.de\/es\/contacto\/\">cont\u00e1ctenos<\/a><\/span> para sus necesidades o consultas t\u00e9cnicas.<\/p>\n<h2><span style=\"font-size: 14pt;\">Propiedades f\u00edsicas<\/span><\/h2>\n<p>F\u00f3rmula molecular: CuS<\/p>\n<p>Peso molecular: 95.61<\/p>\n<p>Aspecto: marr\u00f3n negro<\/p>\n<p>Densidad: 4,6 g\/cm\u00b3<\/p>\n<p>Punto de fusi\u00f3n: Descompuesto a 220 \u00b0C<\/p>\n<p>Estructura cristalina: CuS existe en una variedad de estructuras cristalinas, las comunes son el sistema cristalino hexagonal y el sistema cristalino c\u00fabico, etc. En el sistema de cristal hexagonal, el cobre se encuentra en el sistema de cristal hexagonal y en el sistema de cristal c\u00fabico.<\/p>\n<h2><span style=\"font-size: 14pt;\">Aplicaci\u00f3n<\/span><\/h2>\n<p>Campo de semiconductores: se puede utilizar en la fabricaci\u00f3n de semiconductores para formar una pel\u00edcula delgada de semiconductores a trav\u00e9s del proceso de recubrimiento por pulverizaci\u00f3n cat\u00f3dica, proporcionando materiales clave para la producci\u00f3n de circuitos integrados.<\/p>\n<p>Optoelectr\u00f3nica: En el campo de la optoelectr\u00f3nica, el CuS se puede utilizar en la preparaci\u00f3n de fotodetectores y electrodos para dispositivos optoelectr\u00f3nicos, etc., utilizando sus propiedades optoelectr\u00f3nicas \u00fanicas para realizar la conversi\u00f3n de se\u00f1ales \u00f3pticas en se\u00f1ales el\u00e9ctricas.<\/p>\n<p>C\u00e9lulas solares: Utilizado en c\u00e9lulas solares de pel\u00edcula delgada como capa absorbente o material de electrodo, ayuda a mejorar la eficiencia de conversi\u00f3n fotoel\u00e9ctrica de la c\u00e9lula y promueve la utilizaci\u00f3n efectiva de la energ\u00eda solar.<\/p>\n<p>Campo \u00f3ptico: se puede utilizar en la fabricaci\u00f3n de lentes \u00f3pticas, filtros y otros componentes \u00f3pticos del recubrimiento, cambiando las caracter\u00edsticas de la superficie de los componentes \u00f3pticos para mejorar el rendimiento y la funcionalidad \u00f3pticos.<\/p>\n<p>Campo catal\u00edtico: Los objetivos de pulverizaci\u00f3n cat\u00f3dica de CuS se pueden utilizar como catalizadores en algunas reacciones qu\u00edmicas para reducir la energ\u00eda de activaci\u00f3n de la reacci\u00f3n, acelerar la velocidad de reacci\u00f3n y mejorar la eficiencia de la reacci\u00f3n.<\/p>\n<h2><span style=\"font-size: 14pt;\">Control de calidad<\/span><\/h2>\n<p><span style=\"color: #0000ff;\"><a style=\"color: #0000ff;\" href=\"https:\/\/vimaterial.de\/es\/control-de-calidad\/\">Cada lote<\/a><\/span> est\u00e1 sujeto a estrictos est\u00e1ndares de control de calidad, con registros de datos perfectos y un mecanismo completo de trazabilidad del producto. Cada lote de nuestros productos puede proporcionar muestras para que los clientes las vuelvan a inspeccionar.<\/p>\n<h2><span style=\"font-size: 14pt;\">Embalaje y almacenamiento<\/span><\/h2>\n<p>Los objetivos de pulverizaci\u00f3n cat\u00f3dica de sulfuro de cobre se empaquetan en bolsas de vac\u00edo dobles y luego se empaquetan para su protecci\u00f3n.<\/p>\n<p>Los objetivos de pulverizaci\u00f3n cat\u00f3dica de sulfuro de cobre deben almacenarse en un ambiente seco, fresco, bien ventilado y limpio, empacados en paquetes sellados para evitar la humedad y la oxidaci\u00f3n, evitar el contacto con \u00e1cidos y agentes oxidantes fuertes, y mantenerse alejados de fuentes de ignici\u00f3n y posibles fuentes de electricidad est\u00e1tica para garantizar la estabilidad de sus propiedades f\u00edsicas y qu\u00edmicas.<\/p>\n","protected":false},"excerpt":{"rendered":"<p>El objetivo de pulverizaci\u00f3n cat\u00f3dica <span style=\"color: #0000ff;\">d<a style=\"color: #0000ff;\" href=\"https:\/\/vimaterial.de\/es\/product\/sulfuro-de-cobre-3\/\">e sulfuro de cobre <\/a><\/span>es un material utilizado en la t\u00e9cnica de deposici\u00f3n f\u00edsica de vapor, donde los \u00e1tomos de sulfuro de cobre se pulverizan sobre la superficie de un sustrato mediante bombardeo de iones en un entorno de vac\u00edo para formar un recubrimiento con las caracter\u00edsticas de una pel\u00edcula delgada de sulfuro de cobre, que se utiliza en los campos de \u00f3ptica, electr\u00f3nica, etc.<\/p>\n<p>VIMATERIAL proporciona objetivos de pulverizaci\u00f3n cat\u00f3dica de sulfuro de cobre de alta pureza con una pureza del 99,999%. Nuestros objetivos se caracterizan por una buena planitud de la superficie, alta pureza del producto y consistencia del producto, y ofrecemos servicios de personalizaci\u00f3n y encuadernaci\u00f3n. Tenemos muchos a\u00f1os de experiencia en materiales qu\u00edmicos inorg\u00e1nicos, <span style=\"color: #0000ff;\"><a style=\"color: #0000ff;\" href=\"https:\/\/vimaterial.de\/es\/contacto\/\">cont\u00e1ctenos<\/a><\/span> para sus necesidades o consultas t\u00e9cnicas.<\/p>\n","protected":false},"featured_media":1003272,"comment_status":"open","ping_status":"closed","template":"","meta":{"_acf_changed":false},"product_brand":[],"product_cat":[178],"product_tag":[],"class_list":{"0":"post-1016613","1":"product","2":"type-product","3":"status-publish","4":"has-post-thumbnail","6":"product_cat-catodos-para-sputtering-planar","8":"first","9":"instock","10":"shipping-taxable","11":"product-type-variable"},"acf":[],"_links":{"self":[{"href":"https:\/\/vimaterial.de\/es\/wp-json\/wp\/v2\/product\/1016613","targetHints":{"allow":["GET"]}}],"collection":[{"href":"https:\/\/vimaterial.de\/es\/wp-json\/wp\/v2\/product"}],"about":[{"href":"https:\/\/vimaterial.de\/es\/wp-json\/wp\/v2\/types\/product"}],"replies":[{"embeddable":true,"href":"https:\/\/vimaterial.de\/es\/wp-json\/wp\/v2\/comments?post=1016613"}],"wp:featuredmedia":[{"embeddable":true,"href":"https:\/\/vimaterial.de\/es\/wp-json\/wp\/v2\/media\/1003272"}],"wp:attachment":[{"href":"https:\/\/vimaterial.de\/es\/wp-json\/wp\/v2\/media?parent=1016613"}],"wp:term":[{"taxonomy":"product_brand","embeddable":true,"href":"https:\/\/vimaterial.de\/es\/wp-json\/wp\/v2\/product_brand?post=1016613"},{"taxonomy":"product_cat","embeddable":true,"href":"https:\/\/vimaterial.de\/es\/wp-json\/wp\/v2\/product_cat?post=1016613"},{"taxonomy":"product_tag","embeddable":true,"href":"https:\/\/vimaterial.de\/es\/wp-json\/wp\/v2\/product_tag?post=1016613"}],"curies":[{"name":"wp","href":"https:\/\/api.w.org\/{rel}","templated":true}]}}