{"id":1016603,"date":"2024-06-17T15:00:46","date_gmt":"2024-06-17T07:00:46","guid":{"rendered":"https:\/\/vimaterial.de\/product\/sulfuro-de-cobre-3\/"},"modified":"2025-04-02T10:00:31","modified_gmt":"2025-04-02T02:00:31","slug":"sulfuro-de-cobre-3","status":"publish","type":"product","link":"https:\/\/vimaterial.de\/es\/product\/sulfuro-de-cobre-3\/","title":{"rendered":"Sulfuro de cobre"},"content":{"rendered":"<p><span style=\"color: #0000ff;\"><a style=\"color: #0000ff;\" href=\"https:\/\/vimaterial.de\/es\/product\/sulfuro-de-cobre-4\/\">El polvo de sulfuro de cobre<\/a> <\/span>es un tipo de polvo compuesto por compuesto inorg\u00e1nico compuesto de cobre (Cu) y azufre (S), el color suele ser marr\u00f3n oscuro o negro, insoluble en agua y \u00e1cido diluido, con propiedades semiconductoras, en los materiales optoelectr\u00f3nicos, procesamiento de minerales, etc., muchos campos juegan un papel importante.<\/p>\n<p>VIMATERIAL proporciona polvo de sulfuro de cobre en varias purezas y tama\u00f1os de part\u00edculas, nuestra pureza puede ser alta con menos impurezas y un excelente rendimiento del producto, contamos con varios equipos t\u00e9cnicos, los t\u00e9cnicos han estado en la industria durante muchos a\u00f1os con una rica experiencia, puede <a href=\"https:\/\/vimaterial.de\/es\/contacto\/\"><span style=\"color: #0000ff;\">contactarnos<\/span><\/a> para cualquier pregunta sobre el polvo de sulfuro de cobre.<\/p>\n<h2><span style=\"font-size: 14pt;\">Propiedades f\u00edsicas<\/span><\/h2>\n<p>F\u00f3rmula molecular: CuS<\/p>\n<p>Peso molecular: 95.61<\/p>\n<p>Aspecto: polvo o gr\u00e1nulo amorfo de color negro-marr\u00f3n<\/p>\n<p>Densidad: aprox. 4,6-4,8 g\/cm\u00b3.<\/p>\n<p>Punto de fusi\u00f3n: 220 \u00b0C, CuS se descompondr\u00e1 cuando se caliente a esta temperatura.<\/p>\n<p>Estructura cristalina: La estructura cristalina del CuS es compleja y su f\u00f3rmula qu\u00edmica se puede expresar como CuI\u2082CuII (S\u2082) S. De hecho, dos tercios del azufre que contiene son iones de perovskita, y dos tercios del cobre que contiene son iones cuprosos, y existe una estructura tetra\u00e9drica S \u2084. Cristalogr\u00e1ficamente, el mineral mineral de sulfuro de cobre calcopirita pertenece al sistema cristalino tetragonal, mientras que el azul de cobre tiene una estructura compleja en capas.<\/p>\n<h2><span style=\"font-size: 14pt;\">Composici\u00f3n qu\u00edmica <\/span><\/h2>\n<h2 style=\"text-align: center;\"><span style=\"font-size: 14pt;\">composici\u00f3n de sulfuro de cobre (% en peso)<\/span><\/h2>\n<table style=\"border-collapse: collapse; width: 99.9262%; height: 48px;\">\n<tbody>\n<tr style=\"height: 24px;\">\n<td style=\"width: 12.5%; height: 24px; text-align: center;\"><strong>CuS<\/strong><\/td>\n<td style=\"width: 12.5%; height: 24px; text-align: center;\"><strong>Fe<\/strong><\/td>\n<td style=\"width: 12.5%; height: 24px; text-align: center;\"><strong>Ni<\/strong><\/td>\n<td style=\"width: 12.5%; height: 24px; text-align: center;\"><strong>Zn<\/strong><\/td>\n<td style=\"width: 12.5%; height: 24px; text-align: center;\"><strong>Al<\/strong><\/td>\n<td style=\"width: 12.5%; height: 24px; text-align: center;\"><strong>Mg<\/strong><\/td>\n<td style=\"width: 12.4262%; height: 24px; text-align: center;\"><strong>Pb<\/strong><\/td>\n<\/tr>\n<tr style=\"height: 24px;\">\n<td style=\"width: 12.5%; height: 24px; text-align: center;\">99.99<\/td>\n<td style=\"width: 12.5%; height: 24px; text-align: center;\">0.0009<\/td>\n<td style=\"width: 12.5%; height: 24px; text-align: center;\">0.0008<\/td>\n<td style=\"width: 12.5%; height: 24px; text-align: center;\">0.0004<\/td>\n<td style=\"width: 12.5%; height: 24px; text-align: center;\">0.0003<\/td>\n<td style=\"width: 12.5%; height: 24px; text-align: center;\">0.0002<\/td>\n<td style=\"width: 12.4262%; height: 24px; text-align: center;\">0.00001<\/td>\n<\/tr>\n<\/tbody>\n<\/table>\n<h2><span style=\"font-size: 14pt;\">Aplicaciones<\/span><\/h2>\n<p>Utilizado en c\u00e9lulas solares: como material absorbente de luz, puede absorber eficazmente la energ\u00eda solar y convertirla en electricidad.<\/p>\n<p>Fotodetector: Puede responder a las se\u00f1ales de luz y se puede utilizar para hacer fotodetectores para detectar la intensidad de la luz, la longitud de onda y otra informaci\u00f3n.<\/p>\n<p>Como electrodo conductor: buena conductividad, se puede utilizar como material de electrodo conductor en bater\u00edas, condensadores y otros dispositivos electr\u00f3nicos.<\/p>\n<p>Utilizado en equipos de conversi\u00f3n de an\u00e1lisis espectral fotot\u00e9rmico: puede convertir la energ\u00eda luminosa en energ\u00eda t\u00e9rmica, en el equipo de conversi\u00f3n de an\u00e1lisis espectral fotot\u00e9rmico para desempe\u00f1ar un papel.<\/p>\n<p>Utilizado en polarizador de radiaci\u00f3n infrarroja: tiene propiedades \u00f3pticas especiales en la banda infrarroja y se puede utilizar para hacer polarizador de radiaci\u00f3n infrarroja.<\/p>\n<h2><span style=\"font-size: 14pt;\">Control de calidad<\/span><\/h2>\n<p><span style=\"color: #0000ff;\"><a style=\"color: #0000ff;\" href=\"https:\/\/vimaterial.de\/es\/control-de-calidad\/\">Cada lote<\/a> <\/span>de productos se inspecciona y se acompa\u00f1a de un informe de inspecci\u00f3n, tambi\u00e9n podemos proporcionar muestras a los clientes para volver a inspeccionarlas o enviarlas a una organizaci\u00f3n de inspecci\u00f3n de terceros para su inspecci\u00f3n y emisi\u00f3n de informes de inspecci\u00f3n de acuerdo con los requisitos del cliente.<\/p>\n<h2><span style=\"font-size: 14pt;\">Embalaje y almacenamiento<\/span><\/h2>\n<p>Los polvos de CuS generalmente se empaquetan en botellas de vac\u00edo de doble capa, y la capacidad de las botellas se empaqueta de acuerdo con los requisitos de los clientes. Los polvos de CuS generalmente se almacenan en un ambiente interior seco, fresco y bien ventilado, lejos del fuego, el calor, los \u00e1cidos y los agentes oxidantes, y preferiblemente en recipientes sellados, para evitar que absorban humedad, se oxiden o reaccionen qu\u00edmicamente con otras sustancias.<\/p>\n","protected":false},"excerpt":{"rendered":"<p><span style=\"color: #0000ff;\"><a style=\"color: #0000ff;\" href=\"https:\/\/vimaterial.de\/es\/product\/sulfuro-de-cobre-4\/\">El polvo de sulfuro de cobre<\/a> <\/span>es un tipo de polvo compuesto por compuesto inorg\u00e1nico compuesto de cobre (Cu) y azufre (S), el color suele ser marr\u00f3n oscuro o negro, insoluble en agua y \u00e1cido diluido, con propiedades semiconductoras, en los materiales optoelectr\u00f3nicos, procesamiento de minerales, etc., muchos campos juegan un papel importante.<\/p>\n<p>VIMATERIAL proporciona polvo de sulfuro de cobre en varias purezas y tama\u00f1os de part\u00edculas, nuestra pureza puede ser alta con menos impurezas y un excelente rendimiento del producto, contamos con varios equipos t\u00e9cnicos, los t\u00e9cnicos han estado en la industria durante muchos a\u00f1os con una rica experiencia, puede <a href=\"https:\/\/vimaterial.de\/es\/contacto\/\"><span style=\"color: #0000ff;\">contactarnos<\/span><\/a> para cualquier pregunta sobre el polvo de sulfuro de cobre.<\/p>\n","protected":false},"featured_media":1003280,"comment_status":"open","ping_status":"closed","template":"","meta":{"_acf_changed":false},"product_brand":[],"product_cat":[181],"product_tag":[],"class_list":{"0":"post-1016603","1":"product","2":"type-product","3":"status-publish","4":"has-post-thumbnail","6":"product_cat-materiales-calcogenuros","8":"first","9":"instock","10":"shipping-taxable","11":"purchasable","12":"product-type-variable"},"acf":[],"_links":{"self":[{"href":"https:\/\/vimaterial.de\/es\/wp-json\/wp\/v2\/product\/1016603","targetHints":{"allow":["GET"]}}],"collection":[{"href":"https:\/\/vimaterial.de\/es\/wp-json\/wp\/v2\/product"}],"about":[{"href":"https:\/\/vimaterial.de\/es\/wp-json\/wp\/v2\/types\/product"}],"replies":[{"embeddable":true,"href":"https:\/\/vimaterial.de\/es\/wp-json\/wp\/v2\/comments?post=1016603"}],"wp:featuredmedia":[{"embeddable":true,"href":"https:\/\/vimaterial.de\/es\/wp-json\/wp\/v2\/media\/1003280"}],"wp:attachment":[{"href":"https:\/\/vimaterial.de\/es\/wp-json\/wp\/v2\/media?parent=1016603"}],"wp:term":[{"taxonomy":"product_brand","embeddable":true,"href":"https:\/\/vimaterial.de\/es\/wp-json\/wp\/v2\/product_brand?post=1016603"},{"taxonomy":"product_cat","embeddable":true,"href":"https:\/\/vimaterial.de\/es\/wp-json\/wp\/v2\/product_cat?post=1016603"},{"taxonomy":"product_tag","embeddable":true,"href":"https:\/\/vimaterial.de\/es\/wp-json\/wp\/v2\/product_tag?post=1016603"}],"curies":[{"name":"wp","href":"https:\/\/api.w.org\/{rel}","templated":true}]}}