{"id":1016597,"date":"2024-06-17T15:00:48","date_gmt":"2024-06-17T07:00:48","guid":{"rendered":"https:\/\/vimaterial.de\/product\/seleniuro-de-cobre-7\/"},"modified":"2025-04-02T09:08:54","modified_gmt":"2025-04-02T01:08:54","slug":"seleniuro-de-cobre-7","status":"publish","type":"product","link":"https:\/\/vimaterial.de\/es\/product\/seleniuro-de-cobre-7\/","title":{"rendered":"Seleniuro de cobre"},"content":{"rendered":"<p><span style=\"color: #0000ff;\"><a style=\"color: #0000ff;\" href=\"https:\/\/vimaterial.de\/es\/product\/seleniuro-de-cobre-5\/\">El polvo de seleniuro de cobre<\/a> <\/span>es un polvo compuesto semiconductor, de color azul oscuro o negro, de cobre y selenio con una variedad de aplicaciones.<\/p>\n<p>VIMATERIAL ofrece polvos de seleniuro de cobre de alta pureza con una pureza del 99,999%. Nuestros polvos se caracterizan por un tama\u00f1o de part\u00edcula uniforme, alta pureza y rendimiento estable del producto, y nuestros servicios incluyen la personalizaci\u00f3n de las especificaciones del producto en peque\u00f1as cantidades. Tenemos muchos a\u00f1os de experiencia en materiales qu\u00edmicos inorg\u00e1nicos,<span style=\"color: #0000ff;\"><a style=\"color: #0000ff;\" href=\"https:\/\/vimaterial.de\/es\/contacto\/\"> cont\u00e1ctenos<\/a><\/span> para sus necesidades o consultas t\u00e9cnicas.<\/p>\n<h2><span style=\"font-size: 14pt;\">Propiedades f\u00edsicas<\/span><\/h2>\n<p>F\u00f3rmula molecular: CuSe<\/p>\n<p>Peso molecular: 142.5<\/p>\n<p>Aspecto: color azul-negro<\/p>\n<p>Estructura cristalina: Cristales laminares hexagonales, pero inestables, a temperatura ambiente, mezclan polvo de cobre y selenio, la compresi\u00f3n puede formar cristales ortorr\u00f3mbicos a baja presi\u00f3n y cristales c\u00fabicos a alta presi\u00f3n.<\/p>\n<h2><span style=\"font-size: 14pt;\">Aplicaciones<\/span><\/h2>\n<p>Campo optoelectr\u00f3nico: se puede utilizar para preparar fotodetectores, cuyas propiedades fotoel\u00e9ctricas \u00fanicas ayudan a convertir las se\u00f1ales \u00f3pticas en se\u00f1ales el\u00e9ctricas, desempe\u00f1ando un papel importante en las comunicaciones \u00f3pticas y la detecci\u00f3n \u00f3ptica.<\/p>\n<p>C\u00e9lulas solares: Los polvos de CuSe se pueden utilizar como capa absorbente en c\u00e9lulas solares de pel\u00edcula delgada, utilizando sus propiedades de absorci\u00f3n de luz para mejorar la eficiencia de conversi\u00f3n fotoel\u00e9ctrica de las c\u00e9lulas.<\/p>\n<p>Termoelectricidad: Al agregar polvo de CuSe a los materiales termoel\u00e9ctricos, el efecto termoel\u00e9ctrico puede realizar la conversi\u00f3n mutua entre calor y electricidad, que se puede utilizar en la recuperaci\u00f3n de calor residual.<\/p>\n<p>Campo catal\u00edtico: como catalizador en algunas reacciones qu\u00edmicas (como la reacci\u00f3n de s\u00edntesis org\u00e1nica) puede reducir la energ\u00eda de activaci\u00f3n de la reacci\u00f3n, acelerar la velocidad de reacci\u00f3n y mejorar la eficiencia de la reacci\u00f3n.<\/p>\n<h2><span style=\"font-size: 14pt;\">Control de calidad<\/span><\/h2>\n<p><span style=\"color: #0000ff;\"><a style=\"color: #0000ff;\" href=\"https:\/\/vimaterial.de\/es\/control-de-calidad\/\">Cada lote<\/a><\/span> est\u00e1 sujeto a estrictos est\u00e1ndares de control de calidad, con registros de datos perfectos y un mecanismo completo de trazabilidad del producto. Cada lote de nuestros productos puede proporcionar muestras para que los clientes las vuelvan a inspeccionar.<\/p>\n<h2><span style=\"font-size: 14pt;\">Embalaje y almacenamiento<\/span><\/h2>\n<p>Los polvos de selenide de cobre se envasan en botellas de doble vac\u00edo o bolsas de doble vac\u00edo. La unidad m\u00ednima de embalaje es de 100 g.<\/p>\n<p>El polvo de selenuro de cobre debe almacenarse en un ambiente seco, fresco y bien ventilado, en un paquete sellado, evitar el contacto con agentes oxidantes fuertes, \u00e1cidos y otras sustancias que puedan tener reacciones qu\u00edmicas y, al mismo tiempo, debe mantenerse alejado de fuentes de ignici\u00f3n y calor, para evitar que se deteriore debido a la humedad, la oxidaci\u00f3n u otras reacciones qu\u00edmicas.<\/p>\n","protected":false},"excerpt":{"rendered":"<p><span style=\"color: #0000ff;\"><a style=\"color: #0000ff;\" href=\"https:\/\/vimaterial.de\/es\/product\/seleniuro-de-cobre-5\/\">El polvo de seleniuro de cobre<\/a> <\/span>es un polvo compuesto semiconductor, de color azul oscuro o negro, de cobre y selenio con una variedad de aplicaciones.<\/p>\n<p>VIMATERIAL ofrece polvos de seleniuro de cobre de alta pureza con una pureza del 99,999%. Nuestros polvos se caracterizan por un tama\u00f1o de part\u00edcula uniforme, alta pureza y rendimiento estable del producto, y nuestros servicios incluyen la personalizaci\u00f3n de las especificaciones del producto en peque\u00f1as cantidades. Tenemos muchos a\u00f1os de experiencia en materiales qu\u00edmicos inorg\u00e1nicos,<span style=\"color: #0000ff;\"><a style=\"color: #0000ff;\" href=\"https:\/\/vimaterial.de\/es\/contacto\/\"> cont\u00e1ctenos<\/a><\/span> para sus necesidades o consultas t\u00e9cnicas.<\/p>\n","protected":false},"featured_media":1003302,"comment_status":"open","ping_status":"closed","template":"","meta":{"_acf_changed":false},"product_brand":[],"product_cat":[181],"product_tag":[],"class_list":{"0":"post-1016597","1":"product","2":"type-product","3":"status-publish","4":"has-post-thumbnail","6":"product_cat-materiales-calcogenuros","8":"first","9":"instock","10":"shipping-taxable","11":"product-type-variable"},"acf":[],"_links":{"self":[{"href":"https:\/\/vimaterial.de\/es\/wp-json\/wp\/v2\/product\/1016597","targetHints":{"allow":["GET"]}}],"collection":[{"href":"https:\/\/vimaterial.de\/es\/wp-json\/wp\/v2\/product"}],"about":[{"href":"https:\/\/vimaterial.de\/es\/wp-json\/wp\/v2\/types\/product"}],"replies":[{"embeddable":true,"href":"https:\/\/vimaterial.de\/es\/wp-json\/wp\/v2\/comments?post=1016597"}],"wp:featuredmedia":[{"embeddable":true,"href":"https:\/\/vimaterial.de\/es\/wp-json\/wp\/v2\/media\/1003302"}],"wp:attachment":[{"href":"https:\/\/vimaterial.de\/es\/wp-json\/wp\/v2\/media?parent=1016597"}],"wp:term":[{"taxonomy":"product_brand","embeddable":true,"href":"https:\/\/vimaterial.de\/es\/wp-json\/wp\/v2\/product_brand?post=1016597"},{"taxonomy":"product_cat","embeddable":true,"href":"https:\/\/vimaterial.de\/es\/wp-json\/wp\/v2\/product_cat?post=1016597"},{"taxonomy":"product_tag","embeddable":true,"href":"https:\/\/vimaterial.de\/es\/wp-json\/wp\/v2\/product_tag?post=1016597"}],"curies":[{"name":"wp","href":"https:\/\/api.w.org\/{rel}","templated":true}]}}