{"id":1016569,"date":"2024-06-17T15:00:49","date_gmt":"2024-06-17T07:00:49","guid":{"rendered":"https:\/\/vimaterial.de\/product\/seleniuro-de-cobre-5\/"},"modified":"2025-04-02T09:01:36","modified_gmt":"2025-04-02T01:01:36","slug":"seleniuro-de-cobre-5","status":"publish","type":"product","link":"https:\/\/vimaterial.de\/es\/product\/seleniuro-de-cobre-5\/","title":{"rendered":"Seleniuro de cobre"},"content":{"rendered":"<p>El objetivo de pulverizaci\u00f3n cat\u00f3dica <span style=\"color: #0000ff;\"><a style=\"color: #0000ff;\" href=\"https:\/\/vimaterial.de\/es\/product\/seleniuro-de-cobre-7\/\">de seleniuro de cobre<\/a><\/span> es un material compuesto de cobre y selenio que se utiliza en la pulverizaci\u00f3n cat\u00f3dica de magnetr\u00f3n y otros procesos de recubrimiento para preparar pel\u00edculas delgadas con propiedades espec\u00edficas, que tienen aplicaciones importantes en semiconductores, fotovoltaica y otros campos.<\/p>\n<p>VIMATERIAL proporciona objetivos de pulverizaci\u00f3n cat\u00f3dica de seleniuro de cobre de alta pureza, somos un proveedor profesional de materias primas qu\u00edmicas inorg\u00e1nicas, nuestros objetivos se caracterizan por su alta pureza, buena planitud de la superficie, rendimiento estable del producto y buena consistencia del producto. Apoyamos el servicio personalizado y el servicio de encuadernaci\u00f3n, si tiene problemas t\u00e9cnicos, <span style=\"color: #0000ff;\"><a style=\"color: #0000ff;\" href=\"https:\/\/vimaterial.de\/es\/contacto\/\">cont\u00e1ctenos.<\/a><\/span><\/p>\n<h2><span style=\"font-size: 14pt;\">Caracter\u00edsticas f\u00edsicas<\/span><\/h2>\n<p>F\u00f3rmula molecular: CuSe<\/p>\n<p>Peso molecular: 142.5<\/p>\n<p>Aspecto: color azul-negro<\/p>\n<p>Densidad: 5,99 g\/mL (25\u00b0C)<\/p>\n<p>Punto de fusi\u00f3n: 550 \u00b0C<\/p>\n<h2><span style=\"font-size: 14pt;\">Aplicaciones<\/span><\/h2>\n<p>Campo fotovoltaico: Ampliamente utilizado en la fabricaci\u00f3n de c\u00e9lulas solares, la pel\u00edcula delgada depositada en el sustrato a trav\u00e9s de la tecnolog\u00eda de pulverizaci\u00f3n cat\u00f3dica se puede utilizar como material de capa absorbente, absorbiendo eficazmente la luz solar, mejorando la eficiencia de conversi\u00f3n fotoel\u00e9ctrica y ayudando al desarrollo de la tecnolog\u00eda de generaci\u00f3n de energ\u00eda solar fotovoltaica.<\/p>\n<p>Campo de semiconductores: en el proceso de producci\u00f3n de dispositivos semiconductores, el objetivo de pulverizaci\u00f3n cat\u00f3dica puede depositar una pel\u00edcula delgada con propiedades el\u00e9ctricas espec\u00edficas, que se utiliza para fabricar parte de la capa funcional del chip semiconductor, como la formaci\u00f3n de la uni\u00f3n p-n, para proporcionar un canal adecuado para la conducci\u00f3n y el control de electrones y para mejorar el rendimiento de los dispositivos semiconductores.<\/p>\n<p>Optoelectr\u00f3nica: Utilizadas como capa clave en la preparaci\u00f3n de dispositivos optoelectr\u00f3nicos como fotodetectores y diodos emisores de luz, las pel\u00edculas de selenuro de cobre depositadas optimizan la absorci\u00f3n, emisi\u00f3n y conversi\u00f3n de luz en dispositivos optoelectr\u00f3nicos, por ejemplo, mejorando la sensibilidad de los fotodetectores a longitudes de onda espec\u00edficas de luz.<\/p>\n<p>Electr\u00f3nica: En la fabricaci\u00f3n de dispositivos electr\u00f3nicos, las pel\u00edculas delgadas depositadas por este objetivo de pulverizaci\u00f3n cat\u00f3dica pueden mejorar el contacto y las propiedades el\u00e9ctricas de los componentes electr\u00f3nicos, y se pueden utilizar como electrodos o materiales de conexi\u00f3n para mejorar la eficiencia y la estabilidad de la transferencia de corriente dentro de los dispositivos electr\u00f3nicos.<\/p>\n<h2><span style=\"font-size: 14pt;\">Control de calidad<\/span><\/h2>\n<p><span style=\"color: #0000ff;\"><a style=\"color: #0000ff;\" href=\"https:\/\/vimaterial.de\/es\/control-de-calidad\/\">Cada lote<\/a><\/span> de productos tiene un estricto sistema de calidad para garantizar que los registros de inspecci\u00f3n completos, todos los productos de f\u00e1brica se puedan rastrear y proporcionar\u00e1n muestras al cliente despu\u00e9s de la f\u00e1brica, para que los clientes vuelvan a inspeccionar. Tenemos una buena consistencia del producto y una alta reproducibilidad del producto.<\/p>\n<h2><span style=\"font-size: 14pt;\">Embalaje y almacenamiento<\/span><\/h2>\n<p>Los objetivos de pulverizaci\u00f3n cat\u00f3dica de seleniuro de cobre generalmente se protegen mediante un embolsado de vac\u00edo doble seguido de un empaque en caja.<\/p>\n<p>Los objetivos de pulverizaci\u00f3n cat\u00f3dica de seleniuro de cobre deben almacenarse en un ambiente seco, fresco, bien ventilado y a prueba de luz, sellados para evitar la humedad y la oxidaci\u00f3n, evitar la colisi\u00f3n mec\u00e1nica del objetivo y, al mismo tiempo, mantenerlo alejado de fuentes de ignici\u00f3n, fuentes de calor y sustancias qu\u00edmicamente activas para garantizar el rendimiento y la calidad del objetivo.<\/p>\n","protected":false},"excerpt":{"rendered":"<p>El objetivo de pulverizaci\u00f3n cat\u00f3dica <span style=\"color: #0000ff;\"><a style=\"color: #0000ff;\" href=\"https:\/\/vimaterial.de\/es\/product\/seleniuro-de-cobre-7\/\">de seleniuro de cobre<\/a><\/span> es un material compuesto de cobre y selenio que se utiliza en la pulverizaci\u00f3n cat\u00f3dica de magnetr\u00f3n y otros procesos de recubrimiento para preparar pel\u00edculas delgadas con propiedades espec\u00edficas, que tienen aplicaciones importantes en semiconductores, fotovoltaica y otros campos.<\/p>\n<p>VIMATERIAL proporciona objetivos de pulverizaci\u00f3n cat\u00f3dica de seleniuro de cobre de alta pureza, somos un proveedor profesional de materias primas qu\u00edmicas inorg\u00e1nicas, nuestros objetivos se caracterizan por su alta pureza, buena planitud de la superficie, rendimiento estable del producto y buena consistencia del producto. Apoyamos el servicio personalizado y el servicio de encuadernaci\u00f3n, si tiene problemas t\u00e9cnicos, <span style=\"color: #0000ff;\"><a style=\"color: #0000ff;\" href=\"https:\/\/vimaterial.de\/es\/contacto\/\">cont\u00e1ctenos.<\/a><\/span><\/p>\n","protected":false},"featured_media":1003309,"comment_status":"open","ping_status":"closed","template":"","meta":{"_acf_changed":false},"product_brand":[],"product_cat":[178],"product_tag":[],"class_list":{"0":"post-1016569","1":"product","2":"type-product","3":"status-publish","4":"has-post-thumbnail","6":"product_cat-catodos-para-sputtering-planar","8":"first","9":"instock","10":"shipping-taxable","11":"product-type-variable"},"acf":[],"_links":{"self":[{"href":"https:\/\/vimaterial.de\/es\/wp-json\/wp\/v2\/product\/1016569","targetHints":{"allow":["GET"]}}],"collection":[{"href":"https:\/\/vimaterial.de\/es\/wp-json\/wp\/v2\/product"}],"about":[{"href":"https:\/\/vimaterial.de\/es\/wp-json\/wp\/v2\/types\/product"}],"replies":[{"embeddable":true,"href":"https:\/\/vimaterial.de\/es\/wp-json\/wp\/v2\/comments?post=1016569"}],"wp:featuredmedia":[{"embeddable":true,"href":"https:\/\/vimaterial.de\/es\/wp-json\/wp\/v2\/media\/1003309"}],"wp:attachment":[{"href":"https:\/\/vimaterial.de\/es\/wp-json\/wp\/v2\/media?parent=1016569"}],"wp:term":[{"taxonomy":"product_brand","embeddable":true,"href":"https:\/\/vimaterial.de\/es\/wp-json\/wp\/v2\/product_brand?post=1016569"},{"taxonomy":"product_cat","embeddable":true,"href":"https:\/\/vimaterial.de\/es\/wp-json\/wp\/v2\/product_cat?post=1016569"},{"taxonomy":"product_tag","embeddable":true,"href":"https:\/\/vimaterial.de\/es\/wp-json\/wp\/v2\/product_tag?post=1016569"}],"curies":[{"name":"wp","href":"https:\/\/api.w.org\/{rel}","templated":true}]}}