{"id":1016553,"date":"2024-06-17T15:02:06","date_gmt":"2024-06-17T07:02:06","guid":{"rendered":"https:\/\/vimaterial.de\/product\/oxido-de-cobre-y-silicio-2\/"},"modified":"2025-04-01T11:21:55","modified_gmt":"2025-04-01T03:21:55","slug":"oxido-de-cobre-y-silicio-2","status":"publish","type":"product","link":"https:\/\/vimaterial.de\/es\/product\/oxido-de-cobre-y-silicio-2\/","title":{"rendered":"\u00d3xido de cobre y silicio"},"content":{"rendered":"<p>El objetivo de pulverizaci\u00f3n <span style=\"color: #0000ff;\"><a style=\"color: #0000ff;\" href=\"https:\/\/vimaterial.de\/en\/product\/copper-silicon-oxide\/\">cat\u00f3dica de \u00f3xido de cobre y silicio<\/a><\/span> es un tipo de objetivo de pulverizaci\u00f3n cat\u00f3dica de compuesto cer\u00e1mico compuesto por elementos de cobre, silicio y ox\u00edgeno, que se utiliza para la preparaci\u00f3n de materiales de pel\u00edcula delgada relevantes mediante pulverizaci\u00f3n cat\u00f3dica de magnetr\u00f3n y otras t\u00e9cnicas, y tiene importantes aplicaciones en electr\u00f3nica, \u00f3ptica y otros campos.<\/p>\n<p>VIMATERIAL proporciona objetivos de pulverizaci\u00f3n cat\u00f3dica de \u00f3xido de silicio y cobre de alta pureza, somos un proveedor profesional de materias primas qu\u00edmicas inorg\u00e1nicas, nuestros objetivos de pulverizaci\u00f3n cat\u00f3dica se caracterizan por su alta pureza, buena planitud de la superficie, rendimiento estable del producto y buena consistencia del producto. Apoyamos el servicio personalizado y el servicio de encuadernaci\u00f3n, si tiene problemas t\u00e9cnicos,<span style=\"color: #0000ff;\"><a style=\"color: #0000ff;\" href=\"https:\/\/vimaterial.de\/es\/contacto\/\"> cont\u00e1ctenos<\/a><\/span>.<\/p>\n<h2><span style=\"font-size: 14pt;\">Caracter\u00edsticas f\u00edsicas<\/span><\/h2>\n<p>F\u00f3rmula molecular: CuSiO\u2083<\/p>\n<p>Peso molecular: 143.63<\/p>\n<p>Aspecto: generalmente polvo azul o azul verdoso<\/p>\n<p>Densidad: aprox. 3,8 g\/cm\u00b3.<\/p>\n<p>Estructura cristalina: pertenece al sistema cristalino ortorr\u00f3mbico, su estructura cristalina de iones de cobre, iones de silicio e iones de ox\u00edgeno de acuerdo con una cierta disposici\u00f3n espacial para formar una estructura de red cristalina estable, el tetraedro de silicio y ox\u00edgeno es la unidad estructural b\u00e1sica, los iones de cobre se distribuyen en la distribuci\u00f3n de sus interacciones circundantes con la formaci\u00f3n del cristal general.<\/p>\n<h2><span style=\"font-size: 14pt;\">Aplicaciones<\/span><\/h2>\n<p>Campo electr\u00f3nico: utilizado en la fabricaci\u00f3n de dispositivos electr\u00f3nicos, puede desempe\u00f1ar un papel en la deposici\u00f3n de la capa aislante de los chips de circuitos integrados, la pel\u00edcula formada por pulverizaci\u00f3n cat\u00f3dica puede proporcionar buenas propiedades diel\u00e9ctricas, lo que ayuda a mejorar el rendimiento y la estabilidad del chip.<\/p>\n<p>Campo \u00f3ptico: En el recubrimiento \u00f3ptico, se puede utilizar para la preparaci\u00f3n de lentes y filtros \u00f3pticos, etc. La pel\u00edcula de \u00f3xido de cobre y silicio depositada puede ajustar el \u00edndice de refracci\u00f3n y la transmitancia de los componentes \u00f3pticos, reducir efectivamente la luz reflejada, aumentar la transmitancia de la luz y mejorar la calidad de imagen del sistema \u00f3ptico.<\/p>\n<p>Campo fotovoltaico: En la fabricaci\u00f3n de c\u00e9lulas solares, se puede utilizar como material de capa amortiguadora potencial. La pel\u00edcula delgada de CuSiO\u2083 formada por pulverizaci\u00f3n cat\u00f3dica ayuda a mejorar el rendimiento interfacial de la c\u00e9lula, aumentar la eficiencia de conversi\u00f3n fotovoltaica y, al mismo tiempo, mejorar la resistencia de la c\u00e9lula a los factores ambientales.<\/p>\n<p>Campo semiconductor: como material de pel\u00edcula delgada en el proceso de semiconductores, se aplica en la capa de pasivaci\u00f3n o en la estructura de cableado multicapa de los chips semiconductores, lo que puede mejorar la resistencia a la corrosi\u00f3n y el rendimiento el\u00e9ctrico del chip, y salvaguardar la confiabilidad y la vida \u00fatil de los dispositivos semiconductores.<\/p>\n<h2><span style=\"font-size: 14pt;\">Control de calidad<\/span><\/h2>\n<p><a href=\"https:\/\/vimaterial.de\/es\/control-de-calidad\/\"><span style=\"color: #0000ff;\">Cada lote<\/span><\/a> de productos tiene un estricto sistema de calidad para garantizar que los registros de inspecci\u00f3n completos, todos los productos de f\u00e1brica se puedan rastrear y proporcionar\u00e1n muestras al cliente despu\u00e9s de la f\u00e1brica, para que los clientes vuelvan a inspeccionar. Tenemos una buena consistencia del producto y una alta reproducibilidad del producto.<\/p>\n<h2><span style=\"font-size: 14pt;\">Embalaje y almacenamiento<\/span><\/h2>\n<p>Los objetivos de pulverizaci\u00f3n cat\u00f3dica de \u00f3xido de cobre y silicio generalmente est\u00e1n protegidos por bolsas de vac\u00edo dobles seguidas de cajas.<\/p>\n<p>Los objetivos de pulverizaci\u00f3n cat\u00f3dica de \u00f3xido de cobre y silicio deben almacenarse en un ambiente seco, fresco y bien ventilado para evitar la humedad y la oxidaci\u00f3n, y para evitar que entren en contacto con sustancias corrosivas como \u00e1cidos y \u00e1lcalis, y al mismo tiempo, debemos asegurarnos de que la temperatura del entorno de almacenamiento sea estable, para evitar da\u00f1os f\u00edsicos a los objetivos debido a los cambios de temperatura, Y debemos tomar buenas medidas para evitar el polvo.<\/p>\n","protected":false},"excerpt":{"rendered":"<p>El objetivo de pulverizaci\u00f3n <span style=\"color: #0000ff;\"><a style=\"color: #0000ff;\" href=\"https:\/\/vimaterial.de\/en\/product\/copper-silicon-oxide\/\">cat\u00f3dica de \u00f3xido de cobre y silicio<\/a><\/span> es un tipo de objetivo de pulverizaci\u00f3n cat\u00f3dica de compuesto cer\u00e1mico compuesto por elementos de cobre, silicio y ox\u00edgeno, que se utiliza para la preparaci\u00f3n de materiales de pel\u00edcula delgada relevantes mediante pulverizaci\u00f3n cat\u00f3dica de magnetr\u00f3n y otras t\u00e9cnicas, y tiene importantes aplicaciones en electr\u00f3nica, \u00f3ptica y otros campos.<\/p>\n<p>VIMATERIAL proporciona objetivos de pulverizaci\u00f3n cat\u00f3dica de \u00f3xido de silicio y cobre de alta pureza, somos un proveedor profesional de materias primas qu\u00edmicas inorg\u00e1nicas, nuestros objetivos de pulverizaci\u00f3n cat\u00f3dica se caracterizan por su alta pureza, buena planitud de la superficie, rendimiento estable del producto y buena consistencia del producto. Apoyamos el servicio personalizado y el servicio de encuadernaci\u00f3n, si tiene problemas t\u00e9cnicos,<span style=\"color: #0000ff;\"><a style=\"color: #0000ff;\" href=\"https:\/\/vimaterial.de\/es\/contacto\/\"> cont\u00e1ctenos<\/a><\/span>.<\/p>\n","protected":false},"featured_media":1003318,"comment_status":"open","ping_status":"closed","template":"","meta":{"_acf_changed":false},"product_brand":[],"product_cat":[178],"product_tag":[],"class_list":{"0":"post-1016553","1":"product","2":"type-product","3":"status-publish","4":"has-post-thumbnail","6":"product_cat-catodos-para-sputtering-planar","8":"first","9":"instock","10":"shipping-taxable","11":"product-type-variable"},"acf":[],"_links":{"self":[{"href":"https:\/\/vimaterial.de\/es\/wp-json\/wp\/v2\/product\/1016553","targetHints":{"allow":["GET"]}}],"collection":[{"href":"https:\/\/vimaterial.de\/es\/wp-json\/wp\/v2\/product"}],"about":[{"href":"https:\/\/vimaterial.de\/es\/wp-json\/wp\/v2\/types\/product"}],"replies":[{"embeddable":true,"href":"https:\/\/vimaterial.de\/es\/wp-json\/wp\/v2\/comments?post=1016553"}],"wp:featuredmedia":[{"embeddable":true,"href":"https:\/\/vimaterial.de\/es\/wp-json\/wp\/v2\/media\/1003318"}],"wp:attachment":[{"href":"https:\/\/vimaterial.de\/es\/wp-json\/wp\/v2\/media?parent=1016553"}],"wp:term":[{"taxonomy":"product_brand","embeddable":true,"href":"https:\/\/vimaterial.de\/es\/wp-json\/wp\/v2\/product_brand?post=1016553"},{"taxonomy":"product_cat","embeddable":true,"href":"https:\/\/vimaterial.de\/es\/wp-json\/wp\/v2\/product_cat?post=1016553"},{"taxonomy":"product_tag","embeddable":true,"href":"https:\/\/vimaterial.de\/es\/wp-json\/wp\/v2\/product_tag?post=1016553"}],"curies":[{"name":"wp","href":"https:\/\/api.w.org\/{rel}","templated":true}]}}