{"id":1016532,"date":"2024-06-17T15:02:07","date_gmt":"2024-06-17T07:02:07","guid":{"rendered":"https:\/\/vimaterial.de\/product\/aleacion-de-cobre-y-estano\/"},"modified":"2025-04-01T09:15:28","modified_gmt":"2025-04-01T01:15:28","slug":"aleacion-de-cobre-y-estano","status":"publish","type":"product","link":"https:\/\/vimaterial.de\/es\/product\/aleacion-de-cobre-y-estano\/","title":{"rendered":"Aleaci\u00f3n de cobre y esta\u00f1o"},"content":{"rendered":"<p>El objetivo de pulverizaci\u00f3n cat\u00f3dica de <span style=\"color: #0000ff;\"><a style=\"color: #0000ff;\" href=\"https:\/\/vimaterial.de\/es\/product\/aleacion-de-cobre-y-estano-2\/\">aleaci\u00f3n<\/a><\/span> de cobre y esta\u00f1o es una aleaci\u00f3n de cobre y esta\u00f1o, com\u00fanmente utilizada en el proceso de recubrimiento por pulverizaci\u00f3n cat\u00f3dica de magnetr\u00f3n, se puede depositar en el sustrato para formar una pel\u00edcula delgada con propiedades espec\u00edficas, ampliamente utilizada en el campo de la electr\u00f3nica, el almacenamiento de informaci\u00f3n y otros campos.<\/p>\n<p>VIMATERIAL proporciona objetivos de pulverizaci\u00f3n cat\u00f3dica de aleaci\u00f3n de cobre y esta\u00f1o de alta pureza, somos un proveedor profesional de materias primas qu\u00edmicas inorg\u00e1nicas, nuestros objetivos tienen las caracter\u00edsticas de alta pureza, buena planitud de la superficie, rendimiento estable del producto y buena consistencia del producto. Apoyamos el servicio personalizado y el servicio de encuadernaci\u00f3n. Si tiene alguna pregunta t\u00e9cnica, p\u00f3ngase <span style=\"color: #0000ff;\"><a style=\"color: #0000ff;\" href=\"https:\/\/vimaterial.de\/en\/contact-us\/\">en contacto con nosotros<\/a><\/span>.<\/p>\n<h2><span style=\"font-size: 14pt;\">Caracter\u00edsticas f\u00edsicas<\/span><\/h2>\n<p>F\u00f3rmula molecular: CuSn<\/p>\n<p>Aspecto: Suele mostrar un brillo met\u00e1lico, el color var\u00eda seg\u00fan la proporci\u00f3n de cobre y esta\u00f1o, generalmente entre el amarillo dorado y el blanco plateado.<\/p>\n<p>Densidad: generalmente entre 8,2-8,96 g\/cm\u00b3.<\/p>\n<p>Estructura cristalina: Las aleaciones comunes de cobre y esta\u00f1o tienen fases \u03b1, \u03b2 fases, fases \u03b3, etc. Por ejemplo, el Cu\u2082N es la aleaci\u00f3n de cobre y esta\u00f1o m\u00e1s com\u00fan.<\/p>\n<h2><span style=\"font-size: 14pt;\">Aplicaciones<\/span><\/h2>\n<p>Campo electr\u00f3nico: utilizado en la fabricaci\u00f3n de dispositivos electr\u00f3nicos, se puede depositar en chips semiconductores, placas de circuitos y otros sustratos, pel\u00edcula delgada, mejora la conductividad el\u00e9ctrica y la resistencia a la corrosi\u00f3n de los componentes electr\u00f3nicos, para la miniaturizaci\u00f3n de productos electr\u00f3nicos y alto rendimiento para brindar protecci\u00f3n.<\/p>\n<p>Campo optoelectr\u00f3nico: el material objetivo se puede utilizar para la preparaci\u00f3n de fotodetectores y diodos emisores de luz (LED) y otros dispositivos como electrodos y capas de contacto, sus buenas caracter\u00edsticas de transporte de portadores ayudan a mejorar la eficiencia de conversi\u00f3n fotoel\u00e9ctrica y la eficiencia luminosa.<\/p>\n<p>Campo de grabaci\u00f3n magn\u00e9tica: En la producci\u00f3n de medios de grabaci\u00f3n magn\u00e9ticos como discos duros, los objetivos de pulverizaci\u00f3n cat\u00f3dica de CuSn pueden depositar pel\u00edculas delgadas con propiedades magn\u00e9ticas y propiedades mec\u00e1nicas adecuadas, que se pueden utilizar como capa inferior o intermedia de discos, lo que ayuda a mejorar la densidad y la estabilidad de la grabaci\u00f3n magn\u00e9tica.<\/p>\n<p>Electr\u00f3nica automotriz: Los objetivos de pulverizaci\u00f3n cat\u00f3dica de CuSn se pueden utilizar en la fabricaci\u00f3n de componentes electr\u00f3nicos de automoci\u00f3n, como unidades de control de motor, sensores, etc. Las pel\u00edculas delgadas depositadas por los objetivos de pulverizaci\u00f3n cat\u00f3dica de CuSn pueden mejorar la confiabilidad de los componentes electr\u00f3nicos en entornos complejos y mejorar el rendimiento general de los sistemas electr\u00f3nicos automotrices.<\/p>\n<h2><span style=\"font-size: 14pt;\">Control de calidad<\/span><\/h2>\n<p><span style=\"color: #0000ff;\"><a style=\"color: #0000ff;\" href=\"https:\/\/vimaterial.de\/es\/control-de-calidad\/\">Cada lote<\/a><\/span> de productos tiene un estricto sistema de calidad para garantizar que los registros de inspecci\u00f3n completos, todos los productos de f\u00e1brica se puedan rastrear y proporcionar\u00e1n muestras al cliente despu\u00e9s de la f\u00e1brica, para que los clientes vuelvan a inspeccionar. Tenemos una buena consistencia del producto y una alta reproducibilidad del producto.<\/p>\n<h2><span style=\"font-size: 14pt;\">Embalaje y almacenamiento<\/span><\/h2>\n<p>Los objetivos de pulverizaci\u00f3n cat\u00f3dica de aleaci\u00f3n de cobre y esta\u00f1o generalmente est\u00e1n en caja para su protecci\u00f3n despu\u00e9s del doble embolsado al vac\u00edo.<\/p>\n<p>Los objetivos de pulverizaci\u00f3n cat\u00f3dica de aleaci\u00f3n de cobre y esta\u00f1o deben almacenarse en un ambiente seco, fresco y bien ventilado, para evitar la humedad, la oxidaci\u00f3n y el da\u00f1o mec\u00e1nico, lo mejor es utilizar envases herm\u00e9ticamente sellados y colocados en estantes de almacenamiento con cierto grado de soporte y amortiguaci\u00f3n, lejos de sustancias corrosivas y \u00e1reas que puedan producir cambios dr\u00e1sticos de temperatura.<\/p>\n","protected":false},"excerpt":{"rendered":"<p>El objetivo de pulverizaci\u00f3n cat\u00f3dica de <span style=\"color: #0000ff;\"><a style=\"color: #0000ff;\" href=\"https:\/\/vimaterial.de\/es\/product\/aleacion-de-cobre-y-estano-2\/\">aleaci\u00f3n<\/a><\/span> de cobre y esta\u00f1o es una aleaci\u00f3n de cobre y esta\u00f1o, com\u00fanmente utilizada en el proceso de recubrimiento por pulverizaci\u00f3n cat\u00f3dica de magnetr\u00f3n, se puede depositar en el sustrato para formar una pel\u00edcula delgada con propiedades espec\u00edficas, ampliamente utilizada en el campo de la electr\u00f3nica, el almacenamiento de informaci\u00f3n y otros campos.<\/p>\n<p>VIMATERIAL proporciona objetivos de pulverizaci\u00f3n cat\u00f3dica de aleaci\u00f3n de cobre y esta\u00f1o de alta pureza, somos un proveedor profesional de materias primas qu\u00edmicas inorg\u00e1nicas, nuestros objetivos tienen las caracter\u00edsticas de alta pureza, buena planitud de la superficie, rendimiento estable del producto y buena consistencia del producto. Apoyamos el servicio personalizado y el servicio de encuadernaci\u00f3n. Si tiene alguna pregunta t\u00e9cnica, p\u00f3ngase <span style=\"color: #0000ff;\"><a style=\"color: #0000ff;\" href=\"https:\/\/vimaterial.de\/en\/contact-us\/\">en contacto con nosotros<\/a><\/span>.<\/p>\n","protected":false},"featured_media":1003329,"comment_status":"open","ping_status":"closed","template":"","meta":{"_acf_changed":false},"product_brand":[],"product_cat":[178],"product_tag":[],"class_list":{"0":"post-1016532","1":"product","2":"type-product","3":"status-publish","4":"has-post-thumbnail","6":"product_cat-catodos-para-sputtering-planar","8":"first","9":"instock","10":"shipping-taxable","11":"product-type-variable"},"acf":[],"_links":{"self":[{"href":"https:\/\/vimaterial.de\/es\/wp-json\/wp\/v2\/product\/1016532","targetHints":{"allow":["GET"]}}],"collection":[{"href":"https:\/\/vimaterial.de\/es\/wp-json\/wp\/v2\/product"}],"about":[{"href":"https:\/\/vimaterial.de\/es\/wp-json\/wp\/v2\/types\/product"}],"replies":[{"embeddable":true,"href":"https:\/\/vimaterial.de\/es\/wp-json\/wp\/v2\/comments?post=1016532"}],"wp:featuredmedia":[{"embeddable":true,"href":"https:\/\/vimaterial.de\/es\/wp-json\/wp\/v2\/media\/1003329"}],"wp:attachment":[{"href":"https:\/\/vimaterial.de\/es\/wp-json\/wp\/v2\/media?parent=1016532"}],"wp:term":[{"taxonomy":"product_brand","embeddable":true,"href":"https:\/\/vimaterial.de\/es\/wp-json\/wp\/v2\/product_brand?post=1016532"},{"taxonomy":"product_cat","embeddable":true,"href":"https:\/\/vimaterial.de\/es\/wp-json\/wp\/v2\/product_cat?post=1016532"},{"taxonomy":"product_tag","embeddable":true,"href":"https:\/\/vimaterial.de\/es\/wp-json\/wp\/v2\/product_tag?post=1016532"}],"curies":[{"name":"wp","href":"https:\/\/api.w.org\/{rel}","templated":true}]}}