{"id":1016521,"date":"2024-06-17T15:02:08","date_gmt":"2024-06-17T07:02:08","guid":{"rendered":"https:\/\/vimaterial.de\/product\/sulfato-de-cobre\/"},"modified":"2025-03-31T18:05:26","modified_gmt":"2025-03-31T10:05:26","slug":"sulfato-de-cobre","status":"publish","type":"product","link":"https:\/\/vimaterial.de\/es\/product\/sulfato-de-cobre\/","title":{"rendered":"Sulfato de cobre"},"content":{"rendered":"<p><span style=\"color: #0000ff;\"><a style=\"color: #0000ff;\" href=\"https:\/\/vimaterial.de\/es\/product\/sulfato-de-cobre-2\/\">Sulfato de cobre<\/a> <\/span>El polvo es un polvo cristalino azul que contiene iones de cobre, iones de sulfato y agua de cristalizaci\u00f3n. Tiene una cierta densidad y pierde agua de cristalizaci\u00f3n gradualmente cuando se calienta y se utiliza en muchos campos como la agricultura, la industria qu\u00edmica, la medicina, etc. Es f\u00e1cilmente soluble en agua y la soluci\u00f3n acuosa es de color azul.<\/p>\n<p>VIMATERIAL proporciona polvo de sulfato de cobre de alta pureza, somos un proveedor profesional de materias primas qu\u00edmicas inorg\u00e1nicas, apoyamos el pedido de lotes peque\u00f1os, tambi\u00e9n apoyamos la personalizaci\u00f3n del producto y los experimentos, si tiene problemas t\u00e9cnicos, <span style=\"color: #0000ff;\"><a style=\"color: #0000ff;\" href=\"https:\/\/vimaterial.de\/es\/contacto\/\">cont\u00e1ctenos.<\/a><\/span><\/p>\n<h2><span style=\"font-size: 14pt;\">Caracter\u00edsticas f\u00edsicas<\/span><\/h2>\n<p>F\u00f3rmula molecular: CuSO\u2084-5H\u2082O<\/p>\n<p>Peso molecular: 249.685 g\/mol<\/p>\n<p>Aspecto: polvo cristalino azul o polvo cristalino granular azul<\/p>\n<p>Densidad: 2.286 g\/mL<\/p>\n<p>Punto de fusi\u00f3n: Pierde cuatro mol\u00e9culas de agua de cristalizaci\u00f3n a 110 \u00b0C, pierde toda el agua de cristalizaci\u00f3n a 150 \u00b0C a sulfato de cobre anhidro.<\/p>\n<p>Punto de ebullici\u00f3n: calentado a 650 \u00b0C se puede descomponer en \u00f3xido de cobre, di\u00f3xido de azufre y ox\u00edgeno.<\/p>\n<p>Estructura cristalina: pertenece al sistema cristalino tricl\u00ednico, en su estructura cristalina, los iones de cobre y los iones de sulfato se combinan a trav\u00e9s de enlaces i\u00f3nicos, y las mol\u00e9culas de agua est\u00e1n conectadas con iones de cobre e iones de sulfato a trav\u00e9s de enlaces de hidr\u00f3geno, formando una compleja estructura de red tridimensional.<\/p>\n<h2><span style=\"font-size: 14pt;\">Aplicaciones<\/span><\/h2>\n<p>Campo qu\u00edmico: En la industria de galvanoplastia, es una materia prima importante para el recubrimiento de cobre, que puede proporcionar una capa de recubrimiento de cobre uniforme para los objetos enchapados; En la preparaci\u00f3n de pigmentos, su color azul se puede utilizar para hacer pigmentos para pinturas, pinturas y otros campos.<\/p>\n<p>Medicina: Se puede utilizar como em\u00e9tico, utilizando sus propiedades qu\u00edmicas para estimular el est\u00f3mago humano para que produzca una reacci\u00f3n de v\u00f3mito; Tambi\u00e9n se puede utilizar para tratar ciertas enfermedades relacionadas con la deficiencia de cobre, complementando los elementos de cobre que necesita el cuerpo humano.<\/p>\n<p>Laboratorio: como reactivo qu\u00edmico com\u00fan para la preparaci\u00f3n de otros compuestos de cobre, o como sustancia est\u00e1ndar en experimentos de qu\u00edmica anal\u00edtica para el an\u00e1lisis cuantitativo y cualitativo de iones de cobre.<\/p>\n<h2><span style=\"font-size: 14pt;\">Control de calidad<\/span><\/h2>\n<p><span style=\"color: #0000ff;\"><a style=\"color: #0000ff;\" href=\"https:\/\/vimaterial.de\/es\/control-de-calidad\/\">Cada lote<\/a> <\/span>de productos tiene un estricto sistema de calidad para garantizar que los registros de inspecci\u00f3n completos, todos los productos de f\u00e1brica se puedan rastrear y proporcionar\u00e1n muestras al cliente despu\u00e9s de la f\u00e1brica, para que los clientes vuelvan a inspeccionar. Tenemos una buena consistencia del producto y una alta reproducibilidad del producto.<\/p>\n<h2><span style=\"font-size: 14pt;\">Embalaje y almacenamiento<\/span><\/h2>\n<p>Los polvos de sulfato de cobre generalmente se envasan en botellas de doble vac\u00edo. La unidad m\u00ednima de envasado es de 100 g\/botella.<\/p>\n<p>Los polvos de sulfato de cobre deben almacenarse en un ambiente seco, fresco y bien ventilado, sellados para evitar el contacto con el aire h\u00famedo y la delicuescencia, y lejos de fuentes de ignici\u00f3n, calor y \u00e1lcalis para evitar el deterioro debido a la reacci\u00f3n qu\u00edmica.<\/p>\n<p>&nbsp;<\/p>\n","protected":false},"excerpt":{"rendered":"<p><span style=\"color: #0000ff;\"><a style=\"color: #0000ff;\" href=\"https:\/\/vimaterial.de\/es\/product\/sulfato-de-cobre-2\/\">Sulfato de cobre<\/a> <\/span>El polvo es un polvo cristalino azul que contiene iones de cobre, iones de sulfato y agua de cristalizaci\u00f3n. Tiene una cierta densidad y pierde agua de cristalizaci\u00f3n gradualmente cuando se calienta y se utiliza en muchos campos como la agricultura, la industria qu\u00edmica, la medicina, etc. Es f\u00e1cilmente soluble en agua y la soluci\u00f3n acuosa es de color azul.<\/p>\n<p>VIMATERIAL proporciona polvo de sulfato de cobre de alta pureza, somos un proveedor profesional de materias primas qu\u00edmicas inorg\u00e1nicas, apoyamos el pedido de lotes peque\u00f1os, tambi\u00e9n apoyamos la personalizaci\u00f3n del producto y los experimentos, si tiene problemas t\u00e9cnicos, <span style=\"color: #0000ff;\"><a style=\"color: #0000ff;\" href=\"https:\/\/vimaterial.de\/es\/contacto\/\">cont\u00e1ctenos.<\/a><\/span><\/p>\n","protected":false},"featured_media":1003344,"comment_status":"open","ping_status":"closed","template":"","meta":{"_acf_changed":false},"product_brand":[],"product_cat":[187],"product_tag":[],"class_list":{"0":"post-1016521","1":"product","2":"type-product","3":"status-publish","4":"has-post-thumbnail","6":"product_cat-otros-materiales","8":"first","9":"instock","10":"shipping-taxable","11":"purchasable","12":"product-type-variable"},"acf":[],"_links":{"self":[{"href":"https:\/\/vimaterial.de\/es\/wp-json\/wp\/v2\/product\/1016521","targetHints":{"allow":["GET"]}}],"collection":[{"href":"https:\/\/vimaterial.de\/es\/wp-json\/wp\/v2\/product"}],"about":[{"href":"https:\/\/vimaterial.de\/es\/wp-json\/wp\/v2\/types\/product"}],"replies":[{"embeddable":true,"href":"https:\/\/vimaterial.de\/es\/wp-json\/wp\/v2\/comments?post=1016521"}],"wp:featuredmedia":[{"embeddable":true,"href":"https:\/\/vimaterial.de\/es\/wp-json\/wp\/v2\/media\/1003344"}],"wp:attachment":[{"href":"https:\/\/vimaterial.de\/es\/wp-json\/wp\/v2\/media?parent=1016521"}],"wp:term":[{"taxonomy":"product_brand","embeddable":true,"href":"https:\/\/vimaterial.de\/es\/wp-json\/wp\/v2\/product_brand?post=1016521"},{"taxonomy":"product_cat","embeddable":true,"href":"https:\/\/vimaterial.de\/es\/wp-json\/wp\/v2\/product_cat?post=1016521"},{"taxonomy":"product_tag","embeddable":true,"href":"https:\/\/vimaterial.de\/es\/wp-json\/wp\/v2\/product_tag?post=1016521"}],"curies":[{"name":"wp","href":"https:\/\/api.w.org\/{rel}","templated":true}]}}