{"id":1016496,"date":"2024-06-17T15:02:12","date_gmt":"2024-06-17T07:02:12","guid":{"rendered":"https:\/\/vimaterial.de\/product\/cobre-telluride-2\/"},"modified":"2025-03-31T17:19:08","modified_gmt":"2025-03-31T09:19:08","slug":"cobre-telluride-2","status":"publish","type":"product","link":"https:\/\/vimaterial.de\/es\/product\/cobre-telluride-2\/","title":{"rendered":"Telururo de cobre"},"content":{"rendered":"<p>El objetivo de pulverizaci\u00f3n cat\u00f3dica <span style=\"color: #0000ff;\"><a style=\"color: #0000ff;\" href=\"https:\/\/vimaterial.de\/es\/control-de-calidad\/\">de telururo de cobre<\/a><\/span> es un material utilizado en la tecnolog\u00eda de deposici\u00f3n f\u00edsica de vapor, que se compone principalmente de cobre y telurio. El telururo de cobre se puede depositar en la superficie del sustrato a trav\u00e9s del proceso de pulverizaci\u00f3n cat\u00f3dica, y se utiliza para preparar varias pel\u00edculas delgadas que contienen componentes de teluro de cobre, como en los campos de dispositivos semiconductores, dispositivos optoelectr\u00f3nicos, etc.<\/p>\n<p>VIMATERIAL proporciona objetivos de pulverizaci\u00f3n cat\u00f3dica de telururo de cobre de alta pureza con alta pureza, alta planitud, superficie limpia, bajo contenido de impurezas, rendimiento confiable, servicio personalizado y servicio de encuadernaci\u00f3n, \u00a1 <span style=\"color: #0000ff;\"><a style=\"color: #0000ff;\" href=\"https:\/\/vimaterial.de\/es\/contacto\/\">cont\u00e1ctenos!<\/a><\/span><\/p>\n<h2><span style=\"font-size: 14pt;\">Caracter\u00edsticas f\u00edsicas<\/span><\/h2>\n<p>F\u00f3rmula molecular: CuTe<\/p>\n<p>Peso molecular: 191.1<\/p>\n<p>Aspecto: Generalmente negro s\u00f3lido<\/p>\n<p>Densidad: 7,1 g\/cm\u00b3<\/p>\n<h2><span style=\"font-size: 14pt;\">Aplicaciones<\/span><\/h2>\n<p>Campo de semiconductores: Se puede utilizar en la fabricaci\u00f3n de dispositivos semiconductores para formar pel\u00edculas delgadas funcionales espec\u00edficas a trav\u00e9s del proceso de recubrimiento por pulverizaci\u00f3n cat\u00f3dica, proporcionando soporte de material clave para electrodos y l\u00edneas de interconexi\u00f3n de chips semiconductores.<\/p>\n<p>Campo fotovoltaico: En las c\u00e9lulas solares, especialmente en las c\u00e9lulas solares de pel\u00edcula fina, se puede utilizar para preparar capas funcionales como electrodos o capas absorbentes, lo que ayuda a mejorar la eficiencia de conversi\u00f3n fotoel\u00e9ctrica de la bater\u00eda.<\/p>\n<p>Dispositivos electr\u00f3nicos: Se puede utilizar en la fabricaci\u00f3n de varios tipos de dispositivos de control electr\u00f3nico, como transistores, circuitos integrados, etc., para proporcionar materiales de pel\u00edcula delgada precisos y uniformes para garantizar el alto rendimiento y la estabilidad del dispositivo.<\/p>\n<p>Campo de dispositivos optoelectr\u00f3nicos: en la fabricaci\u00f3n de diodos emisores de luz (LED), diodos l\u00e1ser y otros dispositivos optoelectr\u00f3nicos, se pueden utilizar para formar electrodos, capas reflectantes y otras estructuras, juegan un papel importante en la emisi\u00f3n y transmisi\u00f3n de luz para mejorar el rendimiento emisor de luz y la eficiencia del dispositivo.<\/p>\n<p>Campo de visualizaci\u00f3n: En la fabricaci\u00f3n de pantallas de cristal l\u00edquido (LCD), pantallas de diodos emisores de luz org\u00e1nica (OLED) y otros paneles de visualizaci\u00f3n, los objetivos de pulverizaci\u00f3n cat\u00f3dica CuTe se pueden utilizar para formar una pel\u00edcula conductora transparente, electrodos, etc., para garantizar el funcionamiento normal del panel de visualizaci\u00f3n y un buen efecto de visualizaci\u00f3n.<\/p>\n<h2><span style=\"font-size: 14pt;\">Control de calidad<\/span><\/h2>\n<p><span style=\"color: #0000ff;\"><a style=\"color: #0000ff;\" href=\"https:\/\/vimaterial.de\/es\/control-de-calidad\/\">Cada lote<\/a> <\/span>de productos tiene un estricto sistema de calidad para garantizar que los registros de inspecci\u00f3n completos, todos los productos de f\u00e1brica se puedan rastrear y proporcionar\u00e1n muestras al cliente despu\u00e9s de la f\u00e1brica, para que los clientes vuelvan a inspeccionar. Tenemos una buena consistencia del producto y una alta reproducibilidad del producto.<\/p>\n<h2><span style=\"font-size: 14pt;\">Embalaje y almacenamiento<\/span><\/h2>\n<p>Los objetivos de pulverizaci\u00f3n cat\u00f3dica de teluro de cobre se empaquetan en bolsas de vac\u00edo dobles y luego se empaquetan para su protecci\u00f3n.<\/p>\n<p>Los objetivos de pulverizaci\u00f3n cat\u00f3dica de teluro de cobre deben almacenarse en un ambiente seco y limpio a una temperatura de 15 a 25 grados Celsius y una humedad relativa de 30% a 50%, empaquetados en empaques sellados al vac\u00edo o con gas inerte, colocados en estantes de almacenamiento met\u00e1licos que hayan sido tratados para evitar la oxidaci\u00f3n y evitar el apilamiento y el contacto con reactivos qu\u00edmicos, fuentes de agua y fuentes de calor.<\/p>\n","protected":false},"excerpt":{"rendered":"<p>El objetivo de pulverizaci\u00f3n cat\u00f3dica <span style=\"color: #0000ff;\"><a style=\"color: #0000ff;\" href=\"https:\/\/vimaterial.de\/es\/control-de-calidad\/\">de telururo de cobre<\/a><\/span> es un material utilizado en la tecnolog\u00eda de deposici\u00f3n f\u00edsica de vapor, que se compone principalmente de cobre y telurio. El telururo de cobre se puede depositar en la superficie del sustrato a trav\u00e9s del proceso de pulverizaci\u00f3n cat\u00f3dica, y se utiliza para preparar varias pel\u00edculas delgadas que contienen componentes de teluro de cobre, como en los campos de dispositivos semiconductores, dispositivos optoelectr\u00f3nicos, etc.<\/p>\n<p>VIMATERIAL proporciona objetivos de pulverizaci\u00f3n cat\u00f3dica de telururo de cobre de alta pureza con alta pureza, alta planitud, superficie limpia, bajo contenido de impurezas, rendimiento confiable, servicio personalizado y servicio de encuadernaci\u00f3n, \u00a1 <span style=\"color: #0000ff;\"><a style=\"color: #0000ff;\" href=\"https:\/\/vimaterial.de\/es\/contacto\/\">cont\u00e1ctenos!<\/a><\/span><\/p>\n","protected":false},"featured_media":1003351,"comment_status":"open","ping_status":"closed","template":"","meta":{"_acf_changed":false},"product_brand":[],"product_cat":[178],"product_tag":[],"class_list":{"0":"post-1016496","1":"product","2":"type-product","3":"status-publish","4":"has-post-thumbnail","6":"product_cat-catodos-para-sputtering-planar","8":"first","9":"instock","10":"shipping-taxable","11":"product-type-variable"},"acf":[],"_links":{"self":[{"href":"https:\/\/vimaterial.de\/es\/wp-json\/wp\/v2\/product\/1016496","targetHints":{"allow":["GET"]}}],"collection":[{"href":"https:\/\/vimaterial.de\/es\/wp-json\/wp\/v2\/product"}],"about":[{"href":"https:\/\/vimaterial.de\/es\/wp-json\/wp\/v2\/types\/product"}],"replies":[{"embeddable":true,"href":"https:\/\/vimaterial.de\/es\/wp-json\/wp\/v2\/comments?post=1016496"}],"wp:featuredmedia":[{"embeddable":true,"href":"https:\/\/vimaterial.de\/es\/wp-json\/wp\/v2\/media\/1003351"}],"wp:attachment":[{"href":"https:\/\/vimaterial.de\/es\/wp-json\/wp\/v2\/media?parent=1016496"}],"wp:term":[{"taxonomy":"product_brand","embeddable":true,"href":"https:\/\/vimaterial.de\/es\/wp-json\/wp\/v2\/product_brand?post=1016496"},{"taxonomy":"product_cat","embeddable":true,"href":"https:\/\/vimaterial.de\/es\/wp-json\/wp\/v2\/product_cat?post=1016496"},{"taxonomy":"product_tag","embeddable":true,"href":"https:\/\/vimaterial.de\/es\/wp-json\/wp\/v2\/product_tag?post=1016496"}],"curies":[{"name":"wp","href":"https:\/\/api.w.org\/{rel}","templated":true}]}}