{"id":1016492,"date":"2024-06-17T15:02:09","date_gmt":"2024-06-17T07:02:09","guid":{"rendered":"https:\/\/vimaterial.de\/product\/cobre-telluride\/"},"modified":"2025-03-31T17:40:20","modified_gmt":"2025-03-31T09:40:20","slug":"cobre-telluride","status":"publish","type":"product","link":"https:\/\/vimaterial.de\/es\/product\/cobre-telluride\/","title":{"rendered":"Telururo de cobre"},"content":{"rendered":"<p><span style=\"color: #0000ff;\"><a style=\"color: #0000ff;\" href=\"https:\/\/vimaterial.de\/es\/product\/cobre-telluride-2\/\">El polvo de telururo de cobre<\/a><\/span> es un polvo compuesto de cobre y telurio, generalmente en forma de part\u00edculas finas, el color puede variar seg\u00fan la proporci\u00f3n de los ingredientes y otros factores, con un cierto grado de estabilidad qu\u00edmica, y tiene una serie de aplicaciones en el campo de la electr\u00f3nica, materiales optoelectr\u00f3nicos y otras \u00e1reas de valor.<\/p>\n<p>VIMATERIAL proporciona polvo de telururo de cobre de alta pureza, somos un proveedor profesional de materias primas qu\u00edmicas inorg\u00e1nicas, apoyamos pedidos de lotes peque\u00f1os, tambi\u00e9n apoyamos la personalizaci\u00f3n de productos y experimentos, si tiene problemas t\u00e9cnicos,<span style=\"color: #0000ff;\"><a style=\"color: #0000ff;\" href=\"https:\/\/vimaterial.de\/es\/contacto\/\"> cont\u00e1ctenos.<\/a><\/span><\/p>\n<h2><span style=\"font-size: 14pt;\">Caracter\u00edsticas f\u00edsicas<\/span><\/h2>\n<p>F\u00f3rmula molecular: CuTe<\/p>\n<p>Peso molecular: 191.1<\/p>\n<p>Aspecto: Por lo general, en forma de polvo negro azulado.<\/p>\n<p>Densidad: 7,1 g\/cm\u00b3<\/p>\n<p>Estructura cristalina: muestra una estructura de capa clara<\/p>\n<h2><span style=\"font-size: 14pt;\">Aplicaciones<\/span><\/h2>\n<p>Campo fotovoltaico: Como componente clave de los nuevos materiales fotovoltaicos, se puede utilizar en la preparaci\u00f3n de c\u00e9lulas solares de alta eficiencia, lo que ayuda a mejorar la eficiencia de conversi\u00f3n fotoel\u00e9ctrica.<\/p>\n<p>Materiales electr\u00f3nicos: En la fabricaci\u00f3n de dispositivos electr\u00f3nicos, se puede utilizar para fabricar componentes semiconductores especiales, lo que brinda la posibilidad de realizar un dise\u00f1o de circuitos altamente integrado y de alto rendimiento.<\/p>\n<p>Campo termoel\u00e9ctrico: como componente de materiales termoel\u00e9ctricos, puede realizar la conversi\u00f3n efectiva de energ\u00eda t\u00e9rmica y energ\u00eda el\u00e9ctrica, y tiene perspectivas de aplicaci\u00f3n potencial en el reciclaje de calor residual.<\/p>\n<p>Dispositivos optoelectr\u00f3nicos: Con sus propiedades optoelectr\u00f3nicas \u00fanicas, el polvo se puede utilizar en la fabricaci\u00f3n de fotodetectores, sensores fotoel\u00e9ctricos y otros dispositivos optoelectr\u00f3nicos, para mejorar la capacidad del dispositivo para detectar y convertir se\u00f1ales \u00f3pticas.<\/p>\n<h2><span style=\"font-size: 14pt;\">Control de calidad<\/span><\/h2>\n<p><span style=\"color: #0000ff;\"><a style=\"color: #0000ff;\" href=\"https:\/\/vimaterial.de\/es\/control-de-calidad\/\">Cada lote<\/a><\/span> de productos tiene un estricto sistema de calidad para garantizar que los registros de inspecci\u00f3n completos, todos los productos de f\u00e1brica se puedan rastrear y proporcionar\u00e1n muestras al cliente despu\u00e9s de la f\u00e1brica, para que los clientes vuelvan a inspeccionar. Tenemos una buena consistencia del producto y una alta reproducibilidad del producto.<\/p>\n<h2><span style=\"font-size: 14pt;\">Embalaje y almacenamiento<\/span><\/h2>\n<p>El polvo de telururo de cobre generalmente se empaqueta en bolsas o botellas de vac\u00edo dobles. La unidad m\u00ednima de embalaje es de 100 g\/bolsa (botella).<\/p>\n<p>El polvo de telururo de cobre debe almacenarse en un ambiente seco, fresco, bien ventilado y a prueba de luz, sellado y empaquetado para aislarlo del aire, la humedad y la luz intensa, y al mismo tiempo, debe mantenerse alejado del fuego, el calor y los agentes oxidantes fuertes, para evitar que se oxide, se delicuesca o se deteriore como resultado de otras reacciones qu\u00edmicas.<\/p>\n","protected":false},"excerpt":{"rendered":"<p><span style=\"color: #0000ff;\"><a style=\"color: #0000ff;\" href=\"https:\/\/vimaterial.de\/es\/product\/cobre-telluride-2\/\">El polvo de telururo de cobre<\/a><\/span> es un polvo compuesto de cobre y telurio, generalmente en forma de part\u00edculas finas, el color puede variar seg\u00fan la proporci\u00f3n de los ingredientes y otros factores, con un cierto grado de estabilidad qu\u00edmica, y tiene una serie de aplicaciones en el campo de la electr\u00f3nica, materiales optoelectr\u00f3nicos y otras \u00e1reas de valor.<\/p>\n<p>VIMATERIAL proporciona polvo de telururo de cobre de alta pureza, somos un proveedor profesional de materias primas qu\u00edmicas inorg\u00e1nicas, apoyamos pedidos de lotes peque\u00f1os, tambi\u00e9n apoyamos la personalizaci\u00f3n de productos y experimentos, si tiene problemas t\u00e9cnicos,<span style=\"color: #0000ff;\"><a style=\"color: #0000ff;\" href=\"https:\/\/vimaterial.de\/es\/contacto\/\"> cont\u00e1ctenos.<\/a><\/span><\/p>\n","protected":false},"featured_media":1003351,"comment_status":"open","ping_status":"closed","template":"","meta":{"_acf_changed":false},"product_brand":[],"product_cat":[181],"product_tag":[],"class_list":{"0":"post-1016492","1":"product","2":"type-product","3":"status-publish","4":"has-post-thumbnail","6":"product_cat-materiales-calcogenuros","8":"first","9":"instock","10":"shipping-taxable","11":"product-type-variable"},"acf":[],"_links":{"self":[{"href":"https:\/\/vimaterial.de\/es\/wp-json\/wp\/v2\/product\/1016492","targetHints":{"allow":["GET"]}}],"collection":[{"href":"https:\/\/vimaterial.de\/es\/wp-json\/wp\/v2\/product"}],"about":[{"href":"https:\/\/vimaterial.de\/es\/wp-json\/wp\/v2\/types\/product"}],"replies":[{"embeddable":true,"href":"https:\/\/vimaterial.de\/es\/wp-json\/wp\/v2\/comments?post=1016492"}],"wp:featuredmedia":[{"embeddable":true,"href":"https:\/\/vimaterial.de\/es\/wp-json\/wp\/v2\/media\/1003351"}],"wp:attachment":[{"href":"https:\/\/vimaterial.de\/es\/wp-json\/wp\/v2\/media?parent=1016492"}],"wp:term":[{"taxonomy":"product_brand","embeddable":true,"href":"https:\/\/vimaterial.de\/es\/wp-json\/wp\/v2\/product_brand?post=1016492"},{"taxonomy":"product_cat","embeddable":true,"href":"https:\/\/vimaterial.de\/es\/wp-json\/wp\/v2\/product_cat?post=1016492"},{"taxonomy":"product_tag","embeddable":true,"href":"https:\/\/vimaterial.de\/es\/wp-json\/wp\/v2\/product_tag?post=1016492"}],"curies":[{"name":"wp","href":"https:\/\/api.w.org\/{rel}","templated":true}]}}