{"id":1016484,"date":"2024-06-17T15:02:12","date_gmt":"2024-06-17T07:02:12","guid":{"rendered":"https:\/\/vimaterial.de\/product\/cobre-titanio-3\/"},"modified":"2025-03-31T13:29:04","modified_gmt":"2025-03-31T05:29:04","slug":"cobre-titanio-3","status":"publish","type":"product","link":"https:\/\/vimaterial.de\/es\/product\/cobre-titanio-3\/","title":{"rendered":"Cobre Titanio"},"content":{"rendered":"<p>El polvo de <span style=\"color: #0000ff;\"><a style=\"color: #0000ff;\" href=\"https:\/\/vimaterial.de\/es\/product\/cobre-titanio\/\">cobre y titanio<\/a><\/span> es un polvo de aleaci\u00f3n compuesto de cobre y titanio con buena conductividad el\u00e9ctrica y t\u00e9rmica, fuerza y resistencia a la corrosi\u00f3n, que se puede utilizar en muchos campos, como electr\u00f3nica, ciencia de materiales, biomedicina, energ\u00eda, etc.<\/p>\n<p>VIMATERIAL ofrece polvos de cobre y titanio de alta pureza, que est\u00e1n disponibles en una amplia gama de tama\u00f1os de part\u00edcula, con bajo contenido de impurezas y rendimiento confiable. Tenemos muchos a\u00f1os de experiencia en el campo de las materias primas qu\u00edmicas inorg\u00e1nicas, respaldados por un equipo t\u00e9cnico profesional, si tiene preguntas y necesita asesoramiento,<span style=\"color: #0000ff;\"><a style=\"color: #0000ff;\" href=\"https:\/\/vimaterial.de\/es\/contacto\/\"> cont\u00e1ctenos<\/a><\/span>.<\/p>\n<h2><span style=\"font-size: 14pt;\">Caracter\u00edsticas f\u00edsicas<\/span><\/h2>\n<p>F\u00f3rmula molecular: CuTi<\/p>\n<p>Peso molecular: 82,41 g\/mol<\/p>\n<p><span style=\"font-size: 12pt;\">Aspecto: generalmente polvo gris o negro<\/span><\/p>\n<h2><span style=\"font-size: 14pt;\">Aplicaciones<\/span><\/h2>\n<p>En el campo de los aparatos electr\u00f3nicos y el\u00e9ctricos: se puede utilizar para preparar materiales de electrodos para componentes electr\u00f3nicos para mejorar la conductividad y la estabilidad del electrodo.<\/p>\n<p>Aeroespacial: El polvo se puede utilizar como material de recubrimiento para piezas de alta temperatura, como las palas de los motores aeroespaciales, para mejorar la resistencia a altas temperaturas y al desgaste de las piezas.<\/p>\n<p>Campo del autom\u00f3vil de nueva energ\u00eda: en la fabricaci\u00f3n de bater\u00edas de autom\u00f3viles de nueva energ\u00eda, se puede utilizar para mejorar el rendimiento del electrodo de la bater\u00eda, aumentar la eficiencia de carga y descarga y la vida \u00fatil de la bater\u00eda.<\/p>\n<p>Fabricaci\u00f3n mec\u00e1nica: Se puede agregar a los materiales met\u00e1licos para producir piezas mec\u00e1nicas con alta resistencia, alta dureza y buena resistencia al desgaste para mejorar las propiedades mec\u00e1nicas y la vida \u00fatil.<\/p>\n<h2><span style=\"font-size: 14pt;\">Control de calidad<\/span><\/h2>\n<p><span style=\"color: #0000ff;\"><a style=\"color: #0000ff;\" href=\"https:\/\/vimaterial.de\/es\/control-de-calidad\/\">Cada lote<\/a><\/span> de productos tiene un estricto sistema de calidad para garantizar que los registros de inspecci\u00f3n completos, todos los productos de f\u00e1brica se puedan rastrear y proporcionar\u00e1n muestras al cliente despu\u00e9s de la f\u00e1brica, para que los clientes vuelvan a inspeccionar. Tenemos una buena consistencia del producto y una alta reproducibilidad del producto.<\/p>\n<h2><span style=\"font-size: 14pt;\">Embalaje y almacenamiento<\/span><\/h2>\n<p>Los polvos de cobre y titanio generalmente se envasan en bolsas o botellas de vac\u00edo dobles. La unidad m\u00ednima de embalaje es de 100 g\/bolsa (botella).<\/p>\n<p>Los polvos de cobre y titanio deben almacenarse en un ambiente seco, fresco y bien ventilado, sellarse para evitar la humedad, la oxidaci\u00f3n y la contaminaci\u00f3n por impurezas, y mantenerse alejado de fuentes de ignici\u00f3n, calor y sustancias corrosivas para evitar reacciones qu\u00edmicas, combusti\u00f3n o cambios en las propiedades f\u00edsicas.<\/p>\n","protected":false},"excerpt":{"rendered":"<p>El polvo de <span style=\"color: #0000ff;\"><a style=\"color: #0000ff;\" href=\"https:\/\/vimaterial.de\/es\/product\/cobre-titanio\/\">cobre titanio<\/a><\/span> es un polvo de aleaci\u00f3n compuesto de cobre y titanio con buena conductividad el\u00e9ctrica y t\u00e9rmica, fuerza y resistencia a la corrosi\u00f3n, que se puede utilizar en muchos campos, como electr\u00f3nica, ciencia de materiales, biomedicina, energ\u00eda, etc.<\/p>\n<p>VIMATERIAL ofrece polvos de cobre y titanio de alta pureza, que est\u00e1n disponibles en una amplia gama de tama\u00f1os de part\u00edcula, con bajo contenido de impurezas y rendimiento confiable. Tenemos muchos a\u00f1os de experiencia en el campo de las materias primas qu\u00edmicas inorg\u00e1nicas, respaldados por un equipo t\u00e9cnico profesional, si tiene preguntas y necesita asesoramiento,<span style=\"color: #0000ff;\"><a style=\"color: #0000ff;\" href=\"https:\/\/vimaterial.de\/es\/contacto\/\"> cont\u00e1ctenos<\/a><\/span>.<\/p>\n","protected":false},"featured_media":1003370,"comment_status":"open","ping_status":"closed","template":"","meta":{"_acf_changed":false},"product_brand":[],"product_cat":[187],"product_tag":[],"class_list":{"0":"post-1016484","1":"product","2":"type-product","3":"status-publish","4":"has-post-thumbnail","6":"product_cat-otros-materiales","8":"first","9":"instock","10":"shipping-taxable","11":"product-type-variable"},"acf":[],"_links":{"self":[{"href":"https:\/\/vimaterial.de\/es\/wp-json\/wp\/v2\/product\/1016484","targetHints":{"allow":["GET"]}}],"collection":[{"href":"https:\/\/vimaterial.de\/es\/wp-json\/wp\/v2\/product"}],"about":[{"href":"https:\/\/vimaterial.de\/es\/wp-json\/wp\/v2\/types\/product"}],"replies":[{"embeddable":true,"href":"https:\/\/vimaterial.de\/es\/wp-json\/wp\/v2\/comments?post=1016484"}],"wp:featuredmedia":[{"embeddable":true,"href":"https:\/\/vimaterial.de\/es\/wp-json\/wp\/v2\/media\/1003370"}],"wp:attachment":[{"href":"https:\/\/vimaterial.de\/es\/wp-json\/wp\/v2\/media?parent=1016484"}],"wp:term":[{"taxonomy":"product_brand","embeddable":true,"href":"https:\/\/vimaterial.de\/es\/wp-json\/wp\/v2\/product_brand?post=1016484"},{"taxonomy":"product_cat","embeddable":true,"href":"https:\/\/vimaterial.de\/es\/wp-json\/wp\/v2\/product_cat?post=1016484"},{"taxonomy":"product_tag","embeddable":true,"href":"https:\/\/vimaterial.de\/es\/wp-json\/wp\/v2\/product_tag?post=1016484"}],"curies":[{"name":"wp","href":"https:\/\/api.w.org\/{rel}","templated":true}]}}