{"id":1016478,"date":"2024-06-17T15:02:12","date_gmt":"2024-06-17T07:02:12","guid":{"rendered":"https:\/\/vimaterial.de\/product\/cobre-titanio-2\/"},"modified":"2025-03-31T13:45:47","modified_gmt":"2025-03-31T05:45:47","slug":"cobre-titanio-2","status":"publish","type":"product","link":"https:\/\/vimaterial.de\/es\/product\/cobre-titanio-2\/","title":{"rendered":"Cobre Titanio"},"content":{"rendered":"<p><span style=\"color: #0000ff;\"><a style=\"color: #0000ff;\" href=\"https:\/\/vimaterial.de\/es\/product\/cobre-titanio-3\/\">Cobre Los<\/a> <\/span>gr\u00e1nulos de titanio son sustancias granulares compuestas de cobre y titanio, que pueden tener propiedades met\u00e1licas y desempe\u00f1ar un papel en muchas \u00e1reas de la ciencia de los materiales y la electr\u00f3nica. Se utilizan en la preparaci\u00f3n de aleaciones y en la fabricaci\u00f3n de dispositivos electr\u00f3nicos.<\/p>\n<p>VIMATERIAL ofrece gr\u00e1nulos de cobre y titanio de alta pureza, que son puros, limpios, regulares, bajos en impurezas y confiables. Tenemos muchos a\u00f1os de experiencia en el campo de las materias primas qu\u00edmicas inorg\u00e1nicas, respaldados por un equipo t\u00e9cnico profesional, si tiene preguntas y necesita asesoramiento, <span style=\"color: #0000ff;\"><a style=\"color: #0000ff;\" href=\"https:\/\/vimaterial.de\/en\/contact-us\/\">cont\u00e1ctenos.<\/a><\/span><\/p>\n<h2><span style=\"font-size: 14pt;\">Caracter\u00edsticas f\u00edsicas<\/span><\/h2>\n<p>F\u00f3rmula molecular: CuTi<\/p>\n<p>Peso molecular: 82,41 g\/mol<\/p>\n<p>Aspecto: generalmente part\u00edculas finas de color gris plateado o blanquecino con brillo met\u00e1lico.<\/p>\n<p>Punto de fusi\u00f3n: alrededor de 1083 \u00b0C.<\/p>\n<p>Punto de ebullici\u00f3n: alrededor de 2562 \u00b0C.<\/p>\n<p>Estructura cristalina: Los tipos comunes incluyen celos\u00eda c\u00fabica centrada en el cuerpo, etc.<\/p>\n<h2><span style=\"font-size: 14pt;\">Aplicaciones<\/span><\/h2>\n<p>Campo electr\u00f3nico: se puede utilizar en materiales de embalaje electr\u00f3nico y pasta electr\u00f3nica, para mejorar la disipaci\u00f3n de calor y las propiedades el\u00e9ctricas de los dispositivos electr\u00f3nicos y mejorar la conductividad y la adhesi\u00f3n de la pasta.<\/p>\n<p>Ciencia de los materiales: Como elementos de aleaci\u00f3n o fases de refuerzo de materiales compuestos, las part\u00edculas de CuTi pueden mejorar las propiedades de las aleaciones o mejorar la tenacidad, la resistencia y la conductividad t\u00e9rmica de los materiales de la matriz.<\/p>\n<p>Campo biom\u00e9dico: se puede utilizar para la extracci\u00f3n de \u00e1cidos nucleicos despu\u00e9s del recubrimiento de la superficie, realizando una separaci\u00f3n y purificaci\u00f3n eficientes de \u00e1cidos nucleicos en muestras biol\u00f3gicas.<\/p>\n<p>Campo de energ\u00eda: se puede aplicar a los materiales de los electrodos de las bater\u00edas y a los materiales de almacenamiento de hidr\u00f3geno para mejorar la eficiencia de carga y descarga de las bater\u00edas, el rendimiento del ciclo y la eficiencia del almacenamiento de hidr\u00f3geno.<\/p>\n<h2><span style=\"font-size: 14pt;\">Control de calidad<\/span><\/h2>\n<p><a href=\"https:\/\/vimaterial.de\/es\/control-de-calidad\/\"><span style=\"color: #0000ff;\">Cada lote<\/span><\/a> de productos tiene un estricto sistema de calidad para garantizar que los registros de inspecci\u00f3n completos, todos los productos de f\u00e1brica se puedan rastrear y proporcionar\u00e1n muestras al cliente despu\u00e9s de la f\u00e1brica, para que los clientes vuelvan a inspeccionar. Tenemos una buena consistencia del producto y una alta reproducibilidad del producto.<\/p>\n<h2><span style=\"font-size: 14pt;\">Embalaje y almacenamiento<\/span><\/h2>\n<p>Los gr\u00e1nulos de cobre y titanio generalmente se envasan en bolsas o botellas de vac\u00edo dobles. La unidad m\u00ednima de embalaje es de 100 g\/bolsa (botella).<\/p>\n<p>Los gr\u00e1nulos de cobre y titanio deben almacenarse en un ambiente seco, fresco y bien ventilado, protegidos de la humedad y la oxidaci\u00f3n, lejos de sustancias corrosivas y fuentes de alta temperatura, y preferiblemente en paquetes sellados para evitar que la superficie de los gr\u00e1nulos se contamine o la composici\u00f3n cambie.<\/p>\n","protected":false},"excerpt":{"rendered":"<p>Cobre Titanio, compuesto granular por cobre y titanio, es un material con propiedades met\u00e1licas que desempe\u00f1a un papel fundamental en m\u00faltiples campos de la ciencia de los materiales y la electr\u00f3nica. Estos gr\u00e1nulos se emplean en la preparaci\u00f3n de aleaciones y en la fabricaci\u00f3n de dispositivos electr\u00f3nicos.<\/p>\n<p>VIMATERIAL ofrece gr\u00e1nulos de cobre y titanio de alta pureza, que son puros, limpios, regulares, bajos en impurezas y confiables. Tenemos muchos a\u00f1os de experiencia en el campo de las materias primas qu\u00edmicas inorg\u00e1nicas, respaldados por un equipo t\u00e9cnico profesional, si tiene preguntas y necesita asesoramiento, cont\u00e1ctenos.<\/p>\n","protected":false},"featured_media":1003363,"comment_status":"open","ping_status":"closed","template":"","meta":{"_acf_changed":false},"product_brand":[],"product_cat":[179],"product_tag":[],"class_list":{"0":"post-1016478","1":"product","2":"type-product","3":"status-publish","4":"has-post-thumbnail","6":"product_cat-materiales-de-evaporacion","8":"first","9":"instock","10":"shipping-taxable","11":"product-type-variable"},"acf":[],"_links":{"self":[{"href":"https:\/\/vimaterial.de\/es\/wp-json\/wp\/v2\/product\/1016478","targetHints":{"allow":["GET"]}}],"collection":[{"href":"https:\/\/vimaterial.de\/es\/wp-json\/wp\/v2\/product"}],"about":[{"href":"https:\/\/vimaterial.de\/es\/wp-json\/wp\/v2\/types\/product"}],"replies":[{"embeddable":true,"href":"https:\/\/vimaterial.de\/es\/wp-json\/wp\/v2\/comments?post=1016478"}],"wp:featuredmedia":[{"embeddable":true,"href":"https:\/\/vimaterial.de\/es\/wp-json\/wp\/v2\/media\/1003363"}],"wp:attachment":[{"href":"https:\/\/vimaterial.de\/es\/wp-json\/wp\/v2\/media?parent=1016478"}],"wp:term":[{"taxonomy":"product_brand","embeddable":true,"href":"https:\/\/vimaterial.de\/es\/wp-json\/wp\/v2\/product_brand?post=1016478"},{"taxonomy":"product_cat","embeddable":true,"href":"https:\/\/vimaterial.de\/es\/wp-json\/wp\/v2\/product_cat?post=1016478"},{"taxonomy":"product_tag","embeddable":true,"href":"https:\/\/vimaterial.de\/es\/wp-json\/wp\/v2\/product_tag?post=1016478"}],"curies":[{"name":"wp","href":"https:\/\/api.w.org\/{rel}","templated":true}]}}