{"id":1016443,"date":"2024-06-17T15:03:04","date_gmt":"2024-06-17T07:03:04","guid":{"rendered":"https:\/\/vimaterial.de\/product\/titanato-de-cobre-oxido-de-cobre-y-titanio-2\/"},"modified":"2025-03-27T17:56:21","modified_gmt":"2025-03-27T09:56:21","slug":"titanato-de-cobre-oxido-de-cobre-y-titanio-2","status":"publish","type":"product","link":"https:\/\/vimaterial.de\/es\/product\/titanato-de-cobre-oxido-de-cobre-y-titanio-2\/","title":{"rendered":"Titanato de cobre (\u00f3xido de cobre y titanio)"},"content":{"rendered":"<p><span style=\"font-family: arial, helvetica, sans-serif; font-size: 12pt;\">El objetivo del titanato de cobre es un objetivo cer\u00e1mico importante, su estructura cristalina es m\u00e1s compleja, con grupos de espacio espec\u00edficos y par\u00e1metros de celda, etc. Estas caracter\u00edsticas microestructurales determinan sus propiedades macrosc\u00f3picas y \u00e1reas de aplicaci\u00f3n. <\/span><\/p>\n<p><span style=\"font-family: arial, helvetica, sans-serif; font-size: 12pt;\">VIMATERIAL puede suministrar objetivos de titanato de cobre en varios paquetes y especificaciones, el objetivo de titanato de cobre producido por nuestra empresa se caracteriza por su alta pureza y excelente calidad, y la respuesta de nuestros clientes a este producto es muy buena. El titanato de cobre tiene una constante diel\u00e9ctrica alta y una p\u00e9rdida diel\u00e9ctrica baja, que tiene un papel indispensable en la producci\u00f3n industrial pr\u00e1ctica. El titanato de cobre tiene una constante diel\u00e9ctrica alta y una p\u00e9rdida diel\u00e9ctrica baja, lo que lo hace indispensable en la producci\u00f3n industrial pr\u00e1ctica. <\/span><\/p>\n<p><span style=\"color: #0000ff; font-family: arial, helvetica, sans-serif; font-size: 12pt;\"><a style=\"color: #0000ff;\" href=\"https:\/\/vimaterial.de\/es\/contacto\/\">Cont\u00e1ctenos.<\/a><\/span><\/p>\n<h2><span style=\"font-family: arial, helvetica, sans-serif; font-size: 14pt;\">Propiedades f\u00edsicas:<\/span><\/h2>\n<p><span style=\"font-family: arial, helvetica, sans-serif; font-size: 12pt;\">F\u00f3rmula molecular: CuTiO\u2083<\/span><\/p>\n<p><span style=\"font-family: arial, helvetica, sans-serif; font-size: 12pt;\">Peso molecular: 159.41<\/span><\/p>\n<p><span style=\"font-family: arial, helvetica, sans-serif; font-size: 12pt;\">Aspecto: polvo cristalino de color verde claro a gris oscuro, blanco chisporroteante o s\u00f3lido en varias formas.<\/span><\/p>\n<h2><span style=\"font-family: arial, helvetica, sans-serif; font-size: 14pt;\">Aplicaciones:<\/span><\/h2>\n<p><span style=\"font-family: arial, helvetica, sans-serif; font-size: 12pt;\">Dispositivos electr\u00f3nicos: En la fabricaci\u00f3n de semiconductores, el objetivo de titanato de cobre se puede utilizar para preparar condensadores, resistencias y otros componentes pasivos de alto rendimiento para mejorar el rendimiento y la integraci\u00f3n de circuitos integrados; Tambi\u00e9n se puede utilizar en la fabricaci\u00f3n de dispositivos de microondas, filtros de estaciones base de comunicaci\u00f3n, etc., para satisfacer la demanda de dispositivos electr\u00f3nicos de alta frecuencia y alto rendimiento para la comunicaci\u00f3n de alta velocidad y el procesamiento de datos.<\/span><\/p>\n<p><span style=\"font-family: arial, helvetica, sans-serif; font-size: 12pt;\">Almacenamiento de energ\u00eda: Con el desarrollo de nuevas tecnolog\u00edas energ\u00e9ticas, el titanato de cobre tambi\u00e9n muestra cierto potencial de aplicaci\u00f3n en el campo del almacenamiento de energ\u00eda, como bater\u00edas de iones de litio, supercondensadores y otros materiales de electrodos, su estructura y rendimiento \u00fanicos para ayudar a mejorar el rendimiento de carga y descarga de la bater\u00eda, el ciclo de vida y la densidad de energ\u00eda, para veh\u00edculos de nueva energ\u00eda, almacenamiento de energ\u00eda renovable y otro soporte t\u00e9cnico.<\/span><\/p>\n<h2><span style=\"font-family: arial, helvetica, sans-serif; font-size: 14pt;\">Embalaje y almacenamiento:<\/span><\/h2>\n<p><span style=\"font-family: arial, helvetica, sans-serif; font-size: 12pt;\">El embalaje y el almacenamiento de los materiales objetivo se operar\u00e1n en estricta conformidad con los requisitos pertinentes, seleccionando los materiales de embalaje y las condiciones de almacenamiento adecuados, adoptando m\u00e9todos de almacenamiento cient\u00edficos y razonables, y llevando a cabo inspecciones y mantenimiento regulares, a fin de garantizar que la calidad y el rendimiento de los materiales objetivo sean estables, prolonguen su vida \u00fatil y satisfagan las necesidades de producci\u00f3n e investigaci\u00f3n cient\u00edfica.<\/span><\/p>\n<h2><span style=\"font-family: arial, helvetica, sans-serif; font-size: 14pt;\">Control de calidad:<\/span><\/h2>\n<p><span style=\"font-family: arial, helvetica, sans-serif; font-size: 12pt;\">Cada lote de productos tiene un COA adjunto y un informe de an\u00e1lisis, todos los productos est\u00e1n calificados, tenga la seguridad de que el pedido.<\/span><\/p>\n","protected":false},"excerpt":{"rendered":"<p><span style=\"font-family: arial, helvetica, sans-serif; font-size: 12pt;\">El objetivo del titanato de cobre es un objetivo cer\u00e1mico importante, su estructura cristalina es m\u00e1s compleja, con grupos de espacio espec\u00edficos y par\u00e1metros de celda, etc. Estas caracter\u00edsticas microestructurales determinan sus propiedades macrosc\u00f3picas y \u00e1reas de aplicaci\u00f3n. <\/span><\/p>\n<p>&nbsp;<\/p>\n","protected":false},"featured_media":1003385,"comment_status":"open","ping_status":"closed","template":"","meta":{"_acf_changed":false},"product_brand":[],"product_cat":[178],"product_tag":[],"class_list":{"0":"post-1016443","1":"product","2":"type-product","3":"status-publish","4":"has-post-thumbnail","6":"product_cat-catodos-para-sputtering-planar","8":"first","9":"instock","10":"shipping-taxable","11":"product-type-variable"},"acf":[],"_links":{"self":[{"href":"https:\/\/vimaterial.de\/es\/wp-json\/wp\/v2\/product\/1016443","targetHints":{"allow":["GET"]}}],"collection":[{"href":"https:\/\/vimaterial.de\/es\/wp-json\/wp\/v2\/product"}],"about":[{"href":"https:\/\/vimaterial.de\/es\/wp-json\/wp\/v2\/types\/product"}],"replies":[{"embeddable":true,"href":"https:\/\/vimaterial.de\/es\/wp-json\/wp\/v2\/comments?post=1016443"}],"wp:featuredmedia":[{"embeddable":true,"href":"https:\/\/vimaterial.de\/es\/wp-json\/wp\/v2\/media\/1003385"}],"wp:attachment":[{"href":"https:\/\/vimaterial.de\/es\/wp-json\/wp\/v2\/media?parent=1016443"}],"wp:term":[{"taxonomy":"product_brand","embeddable":true,"href":"https:\/\/vimaterial.de\/es\/wp-json\/wp\/v2\/product_brand?post=1016443"},{"taxonomy":"product_cat","embeddable":true,"href":"https:\/\/vimaterial.de\/es\/wp-json\/wp\/v2\/product_cat?post=1016443"},{"taxonomy":"product_tag","embeddable":true,"href":"https:\/\/vimaterial.de\/es\/wp-json\/wp\/v2\/product_tag?post=1016443"}],"curies":[{"name":"wp","href":"https:\/\/api.w.org\/{rel}","templated":true}]}}