{"id":1016439,"date":"2024-06-17T15:02:14","date_gmt":"2024-06-17T07:02:14","guid":{"rendered":"https:\/\/vimaterial.de\/product\/titanato-de-cobre-oxido-de-cobre-y-titanio\/"},"modified":"2025-03-28T11:36:53","modified_gmt":"2025-03-28T03:36:53","slug":"titanato-de-cobre-oxido-de-cobre-y-titanio","status":"publish","type":"product","link":"https:\/\/vimaterial.de\/es\/product\/titanato-de-cobre-oxido-de-cobre-y-titanio\/","title":{"rendered":"Titanato de cobre (\u00f3xido de cobre y titanio)"},"content":{"rendered":"<p><a href=\"https:\/\/vimaterial.de\/es\/product\/titanato-de-cobre-oxido-de-cobre-y-titanio-2\/\"><span style=\"color: #0000ff;\">El polvo de titanato de cobre<\/span><\/a> es un polvo cristalino con color verde claro a gris oscuro, f\u00f3rmula molecular CuTiO\u2083, peso molecular 159.41, que se puede aplicar en cer\u00e1mica, industria qu\u00edmica y otros campos, como se utiliza en la fabricaci\u00f3n de condensadores cer\u00e1micos con altas constantes diel\u00e9ctricas y como materiales fotocatal\u00edticos.<\/p>\n<p>La pureza del polvo de titanato de cobre producido por VIMATERIAL puede ser del 99,9%, producimos polvo de buena calidad con alta pureza. Este producto tiene buena conductividad el\u00e9ctrica y t\u00e9rmica y puede transmitir corriente y calor r\u00e1pidamente. Contamos con un equipo t\u00e9cnico profesional, <span style=\"color: #0000ff;\"><a style=\"color: #0000ff;\" href=\"https:\/\/vimaterial.de\/es\/contacto\/\">cont\u00e1ctenos<\/a><\/span> si lo necesita.<\/p>\n<h2><span style=\"font-size: 14pt;\">Propiedades f\u00edsicas<\/span><\/h2>\n<p>F\u00f3rmula molecular: CuTiO\u2083<\/p>\n<p>Peso molecular: 159.41<\/p>\n<p>Aspecto: polvo cristalino de color verde claro a gris oscuro<\/p>\n<h2><span style=\"font-size: 14pt;\">Composici\u00f3n qu\u00edmica<\/span><\/h2>\n<table style=\"border-collapse: collapse; width: 100%; height: 104px;\">\n<tbody>\n<tr style=\"height: 56px;\">\n<td style=\"width: 11.1111%; height: 56px;\" colspan=\"9\">\n<p style=\"text-align: center;\"><strong><span style=\"font-size: 14pt;\">Impureza de titanato de cobre al 99,9% (% en peso)<\/span><\/strong><\/p>\n<\/td>\n<\/tr>\n<tr style=\"height: 24px;\">\n<td style=\"width: 11.1111%; height: 24px; text-align: center;\"><strong>Fe<\/strong><\/td>\n<td style=\"width: 11.1111%; height: 24px; text-align: center;\"><strong>Ni<\/strong><\/td>\n<td style=\"width: 11.1111%; height: 24px; text-align: center;\"><strong>Cr<\/strong><\/td>\n<td style=\"width: 11.1111%; height: 24px; text-align: center;\"><strong>Mn<\/strong><\/td>\n<td style=\"width: 11.1111%; height: 24px; text-align: center;\"><strong>Al<\/strong><\/td>\n<td style=\"width: 11.1111%; height: 24px; text-align: center;\"><strong>Zn<\/strong><\/td>\n<td style=\"width: 11.1111%; height: 24px; text-align: center;\"><strong>Mg<\/strong><\/td>\n<td style=\"width: 11.1111%; height: 24px; text-align: center;\"><strong>Pb<\/strong><\/td>\n<td style=\"width: 11.1111%; height: 24px; text-align: center;\"><strong>Cd<\/strong><\/td>\n<\/tr>\n<tr style=\"height: 24px;\">\n<td style=\"width: 11.1111%; height: 24px; text-align: center;\">0.03<\/td>\n<td style=\"width: 11.1111%; height: 24px; text-align: center;\">0.02<\/td>\n<td style=\"width: 11.1111%; height: 24px; text-align: center;\">0.003<\/td>\n<td style=\"width: 11.1111%; height: 24px; text-align: center;\">0.003<\/td>\n<td style=\"width: 11.1111%; height: 24px; text-align: center;\">0.003<\/td>\n<td style=\"width: 11.1111%; height: 24px; text-align: center;\">0.003<\/td>\n<td style=\"width: 11.1111%; height: 24px; text-align: center;\">0.004<\/td>\n<td style=\"width: 11.1111%; height: 24px; text-align: center;\">0.0003<\/td>\n<td style=\"width: 11.1111%; height: 24px; text-align: center;\">0.0001<\/td>\n<\/tr>\n<\/tbody>\n<\/table>\n<h2><span style=\"font-size: 14pt;\">Aplicaciones<\/span><\/h2>\n<p>Electr\u00f3nica: Los polvos de titanato de cobre se utilizan en la fabricaci\u00f3n de componentes electr\u00f3nicos, como condensadores, resistencias, etc., para mejorar el rendimiento y la eficiencia de los equipos electr\u00f3nicos debido a sus excelentes propiedades el\u00e9ctricas.<\/p>\n<p>Energ\u00eda: En la industria de las bater\u00edas de nueva energ\u00eda, el polvo se puede utilizar como materiales de electrodos o aditivos para mejorar el rendimiento y la eficiencia de carga\/descarga de las bater\u00edas.<\/p>\n<p>Aeroespacial: Su peso ligero, alta resistencia, resistencia a altas temperaturas y otras caracter\u00edsticas lo hacen adecuado para la fabricaci\u00f3n de componentes aeroespaciales, como alas de aviones, piezas de motor, etc., que pueden garantizar el rendimiento y reducir el peso.<\/p>\n<p>Campo automotriz: se puede utilizar para fabricar piezas de motores de autom\u00f3viles, piezas de sistemas de frenos y piezas de estructuras de carrocer\u00eda, etc., para mejorar el rendimiento, la seguridad y la econom\u00eda de combustible de los autom\u00f3viles.<\/p>\n<p>Campo m\u00e9dico: Debido a su buena biocompatibilidad y propiedades antimicrobianas, se puede utilizar en la fabricaci\u00f3n de dispositivos m\u00e9dicos, como herramientas quir\u00fargicas, implantes, etc., para reducir el riesgo de infecci\u00f3n.<\/p>\n<p>Campo cer\u00e1mico: como aditivo para materiales cer\u00e1micos, puede mejorar las propiedades el\u00e9ctricas, mec\u00e1nicas y t\u00e9rmicas de la cer\u00e1mica, y se utiliza en la fabricaci\u00f3n de productos cer\u00e1micos de alto rendimiento, como condensadores cer\u00e1micos, cer\u00e1micas piezoel\u00e9ctricas.<\/p>\n<h2><span style=\"font-size: 14pt;\">Control de calidad<\/span><\/h2>\n<p><span style=\"color: #0000ff;\"><a style=\"color: #0000ff;\" href=\"https:\/\/vimaterial.de\/es\/control-de-calidad\/\">Cada lote<\/a><\/span> de productos se probar\u00e1 para determinar la composici\u00f3n, el tama\u00f1o de part\u00edcula y otras caracter\u00edsticas y se emitir\u00e1 un informe de inspecci\u00f3n, y se proporcionar\u00e1n muestras de cada lote de productos a los clientes para su nueva inspecci\u00f3n. La inspecci\u00f3n de terceros tambi\u00e9n est\u00e1 disponible a pedido.<\/p>\n<h2><span style=\"font-size: 14pt;\">Embalaje y almacenamiento<\/span><\/h2>\n<p>Utilizamos bolsas de doble vac\u00edo o botellas de doble vac\u00edo con una capacidad m\u00ednima de 50g.<\/p>\n<p>El polvo de titanato de cobre debe almacenarse en un ambiente seco, fresco y bien ventilado, sellado y protegido de la humedad y el contacto con \u00e1cidos fuertes, \u00e1lcalis y otras sustancias corrosivas fuertes, as\u00ed como lejos de fuentes de ignici\u00f3n y calor para evitar el deterioro y el peligro.<\/p>\n","protected":false},"excerpt":{"rendered":"<p><a href=\"https:\/\/vimaterial.de\/es\/product\/titanato-de-cobre-oxido-de-cobre-y-titanio-2\/\"><span style=\"color: #0000ff;\">El polvo de titanato de cobre<\/span><\/a> es un polvo cristalino con color verde claro a gris oscuro, f\u00f3rmula molecular CuTiO\u2083, peso molecular 159.41, que se puede aplicar en cer\u00e1mica, industria qu\u00edmica y otros campos, como se utiliza en la fabricaci\u00f3n de condensadores cer\u00e1micos con altas constantes diel\u00e9ctricas y como materiales fotocatal\u00edticos.<\/p>\n<p>La pureza del polvo de titanato de cobre producido por VIMATERIAL puede ser del 99,9%, producimos polvo de buena calidad con alta pureza. Este producto tiene buena conductividad el\u00e9ctrica y t\u00e9rmica y puede transmitir corriente y calor r\u00e1pidamente. Contamos con un equipo t\u00e9cnico profesional, <span style=\"color: #0000ff;\"><a style=\"color: #0000ff;\" href=\"https:\/\/vimaterial.de\/es\/contacto\/\">cont\u00e1ctenos<\/a><\/span> si lo necesita.<\/p>\n","protected":false},"featured_media":1003385,"comment_status":"open","ping_status":"closed","template":"","meta":{"_acf_changed":false},"product_brand":[],"product_cat":[187],"product_tag":[],"class_list":{"0":"post-1016439","1":"product","2":"type-product","3":"status-publish","4":"has-post-thumbnail","6":"product_cat-otros-materiales","8":"first","9":"instock","10":"shipping-taxable","11":"product-type-variable"},"acf":[],"_links":{"self":[{"href":"https:\/\/vimaterial.de\/es\/wp-json\/wp\/v2\/product\/1016439","targetHints":{"allow":["GET"]}}],"collection":[{"href":"https:\/\/vimaterial.de\/es\/wp-json\/wp\/v2\/product"}],"about":[{"href":"https:\/\/vimaterial.de\/es\/wp-json\/wp\/v2\/types\/product"}],"replies":[{"embeddable":true,"href":"https:\/\/vimaterial.de\/es\/wp-json\/wp\/v2\/comments?post=1016439"}],"wp:featuredmedia":[{"embeddable":true,"href":"https:\/\/vimaterial.de\/es\/wp-json\/wp\/v2\/media\/1003385"}],"wp:attachment":[{"href":"https:\/\/vimaterial.de\/es\/wp-json\/wp\/v2\/media?parent=1016439"}],"wp:term":[{"taxonomy":"product_brand","embeddable":true,"href":"https:\/\/vimaterial.de\/es\/wp-json\/wp\/v2\/product_brand?post=1016439"},{"taxonomy":"product_cat","embeddable":true,"href":"https:\/\/vimaterial.de\/es\/wp-json\/wp\/v2\/product_cat?post=1016439"},{"taxonomy":"product_tag","embeddable":true,"href":"https:\/\/vimaterial.de\/es\/wp-json\/wp\/v2\/product_tag?post=1016439"}],"curies":[{"name":"wp","href":"https:\/\/api.w.org\/{rel}","templated":true}]}}