{"id":1016428,"date":"2024-06-17T15:03:05","date_gmt":"2024-06-17T07:03:05","guid":{"rendered":"https:\/\/vimaterial.de\/product\/aleacion-de-cobre-y-circonio-2\/"},"modified":"2025-03-27T17:27:55","modified_gmt":"2025-03-27T09:27:55","slug":"aleacion-de-cobre-y-circonio-2","status":"publish","type":"product","link":"https:\/\/vimaterial.de\/es\/product\/aleacion-de-cobre-y-circonio-2\/","title":{"rendered":"Aleaci\u00f3n de cobre y circonio"},"content":{"rendered":"<p><span style=\"font-family: arial, helvetica, sans-serif; font-size: 12pt;\">Aleaci\u00f3n de cobre y circonio: Un tipo especial de bronce en el que el circonio es el principal elemento de aleaci\u00f3n. A veces se agrega una peque\u00f1a cantidad de circonio para aumentar la resistencia. Las marcas comunes son QZr0.2 y QZr0.4. Buena resistencia t\u00e9rmica y resistencia a la fluencia, buena plasticidad y conductividad a alta temperatura.<\/span><\/p>\n<p><span style=\"font-family: arial, helvetica, sans-serif; font-size: 12pt;\">VIMATERIAL puede proporcionar pellets de aleaci\u00f3n de cobre y circonio en varios paquetes y especificaciones, nuestra empresa produce pellets de aleaci\u00f3n de cobre y circonio con alta pureza y excelente calidad, nuestros clientes tienen una muy buena respuesta a la calidad del producto. La aleaci\u00f3n de cobre y circonio tiene una fuerte oxidaci\u00f3n y los aditivos pueden mejorar las propiedades del material. La aleaci\u00f3n de cobre y circonio tiene fuertes propiedades oxidantes y se puede utilizar como aditivo para mejorar las propiedades del material, que tiene un papel indispensable en la producci\u00f3n industrial pr\u00e1ctica. <\/span><\/p>\n<p><span style=\"font-family: arial, helvetica, sans-serif; font-size: 12pt; color: #0000ff;\"><a style=\"color: #0000ff;\" href=\"https:\/\/vimaterial.de\/es\/contacto\/\">Cont\u00e1ctenos.<\/a><\/span><\/p>\n<h2><span style=\"font-family: arial, helvetica, sans-serif; font-size: 14pt;\">Propiedades f\u00edsicas:<\/span><\/h2>\n<p><span style=\"font-family: arial, helvetica, sans-serif; font-size: 12pt;\">Aleaci\u00f3n de cobre y circonio: Un tipo especial de bronce en el que el circonio es el principal elemento de aleaci\u00f3n. es una aleaci\u00f3n, no existe una f\u00f3rmula molecular fija, sus componentes principales son el cobre (Cu) y el circonio (Zr). <\/span><\/p>\n<p><span style=\"font-family: arial, helvetica, sans-serif; font-size: 12pt;\">Aspecto: generalmente brillo met\u00e1lico de color blanco gris\u00e1ceo.<\/span><\/p>\n<p><span style=\"font-family: arial, helvetica, sans-serif; font-size: 12pt;\">Densidad: var\u00eda seg\u00fan la proporci\u00f3n de componentes, generalmente alrededor de 7,5 &#8211; 8,5 g\/cm\u00b3. Por ejemplo, la densidad de la aleaci\u00f3n Cu-10Zr es de aproximadamente 7,82 g\/cm\u00b3. <\/span><\/p>\n<p><span style=\"font-family: arial, helvetica, sans-serif; font-size: 12pt;\">Punto de fusi\u00f3n: el punto de fusi\u00f3n del cobre es de aproximadamente 1083 \u00b0C, el punto de fusi\u00f3n del circonio es de aproximadamente 1852 \u00b0C, el punto de fusi\u00f3n de la aleaci\u00f3n de cobre y circonio est\u00e1 entre los dos y aumenta con el aumento del contenido de circonio, como el punto de fusi\u00f3n de la aleaci\u00f3n Cu-10Zr es de aproximadamente 1050 \u00b0C.<\/span><\/p>\n<p><span style=\"font-family: arial, helvetica, sans-serif; font-size: 12pt;\">Punto de ebullici\u00f3n: el punto de ebullici\u00f3n del cobre es de aproximadamente 2567 \u00b0C, el punto de ebullici\u00f3n del circonio es de aproximadamente 4377 \u00b0C y el punto de ebullici\u00f3n de la aleaci\u00f3n de cobre y circonio tambi\u00e9n est\u00e1 en este rango, que var\u00eda seg\u00fan la composici\u00f3n.<\/span><\/p>\n<p><span style=\"font-family: arial, helvetica, sans-serif; font-size: 12pt;\">Estructura cristalina: El cobre tiene una estructura c\u00fabica centrada en las caras y el circonio tiene una estructura hexagonal densa a temperatura ambiente. La estructura cristalina de las aleaciones de cobre-circonio es compleja y var\u00eda seg\u00fan factores como la composici\u00f3n y el procesamiento. En t\u00e9rminos generales, cuando el contenido de circonio es bajo, los \u00e1tomos de circonio pueden disolverse s\u00f3lidamente en la red de cobre, la formaci\u00f3n de una soluci\u00f3n s\u00f3lida a base de cobre, en este momento la aleaci\u00f3n a\u00fan mantiene la estructura c\u00fabica centrada en la cara; cuando el contenido de circonio es mayor, una variedad de compuestos intermet\u00e1licos pueden formar fases, como CuZr, CuZr\u2082, etc., estos compuestos intermet\u00e1licos tienen su propia estructura cristalina \u00fanica, CuZr para la estructura c\u00fabica centrada en el cuerpo, CuZr\u2082 para la estructura cuadril\u00e1tera. CuZr\u2082 es tetragonal, etc. <\/span><\/p>\n<p><span style=\"font-family: arial, helvetica, sans-serif; font-size: 12pt;\">Peso molecular: El peso molecular exacto no se puede determinar debido a la incertidumbre de la composici\u00f3n, si se conoce el contenido espec\u00edfico de cobre y circonio, se puede calcular de acuerdo con los pesos at\u00f3micos de los dos, el peso at\u00f3mico del cobre es de aproximadamente 63.55 y el peso at\u00f3mico del circonio es de aproximadamente 91.22. Por ejemplo, el peso molecular de una aleaci\u00f3n de Cu-10Zr se puede estimar en 63,55\u00d70,9 + 91,22\u00d70,1 = 66,32. <\/span><\/p>\n<h2><span style=\"font-family: arial, helvetica, sans-serif; font-size: 14pt;\">Aplicaciones:<\/span><\/h2>\n<p><span style=\"font-family: arial, helvetica, sans-serif; font-size: 12pt;\">Cables y alambres: debido a la alta conductividad de las aleaciones de cobre-circonio, son ampliamente utilizados en la fabricaci\u00f3n de cables y alambres de alto rendimiento, especialmente en aplicaciones que requieren alta conductividad y durabilidad.<\/span><\/p>\n<p><span style=\"font-family: arial, helvetica, sans-serif; font-size: 12pt;\">Conectores el\u00e9ctricos: Se utilizan en la fabricaci\u00f3n de una variedad de conectores el\u00e9ctricos, como enchufes, enchufes, terminales, etc.<\/span><\/p>\n<p><span style=\"font-family: arial, helvetica, sans-serif; font-size: 12pt;\">Interruptores: En interruptores el\u00e9ctricos, las aleaciones de cobre y circonio se pueden utilizar para fabricar contactos y otros componentes clave.<\/span><\/p>\n<p><span style=\"font-family: arial, helvetica, sans-serif; font-size: 12pt;\">Componentes electr\u00f3nicos: como marcos de plomo y contactos de alto voltaje en el proceso de fabricaci\u00f3n de semiconductores, la alta conductividad y la resistencia moderada de la aleaci\u00f3n de cobre-circonio pueden cumplir con los requisitos de estos componentes en equipos electr\u00f3nicos de alta precisi\u00f3n y alta confiabilidad, para garantizar la transmisi\u00f3n precisa de se\u00f1ales electr\u00f3nicas y el funcionamiento normal del equipo.<\/span><\/p>\n<h2><span style=\"font-family: arial, helvetica, sans-serif; font-size: 14pt;\">Embalaje y almacenamiento:<\/span><\/h2>\n<p><span style=\"font-family: arial, helvetica, sans-serif; font-size: 12pt;\">El embalaje puede ser personalizable. Seleccionaremos el material de embalaje adecuado de acuerdo con la naturaleza del material granular. <\/span><\/p>\n<p><span style=\"font-family: arial, helvetica, sans-serif;\">Los gr\u00e1nulos de aleaci\u00f3n de cobre y circonio se empaquetan en cajas de cart\u00f3n despu\u00e9s del embotellado al doble vac\u00edo.<\/span><\/p>\n<p><span style=\"font-family: arial, helvetica, sans-serif;\">Los gr\u00e1nulos de aleaci\u00f3n de cobre y circonio deben almacenarse en un lugar seco, fresco y ventilado, sellados para evitar la humedad, la oxidaci\u00f3n y el contacto con otras sustancias corrosivas. <\/span><\/p>\n<h2><span style=\"font-family: arial, helvetica, sans-serif; font-size: 14pt;\">Control de calidad:<\/span><\/h2>\n<p><span style=\"font-family: arial, helvetica, sans-serif; font-size: 12pt;\">Cada lote de productos va acompa\u00f1ado de un COA y un informe de an\u00e1lisis, todos los productos est\u00e1n calificados, no dude en realizar un pedido.<\/span><\/p>\n","protected":false},"excerpt":{"rendered":"<p><span style=\"font-family: arial, helvetica, sans-serif; font-size: 12pt;\">Aleaci\u00f3n de cobre y circonio: Un tipo especial de bronce en el que el circonio es el principal elemento de aleaci\u00f3n. A veces se agrega una peque\u00f1a cantidad de circonio para aumentar la resistencia. Las marcas comunes son QZr0.2 y QZr0.4. Buena resistencia t\u00e9rmica y resistencia a la fluencia, buena plasticidad y conductividad a alta temperatura.<\/span><\/p>\n<p><span style=\"font-family: arial, helvetica, sans-serif; font-size: 12pt;\">VIMATERIAL puede proporcionar pellets de aleaci\u00f3n de cobre y circonio en varios paquetes y especificaciones, nuestra empresa produce pellets de aleaci\u00f3n de cobre y circonio con alta pureza y excelente calidad, nuestros clientes tienen una muy buena respuesta a la calidad del producto. La aleaci\u00f3n de cobre y circonio tiene una fuerte oxidaci\u00f3n y los aditivos pueden mejorar las propiedades del material. La aleaci\u00f3n de cobre y circonio tiene fuertes propiedades oxidantes y se puede utilizar como aditivo para mejorar las propiedades del material, que tiene un papel indispensable en la producci\u00f3n industrial pr\u00e1ctica. <\/span><\/p>\n","protected":false},"featured_media":1003406,"comment_status":"open","ping_status":"closed","template":"","meta":{"_acf_changed":false},"product_brand":[],"product_cat":[179],"product_tag":[],"class_list":{"0":"post-1016428","1":"product","2":"type-product","3":"status-publish","4":"has-post-thumbnail","6":"product_cat-materiales-de-evaporacion","8":"first","9":"instock","10":"shipping-taxable","11":"product-type-variable"},"acf":[],"_links":{"self":[{"href":"https:\/\/vimaterial.de\/es\/wp-json\/wp\/v2\/product\/1016428","targetHints":{"allow":["GET"]}}],"collection":[{"href":"https:\/\/vimaterial.de\/es\/wp-json\/wp\/v2\/product"}],"about":[{"href":"https:\/\/vimaterial.de\/es\/wp-json\/wp\/v2\/types\/product"}],"replies":[{"embeddable":true,"href":"https:\/\/vimaterial.de\/es\/wp-json\/wp\/v2\/comments?post=1016428"}],"wp:featuredmedia":[{"embeddable":true,"href":"https:\/\/vimaterial.de\/es\/wp-json\/wp\/v2\/media\/1003406"}],"wp:attachment":[{"href":"https:\/\/vimaterial.de\/es\/wp-json\/wp\/v2\/media?parent=1016428"}],"wp:term":[{"taxonomy":"product_brand","embeddable":true,"href":"https:\/\/vimaterial.de\/es\/wp-json\/wp\/v2\/product_brand?post=1016428"},{"taxonomy":"product_cat","embeddable":true,"href":"https:\/\/vimaterial.de\/es\/wp-json\/wp\/v2\/product_cat?post=1016428"},{"taxonomy":"product_tag","embeddable":true,"href":"https:\/\/vimaterial.de\/es\/wp-json\/wp\/v2\/product_tag?post=1016428"}],"curies":[{"name":"wp","href":"https:\/\/api.w.org\/{rel}","templated":true}]}}