{"id":1016425,"date":"2024-06-17T15:03:04","date_gmt":"2024-06-17T07:03:04","guid":{"rendered":"https:\/\/vimaterial.de\/product\/cobre-zinc-laton\/"},"modified":"2025-03-27T17:50:23","modified_gmt":"2025-03-27T09:50:23","slug":"cobre-zinc-laton","status":"publish","type":"product","link":"https:\/\/vimaterial.de\/es\/product\/cobre-zinc-laton\/","title":{"rendered":"Cobre Zinc (Lat\u00f3n)"},"content":{"rendered":"<div class=\"message-box-content-wrapper-g6XZZQ\">\n<div class=\"message-content message-box-content-WoA7L1 receive-message-box-content-tsCcMM samantha-message-box-content-kHd1mL\" data-testid=\"message_content\">\n<div class=\"container-p6WrVu flow-markdown-body theme-samantha-_RgbJJ\" dir=\"ltr\" data-testid=\"message_text_content\" data-show-indicator=\"false\">\n<div class=\"auto-hide-last-sibling-br paragraph-z1iNZD paragraph-element br-paragraph-space\"><span style=\"font-family: arial, helvetica, sans-serif;\">Cobre Zinc. Los objetivos de cobre y zinc son objetivos de aleaci\u00f3n donde el cobre y el zinc son los componentes principales. El material de los objetivos de lat\u00f3n com\u00fan est\u00e1 conformado por cobre y zinc, dos metales. En cambio, los objetivos de lat\u00f3n especial tienen la adici\u00f3n de otros elementos de aleaci\u00f3n, adem\u00e1s del cobre y el zinc.<\/span><\/div>\n<\/div>\n<\/div>\n<\/div>\n<p><span style=\"font-family: arial, helvetica, sans-serif; font-size: 12pt;\">VIMATERIAL puede proporcionar una variedad de empaques y especificaciones del objetivo de cobre y zinc, nuestra empresa lo produce con alta pureza, excelentes caracter\u00edsticas de calidad, nuestros clientes responden a que la calidad del producto es muy buena. Tiene una buena conductividad el\u00e9ctrica y conductividad t\u00e9rmica, en la producci\u00f3n industrial real tiene un papel indispensable.<\/span><\/p>\n<p><span style=\"color: #0000ff; font-family: arial, helvetica, sans-serif; font-size: 12pt;\"><a style=\"color: #0000ff;\" href=\"https:\/\/vimaterial.de\/es\/contacto\/\">Cont\u00e1ctenos.<\/a><\/span><\/p>\n<h2><span style=\"font-family: arial, helvetica, sans-serif; font-size: 12pt;\">Aplicaciones:<\/span><\/h2>\n<p><span style=\"font-family: arial, helvetica, sans-serif; font-size: 12pt;\">Campo de informaci\u00f3n electr\u00f3nica: Se puede utilizar para la pulverizaci\u00f3n cat\u00f3dica de magnetr\u00f3n para preparar pel\u00edculas delgadas conductoras y materiales de electrodos.<\/span><\/p>\n<p><span style=\"font-family: arial, helvetica, sans-serif; font-size: 12pt;\">Campo \u00f3ptico: la pel\u00edcula delgada preparada por el objetivo de lat\u00f3n tiene el rendimiento de regular la reflexi\u00f3n y la absorci\u00f3n de luz hasta cierto punto, que se puede utilizar para la preparaci\u00f3n de pel\u00edculas \u00f3pticas, filtros y otros componentes \u00f3pticos, aplicados a instrumentos \u00f3pticos, comunicaciones \u00f3pticas y otros campos.<\/span><\/p>\n<p><span style=\"font-family: arial, helvetica, sans-serif; font-size: 12pt;\">Campo energ\u00e9tico: como en las c\u00e9lulas solares, las aleaciones de ciertos elementos o sus compuestos se pueden utilizar como catalizadores o materiales de electrodos, involucrados en el proceso de conversi\u00f3n fotoel\u00e9ctrica de las c\u00e9lulas solares, ayudan a mejorar el rendimiento y la eficiencia de la bater\u00eda.<\/span><\/p>\n<h2><span style=\"font-family: arial, helvetica, sans-serif; font-size: 12pt;\">Embalaje y almacenamiento:<\/span><\/h2>\n<p><span style=\"font-family: arial, helvetica, sans-serif;\">El objetivo de pulverizaci\u00f3n cat\u00f3dica de cobre y zinc se empaqueta despu\u00e9s de un doble embolso al vac\u00edo y se empaqueta en una caja de cart\u00f3n exterior para garantizar la seguridad del transporte.<\/span><\/p>\n<p><span style=\"font-family: arial, helvetica, sans-serif;\">Los objetivos de cobre y zinc deben almacenarse en un entorno seco, limpio, a una temperatura adecuada y con gases no corrosivos, y deben sellarse para evitar la oxidaci\u00f3n, la contaminaci\u00f3n y la humedad.<\/span><\/p>\n<h2><span style=\"font-family: arial, helvetica, sans-serif; font-size: 12pt;\">Control de calidad:<\/span><\/h2>\n<p><span style=\"font-family: arial, helvetica, sans-serif; font-size: 12pt;\">Cada lote de productos tiene un COA adjunto y un informe de an\u00e1lisis, todos los productos est\u00e1n calificados, tenga la seguridad de que el pedido.<\/span><\/p>\n","protected":false},"excerpt":{"rendered":"<p><span style=\"font-family: arial, helvetica, sans-serif;\">Cobre Zinc. Los objetivos de cobre y zinc son objetivos de aleaci\u00f3n donde el cobre y el zinc son los componentes principales. El material de los objetivos de lat\u00f3n com\u00fan est\u00e1 conformado por cobre y zinc, dos metales. En cambio, los objetivos de lat\u00f3n especial tienen la adici\u00f3n de otros elementos de aleaci\u00f3n, adem\u00e1s del cobre y el zinc.<\/span><\/p>\n<p><span style=\"font-family: arial, helvetica, sans-serif; font-size: 12pt;\">VIMATERIAL puede proporcionar una variedad de empaques y especificaciones del objetivo de lat\u00f3n, nuestra empresa lo produce con alta pureza, excelentes caracter\u00edsticas de calidad, nuestros clientes responden a la calidad del producto es muy buena. Tiene una buena conductividad el\u00e9ctrica y conductividad t\u00e9rmica, en la producci\u00f3n industrial real tiene un papel indispensable.<\/span><\/p>\n","protected":false},"featured_media":1003398,"comment_status":"open","ping_status":"closed","template":"","meta":{"_acf_changed":false},"product_brand":[],"product_cat":[178],"product_tag":[],"class_list":{"0":"post-1016425","1":"product","2":"type-product","3":"status-publish","4":"has-post-thumbnail","6":"product_cat-catodos-para-sputtering-planar","8":"first","9":"instock","10":"shipping-taxable","11":"product-type-variable"},"acf":[],"_links":{"self":[{"href":"https:\/\/vimaterial.de\/es\/wp-json\/wp\/v2\/product\/1016425","targetHints":{"allow":["GET"]}}],"collection":[{"href":"https:\/\/vimaterial.de\/es\/wp-json\/wp\/v2\/product"}],"about":[{"href":"https:\/\/vimaterial.de\/es\/wp-json\/wp\/v2\/types\/product"}],"replies":[{"embeddable":true,"href":"https:\/\/vimaterial.de\/es\/wp-json\/wp\/v2\/comments?post=1016425"}],"wp:featuredmedia":[{"embeddable":true,"href":"https:\/\/vimaterial.de\/es\/wp-json\/wp\/v2\/media\/1003398"}],"wp:attachment":[{"href":"https:\/\/vimaterial.de\/es\/wp-json\/wp\/v2\/media?parent=1016425"}],"wp:term":[{"taxonomy":"product_brand","embeddable":true,"href":"https:\/\/vimaterial.de\/es\/wp-json\/wp\/v2\/product_brand?post=1016425"},{"taxonomy":"product_cat","embeddable":true,"href":"https:\/\/vimaterial.de\/es\/wp-json\/wp\/v2\/product_cat?post=1016425"},{"taxonomy":"product_tag","embeddable":true,"href":"https:\/\/vimaterial.de\/es\/wp-json\/wp\/v2\/product_tag?post=1016425"}],"curies":[{"name":"wp","href":"https:\/\/api.w.org\/{rel}","templated":true}]}}