{"id":1016380,"date":"2024-06-17T15:03:07","date_gmt":"2024-06-17T07:03:07","guid":{"rendered":"https:\/\/vimaterial.de\/product\/zinc-metalico-6\/"},"modified":"2025-03-27T17:16:08","modified_gmt":"2025-03-27T09:16:08","slug":"zinc-metalico-6","status":"publish","type":"product","link":"https:\/\/vimaterial.de\/es\/product\/zinc-metalico-6\/","title":{"rendered":"Zinc met\u00e1lico"},"content":{"rendered":"<p><span style=\"font-family: arial, helvetica, sans-serif; font-size: 12pt;\">El zinc met\u00e1lico es un metal de transici\u00f3n blanco azulado, brillante y antimagn\u00e9tico. Es ligeramente menos denso que el hierro y tiene una estructura cristalina hexagonal.<\/span><\/p>\n<p><span style=\"font-family: arial, helvetica, sans-serif; font-size: 12pt;\">VIMATERIAL puede proporcionar pellets de metal de zinc en varios paquetes y especificaciones. Los pellets met\u00e1licos de zinc producidos por nuestra empresa se caracterizan por su alta pureza y excelente calidad, y nuestros clientes han respondido muy favorablemente a la calidad de este producto. El zinc es qu\u00edmicamente m\u00e1s activo y tiene un papel indispensable en la producci\u00f3n industrial pr\u00e1ctica. <\/span><\/p>\n<p><span style=\"color: #0000ff; font-family: arial, helvetica, sans-serif; font-size: 12pt;\"><a style=\"color: #0000ff;\" href=\"https:\/\/vimaterial.de\/es\/contacto\/\">Cont\u00e1ctenos.<\/a><\/span><\/p>\n<h2><span style=\"font-family: arial, helvetica, sans-serif; font-size: 14pt;\">Propiedades f\u00edsicas:<\/span><\/h2>\n<p><span style=\"font-family: arial, helvetica, sans-serif; font-size: 12pt;\">F\u00f3rmula molecular: Zn.<\/span><\/p>\n<p><span style=\"font-family: arial, helvetica, sans-serif; font-size: 12pt;\">Peso molecular: 65,39.<\/span><\/p>\n<p><span style=\"font-family: arial, helvetica, sans-serif; font-size: 12pt;\">Aspecto: gris plateado<\/span><\/p>\n<p><span style=\"font-family: arial, helvetica, sans-serif; font-size: 12pt;\">Punto de fusi\u00f3n:692.68 K (419.53 \u00b0C, 787.15 \u00b0F)<\/span><\/p>\n<p><span style=\"font-family: arial, helvetica, sans-serif; font-size: 12pt;\">Punto de ebullici\u00f3n:1180 K (907 \u00b0C, 1665 \u00b0F)<\/span><\/p>\n<p><span style=\"font-family: arial, helvetica, sans-serif; font-size: 12pt;\">Densidad (cerca de r.t.):7.14 g\/cm3 <\/span><\/p>\n<p><span style=\"font-family: arial, helvetica, sans-serif; font-size: 12pt;\">Estructura cristalina: Sistema cristalino hexagonal compacto.<\/span><\/p>\n<h2><span style=\"font-family: arial, helvetica, sans-serif; font-size: 14pt;\">Aplicaci\u00f3n:<\/span><\/h2>\n<p><span style=\"font-family: arial, helvetica, sans-serif; font-size: 12pt;\">Es un metal insustituible y bastante importante en la fabricaci\u00f3n de bater\u00edas. Se pueden formar diferentes tipos de aleaciones de zinc a baja temperatura agregando otros elementos.<\/span><\/p>\n<p><span style=\"font-family: arial, helvetica, sans-serif; font-size: 12pt;\">Muchas aleaciones lo contienen. El lat\u00f3n, por ejemplo, es una aleaci\u00f3n de zinc y cobre. Otros metales que pueden formar aleaciones binarias con el zinc son el aluminio, el antimonio, la plata, el esta\u00f1o, el magnesio, el cobalto, el n\u00edquel, el telurio, el cadmio, el plomo, el titanio y el sodio.<\/span><\/p>\n<h2><span style=\"font-family: arial, helvetica, sans-serif; font-size: 14pt;\">Embalaje y almacenamiento:<\/span><\/h2>\n<p><span style=\"font-family: arial, helvetica, sans-serif; font-size: 12pt;\">El embalaje puede ser personalizable. Seleccionaremos el material de embalaje adecuado de acuerdo con la naturaleza del material granular. <\/span><\/p>\n<p><span style=\"font-family: arial, helvetica, sans-serif; font-size: 12pt;\">Los materiales de pellets se proporcionan en bolsas, botellas y envases al vac\u00edo para garantizar la estabilidad de los materiales.<\/span><\/p>\n<p><span style=\"font-family: arial, helvetica, sans-serif;\">Los gr\u00e1nulos de zinc met\u00e1lico deben almacenarse en un lugar seco, fresco y bien ventilado, sellados contra la humedad y lejos de sustancias corrosivas para evitar la oxidaci\u00f3n y otras reacciones qu\u00edmicas.<\/span><\/p>\n<h2><span style=\"font-family: arial, helvetica, sans-serif; font-size: 14pt;\">Control de calidad:<\/span><\/h2>\n<p><span style=\"font-family: arial, helvetica, sans-serif; font-size: 12pt;\">Cada lote de productos va acompa\u00f1ado de un COA y un informe de an\u00e1lisis, todos los productos est\u00e1n calificados, no dude en realizar un pedido.<\/span><\/p>\n","protected":false},"excerpt":{"rendered":"<p><span style=\"font-family: arial, helvetica, sans-serif; font-size: 12pt;\">El zinc met\u00e1lico es un metal de transici\u00f3n blanco azulado, brillante y antimagn\u00e9tico. Es ligeramente menos denso que el hierro y tiene una estructura cristalina hexagonal.<\/span><\/p>\n<p><span style=\"font-family: arial, helvetica, sans-serif; font-size: 12pt;\">VIMATERIAL puede proporcionar pellets de metal de zinc en varios paquetes y especificaciones. Los pellets met\u00e1licos de zinc producidos por nuestra empresa se caracterizan por su alta pureza y excelente calidad, y nuestros clientes han respondido muy favorablemente a la calidad de este producto. El zinc es qu\u00edmicamente m\u00e1s activo y tiene un papel indispensable en la producci\u00f3n industrial pr\u00e1ctica. <\/span><\/p>\n","protected":false},"featured_media":1002519,"comment_status":"open","ping_status":"closed","template":"","meta":{"_acf_changed":false},"product_brand":[],"product_cat":[179],"product_tag":[],"class_list":{"0":"post-1016380","1":"product","2":"type-product","3":"status-publish","4":"has-post-thumbnail","6":"product_cat-materiales-de-evaporacion","8":"first","9":"instock","10":"shipping-taxable","11":"purchasable","12":"product-type-variable"},"acf":[],"_links":{"self":[{"href":"https:\/\/vimaterial.de\/es\/wp-json\/wp\/v2\/product\/1016380","targetHints":{"allow":["GET"]}}],"collection":[{"href":"https:\/\/vimaterial.de\/es\/wp-json\/wp\/v2\/product"}],"about":[{"href":"https:\/\/vimaterial.de\/es\/wp-json\/wp\/v2\/types\/product"}],"replies":[{"embeddable":true,"href":"https:\/\/vimaterial.de\/es\/wp-json\/wp\/v2\/comments?post=1016380"}],"wp:featuredmedia":[{"embeddable":true,"href":"https:\/\/vimaterial.de\/es\/wp-json\/wp\/v2\/media\/1002519"}],"wp:attachment":[{"href":"https:\/\/vimaterial.de\/es\/wp-json\/wp\/v2\/media?parent=1016380"}],"wp:term":[{"taxonomy":"product_brand","embeddable":true,"href":"https:\/\/vimaterial.de\/es\/wp-json\/wp\/v2\/product_brand?post=1016380"},{"taxonomy":"product_cat","embeddable":true,"href":"https:\/\/vimaterial.de\/es\/wp-json\/wp\/v2\/product_cat?post=1016380"},{"taxonomy":"product_tag","embeddable":true,"href":"https:\/\/vimaterial.de\/es\/wp-json\/wp\/v2\/product_tag?post=1016380"}],"curies":[{"name":"wp","href":"https:\/\/api.w.org\/{rel}","templated":true}]}}