{"id":1016280,"date":"2024-06-17T14:49:22","date_gmt":"2024-06-17T06:49:22","guid":{"rendered":"https:\/\/vimaterial.de\/product\/niquel-metal-8\/"},"modified":"2025-04-15T18:11:44","modified_gmt":"2025-04-15T10:11:44","slug":"niquel-metal-8","status":"publish","type":"product","link":"https:\/\/vimaterial.de\/es\/product\/niquel-metal-8\/","title":{"rendered":"N\u00edquel met\u00e1lico"},"content":{"rendered":"<p>El objetivo de pulverizaci\u00f3n cat\u00f3dica de <span style=\"color: #0000ff;\"><a style=\"color: #0000ff;\" href=\"https:\/\/vimaterial.de\/en\/product\/nickel-metal\/\">n\u00edquel<\/a> <\/span>met\u00e1lico es un metal de n\u00edquel como componente principal del material, la apariencia del brillo met\u00e1lico gris plateado, tiene una buena conductividad y resistencia a la corrosi\u00f3n, se utiliza principalmente en el proceso de recubrimiento por pulverizaci\u00f3n cat\u00f3dica por deposici\u00f3n f\u00edsica de vapor (PVD), se puede depositar en el sustrato con una pel\u00edcula delgada de n\u00edquel protectora, decorativa o funcional, es ampliamente utilizada en electr\u00f3nica,  campos mec\u00e1nicos, decorativos y otros.<\/p>\n<p>VIMATERIAL proporciona objetivos de pulverizaci\u00f3n cat\u00f3dica de n\u00edquel metal. Nuestros blancos de pulverizaci\u00f3n cat\u00f3dica de n\u00edquel met\u00e1lico se caracterizan por una excelente homogeneidad composicional, una pureza ultra alta y una excelente estabilidad de pulverizaci\u00f3n cat\u00f3dica, y tambi\u00e9n podemos proporcionar servicios de uni\u00f3n de objetivos. Contamos con un equipo profesional del R&amp;D y podemos aceptar la personalizaci\u00f3n y los experimentos, por favor <span style=\"color: #0000ff;\"><a style=\"color: #0000ff;\" href=\"https:\/\/vimaterial.de\/en\/contact-us\/\">cont\u00e1ctenos.<\/a><\/span>  <\/p>\n<h2><span style=\"font-size: 14pt;\">Propiedades f\u00edsicas<\/span><\/h2>\n<p>F\u00f3rmula molecular: Ni<\/p>\n<p>Peso molecular: 58.69<\/p>\n<p>Aspecto: Gris plateado s\u00f3lido con brillo met\u00e1lico.<\/p>\n<p>Densidad: aprox. 8.908 g\/cm\u00b3<\/p>\n<p>Punto de fusi\u00f3n: alrededor de 1453 \u00b0C<\/p>\n<p>Punto de ebullici\u00f3n: alrededor de 2732 \u00b0C<\/p>\n<p>Estructura cristalina: Estructura c\u00fabica centrada en la cara (FCC), los \u00e1tomos se encuentran en el v\u00e9rtice del cubo y en el centro de cada cara, esta estructura le da al n\u00edquel buena ductilidad y tenacidad y otras propiedades f\u00edsicas.<\/p>\n<h2><span style=\"font-size: 14pt;\">Aplicaciones<\/span><\/h2>\n<p>Campo electr\u00f3nico: Se utiliza en el recubrimiento de la superficie de los componentes electr\u00f3nicos para mejorar la capacidad del componente para resistir las interferencias electromagn\u00e9ticas y optimizar el rendimiento el\u00e9ctrico para garantizar el funcionamiento estable de los equipos electr\u00f3nicos.<\/p>\n<p>Campo de fabricaci\u00f3n de autom\u00f3viles: en la producci\u00f3n de autom\u00f3viles, se puede utilizar para recubrir piezas de motor para mejorar su resistencia a la corrosi\u00f3n y abrasi\u00f3n a alta temperatura, y prolongar la vida \u00fatil de las piezas clave del autom\u00f3vil.<\/p>\n<p>Campo aeroespacial: utilizado en la protecci\u00f3n de la superficie de los equipos aeroespaciales, a trav\u00e9s de la deposici\u00f3n de pel\u00edcula de n\u00edquel resiste eficazmente la erosi\u00f3n del entorno complejo en el espacio, para garantizar la confiabilidad de los materiales de la estructura de la aeronave.<\/p>\n<p>Campo decorativo: En la industria decorativa, la pel\u00edcula de n\u00edquel se puede depositar en la superficie de todo tipo de joyas y objetos, d\u00e1ndoles una textura met\u00e1lica brillante, hermosa y duradera y una capa protectora.<\/p>\n<p>Campo de fabricaci\u00f3n mec\u00e1nica: pulverizaci\u00f3n cat\u00f3dica de n\u00edquel en piezas mec\u00e1nicas para mejorar la dureza de la superficie y la resistencia al desgaste de las piezas, reduciendo la p\u00e9rdida y el fallo de las piezas en el funcionamiento mec\u00e1nico.<\/p>\n<h2><span style=\"font-size: 14pt;\">Control de calidad<\/span><\/h2>\n<p><span style=\"color: #0000ff;\"><a style=\"color: #0000ff;\" href=\"https:\/\/vimaterial.de\/en\/quality-control\/\">Nuestros productos<\/a><\/span> se implementan con el sistema de gesti\u00f3n de calidad m\u00e1s estricto, los materiales entrantes, el proceso, la inspecci\u00f3n final, la inspecci\u00f3n de f\u00e1brica tienen estrictos est\u00e1ndares de inspecci\u00f3n, para el procesamiento no calificado utilizar\u00e1 estrictas medidas de aislamiento para evitar el flujo de productos no conformes al siguiente proceso, de acuerdo con los requisitos del cliente, proporcionar\u00e1 a los clientes muestras para que los clientes vuelvan a inspeccionar.<\/p>\n<h2><span style=\"font-size: 14pt;\">Embalaje y almacenamiento<\/span><\/h2>\n<p>Los objetivos de pulverizaci\u00f3n cat\u00f3dica de n\u00edquel met\u00e1lico se empaquetan en bolsas y cartones de vac\u00edo dobles.<\/p>\n<p>Los objetivos de pulverizaci\u00f3n cat\u00f3dica de n\u00edquel met\u00e1lico deben almacenarse en un ambiente seco y bien ventilado con una temperatura estable, evitando el contacto con sustancias corrosivas como \u00e1cidos y \u00e1lcalis, evitando la humedad y la oxidaci\u00f3n, y al mismo tiempo evitando la colisi\u00f3n f\u00edsica y la extrusi\u00f3n, para mantener su buen rendimiento e integridad.<\/p>\n","protected":false},"excerpt":{"rendered":"<p>El objetivo de pulverizaci\u00f3n cat\u00f3dica de <span style=\"color: #0000ff;\"><a style=\"color: #0000ff;\" href=\"https:\/\/vimaterial.de\/en\/product\/nickel-metal\/\">n\u00edquel<\/a> <\/span>met\u00e1lico es un metal de n\u00edquel como componente principal del material, la apariencia del brillo met\u00e1lico gris plateado, tiene una buena conductividad y resistencia a la corrosi\u00f3n, se utiliza principalmente en el proceso de recubrimiento por pulverizaci\u00f3n cat\u00f3dica por deposici\u00f3n f\u00edsica de vapor (PVD), se puede depositar en el sustrato con una pel\u00edcula delgada de n\u00edquel protectora, decorativa o funcional, es ampliamente utilizada en electr\u00f3nica,  campos mec\u00e1nicos, decorativos y otros.<\/p>\n","protected":false},"featured_media":1002403,"comment_status":"open","ping_status":"closed","template":"","meta":{"_acf_changed":false},"product_brand":[],"product_cat":[178],"product_tag":[],"class_list":{"0":"post-1016280","1":"product","2":"type-product","3":"status-publish","4":"has-post-thumbnail","6":"product_cat-catodos-para-sputtering-planar","8":"first","9":"instock","10":"shipping-taxable","11":"purchasable","12":"product-type-variable"},"acf":[],"_links":{"self":[{"href":"https:\/\/vimaterial.de\/es\/wp-json\/wp\/v2\/product\/1016280","targetHints":{"allow":["GET"]}}],"collection":[{"href":"https:\/\/vimaterial.de\/es\/wp-json\/wp\/v2\/product"}],"about":[{"href":"https:\/\/vimaterial.de\/es\/wp-json\/wp\/v2\/types\/product"}],"replies":[{"embeddable":true,"href":"https:\/\/vimaterial.de\/es\/wp-json\/wp\/v2\/comments?post=1016280"}],"wp:featuredmedia":[{"embeddable":true,"href":"https:\/\/vimaterial.de\/es\/wp-json\/wp\/v2\/media\/1002403"}],"wp:attachment":[{"href":"https:\/\/vimaterial.de\/es\/wp-json\/wp\/v2\/media?parent=1016280"}],"wp:term":[{"taxonomy":"product_brand","embeddable":true,"href":"https:\/\/vimaterial.de\/es\/wp-json\/wp\/v2\/product_brand?post=1016280"},{"taxonomy":"product_cat","embeddable":true,"href":"https:\/\/vimaterial.de\/es\/wp-json\/wp\/v2\/product_cat?post=1016280"},{"taxonomy":"product_tag","embeddable":true,"href":"https:\/\/vimaterial.de\/es\/wp-json\/wp\/v2\/product_tag?post=1016280"}],"curies":[{"name":"wp","href":"https:\/\/api.w.org\/{rel}","templated":true}]}}