{"id":1016275,"date":"2024-06-17T14:49:22","date_gmt":"2024-06-17T06:49:22","guid":{"rendered":"https:\/\/vimaterial.de\/product\/niquel-metal-7\/"},"modified":"2025-04-15T18:14:07","modified_gmt":"2025-04-15T10:14:07","slug":"niquel-metal-7","status":"publish","type":"product","link":"https:\/\/vimaterial.de\/es\/product\/niquel-metal-7\/","title":{"rendered":"N\u00edquel met\u00e1lico"},"content":{"rendered":"<p>La l\u00e1mina <span style=\"color: #0000ff;\"><a style=\"color: #0000ff;\" href=\"https:\/\/vimaterial.de\/en\/product\/nickel-metal\/\">de metal de n\u00edquel<\/a> <\/span>es una l\u00e1mina delgada de metal de n\u00edquel con excelente ductilidad, conductividad y resistencia a la corrosi\u00f3n, com\u00fanmente utilizada en electr\u00f3nica, bater\u00edas y galvanoplastia debido a su buena conformabilidad y estabilidad. bater\u00edas, y galvanoplastia debido a su buena conformabilidad y estabilidad. <\/p>\n<p>VIMATERIAL proporciona l\u00e1mina de metal de n\u00edquel, nuestra l\u00e1mina de n\u00edquel tiene alta pureza, espesor uniforme, buena calidad de superficie, excelente ductilidad, excelente rendimiento en electr\u00f3nica, nueva energ\u00eda y otras aplicaciones, en la que conf\u00edan los clientes, calidad estable y confiable. Nuestra empresa cuenta con un equipo profesional de investigaci\u00f3n y desarrollo de tecnolog\u00eda, acepte personalizaci\u00f3n y experimentos, <span style=\"color: #0000ff;\"><a style=\"color: #0000ff;\" href=\"https:\/\/vimaterial.de\/en\/contact-us\/\">cont\u00e1ctenos<\/a><\/span>. <\/p>\n<h2><span style=\"font-size: 14pt;\">Propiedades f\u00edsicas<\/span><\/h2>\n<p>F\u00f3rmula molecular: Ni<\/p>\n<p>Peso molecular: 58.6934<\/p>\n<p>Aspecto: Por lo general, en forma de escamas de brillo met\u00e1lico de color blanco plateado, con superficie plana y lisa, sin defectos obvios.<\/p>\n<p>Densidad: 8.908 g\/cm\u00b3.<\/p>\n<p>Punto de fusi\u00f3n: 1453 \u00b0C<\/p>\n<p>Punto de ebullici\u00f3n: 2732\u00b0C.<\/p>\n<p>Estructura cristalina: estructura de celos\u00eda c\u00fabica centrada en las caras. Esta estructura cristalina le da a la l\u00e1mina de Ni buenas propiedades mec\u00e1nicas, conductividad el\u00e9ctrica y resistencia a la corrosi\u00f3n, lo que la hace \u00fatil en aplicaciones electr\u00f3nicas y qu\u00edmicas. <\/p>\n<h2><span style=\"font-size: 14pt;\">Aplicaciones<\/span><\/h2>\n<p>Electr\u00f3nica: La l\u00e1mina de Ni se utiliza en la fabricaci\u00f3n de electrodos y blindajes para componentes electr\u00f3nicos y marcos de cables para circuitos integrados, donde su buena conductividad el\u00e9ctrica garantiza la transmisi\u00f3n eficiente y el funcionamiento estable de las se\u00f1ales electr\u00f3nicas.<\/p>\n<p>Bater\u00edas: Como colector de corriente en las bater\u00edas de litio, la l\u00e1mina de Ni recoge y conduce eficazmente la corriente, lo que garantiza procesos de carga y descarga fluidos y mejora el rendimiento general de la bater\u00eda.<\/p>\n<p>Industria qu\u00edmica: La l\u00e1mina de Ni se utiliza en el revestimiento de reactores qu\u00edmicos y en el interior de tuber\u00edas para proporcionar resistencia a la corrosi\u00f3n contra una amplia gama de medios qu\u00edmicos, prolongando la vida \u00fatil de los equipos y reduciendo los costos de mantenimiento.<\/p>\n<p>Aeroespacial: La l\u00e1mina de Ni se utiliza en el recubrimiento de las palas de los motores aeron\u00e1uticos y en los sistemas de protecci\u00f3n t\u00e9rmica de las naves espaciales, donde su resistencia a las altas temperaturas y sus propiedades mec\u00e1nicas garantizan el funcionamiento estable de los componentes clave en entornos extremos.<\/p>\n<p>Decoraci\u00f3n: El papel de aluminio Ni se utiliza para la decoraci\u00f3n de superficies de joyer\u00eda y artesan\u00edas a trav\u00e9s de un proceso especial, agregando una apariencia exquisita y hermosa con su brillo met\u00e1lico \u00fanico y buena procesabilidad.<\/p>\n<h2><span style=\"font-size: 14pt;\">Control de calidad<\/span><\/h2>\n<p><span style=\"color: #0000ff;\"><a style=\"color: #0000ff;\" href=\"https:\/\/vimaterial.de\/en\/quality-control\/\">Cada lote<\/a> <\/span>de productos protege estrictamente la calidad, desde la selecci\u00f3n de los proveedores de materias primas, hasta el uso de equipos de prueba avanzados para monitorear con precisi\u00f3n todo el proceso de producci\u00f3n, hasta el producto terminado a trav\u00e9s de muchas rondas de muestreo severo y certificaci\u00f3n autorizada de terceros, para garantizar que cada lote de productos cumpla y supere los altos est\u00e1ndares de la industria con un  Sistema de control de calidad de tolerancia cero, para proporcionar a nuestros clientes la mejor calidad y los productos m\u00e1s estables.<\/p>\n<h2><span style=\"font-size: 14pt;\">Embalaje y almacenamiento<\/span><\/h2>\n<p>La l\u00e1mina de metal de n\u00edquel se empaqueta en cajas y luego se embolsa al vac\u00edo y finalmente se empaqueta en cajas de cart\u00f3n.<\/p>\n<p>La l\u00e1mina met\u00e1lica de n\u00edquel debe almacenarse en un ambiente seco, limpio y fresco, lejos de sustancias corrosivas y humedad, preferiblemente sellada y empaquetada para evitar la oxidaci\u00f3n y la contaminaci\u00f3n.<\/p>\n","protected":false},"excerpt":{"rendered":"<p>La l\u00e1mina <span style=\"color: #0000ff;\"><a style=\"color: #0000ff;\" href=\"https:\/\/vimaterial.de\/en\/product\/nickel-metal\/\">de metal de n\u00edquel<\/a> <\/span>es una l\u00e1mina delgada de metal de n\u00edquel con excelente ductilidad, conductividad y resistencia a la corrosi\u00f3n, com\u00fanmente utilizada en electr\u00f3nica, bater\u00edas y galvanoplastia debido a su buena conformabilidad y estabilidad. bater\u00edas, y galvanoplastia debido a su buena conformabilidad y estabilidad. <\/p>\n","protected":false},"featured_media":1002040,"comment_status":"open","ping_status":"closed","template":"","meta":{"_acf_changed":false},"product_brand":[],"product_cat":[188],"product_tag":[],"class_list":{"0":"post-1016275","1":"product","2":"type-product","3":"status-publish","4":"has-post-thumbnail","6":"product_cat-perfil","8":"first","9":"instock","10":"shipping-taxable","11":"purchasable","12":"product-type-variable"},"acf":[],"_links":{"self":[{"href":"https:\/\/vimaterial.de\/es\/wp-json\/wp\/v2\/product\/1016275","targetHints":{"allow":["GET"]}}],"collection":[{"href":"https:\/\/vimaterial.de\/es\/wp-json\/wp\/v2\/product"}],"about":[{"href":"https:\/\/vimaterial.de\/es\/wp-json\/wp\/v2\/types\/product"}],"replies":[{"embeddable":true,"href":"https:\/\/vimaterial.de\/es\/wp-json\/wp\/v2\/comments?post=1016275"}],"wp:featuredmedia":[{"embeddable":true,"href":"https:\/\/vimaterial.de\/es\/wp-json\/wp\/v2\/media\/1002040"}],"wp:attachment":[{"href":"https:\/\/vimaterial.de\/es\/wp-json\/wp\/v2\/media?parent=1016275"}],"wp:term":[{"taxonomy":"product_brand","embeddable":true,"href":"https:\/\/vimaterial.de\/es\/wp-json\/wp\/v2\/product_brand?post=1016275"},{"taxonomy":"product_cat","embeddable":true,"href":"https:\/\/vimaterial.de\/es\/wp-json\/wp\/v2\/product_cat?post=1016275"},{"taxonomy":"product_tag","embeddable":true,"href":"https:\/\/vimaterial.de\/es\/wp-json\/wp\/v2\/product_tag?post=1016275"}],"curies":[{"name":"wp","href":"https:\/\/api.w.org\/{rel}","templated":true}]}}