{"id":1016237,"date":"2024-06-17T14:49:24","date_gmt":"2024-06-17T06:49:24","guid":{"rendered":"https:\/\/vimaterial.de\/product\/boruro-de-niquel-4\/"},"modified":"2025-04-15T18:10:12","modified_gmt":"2025-04-15T10:10:12","slug":"boruro-de-niquel-4","status":"publish","type":"product","link":"https:\/\/vimaterial.de\/es\/product\/boruro-de-niquel-4\/","title":{"rendered":"Borido de n\u00edquel"},"content":{"rendered":"<p><span style=\"color: #0000ff;\"><a style=\"color: #0000ff;\" href=\"https:\/\/vimaterial.de\/en\/product\/nickel-boride-2\/\">El polvo de boruro de n\u00edquel<\/a><span style=\"color: #000000;\"> <\/span><\/span><span style=\"color: #000000;\">es un<\/span> polvo compuesto compuesto por n\u00edquel y boro, <span style=\"color: #000000;\">generalmente<\/span> de apariencia negra o gris, con alta dureza, buena estabilidad qu\u00edmica y actividad catal\u00edtica, tiene importantes aplicaciones en reacciones catal\u00edticas, materiales resistentes al desgaste y materiales electr\u00f3nicos.<\/p>\n<p>VIAMTERIAL suministra polvo de boruro de n\u00edquel. Nuestros polvos se caracterizan por su alta pureza, tama\u00f1o de part\u00edcula uniforme, buena fluidez, buena compactaci\u00f3n y estabilidad qu\u00edmica, y apoyamos el envasado y la realizaci\u00f3n de pedidos en lotes peque\u00f1os. Contamos con un equipo profesional de investigaci\u00f3n y desarrollo t\u00e9cnico, aceptamos la personalizaci\u00f3n y experimentaci\u00f3n del producto, <span style=\"color: #0000ff;\"><a style=\"color: #0000ff;\" href=\"https:\/\/vimaterial.de\/en\/contact-us\/\">cont\u00e1ctenos.<\/a><\/span>  <\/p>\n<h2><span style=\"font-size: 14pt;\">Propiedades f\u00edsicas<\/span><\/h2>\n<p>F\u00f3rmula molecular: Ni2B<\/p>\n<p>Peso molecular: alrededor de 128.19<\/p>\n<p>Aspecto: Aparece como polvo negro o gris<\/p>\n<p>Estructura cristalina: La estructura cristalina com\u00fan puede ser un sistema cristalino tetragonal, en el que los \u00e1tomos de n\u00edquel y boro se distribuyen de acuerdo con una disposici\u00f3n espacial espec\u00edfica, y esta estructura tiene una influencia importante en sus propiedades f\u00edsicas y qu\u00edmicas.<\/p>\n<h2><span style=\"font-size: 14pt;\">Aplicaciones<\/span><\/h2>\n<p>Cat\u00e1lisis: Los polvos de boruro de n\u00edquel se utilizan como catalizadores en reacciones de s\u00edntesis org\u00e1nica, donde pueden catalizar la hidrogenaci\u00f3n de enlaces insaturados con alta eficiencia, mejorando las velocidades de reacci\u00f3n y la selectividad, y ayudando en la producci\u00f3n de productos qu\u00edmicos finos.<\/p>\n<p>Electr\u00f3nica: En la fabricaci\u00f3n de componentes electr\u00f3nicos, se utiliza en la preparaci\u00f3n de electrodos y pastas conductoras para garantizar un excelente rendimiento de los dispositivos electr\u00f3nicos en virtud de su estabilidad y conductividad.<\/p>\n<p>Materiales resistentes al desgaste: Cuando se agregan a recubrimientos o aleaciones, los polvos de boruro de n\u00edquel mejoran la resistencia al desgaste de los materiales con su alta dureza, lo que prolonga la vida \u00fatil de las piezas mec\u00e1nicas y reduce el desperdicio industrial.<\/p>\n<h2><span style=\"font-size: 14pt;\">Control de calidad<\/span><\/h2>\n<p><span style=\"color: #0000ff;\"><a style=\"color: #0000ff;\" href=\"https:\/\/vimaterial.de\/en\/quality-control\/\">El control de calidad<\/a><\/span> de cada lote de productos se lleva a cabo a lo largo de todo el proceso de adquisici\u00f3n de materias primas, producci\u00f3n y procesamiento, pruebas e inspecci\u00f3n y embalaje, siguiendo estrictamente los est\u00e1ndares internacionales y las normas de la industria. Contamos con equipos de prueba avanzados, equipo profesional de control de calidad y un estricto sistema de control de calidad para garantizar la calidad del producto. <\/p>\n<h2><span style=\"font-size: 14pt;\">Embalaje y almacenamiento<\/span><\/h2>\n<p>Los polvos de boruro de n\u00edquel se envasan en bolsas de doble vac\u00edo o botellas de doble vac\u00edo con cajas de cart\u00f3n exteriores.<\/p>\n<p>Los polvos de borruro de n\u00edquel deben almacenarse en un ambiente seco, fresco y bien ventilado, sellados para evitar la humedad y la oxidaci\u00f3n, y deben mantenerse alejados de sustancias corrosivas como \u00e1cidos, \u00e1lcalis, fuentes de fuego y agentes oxidantes fuertes, y deben almacenarse adecuadamente de acuerdo con las regulaciones sobre el almacenamiento de productos qu\u00edmicos.<\/p>\n","protected":false},"excerpt":{"rendered":"<p><span style=\"color: #0000ff;\"><a style=\"color: #0000ff;\" href=\"https:\/\/vimaterial.de\/en\/product\/nickel-boride-2\/\">El polvo de boruro de n\u00edquel<\/a><span style=\"color: #000000;\"> <\/span><\/span><span style=\"color: #000000;\">es un<\/span> polvo compuesto compuesto por n\u00edquel y boro, <span style=\"color: #000000;\">generalmente<\/span> de apariencia negra o gris, con alta dureza, buena estabilidad qu\u00edmica y actividad catal\u00edtica, tiene importantes aplicaciones en reacciones catal\u00edticas, materiales resistentes al desgaste y materiales electr\u00f3nicos.<\/p>\n","protected":false},"featured_media":1002423,"comment_status":"open","ping_status":"closed","template":"","meta":{"_acf_changed":false},"product_brand":[],"product_cat":[183],"product_tag":[],"class_list":{"0":"post-1016237","1":"product","2":"type-product","3":"status-publish","4":"has-post-thumbnail","6":"product_cat-c-n-b-si-materiales","8":"first","9":"instock","10":"shipping-taxable","11":"product-type-variable"},"acf":[],"_links":{"self":[{"href":"https:\/\/vimaterial.de\/es\/wp-json\/wp\/v2\/product\/1016237","targetHints":{"allow":["GET"]}}],"collection":[{"href":"https:\/\/vimaterial.de\/es\/wp-json\/wp\/v2\/product"}],"about":[{"href":"https:\/\/vimaterial.de\/es\/wp-json\/wp\/v2\/types\/product"}],"replies":[{"embeddable":true,"href":"https:\/\/vimaterial.de\/es\/wp-json\/wp\/v2\/comments?post=1016237"}],"wp:featuredmedia":[{"embeddable":true,"href":"https:\/\/vimaterial.de\/es\/wp-json\/wp\/v2\/media\/1002423"}],"wp:attachment":[{"href":"https:\/\/vimaterial.de\/es\/wp-json\/wp\/v2\/media?parent=1016237"}],"wp:term":[{"taxonomy":"product_brand","embeddable":true,"href":"https:\/\/vimaterial.de\/es\/wp-json\/wp\/v2\/product_brand?post=1016237"},{"taxonomy":"product_cat","embeddable":true,"href":"https:\/\/vimaterial.de\/es\/wp-json\/wp\/v2\/product_cat?post=1016237"},{"taxonomy":"product_tag","embeddable":true,"href":"https:\/\/vimaterial.de\/es\/wp-json\/wp\/v2\/product_tag?post=1016237"}],"curies":[{"name":"wp","href":"https:\/\/api.w.org\/{rel}","templated":true}]}}