{"id":1016214,"date":"2024-06-17T14:49:24","date_gmt":"2024-06-17T06:49:24","guid":{"rendered":"https:\/\/vimaterial.de\/product\/oxido-de-niquel-4\/"},"modified":"2025-04-15T18:06:02","modified_gmt":"2025-04-15T10:06:02","slug":"oxido-de-niquel-4","status":"publish","type":"product","link":"https:\/\/vimaterial.de\/es\/product\/oxido-de-niquel-4\/","title":{"rendered":"\u00d3xido de n\u00edquel"},"content":{"rendered":"<p><span style=\"color: #0000ff;\"><a style=\"color: #0000ff;\" href=\"https:\/\/vimaterial.de\/en\/product\/nickel-oxide-3\/\">El polvo de \u00f3xido de n\u00edquel<\/a><\/span> es un polvo compuesto que consiste principalmente en n\u00edquel y ox\u00edgeno con buena estabilidad qu\u00edmica, propiedades catal\u00edticas y semiconductoras, que desempe\u00f1a un papel clave en materiales de bater\u00edas, catalizadores, pigmentos cer\u00e1micos y muchas otras \u00e1reas.<\/p>\n<p>VIAMTERIAL suministra polvos de \u00f3xido de n\u00edquel. Nuestros polvos se caracterizan por su alta pureza, tama\u00f1o de part\u00edcula uniforme, buena fluidez, buena compactaci\u00f3n y estabilidad qu\u00edmica, y apoyamos el envasado y pedido de lotes peque\u00f1os. Contamos con un equipo profesional de investigaci\u00f3n y desarrollo t\u00e9cnico, aceptamos la personalizaci\u00f3n y experimentaci\u00f3n del producto,<span style=\"color: #0000ff;\"><a style=\"color: #0000ff;\" href=\"https:\/\/vimaterial.de\/en\/contact-us\/\"> cont\u00e1ctenos.<\/a><\/span>  <\/p>\n<h2><span style=\"font-size: 14pt;\">Propiedades f\u00edsicas<\/span><\/h2>\n<p>F\u00f3rmula molecular: Ni2O3<\/p>\n<p>Peso molecular: alrededor de 165.38<\/p>\n<p>Aspecto: generalmente p\u00f3lvora negra<\/p>\n<p>Densidad: aprox. 4,83 g\/cm\u00b3.<\/p>\n<p>Punto de fusi\u00f3n: Se descompone en \u00f3xido de n\u00edquel (NiO) y ox\u00edgeno a unos 600 \u00b0C.<\/p>\n<p>Estructura cristalina: Pertenece al sistema cristalino hexagonal, en el que los \u00e1tomos de n\u00edquel y ox\u00edgeno se distribuyen de acuerdo con una disposici\u00f3n espacial espec\u00edfica, que tiene una influencia importante en sus propiedades f\u00edsicas y qu\u00edmicas.<\/p>\n<h2><span style=\"font-size: 14pt;\">Aplicaciones<\/span><\/h2>\n<p>Materiales de la bater\u00eda: Los polvos de \u00f3xido de n\u00edquel se utilizan como aditivos en los materiales del c\u00e1todo de la bater\u00eda de litio para mejorar el rendimiento de carga y descarga de la bater\u00eda y la estabilidad del ciclo, aumentando la resistencia de la bater\u00eda y contribuyendo al desarrollo de autom\u00f3viles y dispositivos electr\u00f3nicos de nueva energ\u00eda.<\/p>\n<p>Campo catal\u00edtico: en la reacci\u00f3n catal\u00edtica, como catalizador, puede acelerar el proceso de reacci\u00f3n qu\u00edmica, mejorar la eficiencia y la selectividad de la reacci\u00f3n, y es ampliamente utilizado en los campos de tratamiento de gases residuales industriales y s\u00edntesis org\u00e1nica, lo que puede reducir el costo de producci\u00f3n y las emisiones contaminantes ambientales.<\/p>\n<p>Cer\u00e1mica: Como componente clave del pigmento cer\u00e1mico y el esmalte de color, el polvo de Ni\u2082O\u2083 puede dar a los productos cer\u00e1micos colores ricos y brillantes y buen brillo, mejorar el valor art\u00edstico y la competitividad en el mercado de los productos cer\u00e1micos y satisfacer las necesidades de la creaci\u00f3n decorativa y art\u00edstica.<\/p>\n<h2><span style=\"font-size: 14pt;\">Control de calidad<\/span><\/h2>\n<p><span style=\"color: #0000ff;\"><a style=\"color: #0000ff;\" href=\"https:\/\/vimaterial.de\/en\/quality-control\/\">El control de calidad<\/a><\/span> de cada lote de productos se lleva a cabo a lo largo de todo el proceso de adquisici\u00f3n de materias primas, producci\u00f3n y procesamiento, pruebas e inspecci\u00f3n y embalaje, siguiendo estrictamente los est\u00e1ndares internacionales y las normas de la industria. Contamos con equipos de prueba avanzados, equipo profesional de control de calidad y un estricto sistema de control de calidad para garantizar la calidad del producto. <\/p>\n<h2><span style=\"font-size: 14pt;\">Embalaje y almacenamiento<\/span><\/h2>\n<p>Los polvos de \u00f3xido de n\u00edquel se envasan en bolsas de vac\u00edo dobles o botellas de vac\u00edo dobles con cajas de cart\u00f3n exteriores.<\/p>\n<p>Los polvos de \u00f3xido de n\u00edquel deben almacenarse en un ambiente seco, fresco y bien ventilado, sellados para evitar la humedad, el contacto con sustancias corrosivas como \u00e1cidos o \u00e1lcalis, y lejos de fuentes de ignici\u00f3n y agentes oxidantes fuertes, y colocados adecuadamente de acuerdo con las normas de almacenamiento qu\u00edmico.<\/p>\n","protected":false},"excerpt":{"rendered":"<p><span style=\"color: #0000ff;\"><a style=\"color: #0000ff;\" href=\"https:\/\/vimaterial.de\/en\/product\/nickel-oxide-3\/\">El polvo de \u00f3xido de n\u00edquel<\/a><\/span> es un polvo compuesto que consiste principalmente en n\u00edquel y ox\u00edgeno con buena estabilidad qu\u00edmica, propiedades catal\u00edticas y semiconductoras, que desempe\u00f1a un papel clave en materiales de bater\u00edas, catalizadores, pigmentos cer\u00e1micos y muchas otras \u00e1reas.<\/p>\n","protected":false},"featured_media":1002435,"comment_status":"open","ping_status":"closed","template":"","meta":{"_acf_changed":false},"product_brand":[],"product_cat":[186],"product_tag":[],"class_list":{"0":"post-1016214","1":"product","2":"type-product","3":"status-publish","4":"has-post-thumbnail","6":"product_cat-materiales-de-oxido-hidroxido","8":"first","9":"instock","10":"shipping-taxable","11":"product-type-variable"},"acf":[],"_links":{"self":[{"href":"https:\/\/vimaterial.de\/es\/wp-json\/wp\/v2\/product\/1016214","targetHints":{"allow":["GET"]}}],"collection":[{"href":"https:\/\/vimaterial.de\/es\/wp-json\/wp\/v2\/product"}],"about":[{"href":"https:\/\/vimaterial.de\/es\/wp-json\/wp\/v2\/types\/product"}],"replies":[{"embeddable":true,"href":"https:\/\/vimaterial.de\/es\/wp-json\/wp\/v2\/comments?post=1016214"}],"wp:featuredmedia":[{"embeddable":true,"href":"https:\/\/vimaterial.de\/es\/wp-json\/wp\/v2\/media\/1002435"}],"wp:attachment":[{"href":"https:\/\/vimaterial.de\/es\/wp-json\/wp\/v2\/media?parent=1016214"}],"wp:term":[{"taxonomy":"product_brand","embeddable":true,"href":"https:\/\/vimaterial.de\/es\/wp-json\/wp\/v2\/product_brand?post=1016214"},{"taxonomy":"product_cat","embeddable":true,"href":"https:\/\/vimaterial.de\/es\/wp-json\/wp\/v2\/product_cat?post=1016214"},{"taxonomy":"product_tag","embeddable":true,"href":"https:\/\/vimaterial.de\/es\/wp-json\/wp\/v2\/product_tag?post=1016214"}],"curies":[{"name":"wp","href":"https:\/\/api.w.org\/{rel}","templated":true}]}}