{"id":1016201,"date":"2024-06-17T14:49:29","date_gmt":"2024-06-17T06:49:29","guid":{"rendered":"https:\/\/vimaterial.de\/product\/aluminuro-de-niquel\/"},"modified":"2026-03-10T14:27:39","modified_gmt":"2026-03-10T06:27:39","slug":"aluminuro-de-niquel","status":"publish","type":"product","link":"https:\/\/vimaterial.de\/es\/product\/aluminuro-de-niquel\/","title":{"rendered":"Aluminuro de n\u00edquel"},"content":{"rendered":"<h2><span style=\"font-size: 14pt;\"><strong data-start=\"97\" data-end=\"141\">Aluminuro de n\u00edquel Powder (Ni\u2083Al) Overview<\/strong><\/span><\/h2>\n<p data-start=\"145\" data-end=\"572\">La <strong data-start=\"148\" data-end=\"190\">polvere di<span style=\"color: #0000ff;\"><a style=\"color: #0000ff;\" href=\"https:\/\/vimaterial.de\/es\/search\/?type=name&#038;keyword=Ni%E2%82%83Al\"> aluminuro di nichel<\/a> <\/span>(Ni\u2083Al)<\/strong> \u00e8 un composto intermetallico ad alte prestazioni noto per la sua eccellente resistenza alle alte temperature, resistenza all\u2019ossidazione e bassa densit\u00e0 rispetto alle leghe convenzionali a base di nichel. Grazie alla sua struttura cristallina ordinata e ai forti legami Ni\u2013Al, Ni\u2083Al dimostra una straordinaria stabilit\u00e0 meccanica e resistenza alla corrosione in ambienti gravosi.<\/p>\n<p data-start=\"574\" data-end=\"903\">La polvere di Ni\u2083Al \u00e8 ampiamente utilizzata in <strong data-start=\"621\" data-end=\"752\">materiali strutturali avanzati, produzione additiva, rivestimenti mediante spruzzatura termica e componenti ad alta temperatura<\/strong>. \u00c8 particolarmente apprezzata nelle applicazioni in cui la resistenza all\u2019ossidazione e l\u2019integrit\u00e0 meccanica a temperature elevate sono essenziali.<\/p>\n<p data-start=\"905\" data-end=\"1172\">Presso <span class=\"hover:entity-accent entity-underline inline cursor-pointer align-baseline\"><span class=\"whitespace-normal\">VI HALBLEITERMATERIAL GmbH<\/span><\/span> forniamo polvere Ni\u2083Al ad alta purezza con distribuzione granulometrica controllata e composizione chimica costante, garantendo prestazioni affidabili per ricerca, produzione industriale e sviluppo di materiali avanzati.<\/p>\n<h2 data-start=\"1179\" data-end=\"1204\"><span style=\"font-size: 14pt;\"><strong data-start=\"1179\" data-end=\"1202\">Physical Properties<\/strong><\/span><\/h2>\n<div class=\"TyagGW_tableContainer\">\n<div class=\"group TyagGW_tableWrapper flex flex-col-reverse w-fit\" tabindex=\"-1\">\n<table class=\"w-fit min-w-(--thread-content-width)\" data-start=\"1206\" data-end=\"1657\">\n<thead data-start=\"1206\" data-end=\"1226\">\n<tr data-start=\"1206\" data-end=\"1226\">\n<th class=\"\" style=\"text-align: center;\" data-start=\"1206\" data-end=\"1217\" data-col-size=\"sm\">Property<\/th>\n<th class=\"\" style=\"text-align: center;\" data-start=\"1217\" data-end=\"1226\" data-col-size=\"md\">Value<\/th>\n<\/tr>\n<\/thead>\n<tbody data-start=\"1237\" data-end=\"1657\">\n<tr data-start=\"1237\" data-end=\"1286\">\n<td style=\"text-align: center;\" data-start=\"1237\" data-end=\"1252\" data-col-size=\"sm\">Product Name<\/td>\n<td style=\"text-align: center;\" data-col-size=\"md\" data-start=\"1252\" data-end=\"1286\">Polvere di aluminuro di nichel<\/td>\n<\/tr>\n<tr data-start=\"1287\" data-end=\"1315\">\n<td style=\"text-align: center;\" data-start=\"1287\" data-end=\"1306\" data-col-size=\"sm\">Chemical Formula<\/td>\n<td style=\"text-align: center;\" data-col-size=\"md\" data-start=\"1306\" data-end=\"1315\">Ni\u2083Al<\/td>\n<\/tr>\n<tr data-start=\"1316\" data-end=\"1343\">\n<td style=\"text-align: center;\" data-start=\"1316\" data-end=\"1329\" data-col-size=\"sm\">CAS Number<\/td>\n<td style=\"text-align: center;\" data-start=\"1329\" data-end=\"1343\" data-col-size=\"md\">12003-81-5<\/td>\n<\/tr>\n<tr data-start=\"1344\" data-end=\"1379\">\n<td style=\"text-align: center;\" data-start=\"1344\" data-end=\"1363\" data-col-size=\"sm\">Molecular Weight<\/td>\n<td style=\"text-align: center;\" data-col-size=\"md\" data-start=\"1363\" data-end=\"1379\">204,34 g\/mol<\/td>\n<\/tr>\n<tr data-start=\"1380\" data-end=\"1421\">\n<td style=\"text-align: center;\" data-start=\"1380\" data-end=\"1393\" data-col-size=\"sm\">Appearance<\/td>\n<td style=\"text-align: center;\" data-col-size=\"md\" data-start=\"1393\" data-end=\"1421\">Polvere metallica grigia<\/td>\n<\/tr>\n<tr data-start=\"1422\" data-end=\"1465\">\n<td style=\"text-align: center;\" data-start=\"1422\" data-end=\"1431\" data-col-size=\"sm\">Purity<\/td>\n<td style=\"text-align: center;\" data-col-size=\"md\" data-start=\"1431\" data-end=\"1465\">99% \u2013 99,9% (personalizzabile)<\/td>\n<\/tr>\n<tr data-start=\"1466\" data-end=\"1529\">\n<td style=\"text-align: center;\" data-start=\"1466\" data-end=\"1482\" data-col-size=\"sm\">Particle Size<\/td>\n<td style=\"text-align: center;\" data-col-size=\"md\" data-start=\"1482\" data-end=\"1529\">1\u20135 \u03bcm, 5\u201325 \u03bcm, 15\u201345 \u03bcm, personalizzabile<\/td>\n<\/tr>\n<tr data-start=\"1530\" data-end=\"1554\">\n<td style=\"text-align: center;\" data-start=\"1530\" data-end=\"1540\" data-col-size=\"sm\">Density<\/td>\n<td style=\"text-align: center;\" data-col-size=\"md\" data-start=\"1540\" data-end=\"1554\">~7,4 g\/cm\u00b3<\/td>\n<\/tr>\n<tr data-start=\"1555\" data-end=\"1583\">\n<td style=\"text-align: center;\" data-start=\"1555\" data-end=\"1571\" data-col-size=\"sm\">Melting Point<\/td>\n<td style=\"text-align: center;\" data-col-size=\"md\" data-start=\"1571\" data-end=\"1583\">~1395 \u00b0C<\/td>\n<\/tr>\n<tr data-start=\"1584\" data-end=\"1657\">\n<td style=\"text-align: center;\" data-start=\"1584\" data-end=\"1604\" data-col-size=\"sm\">Crystal Structure<\/td>\n<td style=\"text-align: center;\" data-col-size=\"md\" data-start=\"1604\" data-end=\"1657\">Struttura intermetallica ordinata (struttura L1\u2082)<\/td>\n<\/tr>\n<\/tbody>\n<\/table>\n<\/div>\n<\/div>\n<h2 data-start=\"1664\" data-end=\"1715\"><span style=\"font-size: 14pt;\"><strong data-start=\"1664\" data-end=\"1713\">Production Process of Nickel Aluminide Powder<\/strong><\/span><\/h2>\n<p data-start=\"1717\" data-end=\"1870\">La polvere di nichel-alluminio (Ni\u2083Al) ad alta purezza della nostra azienda viene prodotta principalmente mediante <strong data-start=\"1832\" data-end=\"1867\">processo di atomizzazione a gas<\/strong>.<\/p>\n<p data-start=\"1872\" data-end=\"1884\"><strong data-start=\"1872\" data-end=\"1882\">Steps:<\/strong><\/p>\n<ol data-start=\"1886\" data-end=\"3257\">\n<li data-section-id=\"19t9qn2\" data-start=\"1886\" data-end=\"2351\">\n<p data-start=\"1889\" data-end=\"2351\">Innanzitutto, materie prime di nichel e alluminio ad alta purezza vengono fuse sotto vuoto. Questi elementi vengono fusi e legati in un <strong data-start=\"2025\" data-end=\"2080\">forno a induzione sotto vuoto o in atmosfera inerte<\/strong>, garantendo un controllo preciso della composizione e riducendo al minimo la contaminazione da ossigeno o altre impurit\u00e0. Durante il processo di fusione, la composizione della lega viene attentamente omogeneizzata per ottenere una fase intermetallica stabile di Ni\u2083Al.<\/p>\n<\/li>\n<li data-section-id=\"rfcgkr\" data-start=\"2353\" data-end=\"2786\">\n<p data-start=\"2356\" data-end=\"2786\">Una volta che la fusione della lega raggiunge la temperatura richiesta e l\u2019omogeneit\u00e0 chimica, la lega fusa Ni\u2083Al viene convogliata verso un <strong data-start=\"2497\" data-end=\"2524\">ugello di atomizzazione<\/strong>. Il flusso di metallo liquido viene atomizzato all\u2019interno della camera di atomizzazione mediante <strong data-start=\"2623\" data-end=\"2683\">gas inerte ad alta pressione (tipicamente argon o azoto)<\/strong>. L\u2019elevata energia cinetica del flusso di gas frammenta il metallo fuso in numerose goccioline fini.<\/p>\n<\/li>\n<li data-section-id=\"ios741\" data-start=\"2788\" data-end=\"3124\">\n<p data-start=\"2791\" data-end=\"3124\">Queste goccioline si solidificano rapidamente all\u2019interno della <strong data-start=\"2855\" data-end=\"2881\">torre di atomizzazione<\/strong>. A causa della tensione superficiale durante la solidificazione, le particelle formano naturalmente una <strong data-start=\"2986\" data-end=\"3008\">morfologia sferica<\/strong>, migliorando significativamente la scorrevolezza e le propriet\u00e0 di impaccamento rispetto alle polveri irregolari.<\/p>\n<\/li>\n<li data-section-id=\"hb3yne\" data-start=\"3126\" data-end=\"3257\">\n<p data-start=\"3129\" data-end=\"3257\">Dopo l\u2019atomizzazione, la polvere viene raccolta in condizioni controllate e sottoposta alle seguenti fasi di post-lavorazione:<\/p>\n<\/li>\n<\/ol>\n<ul data-start=\"3259\" data-end=\"3494\">\n<li data-section-id=\"1w91647\" data-start=\"3259\" data-end=\"3322\">\n<p data-start=\"3261\" data-end=\"3322\">Setacciatura della polvere e classificazione granulometrica<\/p>\n<\/li>\n<li data-section-id=\"1kx7cf0\" data-start=\"3323\" data-end=\"3388\">\n<p data-start=\"3325\" data-end=\"3388\">Rimozione delle particelle eccessivamente grandi o irregolari<\/p>\n<\/li>\n<li data-section-id=\"1k745ve\" data-start=\"3389\" data-end=\"3428\">\n<p data-start=\"3391\" data-end=\"3428\">Verifica della composizione chimica<\/p>\n<\/li>\n<li data-section-id=\"tyidrl\" data-start=\"3429\" data-end=\"3494\">\n<p data-start=\"3431\" data-end=\"3494\">Analisi della morfologia e della distribuzione granulometrica<\/p>\n<\/li>\n<\/ul>\n<p data-start=\"3496\" data-end=\"3593\">Questo metodo di produzione consente di ottenere polvere Ni\u2083Al con le seguenti caratteristiche:<\/p>\n<ol data-start=\"3595\" data-end=\"3809\">\n<li data-section-id=\"1c4air\" data-start=\"3595\" data-end=\"3623\">\n<p data-start=\"3598\" data-end=\"3623\">Elevata purezza chimica<\/p>\n<\/li>\n<li data-section-id=\"14bkrd4\" data-start=\"3624\" data-end=\"3676\">\n<p data-start=\"3627\" data-end=\"3676\">Composizione uniforme della fase intermetallica<\/p>\n<\/li>\n<li data-section-id=\"1g90gpp\" data-start=\"3677\" data-end=\"3717\">\n<p data-start=\"3680\" data-end=\"3717\">Morfologia sferica delle particelle<\/p>\n<\/li>\n<li data-section-id=\"4uogrd\" data-start=\"3718\" data-end=\"3761\">\n<p data-start=\"3721\" data-end=\"3761\">Eccellente scorrevolezza della polvere<\/p>\n<\/li>\n<li data-section-id=\"18e6h1q\" data-start=\"3762\" data-end=\"3809\">\n<p data-start=\"3765\" data-end=\"3809\">Distribuzione granulometrica controllabile<\/p>\n<\/li>\n<\/ol>\n<p data-start=\"3811\" data-end=\"3900\">Presso <span class=\"hover:entity-accent entity-underline inline cursor-pointer align-baseline\"><span class=\"whitespace-normal\">VI HALBLEITERMATERIAL GmbH<\/span><\/span>, un rigoroso controllo qualit\u00e0 garantisce:<\/p>\n<ul data-start=\"3902\" data-end=\"4013\">\n<li data-section-id=\"auqffz\" data-start=\"3902\" data-end=\"3946\">\n<p data-start=\"3904\" data-end=\"3946\">Distribuzione granulometrica controllata<\/p>\n<\/li>\n<li data-section-id=\"ybv1xi\" data-start=\"3947\" data-end=\"3980\">\n<p data-start=\"3949\" data-end=\"3980\">Materie prime ad alta purezza<\/p>\n<\/li>\n<li data-section-id=\"1xcckwz\" data-start=\"3981\" data-end=\"4013\">\n<p data-start=\"3983\" data-end=\"4013\">Composizione di fase stabile<\/p>\n<\/li>\n<\/ul>\n<h2 data-start=\"4020\" data-end=\"4065\"><span style=\"font-size: 14pt;\"><strong data-start=\"4020\" data-end=\"4063\">Applications of Nickel Aluminide Powder<\/strong><\/span><\/h2>\n<p data-start=\"4067\" data-end=\"4371\"><strong data-start=\"4067\" data-end=\"4082\">Aerospazio:<\/strong> Le polveri di aluminuro di nichel sono utilizzate nella produzione delle <strong data-start=\"4156\" data-end=\"4230\">palette delle turbine dei motori aeronautici e altri componenti chiave<\/strong>, dove le prestazioni ad alta temperatura migliorano l\u2019efficienza e l\u2019affidabilit\u00e0 del motore e ottimizzano le prestazioni dell\u2019aeromobile.<\/p>\n<p data-start=\"4373\" data-end=\"4675\"><strong data-start=\"4373\" data-end=\"4403\">Industria automobilistica:<\/strong> Le polveri Ni\u2083Al sono utilizzate in <strong data-start=\"4440\" data-end=\"4511\">componenti resistenti al calore dei motori e dei sistemi di scarico<\/strong>, migliorando la resistenza termica e alla corrosione, contribuendo alla riduzione del peso dei veicoli, al risparmio energetico e alla riduzione delle emissioni.<\/p>\n<p data-start=\"4677\" data-end=\"4973\"><strong data-start=\"4677\" data-end=\"4712\">Energia e produzione elettrica:<\/strong> Utilizzate in <strong data-start=\"4727\" data-end=\"4807\">palette di turbine a gas e tubazioni delle caldaie delle centrali elettriche<\/strong>, garantiscono il funzionamento stabile delle apparecchiature ad alte temperature e pressioni e migliorano l\u2019efficienza e la sicurezza della conversione energetica.<\/p>\n<p data-start=\"4975\" data-end=\"5215\"><strong data-start=\"4975\" data-end=\"5002\">Industria metallurgica:<\/strong> Utilizzate come <strong data-start=\"5019\" data-end=\"5083\">additivi per migliorare le propriet\u00e0 dei materiali metallici<\/strong>, produrre leghe ad alte prestazioni resistenti al calore e ampliare il campo di applicazione e la durata dei materiali metallici.<\/p>\n<h2 data-start=\"5222\" data-end=\"5240\"><span style=\"font-size: 14pt;\"><strong data-start=\"5222\" data-end=\"5238\">Our Services<\/strong><\/span><\/h2>\n<p data-start=\"5242\" data-end=\"5370\"><span class=\"hover:entity-accent entity-underline inline cursor-pointer align-baseline\"><span class=\"whitespace-normal\">VI HALBLEITERMATERIAL GmbH<\/span><\/span> fornisce soluzioni flessibili per istituti di ricerca, produttori e clienti industriali:<\/p>\n<ul data-start=\"5372\" data-end=\"5613\">\n<li data-section-id=\"1tb43kx\" data-start=\"5372\" data-end=\"5418\">\n<p data-start=\"5374\" data-end=\"5418\">Dimensione delle particelle personalizzata<\/p>\n<\/li>\n<li data-section-id=\"1dhivel\" data-start=\"5419\" data-end=\"5465\">\n<p data-start=\"5421\" data-end=\"5465\">Polvere sferica ottenuta per atomizzazione<\/p>\n<\/li>\n<li data-section-id=\"4zcy72\" data-start=\"5466\" data-end=\"5492\">\n<p data-start=\"5468\" data-end=\"5492\">Purezza personalizzata<\/p>\n<\/li>\n<li data-section-id=\"resoqg\" data-start=\"5493\" data-end=\"5538\">\n<p data-start=\"5495\" data-end=\"5538\">Supporto per la lavorazione dei materiali<\/p>\n<\/li>\n<li data-section-id=\"1xt9kr\" data-start=\"5539\" data-end=\"5582\">\n<p data-start=\"5541\" data-end=\"5582\">Supporto documentazione TDS \/ SDS \/ COA<\/p>\n<\/li>\n<li data-section-id=\"145emw9\" data-start=\"5583\" data-end=\"5613\">\n<p data-start=\"5585\" data-end=\"5613\">Supporto logistico globale<\/p>\n<\/li>\n<\/ul>\n<h2 data-start=\"5620\" data-end=\"5641\"><span style=\"color: #0000ff;\"><a style=\"color: #0000ff;\" href=\"https:\/\/vimaterial.de\/es\/control-de-calidad\/\"><span style=\"font-size: 14pt;\"><strong data-start=\"5620\" data-end=\"5639\">Quality Control<\/strong><\/span><\/a><\/span><\/h2>\n<p data-start=\"5643\" data-end=\"6097\">Il controllo qualit\u00e0 di ogni lotto di prodotto viene effettuato durante l\u2019intero processo, dall\u2019approvvigionamento delle materie prime alla produzione e lavorazione, fino ai test, alle ispezioni e all\u2019imballaggio, rispettando rigorosamente gli standard internazionali e le normative di settore. Disponiamo di apparecchiature avanzate, di un team QC professionale e di un rigoroso sistema di gestione della qualit\u00e0 per garantire la qualit\u00e0 del prodotto.<\/p>\n<h2 data-start=\"6104\" data-end=\"6158\"><span style=\"font-size: 14pt;\"><strong data-start=\"6104\" data-end=\"6156\">Packaging and Storage of Nickel Aluminide Powder<\/strong><\/span><\/h2>\n<p data-start=\"6160\" data-end=\"6175\"><strong data-start=\"6160\" data-end=\"6173\">Packaging<\/strong><\/p>\n<p data-start=\"6177\" data-end=\"6429\">La polvere di nichel-alluminio viene generalmente confezionata in <strong data-start=\"6243\" data-end=\"6299\">sacchetti sigillati sottovuoto o flaconi di plastica<\/strong>. Gli ordini di grandi dimensioni sono solitamente confezionati in <strong data-start=\"6366\" data-end=\"6385\">fusti sigillati<\/strong>. L\u2019imballaggio pu\u00f2 essere personalizzato.<\/p>\n<p data-start=\"6431\" data-end=\"6444\"><strong data-start=\"6431\" data-end=\"6442\">Storage<\/strong><\/p>\n<p data-start=\"6446\" data-end=\"6597\">Per garantire una stabilit\u00e0 ottimale: conservare in <strong data-start=\"6498\" data-end=\"6525\">luogo fresco e asciutto<\/strong>, mantenere il contenitore <strong data-start=\"6552\" data-end=\"6565\">sigillato<\/strong> ed evitare umidit\u00e0 e polvere.<\/p>\n<h2 data-start=\"6604\" data-end=\"6626\"><span style=\"font-size: 14pt;\"><strong data-start=\"6604\" data-end=\"6624\">Related Products<\/strong><\/span><\/h2>\n<table style=\"border-collapse: collapse; width: 100%; height: 44px;\">\n<tbody>\n<tr style=\"height: 24px;\">\n<td style=\"width: 33.3333%; height: 24px; text-align: center;\"><span style=\"color: #0000ff;\"><a style=\"color: #0000ff;\" href=\"https:\/\/vimaterial.de\/es\/search\/?type=element&#038;keyword=Ni\">Nickel Powder (Ni)<\/a><\/span><\/td>\n<td style=\"width: 33.3333%; height: 24px; text-align: center;\"><span style=\"color: #0000ff;\"><a style=\"color: #0000ff;\" href=\"https:\/\/vimaterial.de\/es\/search\/?type=element&#038;keyword=Al\">Aluminum Powder (Al)<\/a><\/span><\/td>\n<td style=\"width: 33.3333%; height: 24px; text-align: center;\"><span style=\"color: #0000ff;\"><a style=\"color: #0000ff;\" href=\"https:\/\/vimaterial.de\/es\/search\/?type=element&#038;keyword=NiAl\">Nickel-Aluminum Alloy Powder<\/a><\/span><\/td>\n<\/tr>\n<tr style=\"height: 20px;\">\n<td style=\"width: 33.3333%; height: 20px; text-align: center;\"><span style=\"color: #0000ff;\"><a style=\"color: #0000ff;\" href=\"https:\/\/vimaterial.de\/es\/search\/?type=element&#038;keyword=NiAl\">NiAl Powder<\/a><\/span><\/td>\n<td style=\"width: 33.3333%; height: 20px; text-align: center;\"><span style=\"color: #0000ff;\"><a style=\"color: #0000ff;\" href=\"https:\/\/vimaterial.de\/es\/search\/?type=element&#038;keyword=Co\">Cobalt Alloy Powder<\/a><\/span><\/td>\n<td style=\"width: 33.3333%; height: 20px; text-align: center;\"><span style=\"color: #0000ff;\"><a style=\"color: #0000ff;\" href=\"https:\/\/vimaterial.de\/es\/search\/?type=element&#038;keyword=NiFe\">Nickel Iron Alloy<\/a><\/span><\/td>\n<\/tr>\n<\/tbody>\n<\/table>\n<h2 data-start=\"6628\" data-end=\"6758\"><span style=\"color: #0000ff;\"><a style=\"color: #0000ff;\" href=\"https:\/\/vimaterial.de\/es\/preguntas-frecuentes\/\"><span style=\"font-size: 14pt;\"><strong data-start=\"6765\" data-end=\"6773\">FAQs<\/strong><\/span><\/a><\/span><\/h2>\n<p data-start=\"6777\" data-end=\"6840\"><strong data-start=\"6777\" data-end=\"6838\">Q1: What are the uses of Nickel Aluminide (Ni\u2083Al) powder?<\/strong><\/p>\n<p data-start=\"6842\" data-end=\"7058\">A1: La polvere di aluminuro di nichel \u00e8 principalmente utilizzata in <strong data-start=\"6911\" data-end=\"7055\">rivestimenti ad alta temperatura, componenti prodotti tramite metallurgia delle polveri, produzione additiva e ricerca su materiali avanzati<\/strong>.<\/p>\n<p data-start=\"7060\" data-end=\"7118\"><strong data-start=\"7060\" data-end=\"7116\">Q2: Is Nickel Aluminide powder a hazardous material?<\/strong><\/p>\n<p data-start=\"7120\" data-end=\"7385\">A2: Secondo le normative <strong data-start=\"7145\" data-end=\"7165\">ADR, IMDG o IATA<\/strong>, la polvere Ni\u2083Al generalmente non \u00e8 considerata un materiale pericoloso per il trasporto. Tuttavia, essendo una polvere metallica fine, devono essere adottate adeguate precauzioni per evitare l\u2019inalazione di polvere.<\/p>\n<p data-start=\"7387\" data-end=\"7433\"><strong data-start=\"7387\" data-end=\"7431\">Q3: Can the particle size be customized?<\/strong><\/p>\n<p data-start=\"7435\" data-end=\"7571\">A3: S\u00ec. <span class=\"hover:entity-accent entity-underline inline cursor-pointer align-baseline\"><span class=\"whitespace-normal\">VI HALBLEITERMATERIAL GmbH<\/span><\/span> pu\u00f2 fornire dimensioni delle particelle personalizzate in base ai requisiti applicativi.<\/p>\n<p data-start=\"7573\" data-end=\"7646\"><strong data-start=\"7573\" data-end=\"7644\">Q4: Is Nickel Aluminide powder suitable for additive manufacturing?<\/strong><\/p>\n<p data-start=\"7648\" data-end=\"7822\">A4: La polvere sferica Ni\u2083Al preparata mediante atomizzazione presenta buona scorrevolezza e stabilit\u00e0 termica ed \u00e8 adatta ai processi di <strong data-start=\"7786\" data-end=\"7819\">produzione additiva metallica<\/strong>.<\/p>\n","protected":false},"excerpt":{"rendered":"<p><span style=\"color: #0000ff;\"><a style=\"color: #0000ff;\" href=\"https:\/\/vimaterial.de\/es\/product\/aleacion-de-niquel-y-aluminio-2\/\">El polvo de aluminuro de n\u00edquel<\/a><\/span> es un polvo compuesto intermet\u00e1lico de n\u00edquel y aluminio, de color gris plateado, con alto punto de fusi\u00f3n, buena resistencia a altas temperaturas, excelente resistencia a la oxidaci\u00f3n y a la corrosi\u00f3n, as\u00ed como un cierto grado de tenacidad y resistencia a la fatiga, que desempe\u00f1a un papel importante en la fabricaci\u00f3n de componentes de alta temperatura y protecci\u00f3n de superficies en los campos de la industria aeroespacial, energ\u00eda y energ\u00eda, industria qu\u00edmica y otros campos.<\/p>\n","protected":false},"featured_media":1002455,"comment_status":"open","ping_status":"closed","template":"","meta":{"_acf_changed":false},"product_brand":[264],"product_cat":[193],"product_tag":[],"class_list":{"0":"post-1016201","1":"product","2":"type-product","3":"status-publish","4":"has-post-thumbnail","6":"product_brand-vimaterial","7":"product_cat-polvo-de-aleaciones-y-metales-puros","9":"first","10":"instock","11":"shipping-taxable","12":"product-type-variable"},"acf":[],"_links":{"self":[{"href":"https:\/\/vimaterial.de\/es\/wp-json\/wp\/v2\/product\/1016201","targetHints":{"allow":["GET"]}}],"collection":[{"href":"https:\/\/vimaterial.de\/es\/wp-json\/wp\/v2\/product"}],"about":[{"href":"https:\/\/vimaterial.de\/es\/wp-json\/wp\/v2\/types\/product"}],"replies":[{"embeddable":true,"href":"https:\/\/vimaterial.de\/es\/wp-json\/wp\/v2\/comments?post=1016201"}],"wp:featuredmedia":[{"embeddable":true,"href":"https:\/\/vimaterial.de\/es\/wp-json\/wp\/v2\/media\/1002455"}],"wp:attachment":[{"href":"https:\/\/vimaterial.de\/es\/wp-json\/wp\/v2\/media?parent=1016201"}],"wp:term":[{"taxonomy":"product_brand","embeddable":true,"href":"https:\/\/vimaterial.de\/es\/wp-json\/wp\/v2\/product_brand?post=1016201"},{"taxonomy":"product_cat","embeddable":true,"href":"https:\/\/vimaterial.de\/es\/wp-json\/wp\/v2\/product_cat?post=1016201"},{"taxonomy":"product_tag","embeddable":true,"href":"https:\/\/vimaterial.de\/es\/wp-json\/wp\/v2\/product_tag?post=1016201"}],"curies":[{"name":"wp","href":"https:\/\/api.w.org\/{rel}","templated":true}]}}