{"id":1016194,"date":"2024-06-17T14:49:25","date_gmt":"2024-06-17T06:49:25","guid":{"rendered":"https:\/\/vimaterial.de\/product\/fosfuro-de-niquel\/"},"modified":"2024-10-14T13:56:38","modified_gmt":"2024-10-14T05:56:38","slug":"fosfuro-de-niquel","status":"publish","type":"product","link":"https:\/\/vimaterial.de\/es\/product\/fosfuro-de-niquel\/","title":{"rendered":"Fosfuro de n\u00edquel"},"content":{"rendered":"<p>El polvo de fosfuro de n\u00edquel es un importante compuesto inorg\u00e1nico en polvo.<\/p>\n<p>&nbsp;<\/p>\n<p>Informaci\u00f3n b\u00e1sica:<\/p>\n<p>&nbsp;<\/p>\n<p>F\u00f3rmula qu\u00edmica: Ni\u2082P<\/p>\n<p>N\u00famero CAS: 12035-64-2<\/p>\n<p>Peso molecular: 148.369<\/p>\n<p>Aspecto: Por lo general, polvo gris o s\u00f3lido escamoso, inodoro.<\/p>\n<p>Densidad: La densidad relativa es de unos 7.330 g\/cm\u00b3.<\/p>\n<p>Punto de fusi\u00f3n: alto punto de fusi\u00f3n, alrededor de 1112 \u00b0C.<\/p>\n<p>&nbsp;<\/p>\n<p>M\u00e9todo de preparaci\u00f3n:<\/p>\n<p>&nbsp;<\/p>\n<p>Los compuestos que contienen n\u00edquel se utilizan generalmente como materias primas para reaccionar con reactivos de fosfataci\u00f3n para preparar polvo de fosfuro de n\u00edquel. Por ejemplo, la soluci\u00f3n acuosa que contiene n\u00edquel se trata previamente primero, se ajusta el pH de la soluci\u00f3n, se agrega el regulador alcalino para preparar una soluci\u00f3n alcalina previa a la reacci\u00f3n, el polvo precursor de la fuente de n\u00edquel se recolecta lavando y centrifugando despu\u00e9s de calentar la reacci\u00f3n, y luego el precursor de la fuente de n\u00edquel y el reactivo de fosfataci\u00f3n se calcinan bajo la protecci\u00f3n de gas inerte para obtener fosfuro de n\u00edquel.<\/p>\n<p>&nbsp;<\/p>\n<p>Campo de aplicaci\u00f3n:<\/p>\n<p>&nbsp;<\/p>\n<p>Catalizador: Debido a su estructura electr\u00f3nica \u00fanica y propiedades qu\u00edmicas, el polvo de Ni\u2082P se puede utilizar como catalizador en una variedad de reacciones qu\u00edmicas, como la reacci\u00f3n de hidrogenaci\u00f3n, la reacci\u00f3n de deshidrogenaci\u00f3n.<\/p>\n<p>&nbsp;<\/p>\n<p>Potenciador de materiales: En el campo de los materiales compuestos, el polvo de fosfuro de n\u00edquel se puede agregar a otros materiales como potenciador para mejorar la dureza, la resistencia, la resistencia al desgaste y otras propiedades del material.<\/p>\n<p>&nbsp;<\/p>\n<p>Materiales de las bater\u00edas: En el campo de las bater\u00edas, el polvo de Ni\u2082P se puede utilizar para preparar materiales de electrodos, como materiales de electrodos negativos para bater\u00edas de iones de litio, que pueden mejorar el rendimiento electroqu\u00edmico de las bater\u00edas.<\/p>\n","protected":false},"excerpt":{"rendered":"<p>El polvo de fosfuro de n\u00edquel es un importante compuesto inorg\u00e1nico en polvo.<\/p>\n<p>Catalizador: Debido a su estructura electr\u00f3nica \u00fanica y propiedades qu\u00edmicas, el polvo de Ni\u2082P se puede utilizar como catalizador en una variedad de reacciones qu\u00edmicas, como la reacci\u00f3n de hidrogenaci\u00f3n, la reacci\u00f3n de deshidrogenaci\u00f3n.<\/p>\n<p>Potenciador de materiales: En el campo de los materiales compuestos, el polvo de fosfuro de n\u00edquel se puede agregar a otros materiales como potenciador para mejorar la dureza, la resistencia, la resistencia al desgaste y otras propiedades del material.<\/p>\n<p>&nbsp;<\/p>\n","protected":false},"featured_media":1002442,"comment_status":"open","ping_status":"closed","template":"","meta":{"_acf_changed":false},"product_brand":[],"product_cat":[194],"product_tag":[],"class_list":{"0":"post-1016194","1":"product","2":"type-product","3":"status-publish","4":"has-post-thumbnail","6":"product_cat-materiales-fosforados","8":"first","9":"instock","10":"shipping-taxable","11":"product-type-variable"},"acf":[],"_links":{"self":[{"href":"https:\/\/vimaterial.de\/es\/wp-json\/wp\/v2\/product\/1016194","targetHints":{"allow":["GET"]}}],"collection":[{"href":"https:\/\/vimaterial.de\/es\/wp-json\/wp\/v2\/product"}],"about":[{"href":"https:\/\/vimaterial.de\/es\/wp-json\/wp\/v2\/types\/product"}],"replies":[{"embeddable":true,"href":"https:\/\/vimaterial.de\/es\/wp-json\/wp\/v2\/comments?post=1016194"}],"wp:featuredmedia":[{"embeddable":true,"href":"https:\/\/vimaterial.de\/es\/wp-json\/wp\/v2\/media\/1002442"}],"wp:attachment":[{"href":"https:\/\/vimaterial.de\/es\/wp-json\/wp\/v2\/media?parent=1016194"}],"wp:term":[{"taxonomy":"product_brand","embeddable":true,"href":"https:\/\/vimaterial.de\/es\/wp-json\/wp\/v2\/product_brand?post=1016194"},{"taxonomy":"product_cat","embeddable":true,"href":"https:\/\/vimaterial.de\/es\/wp-json\/wp\/v2\/product_cat?post=1016194"},{"taxonomy":"product_tag","embeddable":true,"href":"https:\/\/vimaterial.de\/es\/wp-json\/wp\/v2\/product_tag?post=1016194"}],"curies":[{"name":"wp","href":"https:\/\/api.w.org\/{rel}","templated":true}]}}