{"id":1016163,"date":"2024-06-17T14:50:26","date_gmt":"2024-06-17T06:50:26","guid":{"rendered":"https:\/\/vimaterial.de\/product\/boruro-de-niquel-2\/"},"modified":"2025-04-15T17:53:38","modified_gmt":"2025-04-15T09:53:38","slug":"boruro-de-niquel-2","status":"publish","type":"product","link":"https:\/\/vimaterial.de\/es\/product\/boruro-de-niquel-2\/","title":{"rendered":"Borido de n\u00edquel"},"content":{"rendered":"<p><span style=\"color: #0000ff;\">El <span style=\"color: #000000;\">polvo<\/span> de <a style=\"color: #0000ff;\" href=\"https:\/\/vimaterial.de\/en\/product\/nickel-boride-4\/\">borauro de n\u00edquel <\/a><\/span> es un polvo gris o negro compuesto de n\u00edquel y boro con alta dureza, buena estabilidad qu\u00edmica, excelentes propiedades catal\u00edticas e importantes aplicaciones en muchos campos, como reacciones de hidrogenaci\u00f3n catal\u00edtica, materiales resistentes al desgaste y materiales electr\u00f3nicos.<\/p>\n<p>VIAMTERIAL suministra polvo de borido de n\u00edquel. Nuestros polvos se caracterizan por su alta pureza, tama\u00f1o de part\u00edcula uniforme, buena fluidez, buena compactaci\u00f3n y estabilidad qu\u00edmica, y apoyamos el envasado y la realizaci\u00f3n de pedidos en lotes peque\u00f1os. Contamos con un equipo profesional de investigaci\u00f3n y desarrollo t\u00e9cnico, aceptamos la personalizaci\u00f3n y experimentaci\u00f3n del producto, <span style=\"color: #0000ff;\"><a style=\"color: #0000ff;\" href=\"https:\/\/vimaterial.de\/en\/contact-us\/\">cont\u00e1ctenos.<\/a><\/span>  <\/p>\n<h2><span style=\"font-size: 14pt;\">Propiedades f\u00edsicas<\/span><\/h2>\n<p>F\u00f3rmula molecular: NiB<\/p>\n<p>Peso molecular: alrededor de 69.5<\/p>\n<p>Aspecto: Generalmente polvo gris o negro<\/p>\n<h2><span style=\"font-size: 14pt;\">Aplicaciones<\/span><\/h2>\n<p>Cat\u00e1lisis: Los polvos de boruro de n\u00edquel muestran excelentes propiedades catal\u00edticas en las reacciones de s\u00edntesis org\u00e1nica. Pueden catalizar la hidrogenaci\u00f3n de compuestos insaturados con alta eficiencia, reducir la energ\u00eda de activaci\u00f3n de la reacci\u00f3n, aumentar la velocidad de reacci\u00f3n y la selectividad, y promover la s\u00edntesis de productos qu\u00edmicos finos. <\/p>\n<p>Materiales electr\u00f3nicos: Debido a sus propiedades el\u00e9ctricas \u00fanicas, se utiliza en la preparaci\u00f3n de pastas electr\u00f3nicas y materiales de electrodos para mejorar la conductividad y la estabilidad de los dispositivos electr\u00f3nicos y satisfacer las necesidades de miniaturizaci\u00f3n y alto rendimiento de los dispositivos electr\u00f3nicos.<\/p>\n<p>Campo energ\u00e9tico: en las tecnolog\u00edas relacionadas con la energ\u00eda del hidr\u00f3geno, se puede utilizar como componente de los materiales de almacenamiento de hidr\u00f3geno, y su interacci\u00f3n con los \u00e1tomos de hidr\u00f3geno se puede utilizar para lograr una adsorci\u00f3n y desorci\u00f3n efectivas del hidr\u00f3geno, proporcionando apoyo a aplicaciones energ\u00e9ticas como las pilas de combustible de hidr\u00f3geno.<\/p>\n<p>Campo de material resistente al desgaste: con alta dureza y resistencia al desgaste, el polvo de boruro de n\u00edquel se agrega a la matriz met\u00e1lica o cer\u00e1mica para preparar recubrimientos o piezas resistentes al desgaste, que se utilizan ampliamente en mecanizado, motores de autom\u00f3viles y otros campos, extendiendo efectivamente la vida \u00fatil del material.<\/p>\n<h2><span style=\"font-size: 14pt;\">Control de calidad<\/span><\/h2>\n<p><span style=\"color: #0000ff;\"><a style=\"color: #0000ff;\" href=\"https:\/\/vimaterial.de\/en\/quality-control\/\">El control de calidad<\/a> <\/span>de cada lote de productos se lleva a cabo a lo largo de todo el proceso de adquisici\u00f3n de materias primas, producci\u00f3n y procesamiento, pruebas e inspecci\u00f3n y embalaje, siguiendo estrictamente los est\u00e1ndares internacionales y las normas de la industria. Contamos con equipos de prueba avanzados, equipo profesional de control de calidad y un estricto sistema de control de calidad para garantizar la calidad del producto. <\/p>\n<h2><span style=\"font-size: 14pt;\">Embalaje y almacenamiento<\/span><\/h2>\n<p>Los polvos de boruro de n\u00edquel se envasan en bolsas de doble vac\u00edo o botellas de doble vac\u00edo con cajas de cart\u00f3n exteriores.<\/p>\n<p>Los polvos de borauro de n\u00edquel deben almacenarse en un ambiente seco, fresco y bien ventilado, sellados para evitar la humedad y la oxidaci\u00f3n, y deben mantenerse alejados de \u00e1cidos, \u00e1lcalis y otras sustancias qu\u00edmicamente activas, as\u00ed como evitar la exposici\u00f3n a altas temperaturas, llamas abiertas y agentes oxidantes fuertes, y deben colocarse adecuadamente de acuerdo con los requisitos para el almacenamiento de productos qu\u00edmicos peligrosos.<\/p>\n<p>&nbsp;<\/p>\n","protected":false},"excerpt":{"rendered":"<p><span style=\"color: #0000ff;\">El <span style=\"color: #000000;\">polvo<\/span> de <a style=\"color: #0000ff;\" href=\"https:\/\/vimaterial.de\/en\/product\/nickel-boride-4\/\">borauro de n\u00edquel <\/a><\/span> es un polvo gris o negro compuesto de n\u00edquel y boro con alta dureza, buena estabilidad qu\u00edmica, excelentes propiedades catal\u00edticas e importantes aplicaciones en muchos campos, como reacciones de hidrogenaci\u00f3n catal\u00edtica, materiales resistentes al desgaste y materiales electr\u00f3nicos.<\/p>\n","protected":false},"featured_media":1002479,"comment_status":"open","ping_status":"closed","template":"","meta":{"_acf_changed":false},"product_brand":[],"product_cat":[183],"product_tag":[],"class_list":{"0":"post-1016163","1":"product","2":"type-product","3":"status-publish","4":"has-post-thumbnail","6":"product_cat-c-n-b-si-materiales","8":"first","9":"instock","10":"shipping-taxable","11":"purchasable","12":"product-type-variable"},"acf":[],"_links":{"self":[{"href":"https:\/\/vimaterial.de\/es\/wp-json\/wp\/v2\/product\/1016163","targetHints":{"allow":["GET"]}}],"collection":[{"href":"https:\/\/vimaterial.de\/es\/wp-json\/wp\/v2\/product"}],"about":[{"href":"https:\/\/vimaterial.de\/es\/wp-json\/wp\/v2\/types\/product"}],"replies":[{"embeddable":true,"href":"https:\/\/vimaterial.de\/es\/wp-json\/wp\/v2\/comments?post=1016163"}],"wp:featuredmedia":[{"embeddable":true,"href":"https:\/\/vimaterial.de\/es\/wp-json\/wp\/v2\/media\/1002479"}],"wp:attachment":[{"href":"https:\/\/vimaterial.de\/es\/wp-json\/wp\/v2\/media?parent=1016163"}],"wp:term":[{"taxonomy":"product_brand","embeddable":true,"href":"https:\/\/vimaterial.de\/es\/wp-json\/wp\/v2\/product_brand?post=1016163"},{"taxonomy":"product_cat","embeddable":true,"href":"https:\/\/vimaterial.de\/es\/wp-json\/wp\/v2\/product_cat?post=1016163"},{"taxonomy":"product_tag","embeddable":true,"href":"https:\/\/vimaterial.de\/es\/wp-json\/wp\/v2\/product_tag?post=1016163"}],"curies":[{"name":"wp","href":"https:\/\/api.w.org\/{rel}","templated":true}]}}