{"id":1016155,"date":"2024-06-17T14:50:26","date_gmt":"2024-06-17T06:50:26","guid":{"rendered":"https:\/\/vimaterial.de\/product\/aleacion-de-niquel-y-aluminio\/"},"modified":"2025-04-15T17:55:03","modified_gmt":"2025-04-15T09:55:03","slug":"aleacion-de-niquel-y-aluminio","status":"publish","type":"product","link":"https:\/\/vimaterial.de\/es\/product\/aleacion-de-niquel-y-aluminio\/","title":{"rendered":"Aleaci\u00f3n de n\u00edquel y aluminio"},"content":{"rendered":"<p>El objetivo de pulverizaci\u00f3n cat\u00f3dica de <span style=\"color: #0000ff;\"><a style=\"color: #0000ff;\" href=\"https:\/\/vimaterial.de\/es\/product\/aleacion-de-niquel-y-aluminio-2\/\">aleaci\u00f3n de n\u00edquel y aluminio<\/a> <\/span>es un material de aleaci\u00f3n hecho de n\u00edquel y aluminio, que se utiliza principalmente para el recubrimiento de pulverizaci\u00f3n cat\u00f3dica en deposici\u00f3n f\u00edsica de vapor (PVD) para depositar pel\u00edculas delgadas con buena resistencia a la oxidaci\u00f3n, estabilidad a alta temperatura y ciertas propiedades el\u00e9ctricas en el sustrato, y tiene una amplia gama de aplicaciones en la industria aeroespacial, electr\u00f3nica y muchos otros campos.<\/p>\n<p>VIMATERIAL proporciona objetivos de pulverizaci\u00f3n cat\u00f3dica de aleaci\u00f3n de n\u00edquel y aluminio. Nuestros objetivos de pulverizaci\u00f3n cat\u00f3dica de aleaci\u00f3n de n\u00edquel y aluminio se caracterizan por una excelente homogeneidad de composici\u00f3n, una pureza ultra alta y una excelente estabilidad a la pulverizaci\u00f3n cat\u00f3dica, y tambi\u00e9n podemos proporcionar servicios de uni\u00f3n de objetivos. Contamos con un equipo profesional del R&amp;D y podemos aceptar la personalizaci\u00f3n y los experimentos, por favor<span style=\"color: #0000ff;\"><a style=\"color: #0000ff;\" href=\"https:\/\/vimaterial.de\/es\/contacto\/\"> cont\u00e1ctenos<\/a><\/span>.  <\/p>\n<h2><span style=\"font-size: 14pt;\">Propiedades f\u00edsicas<\/span><\/h2>\n<p>F\u00f3rmula molecular: NiAl<\/p>\n<p>Peso molecular: alrededor de 85,67 g \/ mol<\/p>\n<p>Aspecto: Gris plateado s\u00f3lido con brillo met\u00e1lico.<\/p>\n<p>Punto de fusi\u00f3n: alrededor de 1638 \u00b0C<\/p>\n<p>Punto de ebullici\u00f3n: alrededor de 2913 \u00b0C<\/p>\n<p>Estructura cristalina: Estructura cristalina c\u00fabica centrada en el cuerpo (BCC).<\/p>\n<h2><span style=\"font-size: 14pt;\">Aplicaciones<\/span><\/h2>\n<p>Aeroespacial: Los objetivos de pulverizaci\u00f3n cat\u00f3dica de NiAl se utilizan en el recubrimiento de piezas de motor para mejorar la resistencia a la oxidaci\u00f3n a alta temperatura y la corrosi\u00f3n t\u00e9rmica y para garantizar el rendimiento de las piezas de veh\u00edculos.<\/p>\n<p>Industria electr\u00f3nica: Los objetivos de pulverizaci\u00f3n cat\u00f3dica de NiAl se utilizan en la fabricaci\u00f3n de capas de interconexi\u00f3n y contacto de dispositivos electr\u00f3nicos para reducir la resistencia de contacto, facilitar la transmisi\u00f3n de se\u00f1ales y evitar fallas t\u00e9rmicas.<\/p>\n<p>Campo de fabricaci\u00f3n automotriz: aplicado a componentes de alta temperatura de motores automotrices, para mejorar la resistencia a la oxidaci\u00f3n y corrosi\u00f3n a alta temperatura, para mejorar la eficiencia y durabilidad del motor.<\/p>\n<p>Campo de energ\u00eda: se utiliza como electrodo o capa de barrera en la preparaci\u00f3n de pilas de combustible de alta temperatura para mejorar la eficiencia de la conversi\u00f3n de energ\u00eda y estabilizar el rendimiento de los equipos.<\/p>\n<p>Campo de protecci\u00f3n de la superficie del material: se puede utilizar para el recubrimiento de la superficie del material met\u00e1lico, para proporcionar protecci\u00f3n anticorrosi\u00f3n y reducir el da\u00f1o por fricci\u00f3n.<\/p>\n<h2><span style=\"font-size: 14pt;\">Control de calidad<\/span><\/h2>\n<p><a href=\"https:\/\/vimaterial.de\/es\/control-de-calidad\/\"><span style=\"color: #0000ff;\">Nuestros productos<\/span><\/a> se implementan con el sistema de gesti\u00f3n de calidad m\u00e1s estricto, los materiales entrantes, el proceso, la inspecci\u00f3n final, la inspecci\u00f3n de f\u00e1brica tienen estrictos est\u00e1ndares de inspecci\u00f3n, para el procesamiento no calificado utilizar\u00e1 estrictas medidas de aislamiento para evitar el flujo de productos no conformes al siguiente proceso, de acuerdo con los requisitos del cliente, proporcionar\u00e1 a los clientes muestras para que los clientes vuelvan a inspeccionar.<\/p>\n<h2><span style=\"font-size: 14pt;\">Embalaje y almacenamiento<\/span><\/h2>\n<p>Los objetivos de pulverizaci\u00f3n cat\u00f3dica de aleaci\u00f3n de n\u00edquel y aluminio se empaquetan en bolsas y cartones de vac\u00edo dobles.<\/p>\n<p>Los objetivos de pulverizaci\u00f3n cat\u00f3dica de aleaci\u00f3n de n\u00edquel y aluminio deben almacenarse en ambientes secos y bien ventilados con temperatura y humedad relativamente estables, evitando el contacto con sustancias corrosivas como \u00e1cidos y \u00e1lcalis, evitando la humedad y la oxidaci\u00f3n y, al mismo tiempo, tomando medidas de protecci\u00f3n para evitar da\u00f1os f\u00edsicos como colisiones y extrusi\u00f3n.<\/p>\n","protected":false},"excerpt":{"rendered":"<p>El objetivo de pulverizaci\u00f3n cat\u00f3dica de <span style=\"color: #0000ff;\"><a style=\"color: #0000ff;\" href=\"https:\/\/vimaterial.de\/es\/product\/aleacion-de-niquel-y-aluminio-2\/\">aleaci\u00f3n de n\u00edquel y aluminio<\/a> <\/span>es un material de aleaci\u00f3n hecho de n\u00edquel y aluminio, que se utiliza principalmente para el recubrimiento de pulverizaci\u00f3n cat\u00f3dica en deposici\u00f3n f\u00edsica de vapor (PVD) para depositar pel\u00edculas delgadas con buena resistencia a la oxidaci\u00f3n, estabilidad a alta temperatura y ciertas propiedades el\u00e9ctricas en el sustrato, y tiene una amplia gama de aplicaciones en la industria aeroespacial, electr\u00f3nica y muchos otros campos.<\/p>\n","protected":false},"featured_media":1002468,"comment_status":"open","ping_status":"closed","template":"","meta":{"_acf_changed":false},"product_brand":[],"product_cat":[178],"product_tag":[],"class_list":{"0":"post-1016155","1":"product","2":"type-product","3":"status-publish","4":"has-post-thumbnail","6":"product_cat-catodos-para-sputtering-planar","8":"first","9":"instock","10":"shipping-taxable","11":"product-type-variable"},"acf":[],"_links":{"self":[{"href":"https:\/\/vimaterial.de\/es\/wp-json\/wp\/v2\/product\/1016155","targetHints":{"allow":["GET"]}}],"collection":[{"href":"https:\/\/vimaterial.de\/es\/wp-json\/wp\/v2\/product"}],"about":[{"href":"https:\/\/vimaterial.de\/es\/wp-json\/wp\/v2\/types\/product"}],"replies":[{"embeddable":true,"href":"https:\/\/vimaterial.de\/es\/wp-json\/wp\/v2\/comments?post=1016155"}],"wp:featuredmedia":[{"embeddable":true,"href":"https:\/\/vimaterial.de\/es\/wp-json\/wp\/v2\/media\/1002468"}],"wp:attachment":[{"href":"https:\/\/vimaterial.de\/es\/wp-json\/wp\/v2\/media?parent=1016155"}],"wp:term":[{"taxonomy":"product_brand","embeddable":true,"href":"https:\/\/vimaterial.de\/es\/wp-json\/wp\/v2\/product_brand?post=1016155"},{"taxonomy":"product_cat","embeddable":true,"href":"https:\/\/vimaterial.de\/es\/wp-json\/wp\/v2\/product_cat?post=1016155"},{"taxonomy":"product_tag","embeddable":true,"href":"https:\/\/vimaterial.de\/es\/wp-json\/wp\/v2\/product_tag?post=1016155"}],"curies":[{"name":"wp","href":"https:\/\/api.w.org\/{rel}","templated":true}]}}