{"id":1016141,"date":"2024-06-17T14:50:30","date_gmt":"2024-06-17T06:50:30","guid":{"rendered":"https:\/\/vimaterial.de\/product\/boruro-de-niquel\/"},"modified":"2025-04-15T17:50:55","modified_gmt":"2025-04-15T09:50:55","slug":"boruro-de-niquel","status":"publish","type":"product","link":"https:\/\/vimaterial.de\/es\/product\/boruro-de-niquel\/","title":{"rendered":"Borido de n\u00edquel"},"content":{"rendered":"<p>Los objetivos de pulverizaci\u00f3n cat\u00f3dica de <span style=\"color: #0000ff;\"><a style=\"color: #0000ff;\" href=\"https:\/\/vimaterial.de\/en\/product\/nickel-boride-3\/\">boruro de n\u00edquel<\/a> <\/span>son aleaciones que consisten principalmente en n\u00edquel y boro, que se utilizan en el proceso de pulverizaci\u00f3n cat\u00f3dica en deposici\u00f3n f\u00edsica de vapor (PVD) para depositar pel\u00edculas delgadas con excelentes propiedades como alta dureza, buena resistencia a la abrasi\u00f3n y estabilidad qu\u00edmica en el sustrato, y que se pueden utilizar en una variedad de aplicaciones en los campos electr\u00f3nico y mec\u00e1nico.<\/p>\n<p>VIMATERIAL ofrece objetivos de pulverizaci\u00f3n cat\u00f3dica de boruro de n\u00edquel. Nuestros blancos de pulverizaci\u00f3n cat\u00f3dica de boruro de n\u00edquel se caracterizan por una excelente homogeneidad composicional, una pureza ultra alta y una excelente estabilidad de pulverizaci\u00f3n cat\u00f3dica, y tambi\u00e9n podemos proporcionar servicios de uni\u00f3n de objetivos. Contamos con un equipo profesional del R&amp;D y podemos aceptar la personalizaci\u00f3n y los experimentos, por favor <span style=\"color: #0000ff;\"><a style=\"color: #0000ff;\" href=\"https:\/\/vimaterial.de\/en\/contact-us\/\">cont\u00e1ctenos.<\/a><\/span>  <\/p>\n<h2><span style=\"font-size: 14pt;\">Propiedades f\u00edsicas<\/span><\/h2>\n<p>F\u00f3rmula molecular: NiB<\/p>\n<p>Peso molecular: alrededor de 69,5 g \/ mol<\/p>\n<p>Aspecto: S\u00f3lido de color negro gris\u00e1ceo<\/p>\n<p>Densidad: 7,3 &#8211; 7,5 g\/cm\u00b3 m\u00e1s o menos<\/p>\n<p>Estructura cristalina: Estructura cristalina hexagonal<\/p>\n<h2><span style=\"font-size: 14pt;\">Aplicaciones<\/span><\/h2>\n<p>Campo electr\u00f3nico: se puede utilizar para preparar una pel\u00edcula conductora resistente al desgaste para componentes electr\u00f3nicos para mejorar la estabilidad y durabilidad de los dispositivos electr\u00f3nicos;<\/p>\n<p>Fabricaci\u00f3n mec\u00e1nica: puede depositar recubrimientos duros y resistentes al desgaste en la superficie de las piezas met\u00e1licas, prolongando efectivamente la vida \u00fatil de las piezas y reduciendo la p\u00e9rdida por fricci\u00f3n.<\/p>\n<p>Industria automotriz: el material objetivo se puede aplicar al recubrimiento de componentes clave del motor para mejorar la capacidad de los componentes para resistir el desgaste y la corrosi\u00f3n a alta temperatura, lo que ayuda a mejorar el rendimiento de los autom\u00f3viles.<\/p>\n<p>Aeroespacial: Los objetivos de pulverizaci\u00f3n cat\u00f3dica de NiB pueden proporcionar pel\u00edculas protectoras de alta dureza para piezas de precisi\u00f3n de aeronaves, lo que garantiza un funcionamiento fiable en entornos extremos.<\/p>\n<p>Fabricaci\u00f3n de moldes: Las pel\u00edculas de NiB formadas por pulverizaci\u00f3n cat\u00f3dica pueden aumentar la dureza y las propiedades de liberaci\u00f3n de las superficies del molde, mejorando la calidad del procesamiento y la eficiencia de los moldes.<\/p>\n<h2><span style=\"font-size: 14pt;\">Control de calidad<\/span><\/h2>\n<p><span style=\"color: #0000ff;\"><a style=\"color: #0000ff;\" href=\"https:\/\/vimaterial.de\/en\/quality-control\/\">Nuestros productos<\/a><\/span> se implementan con el sistema de gesti\u00f3n de calidad m\u00e1s estricto, los materiales entrantes, el proceso, la inspecci\u00f3n final, la inspecci\u00f3n de f\u00e1brica tienen estrictos est\u00e1ndares de inspecci\u00f3n, para el procesamiento no calificado utilizar\u00e1 estrictas medidas de aislamiento para evitar el flujo de productos no conformes al siguiente proceso, de acuerdo con los requisitos del cliente, proporcionar\u00e1 a los clientes muestras para que los clientes vuelvan a inspeccionar.<\/p>\n<h2><span style=\"font-size: 14pt;\">Embalaje y almacenamiento<\/span><\/h2>\n<p>Los objetivos de pulverizaci\u00f3n cat\u00f3dica de niquel-boruro se empaquetan en bolsas de vac\u00edo dobles y cartones.<\/p>\n<p>Los objetivos de pulverizaci\u00f3n cat\u00f3dica de boruro de n\u00edquel deben almacenarse en un ambiente seco, fresco y bien ventilado para evitar la humedad, la oxidaci\u00f3n y el contacto con sustancias \u00e1cidas, alcalinas y otras sustancias corrosivas y, al mismo tiempo, se deben tomar medidas anticolisi\u00f3n y antiaplastamiento para mantener la integridad del objetivo y la estabilidad de su rendimiento.<\/p>\n","protected":false},"excerpt":{"rendered":"<p>Los objetivos de pulverizaci\u00f3n cat\u00f3dica de <span style=\"color: #0000ff;\"><a style=\"color: #0000ff;\" href=\"https:\/\/vimaterial.de\/en\/product\/nickel-boride-3\/\">boruro de n\u00edquel<\/a> <\/span>son aleaciones que consisten principalmente en n\u00edquel y boro, que se utilizan en el proceso de pulverizaci\u00f3n cat\u00f3dica en deposici\u00f3n f\u00edsica de vapor (PVD) para depositar pel\u00edculas delgadas con excelentes propiedades como alta dureza, buena resistencia a la abrasi\u00f3n y estabilidad qu\u00edmica en el sustrato, y que se pueden utilizar en una variedad de aplicaciones en los campos electr\u00f3nico y mec\u00e1nico.<\/p>\n","protected":false},"featured_media":1002479,"comment_status":"open","ping_status":"closed","template":"","meta":{"_acf_changed":false},"product_brand":[],"product_cat":[178],"product_tag":[],"class_list":{"0":"post-1016141","1":"product","2":"type-product","3":"status-publish","4":"has-post-thumbnail","6":"product_cat-catodos-para-sputtering-planar","8":"first","9":"instock","10":"shipping-taxable","11":"product-type-variable"},"acf":[],"_links":{"self":[{"href":"https:\/\/vimaterial.de\/es\/wp-json\/wp\/v2\/product\/1016141","targetHints":{"allow":["GET"]}}],"collection":[{"href":"https:\/\/vimaterial.de\/es\/wp-json\/wp\/v2\/product"}],"about":[{"href":"https:\/\/vimaterial.de\/es\/wp-json\/wp\/v2\/types\/product"}],"replies":[{"embeddable":true,"href":"https:\/\/vimaterial.de\/es\/wp-json\/wp\/v2\/comments?post=1016141"}],"wp:featuredmedia":[{"embeddable":true,"href":"https:\/\/vimaterial.de\/es\/wp-json\/wp\/v2\/media\/1002479"}],"wp:attachment":[{"href":"https:\/\/vimaterial.de\/es\/wp-json\/wp\/v2\/media?parent=1016141"}],"wp:term":[{"taxonomy":"product_brand","embeddable":true,"href":"https:\/\/vimaterial.de\/es\/wp-json\/wp\/v2\/product_brand?post=1016141"},{"taxonomy":"product_cat","embeddable":true,"href":"https:\/\/vimaterial.de\/es\/wp-json\/wp\/v2\/product_cat?post=1016141"},{"taxonomy":"product_tag","embeddable":true,"href":"https:\/\/vimaterial.de\/es\/wp-json\/wp\/v2\/product_tag?post=1016141"}],"curies":[{"name":"wp","href":"https:\/\/api.w.org\/{rel}","templated":true}]}}