{"id":1016108,"date":"2024-06-17T14:50:31","date_gmt":"2024-06-17T06:50:31","guid":{"rendered":"https:\/\/vimaterial.de\/product\/niquel-cobalto\/"},"modified":"2025-04-15T17:47:57","modified_gmt":"2025-04-15T09:47:57","slug":"niquel-cobalto","status":"publish","type":"product","link":"https:\/\/vimaterial.de\/es\/product\/niquel-cobalto\/","title":{"rendered":"N\u00edquel Cobalto"},"content":{"rendered":"<p>El objetivo de pulverizaci\u00f3n cat\u00f3dica de <span style=\"color: #0000ff;\"><a style=\"color: #0000ff;\" href=\"https:\/\/vimaterial.de\/en\/product\/nickel-cobalt-oxide\/\">n\u00edquel y cobalto<\/a> <\/span>es un material de aleaci\u00f3n compuesto de n\u00edquel y cobalto, que se utiliza principalmente en el proceso de recubrimiento por pulverizaci\u00f3n cat\u00f3dica en deposici\u00f3n f\u00edsica de vapor (PVD), y es capaz de depositar pel\u00edculas delgadas con buenas propiedades magn\u00e9ticas y conductoras en el sustrato, que se utilizan ampliamente en los campos de la electr\u00f3nica y la grabaci\u00f3n magn\u00e9tica.<\/p>\n<p>VIMATERIAL ofrece objetivos de pulverizaci\u00f3n cat\u00f3dica de n\u00edquel cobalto. Nuestros blancos de pulverizaci\u00f3n cat\u00f3dica de n\u00edquel-cobalto se caracterizan por una excelente homogeneidad composicional, una pureza ultra alta y una excelente estabilidad de pulverizaci\u00f3n cat\u00f3dica, y tambi\u00e9n podemos proporcionar servicios de uni\u00f3n de objetivos. Contamos con un equipo profesional del R&amp;D y podemos aceptar la personalizaci\u00f3n y los experimentos, por favor <span style=\"color: #0000ff;\"><a style=\"color: #0000ff;\" href=\"https:\/\/vimaterial.de\/en\/contact-us\/\">cont\u00e1ctenos<\/a><\/span>.  <\/p>\n<h2><span style=\"font-size: 14pt;\">Propiedades f\u00edsicas<\/span><\/h2>\n<p>F\u00f3rmula molecular: NiCo<\/p>\n<p>Peso molecular: 58,81 g\/mol<\/p>\n<p>Aspecto: gris plata s\u00f3lido<\/p>\n<p>Densidad: 8,8 &#8211; 8,9 g\/cm\u00b3 m\u00e1s o menos<\/p>\n<p>Estructura cristalina: estructura cristalina c\u00fabica centrada en las caras<\/p>\n<h2><span style=\"font-size: 14pt;\">Aplicaciones<\/span><\/h2>\n<p>Campo electr\u00f3nico: se puede utilizar para fabricar pel\u00edculas magn\u00e9ticas para componentes electr\u00f3nicos de alto rendimiento, lo que puede mejorar la eficiencia de los equipos electr\u00f3nicos en el almacenamiento y la lectura de datos.<\/p>\n<p>Aeroespacial: Se puede utilizar para recubrir componentes clave de los motores de los aviones, mejorando las propiedades antidesgaste y anticorrosi\u00f3n de los componentes en entornos extremos de alta temperatura y alta presi\u00f3n.<\/p>\n<p>Industria de fabricaci\u00f3n de autom\u00f3viles: el material objetivo se utiliza en la producci\u00f3n de sensores de autom\u00f3viles y otros componentes para ayudar a mejorar la sensibilidad y la estabilidad de los sistemas electr\u00f3nicos de autom\u00f3viles.<\/p>\n<p>Almacenamiento de energ\u00eda: Se puede utilizar para preparar nuevos materiales de electrodos de bater\u00eda, optimizar el rendimiento de carga y descarga de la bater\u00eda y prolongar la vida \u00fatil de la bater\u00eda.<\/p>\n<p>Dispositivos m\u00e9dicos: Los objetivos de pulverizaci\u00f3n cat\u00f3dica de n\u00edquel cobalto se utilizan en el recubrimiento de sensores m\u00e9dicos y microinstrumentos, lo que les brinda buena biocompatibilidad y propiedades electromagn\u00e9ticas, y promueve el desarrollo de dispositivos m\u00e9dicos de precisi\u00f3n.<\/p>\n<h2><span style=\"font-size: 14pt;\">Control de calidad<\/span><\/h2>\n<p><span style=\"color: #0000ff;\"><a style=\"color: #0000ff;\" href=\"https:\/\/vimaterial.de\/en\/quality-control\/\">Nuestros productos<\/a><\/span> se implementan con el sistema de gesti\u00f3n de calidad m\u00e1s estricto, los materiales entrantes, el proceso, la inspecci\u00f3n final, la inspecci\u00f3n de f\u00e1brica tienen estrictos est\u00e1ndares de inspecci\u00f3n, para el procesamiento no calificado utilizar\u00e1 estrictas medidas de aislamiento para evitar el flujo de productos no conformes al siguiente proceso, de acuerdo con los requisitos del cliente, proporcionar\u00e1 a los clientes muestras para que los clientes vuelvan a inspeccionar.<\/p>\n<h2><span style=\"font-size: 14pt;\">Embalaje y almacenamiento<\/span><\/h2>\n<p>Los objetivos de pulverizaci\u00f3n cat\u00f3dica de n\u00edquel y cobalto se empaquetan en bolsas y cartones de vac\u00edo dobles.<\/p>\n<p>Los objetivos de pulverizaci\u00f3n cat\u00f3dica de n\u00edquel y cobalto deben almacenarse en un ambiente seco y bien ventilado con temperatura y humedad estables, evitando el contacto con sustancias corrosivas, evitando la oxidaci\u00f3n de la humedad y, al mismo tiempo, tomando medidas de protecci\u00f3n para evitar la deformaci\u00f3n y el da\u00f1o a los objetivos causados por la colisi\u00f3n f\u00edsica y la extrusi\u00f3n.<\/p>\n","protected":false},"excerpt":{"rendered":"<p>El objetivo de pulverizaci\u00f3n cat\u00f3dica de <span style=\"color: #0000ff;\"><a style=\"color: #0000ff;\" href=\"https:\/\/vimaterial.de\/en\/product\/nickel-cobalt-oxide\/\">n\u00edquel y cobalto<\/a> <\/span>es un material de aleaci\u00f3n compuesto de n\u00edquel y cobalto, que se utiliza principalmente en el proceso de recubrimiento por pulverizaci\u00f3n cat\u00f3dica en deposici\u00f3n f\u00edsica de vapor (PVD), y es capaz de depositar pel\u00edculas delgadas con buenas propiedades magn\u00e9ticas y conductoras en el sustrato, que se utilizan ampliamente en los campos de la electr\u00f3nica y la grabaci\u00f3n magn\u00e9tica.<\/p>\n","protected":false},"featured_media":1002505,"comment_status":"open","ping_status":"closed","template":"","meta":{"_acf_changed":false},"product_brand":[],"product_cat":[178],"product_tag":[],"class_list":{"0":"post-1016108","1":"product","2":"type-product","3":"status-publish","4":"has-post-thumbnail","6":"product_cat-catodos-para-sputtering-planar","8":"first","9":"instock","10":"shipping-taxable","11":"product-type-variable"},"acf":[],"_links":{"self":[{"href":"https:\/\/vimaterial.de\/es\/wp-json\/wp\/v2\/product\/1016108","targetHints":{"allow":["GET"]}}],"collection":[{"href":"https:\/\/vimaterial.de\/es\/wp-json\/wp\/v2\/product"}],"about":[{"href":"https:\/\/vimaterial.de\/es\/wp-json\/wp\/v2\/types\/product"}],"replies":[{"embeddable":true,"href":"https:\/\/vimaterial.de\/es\/wp-json\/wp\/v2\/comments?post=1016108"}],"wp:featuredmedia":[{"embeddable":true,"href":"https:\/\/vimaterial.de\/es\/wp-json\/wp\/v2\/media\/1002505"}],"wp:attachment":[{"href":"https:\/\/vimaterial.de\/es\/wp-json\/wp\/v2\/media?parent=1016108"}],"wp:term":[{"taxonomy":"product_brand","embeddable":true,"href":"https:\/\/vimaterial.de\/es\/wp-json\/wp\/v2\/product_brand?post=1016108"},{"taxonomy":"product_cat","embeddable":true,"href":"https:\/\/vimaterial.de\/es\/wp-json\/wp\/v2\/product_cat?post=1016108"},{"taxonomy":"product_tag","embeddable":true,"href":"https:\/\/vimaterial.de\/es\/wp-json\/wp\/v2\/product_tag?post=1016108"}],"curies":[{"name":"wp","href":"https:\/\/api.w.org\/{rel}","templated":true}]}}