{"id":1016095,"date":"2024-06-17T14:50:35","date_gmt":"2024-06-17T06:50:35","guid":{"rendered":"https:\/\/vimaterial.de\/product\/aleacion-de-niquel-y-cromo-4\/"},"modified":"2025-04-15T17:21:14","modified_gmt":"2025-04-15T09:21:14","slug":"aleacion-de-niquel-y-cromo-4","status":"publish","type":"product","link":"https:\/\/vimaterial.de\/es\/product\/aleacion-de-niquel-y-cromo-4\/","title":{"rendered":"Aleaci\u00f3n de n\u00edquel y cromo"},"content":{"rendered":"<p><span style=\"color: #0000ff;\"><a style=\"color: #0000ff;\" href=\"https:\/\/vimaterial.de\/en\/product\/nickel-chromium-alloy-3\/\">N\u00edquel Cromo<\/a> <\/span>Los pellets de aleaci\u00f3n son part\u00edculas met\u00e1licas que consisten en n\u00edquel y cromo con buena resistencia a altas temperaturas y a la corrosi\u00f3n, as\u00ed como alta dureza y resistencia, y se utilizan a menudo en la preparaci\u00f3n de materiales de aleaci\u00f3n, tecnolog\u00eda de recubrimiento y la industria electr\u00f3nica.<\/p>\n<p>VIMATERIAL proporciona gr\u00e1nulos de aleaci\u00f3n de n\u00edquel y cromo, nuestras part\u00edculas son uniformes y estables en composici\u00f3n, alta pureza, fuerte dureza, tama\u00f1o de part\u00edcula controlable, etc. Y podemos aceptar la personalizaci\u00f3n del producto y los experimentos, contamos con un equipo profesional de investigaci\u00f3n y desarrollo t\u00e9cnico,<span style=\"color: #0000ff;\"><a style=\"color: #0000ff;\" href=\"https:\/\/vimaterial.de\/en\/contact-us\/\"> cont\u00e1ctenos.<\/a><\/span> <\/p>\n<h2><span style=\"font-size: 14pt;\">Propiedades f\u00edsicas<\/span><\/h2>\n<p>F\u00f3rmula molecular: NiCr<\/p>\n<p>Aspecto: part\u00edculas met\u00e1licas de color gris plata<\/p>\n<p>Densidad: generalmente alrededor de 8,0-8,4 g\/cm\u00b3.<\/p>\n<p>Punto de fusi\u00f3n: generalmente alrededor de 1300 \u00b0 C -1400 \u00b0 C.<\/p>\n<p>Punto de ebullici\u00f3n: generalmente por encima de 2000 \u00b0C<\/p>\n<p>Estructura cristalina: estructura de celos\u00eda c\u00fabica centrada en las caras<\/p>\n<h2><span style=\"font-size: 14pt;\">Aplicaciones<\/span><\/h2>\n<p>En el campo de la industria electr\u00f3nica, se utiliza en la producci\u00f3n de resistencias de precisi\u00f3n y otros componentes electr\u00f3nicos para mantener un valor de resistencia estable para garantizar la precisi\u00f3n del equipo.<\/p>\n<p>Campo de energ\u00eda: en equipos de energ\u00eda t\u00e9rmica y energ\u00eda nuclear, resisten la corrosi\u00f3n y la radiaci\u00f3n a alta temperatura, para garantizar el funcionamiento seguro y eficiente de las instalaciones de energ\u00eda.<\/p>\n<p>Campo de fabricaci\u00f3n de autom\u00f3viles: producci\u00f3n de componentes del sistema de escape de autom\u00f3viles, resistencia a la corrosi\u00f3n a alta temperatura y ayuda a reducir las emisiones.<\/p>\n<p>Ingenier\u00eda de superficies: se utiliza como material de recubrimiento para fortalecer la superficie met\u00e1lica, mejorar la resistencia al desgaste y la resistencia a la corrosi\u00f3n de las piezas mec\u00e1nicas.<\/p>\n<p>Equipos m\u00e9dicos: Se utilizan en algunas piezas de equipos m\u00e9dicos para estabilizar su trabajo en virtud de la biocompatibilidad y la resistencia a la corrosi\u00f3n.<\/p>\n<h2><span style=\"font-size: 14pt;\">Control de calidad<\/span><\/h2>\n<p><span style=\"color: #0000ff;\"><a style=\"color: #0000ff;\" href=\"https:\/\/vimaterial.de\/en\/quality-control\/\">Cada lote<\/a><\/span> de productos protege estrictamente la calidad, desde la selecci\u00f3n de proveedores de materias primas, hasta el uso de equipos de prueba avanzados para monitorear con precisi\u00f3n todo el proceso de producci\u00f3n, hasta el producto terminado a trav\u00e9s de muchas rondas de muestreo severo y certificaci\u00f3n autorizada de terceros, hasta un sistema de control de calidad integral de tolerancia cero para garantizar que cada lote de productos cumpla y supere los altos est\u00e1ndares de la industria,  para proporcionar a nuestros clientes la mejor calidad y los productos m\u00e1s estables.<\/p>\n<h2><span style=\"font-size: 14pt;\">Embalaje y almacenamiento<\/span><\/h2>\n<p>Los gr\u00e1nulos de aleaci\u00f3n de n\u00edquel y cromo se envasan en bolsas de vac\u00edo o botellas de vac\u00edo y se envasan en cajas de cart\u00f3n.<\/p>\n<p>Los gr\u00e1nulos de aleaci\u00f3n de n\u00edquel y cromo deben almacenarse en un ambiente seco y bien ventilado, lejos de fuentes de ignici\u00f3n y sustancias corrosivas, para evitar la humedad, la oxidaci\u00f3n y la contaminaci\u00f3n, y deben estar bien sellados para evitar que los gr\u00e1nulos entren en contacto prolongado con el aire.<\/p>\n","protected":false},"excerpt":{"rendered":"<p><span style=\"color: #0000ff;\"><a style=\"color: #0000ff;\" href=\"https:\/\/vimaterial.de\/en\/product\/nickel-chromium-alloy-3\/\">N\u00edquel Cromo<\/a> <\/span>Las part\u00edculas de aleaci\u00f3n son part\u00edculas met\u00e1licas que consisten en n\u00edquel y cromo con buena resistencia a altas temperaturas y a la corrosi\u00f3n, as\u00ed como alta dureza y resistencia, y se utilizan a menudo en la preparaci\u00f3n de materiales de aleaci\u00f3n, tecnolog\u00eda de recubrimiento y la industria electr\u00f3nica.<\/p>\n","protected":false},"featured_media":1040713,"comment_status":"open","ping_status":"closed","template":"","meta":{"_acf_changed":false},"product_brand":[],"product_cat":[179],"product_tag":[],"class_list":{"0":"post-1016095","1":"product","2":"type-product","3":"status-publish","4":"has-post-thumbnail","6":"product_cat-materiales-de-evaporacion","8":"first","9":"instock","10":"shipping-taxable","11":"product-type-variable"},"acf":[],"_links":{"self":[{"href":"https:\/\/vimaterial.de\/es\/wp-json\/wp\/v2\/product\/1016095","targetHints":{"allow":["GET"]}}],"collection":[{"href":"https:\/\/vimaterial.de\/es\/wp-json\/wp\/v2\/product"}],"about":[{"href":"https:\/\/vimaterial.de\/es\/wp-json\/wp\/v2\/types\/product"}],"replies":[{"embeddable":true,"href":"https:\/\/vimaterial.de\/es\/wp-json\/wp\/v2\/comments?post=1016095"}],"wp:featuredmedia":[{"embeddable":true,"href":"https:\/\/vimaterial.de\/es\/wp-json\/wp\/v2\/media\/1040713"}],"wp:attachment":[{"href":"https:\/\/vimaterial.de\/es\/wp-json\/wp\/v2\/media?parent=1016095"}],"wp:term":[{"taxonomy":"product_brand","embeddable":true,"href":"https:\/\/vimaterial.de\/es\/wp-json\/wp\/v2\/product_brand?post=1016095"},{"taxonomy":"product_cat","embeddable":true,"href":"https:\/\/vimaterial.de\/es\/wp-json\/wp\/v2\/product_cat?post=1016095"},{"taxonomy":"product_tag","embeddable":true,"href":"https:\/\/vimaterial.de\/es\/wp-json\/wp\/v2\/product_tag?post=1016095"}],"curies":[{"name":"wp","href":"https:\/\/api.w.org\/{rel}","templated":true}]}}